{"id":364,"date":"2017-11-27T16:29:32","date_gmt":"2017-11-27T16:29:32","guid":{"rendered":"http:\/\/help.unhcr.org\/trinidadandtobago\/about-trinidad-and-tobago\/country-information__trashed\/"},"modified":"2024-06-05T19:27:08","modified_gmt":"2024-06-05T19:27:08","slug":"country-information","status":"publish","type":"page","link":"https:\/\/help.unhcr.org\/trinidadandtobago\/es\/about-trinidad-and-tobago\/country-information\/","title":{"rendered":"Descripci\u00f3n general del pa\u00eds"},"content":{"rendered":"<p>Trinidad y Tobago es un pa\u00eds insular gemelo situado en el extremo norte de la parte continental de Am\u00e9rica del Sur, a solo 11 kil\u00f3metros (6.8 millas) de la costa del noreste de Venezuela y 130 kil\u00f3metros (81 millas) al sur de Granada.<\/p>\n<p><strong>Tama\u00f1o:<\/strong> Trinidad y Tobago en conjunto tiene un \u00e1rea de 5,131 km2 (1,981 millas cuadradas) Trinidad tiene un \u00e1rea de 4,768 km2 (1,841 millas cuadradas) y Tobago tiene un \u00e1rea de aproximadamente 300 km2 (120 millas cuadradas). Hay otras islas menores alrededor de la Pen\u00ednsula del Norte.<\/p>\n<p><strong>Poblaci\u00f3n:<\/strong> Trinidad y Tobago tiene una poblaci\u00f3n de aproximadamente 1.3 millones de habitantes (estimaci\u00f3n de 2016). El pa\u00eds obtuvo la independencia en 1962 y se convirti\u00f3 en rep\u00fablica en 1976.<\/p>\n<p><strong>Moneda:<\/strong> D\u00f3lar de Trinidad y Tobago (TTD). Un d\u00f3lar estadounidense equivale a 6.8 TTD (octubre de 2017). La tasa de cambio puede verificarse <a href=\"https:\/\/www.central-bank.org.tt\/\">aqu\u00ed<\/a> diariamente.<\/p>\n<p><strong>Idioma oficial:<\/strong> ingl\u00e9s. Capital: Puerto Espa\u00f1a.<\/p>\n<p><strong>Otras Ciudades y Pueblos Principales:<\/strong> Arima, Chaguanas, Point Fortin y San Fernando en Trinidad. Scarborough en Tobago.<\/p>\n<p><strong>Clima:<\/strong> Trinidad y Tobago tiene un clima tropical. Hay dos estaciones anuales: la estaci\u00f3n seca (enero a mayo) y la estaci\u00f3n lluviosa (junio a diciembre). Las condiciones del viento en ambas islas est\u00e1n dominadas por los vientos alisios del noreste. Las temperaturas son generalmente m\u00e1s fr\u00edas en el norte de Trinidad debido a las cadenas monta\u00f1osas y m\u00e1s c\u00e1lidas en el centro de Trinidad y en Tobago. Las temperaturas diarias promedio para el pa\u00eds son de 30-34 \u00b0C (86-93 \u00b0F) durante el d\u00eda y de 23-27 \u00b0C (74-81 \u00b0F) por la noche.<\/p>\n","protected":false},"excerpt":{"rendered":"<p>Trinidad y Tobago es un pa\u00eds insular gemelo situado en el extremo norte de la parte continental de Am\u00e9rica del Sur, a solo 11 kil\u00f3metros (6.8 millas) de la costa del noreste de Venezuela y 130 kil\u00f3metros (81 millas) al sur de Granada. Tama\u00f1o: Trinidad y Tobago en conjunto tiene un \u00e1rea de 5,131 km2 [&hellip;]<\/p>\n","protected":false},"author":1,"featured_media":0,"parent":361,"menu_order":0,"comment_status":"closed","ping_status":"closed","template":"","meta":{"_acf_changed":false,"footnotes":""},"class_list":["post-364","page","type-page","status-publish","hentry"],"acf":[],"_links":{"self":[{"href":"https:\/\/help.unhcr.org\/trinidadandtobago\/es\/wp-json\/wp\/v2\/pages\/364","targetHints":{"allow":["GET"]}}],"collection":[{"href":"https:\/\/help.unhcr.org\/trinidadandtobago\/es\/wp-json\/wp\/v2\/pages"}],"about":[{"href":"https:\/\/help.unhcr.org\/trinidadandtobago\/es\/wp-json\/wp\/v2\/types\/page"}],"author":[{"embeddable":true,"href":"https:\/\/help.unhcr.org\/trinidadandtobago\/es\/wp-json\/wp\/v2\/users\/1"}],"replies":[{"embeddable":true,"href":"https:\/\/help.unhcr.org\/trinidadandtobago\/es\/wp-json\/wp\/v2\/comments?post=364"}],"version-history":[{"count":3,"href":"https:\/\/help.unhcr.org\/trinidadandtobago\/es\/wp-json\/wp\/v2\/pages\/364\/revisions"}],"predecessor-version":[{"id":2666,"href":"https:\/\/help.unhcr.org\/trinidadandtobago\/es\/wp-json\/wp\/v2\/pages\/364\/revisions\/2666"}],"up":[{"embeddable":true,"href":"https:\/\/help.unhcr.org\/trinidadandtobago\/es\/wp-json\/wp\/v2\/pages\/361"}],"wp:attachment":[{"href":"https:\/\/help.unhcr.org\/trinidadandtobago\/es\/wp-json\/wp\/v2\/media?parent=364"}],"curies":[{"name":"wp","href":"https:\/\/api.w.org\/{rel}","templated":true}]}}