{"id":332,"date":"2017-11-23T16:06:15","date_gmt":"2017-11-23T16:06:15","guid":{"rendered":"http:\/\/help.unhcr.org\/trinidadandtobago\/welcome-2\/"},"modified":"2026-02-19T21:08:40","modified_gmt":"2026-02-19T21:08:40","slug":"welcome","status":"publish","type":"page","link":"https:\/\/help.unhcr.org\/trinidadandtobago\/es\/","title":{"rendered":"HELP  Trinidad y Tobago"},"content":{"rendered":"\n<blockquote class=\"wp-block-quote is-layout-flow wp-block-quote-is-layout-flow\">\n<p><\/p>\n<\/blockquote>\n\n\n\n<p>Debido a limitaciones de financiamiento, a partir del 31 de agosto de 2025, la Agencia de la ONU para los Refugiados cerr\u00f3 su oficina f\u00edsica en Puerto Espa\u00f1a, Trinidad y Tobago. Las operaciones se gestionan de forma remota desde la Oficina Multipa\u00eds de ACNUR en Panam\u00e1.<br><br>Si desea recibir informaci\u00f3n general sobre los procedimientos de asilo en Trinidad y Tobago, o si ya es una persona solicitante de asilo o refugiada en el pa\u00eds y tiene preguntas sobre procedimientos y servicios, o desea m\u00e1s informaci\u00f3n, puede enviar un mensaje a <strong>PANPAMCOPRC@unhcr.org<\/strong> con sus consultas, preguntas o comentarios. Tenga en cuenta que los servicios de registro ya no est\u00e1n disponibles debido al cierre de la oficina. Si desea cerrar su caso o planea salir del pa\u00eds, por favor comun\u00edquese a registration-mcop@unhcr.org.<\/p>\n\n\n\n<p>Su informaci\u00f3n personal es confidencial y no ser\u00e1 compartida con terceros sin su consentimiento previo, con la excepci\u00f3n de las organizaciones socias de ACNUR que puedan brindar protecci\u00f3n o asistencia, si fuese necesario. En ning\u00fan caso ACNUR compartir\u00e1 sus datos personales con las autoridades de su pa\u00eds de origen.<\/p>\n","protected":false},"excerpt":{"rendered":"<p>Debido a limitaciones de financiamiento, a partir del 31 de agosto de 2025, la Agencia de la ONU para los Refugiados cerr\u00f3 su oficina f\u00edsica en Puerto Espa\u00f1a, Trinidad y Tobago. Las operaciones se gestionan de forma remota desde la Oficina Multipa\u00eds de ACNUR en Panam\u00e1. Si desea recibir informaci\u00f3n general sobre los procedimientos de [&hellip;]<\/p>\n","protected":false},"author":1,"featured_media":0,"parent":0,"menu_order":1,"comment_status":"closed","ping_status":"closed","template":"","meta":{"_acf_changed":false,"footnotes":""},"class_list":["post-332","page","type-page","status-publish","hentry"],"acf":[],"_links":{"self":[{"href":"https:\/\/help.unhcr.org\/trinidadandtobago\/es\/wp-json\/wp\/v2\/pages\/332","targetHints":{"allow":["GET"]}}],"collection":[{"href":"https:\/\/help.unhcr.org\/trinidadandtobago\/es\/wp-json\/wp\/v2\/pages"}],"about":[{"href":"https:\/\/help.unhcr.org\/trinidadandtobago\/es\/wp-json\/wp\/v2\/types\/page"}],"author":[{"embeddable":true,"href":"https:\/\/help.unhcr.org\/trinidadandtobago\/es\/wp-json\/wp\/v2\/users\/1"}],"replies":[{"embeddable":true,"href":"https:\/\/help.unhcr.org\/trinidadandtobago\/es\/wp-json\/wp\/v2\/comments?post=332"}],"version-history":[{"count":112,"href":"https:\/\/help.unhcr.org\/trinidadandtobago\/es\/wp-json\/wp\/v2\/pages\/332\/revisions"}],"predecessor-version":[{"id":3235,"href":"https:\/\/help.unhcr.org\/trinidadandtobago\/es\/wp-json\/wp\/v2\/pages\/332\/revisions\/3235"}],"wp:attachment":[{"href":"https:\/\/help.unhcr.org\/trinidadandtobago\/es\/wp-json\/wp\/v2\/media?parent=332"}],"curies":[{"name":"wp","href":"https:\/\/api.w.org\/{rel}","templated":true}]}}