{"id":3213,"date":"2026-02-10T15:46:37","date_gmt":"2026-02-10T15:46:37","guid":{"rendered":"https:\/\/help.unhcr.org\/trinidadandtobago\/?page_id=3213"},"modified":"2026-04-15T12:49:54","modified_gmt":"2026-04-15T12:49:54","slug":"marco-de-registro-para-personas-migrantes-2026-mrf","status":"publish","type":"page","link":"https:\/\/help.unhcr.org\/trinidadandtobago\/es\/marco-de-registro-para-personas-migrantes-2026-mrf\/","title":{"rendered":"Marco de Registro para Personas Migrantes 2026 (MRF)"},"content":{"rendered":"\n<p>El Ministerio de Seguridad Nacional ha anunciado el lanzamiento del Marco de Registro de Migrantes 2026 (MRF, por sus siglas en ingl\u00e9s). Este proceso de registro aplica a todas las personas migrantes en situaci\u00f3n irregular, independientemente de su nacionalidad.<\/p>\n\n\n\n<p>El ejercicio est\u00e1 siendo llevado a cabo por el Ministerio de Seguridad Nacional, en colaboraci\u00f3n con el Ministerio de Defensa.<\/p>\n\n\n\n<p>Las personas solicitantes que sean aprobadas recibir\u00e1n una Tarjeta de Registro de Migrante, la cual les otorgar\u00e1 autorizaci\u00f3n legal para residir y trabajar en Trinidad y Tobago hasta el 31 de diciembre de 2026.<\/p>\n\n\n\n<p>El Ministerio ha recordado a todas las personas migrantes en situaci\u00f3n irregular que la participaci\u00f3n en esta ventana de registro es obligatoria. Las personas que no se registren dentro de las fechas establecidas podr\u00edan enfrentar deportaci\u00f3n.<\/p>\n\n\n\n<div id=\"seq-step-811acfda-3cdc-4179-9e71-637f178a571d\" class=\"wp-block-help-unhcr-sequential-steps seq-step\"><div class=\"seq-step has-accordion-counting\" id=\"unhcr-help-seq-step-811acfda-3cdc-4179-9e71-637f178a571d\" itemscope itemtype=\"https:\/\/schema.org\/FAQPage\">\n<div class=\"wp-block-help-unhcr-sequential-steps-inner seq-step-inner accordion-item mb-10 active\" id=\"qa-9307e4ad-42e4-45ff-94d5-1590b0506797\" data-item-content=\"seq-step-item-1\" itemscope itemprop=\"mainEntity\" itemtype=\"https:\/\/schema.org\/Question\"><h3 class=\"step-heading mb-0\" id=\"seq-step-item-1\"><div class=\"step-header\"><span class=\"step-count\">1<\/span><span class=\"seq-step__box-title fw-bolder fs-3\">Registro en l\u00ednea<\/span><\/div><\/h3><div class=\"step-body pt-12\" itemscope itemprop=\"acceptedAnswer\" itemtype=\"https:\/\/schema.org\/Answer\">\n<p>El registro en l\u00ednea estuvo disponible entre el 26 de enero de 2026 y el 25 de febrero de 2026, y ya ha finalizado oficialmente. Las notificaciones con citas para las entrevistas presenciales fueron enviadas a las personas solicitantes.<\/p>\n<\/div><\/div>\n\n\n\n<div class=\"wp-block-help-unhcr-sequential-steps-inner seq-step-inner accordion-item mb-10\" id=\"qa-d8e94a24-f0ac-4efd-81ec-d06cceeb5408\" data-item-content=\"seq-step-item-2\" itemscope itemprop=\"mainEntity\" itemtype=\"https:\/\/schema.org\/Question\"><h3 class=\"step-heading mb-0\" id=\"seq-step-item-2\"><div class=\"step-header\"><span class=\"step-count\">2<\/span><span class=\"seq-step__box-title fw-bolder fs-3\">Entrevistas presenciales<\/span><\/div><\/h3><div class=\"step-body pt-12\" itemscope itemprop=\"acceptedAnswer\" itemtype=\"https:\/\/schema.org\/Answer\">\n<p>Las entrevistas presenciales, que se encuentran actualmente en curso, est\u00e1n programadas en las siguientes ubicaciones:<\/p>\n\n\n\n<ul class=\"wp-block-list\">\n<li>2 de marzo \u2013 27 de marzo de 2026:<br>Estadio Hasely Crawford (Puerto Espa\u00f1a),<br>Estadio Larry Gomes (Arima),<br>Estadio Ato Boldon (Couva)<\/li>\n\n\n\n<li>3 de marzo \u2013 11 de marzo de 2026:<br>Estadio Dwight Yorke (Tobago)<\/li>\n<\/ul>\n\n\n\n<p>Se recuerda amablemente a las personas solicitantes que:<\/p>\n\n\n\n<p>Impriman y lleven dos copias de todos los documentos requeridos antes de asistir a su cita. Los detalles de los documentos requeridos se encuentran en el correo electr\u00f3nico de confirmaci\u00f3n de la cita.<\/p>\n\n\n\n<p>Lleguen puntualmente a su cita, ya que los funcionarios en cada sitio ya contar\u00e1n con los detalles necesarios de su solicitud. Las personas que no asistan a su entrevista programada ser\u00e1n reprogramadas seg\u00fan disponibilidad.<\/p>\n\n\n\n<p>Tengan en cuenta que el proceso incluye una revisi\u00f3n integral, que comprende verificaciones de seguridad y evaluaciones de salud. Por favor, lleven comprobante de vacunaci\u00f3n a la entrevista.<\/p>\n\n\n\n<p>Se espera que las entrevistas se lleven a cabo durante los meses de marzo, abril y mayo.<\/p>\n\n\n\n<p>Despu\u00e9s de la entrevista, las personas solicitantes recibir\u00e1n una llamada o un correo electr\u00f3nico para proceder a la tercera y \u00faltima fase del proceso.<\/p>\n<\/div><\/div>\n\n\n\n<div class=\"wp-block-help-unhcr-sequential-steps-inner seq-step-inner accordion-item mb-10\" id=\"qa-ee5019e7-7ccc-4111-937d-ef814a95985a\" data-item-content=\"seq-step-item-3\" itemscope itemprop=\"mainEntity\" itemtype=\"https:\/\/schema.org\/Question\"><h3 class=\"step-heading mb-0\" id=\"seq-step-item-3\"><div class=\"step-header\"><span class=\"step-count\">3<\/span><span class=\"seq-step__box-title fw-bolder fs-3\">Fase final y decisi\u00f3n<\/span><\/div><\/h3><div class=\"step-body pt-12\" itemscope itemprop=\"acceptedAnswer\" itemtype=\"https:\/\/schema.org\/Answer\">\n<p>Una vez aprobada la solicitud, esta fase incluir\u00e1 el pago de una tarifa de TT$700.00 por solicitante, as\u00ed como la emisi\u00f3n de la tarjeta del Marco de Registro de Migrantes (MRF).<\/p>\n<\/div><\/div>\n<\/div><\/div>\n","protected":false},"excerpt":{"rendered":"<p>El Ministerio de Seguridad Nacional ha anunciado el lanzamiento del Marco de Registro de Migrantes 2026 (MRF, por sus siglas en ingl\u00e9s). Este proceso de registro aplica a todas las personas migrantes en situaci\u00f3n irregular, independientemente de su nacionalidad. El ejercicio est\u00e1 siendo llevado a cabo por el Ministerio de Seguridad Nacional, en colaboraci\u00f3n con [&hellip;]<\/p>\n","protected":false},"author":420,"featured_media":0,"parent":0,"menu_order":0,"comment_status":"closed","ping_status":"closed","template":"","meta":{"_acf_changed":false,"footnotes":""},"topics":[15],"audiences":[],"class_list":["post-3213","page","type-page","status-publish","hentry","topics-asylum"],"acf":[],"_links":{"self":[{"href":"https:\/\/help.unhcr.org\/trinidadandtobago\/es\/wp-json\/wp\/v2\/pages\/3213","targetHints":{"allow":["GET"]}}],"collection":[{"href":"https:\/\/help.unhcr.org\/trinidadandtobago\/es\/wp-json\/wp\/v2\/pages"}],"about":[{"href":"https:\/\/help.unhcr.org\/trinidadandtobago\/es\/wp-json\/wp\/v2\/types\/page"}],"author":[{"embeddable":true,"href":"https:\/\/help.unhcr.org\/trinidadandtobago\/es\/wp-json\/wp\/v2\/users\/420"}],"replies":[{"embeddable":true,"href":"https:\/\/help.unhcr.org\/trinidadandtobago\/es\/wp-json\/wp\/v2\/comments?post=3213"}],"version-history":[{"count":4,"href":"https:\/\/help.unhcr.org\/trinidadandtobago\/es\/wp-json\/wp\/v2\/pages\/3213\/revisions"}],"predecessor-version":[{"id":3369,"href":"https:\/\/help.unhcr.org\/trinidadandtobago\/es\/wp-json\/wp\/v2\/pages\/3213\/revisions\/3369"}],"wp:attachment":[{"href":"https:\/\/help.unhcr.org\/trinidadandtobago\/es\/wp-json\/wp\/v2\/media?parent=3213"}],"wp:term":[{"taxonomy":"topics","embeddable":true,"href":"https:\/\/help.unhcr.org\/trinidadandtobago\/es\/wp-json\/wp\/v2\/topics?post=3213"},{"taxonomy":"audiences","embeddable":true,"href":"https:\/\/help.unhcr.org\/trinidadandtobago\/es\/wp-json\/wp\/v2\/audiences?post=3213"}],"curies":[{"name":"wp","href":"https:\/\/api.w.org\/{rel}","templated":true}]}}