{"id":1257,"date":"2020-08-26T18:12:02","date_gmt":"2020-08-26T18:12:02","guid":{"rendered":"http:\/\/help.unhcr.org\/trinidadandtobago\/?page_id=1257"},"modified":"2022-07-06T21:51:18","modified_gmt":"2022-07-06T21:51:18","slug":"reasentamiento","status":"publish","type":"page","link":"https:\/\/help.unhcr.org\/trinidadandtobago\/es\/reasentamiento-y-caminos-alternativos-a-la-seguridad-y-la-oportunidad\/reasentamiento\/","title":{"rendered":"Reasentamiento"},"content":{"rendered":"\n<p>10 PUNTOS CLAVE SOBRE REASENTAMIENTO<\/p>\n\n\n\n<ul class=\"wp-block-list\"><li>El mandato del ACNUR consiste en encontrar soluciones duraderas para los refugiados. Las 3 soluciones duraderas son: el regreso voluntario al pa\u00eds de origen, la integraci\u00f3n local en el pa\u00eds de asilo y el reasentamiento en un tercer pa\u00eds. Es posible que algunos refugiados encuentren soluciones a trav\u00e9s de otras v\u00edas siendo estas: la reunificaci\u00f3n familiar, visas humanitarias o programas de patrocinio privados, entre otros.<\/li><\/ul>\n\n\n\n<ul class=\"wp-block-list\"><li>El reasentamiento a un tercer pa\u00eds significa que el refugiado viaja desde el pa\u00eds de asilo (Trinidad y Tobago) al pa\u00eds al cual va a ser reasentado, para establecerse legalmente y de forma permanente. Solo puede viajar si su caso ha sido aprobado por el pa\u00eds de reasentamiento.<\/li><\/ul>\n\n\n\n<ul class=\"wp-block-list\"><li>El reasentamiento <strong>NO<\/strong> es un derecho de los refugiados. El hecho de que una persona haya sido reconocida como refugiada por el pa\u00eds de asilo (Trinidad y Tobago), no significa que exista una raz\u00f3n para ser reasentado. Por eso, el reasentamiento no se puede solicitar.<\/li><\/ul>\n\n\n\n<ul class=\"wp-block-list\"><li>Los cupos de reasentamiento son limitados y el n\u00famero de personas que pueden ser reasentadas cada a\u00f1o est\u00e1 determinado por los pa\u00edses receptores, <strong>NO<\/strong> por ACNUR. Tan solo un n\u00famero reducido de pa\u00edses participa en estos programas de reasentamiento. Por lo general, menos del 1% de los refugiados en todo el mundo son reasentados cada a\u00f1o.<\/li><\/ul>\n\n\n\n<ul class=\"wp-block-list\"><li>El reasentamiento es una soluci\u00f3n duradera que se aplica \u00fanicamente a refugiados que cumplen con unos criterios espec\u00edficos definidos por ACNUR y por los pa\u00edses de reasentamiento.<\/li><\/ul>\n\n\n\n<ul class=\"wp-block-list\"><li>El refugiado <strong>NO<\/strong> puede escoger el pa\u00eds de reasentamiento. Cada pa\u00eds tiene su propio procedimiento y requisitos en cuanto a quien considerar para reasentamiento.<\/li><\/ul>\n\n\n\n<ul class=\"wp-block-list\"><li>La decisi\u00f3n final sobre cada caso de reasentamiento es tomada por el pa\u00eds receptor, <strong>NO<\/strong> por ACNUR. ACNUR puede referir casos para reasentamiento, pero no puede garantizar que esos casos sean aceptados por los pa\u00edses de reasentamiento. Los pa\u00edses de reasentamiento basan sus decisiones sobre quien es aceptado conforme a criterios propios, sus leyes y pol\u00edticas migratorias.<\/li><\/ul>\n\n\n\n<ul class=\"wp-block-list\"><li>Toda la informaci\u00f3n proporcionada por el refugiado al personal de ACNUR y a los pa\u00edses de reasentamiento ser\u00e1 tratada de manera <strong>CONFIDENCIAL<\/strong>.<\/li><\/ul>\n\n\n\n<ul class=\"wp-block-list\"><li><strong>Falsificar informaci\u00f3n durante las entrevistas, en los formularios o en otros documentos, constituye fraude y puede resultar en el RECHAZO DEL CASO DE REASENTAMIENTO, tanto antes como despu\u00e9s de ser aceptado. Falsificar informaci\u00f3n sobre v\u00ednculos familiares o composici\u00f3n familiar, tambi\u00e9n es fraude.<\/strong><\/li><\/ul>\n\n\n\n<ul class=\"wp-block-list\"><li>Todo el proceso de reasentamiento y los tr\u00e1mites derivados de \u00e9l son <strong>GRATUITOS<\/strong>. Si una persona ofrece servicios relacionados con el reasentamiento o documentos de viaje, a cambio de dinero u otros servicios, est\u00e1 cometiendo <strong>FRAUDE<\/strong>. Se iniciar\u00e1 un proceso de investigaci\u00f3n y podr\u00e1 ser reportado\/a ante las autoridades locales. Si usted ha sido v\u00edctima de este tipo de comportamiento, o conoce a alguna v\u00edctima, por favor, p\u00f3ngalo en conocimiento del personal de ACNUR o env\u00ede un email a <a href=\"mailto:ttopofdb@unhcr.org\">ttopofdb@unhcr.org<\/a>.<\/li><\/ul>\n","protected":false},"excerpt":{"rendered":"<p>10 PUNTOS CLAVE SOBRE REASENTAMIENTO El mandato del ACNUR consiste en encontrar soluciones duraderas para los refugiados. Las 3 soluciones duraderas son: el regreso voluntario al pa\u00eds de origen, la integraci\u00f3n local en el pa\u00eds de asilo y el reasentamiento en un tercer pa\u00eds. Es posible que algunos refugiados encuentren soluciones a trav\u00e9s de otras [&hellip;]<\/p>\n","protected":false},"author":22,"featured_media":0,"parent":2115,"menu_order":0,"comment_status":"closed","ping_status":"closed","template":"page-templates\/sectioned.php","meta":{"_acf_changed":false,"footnotes":""},"class_list":["post-1257","page","type-page","status-publish","hentry"],"acf":[],"_links":{"self":[{"href":"https:\/\/help.unhcr.org\/trinidadandtobago\/es\/wp-json\/wp\/v2\/pages\/1257","targetHints":{"allow":["GET"]}}],"collection":[{"href":"https:\/\/help.unhcr.org\/trinidadandtobago\/es\/wp-json\/wp\/v2\/pages"}],"about":[{"href":"https:\/\/help.unhcr.org\/trinidadandtobago\/es\/wp-json\/wp\/v2\/types\/page"}],"author":[{"embeddable":true,"href":"https:\/\/help.unhcr.org\/trinidadandtobago\/es\/wp-json\/wp\/v2\/users\/22"}],"replies":[{"embeddable":true,"href":"https:\/\/help.unhcr.org\/trinidadandtobago\/es\/wp-json\/wp\/v2\/comments?post=1257"}],"version-history":[{"count":1,"href":"https:\/\/help.unhcr.org\/trinidadandtobago\/es\/wp-json\/wp\/v2\/pages\/1257\/revisions"}],"predecessor-version":[{"id":1258,"href":"https:\/\/help.unhcr.org\/trinidadandtobago\/es\/wp-json\/wp\/v2\/pages\/1257\/revisions\/1258"}],"up":[{"embeddable":true,"href":"https:\/\/help.unhcr.org\/trinidadandtobago\/es\/wp-json\/wp\/v2\/pages\/2115"}],"wp:attachment":[{"href":"https:\/\/help.unhcr.org\/trinidadandtobago\/es\/wp-json\/wp\/v2\/media?parent=1257"}],"curies":[{"name":"wp","href":"https:\/\/api.w.org\/{rel}","templated":true}]}}