{"id":471,"date":"2022-03-28T08:31:27","date_gmt":"2022-03-28T08:31:27","guid":{"rendered":"https:\/\/help.unhcr.org\/switzerland\/?page_id=471"},"modified":"2026-04-15T12:57:51","modified_gmt":"2026-04-15T12:57:51","slug":"%d0%b4%d0%be%d0%bf%d0%be%d0%bc%d0%be%d0%b3%d0%b0-%d0%b2-%d1%83%d0%ba%d1%80%d0%b0%d1%97%d0%bd%d1%96-%d1%82%d0%b0-%d1%81%d1%83%d1%81%d1%96%d0%b4%d0%bd%d1%96%d1%85-%d0%ba%d1%80%d0%b0%d1%97%d0%bd%d0%b0","status":"publish","type":"page","link":"https:\/\/help.unhcr.org\/switzerland\/uk\/%d1%83%d0%ba%d1%80%d0%b0%d1%97%d0%bd%d0%b0\/%d0%b4%d0%be%d0%bf%d0%be%d0%bc%d0%be%d0%b3%d0%b0-%d0%b2-%d1%83%d0%ba%d1%80%d0%b0%d1%97%d0%bd%d1%96-%d1%82%d0%b0-%d1%81%d1%83%d1%81%d1%96%d0%b4%d0%bd%d1%96%d1%85-%d0%ba%d1%80%d0%b0%d1%97%d0%bd%d0%b0\/","title":{"rendered":"\u0414\u043e\u043f\u043e\u043c\u043e\u0433\u0430 \u0432 \u0423\u043a\u0440\u0430\u0457\u043d\u0456 \u0442\u0430 \u0441\u0443\u0441\u0456\u0434\u043d\u0456\u0445 \u043a\u0440\u0430\u0457\u043d\u0430\u0445"},"content":{"rendered":"\n<p><strong>\u0414\u043b\u044f \u043e\u0442\u0440\u0438\u043c\u0430\u043d\u043d\u044f \u0456\u043d\u0444\u043e\u0440\u043c\u0430\u0446\u0456\u0457 \u043f\u0440\u043e \u0441\u0438\u0442\u0443\u0430\u0446\u0456\u044e \u0432 \u0423\u043a\u0440\u0430\u0457\u043d\u0456, \u0431\u0443\u0434\u044c \u043b\u0430\u0441\u043a\u0430, \u043f\u0435\u0440\u0435\u0433\u043b\u044f\u043d\u044c\u0442\u0435 \u0441\u0442\u043e\u0440\u0456\u043d\u043a\u0443 \u0434\u043e\u043f\u043e\u043c\u043e\u0433\u0438 <\/strong><a href=\"https:\/\/help.unhcr.org\/ukraine\/uk\/\" target=\"_blank\" rel=\"noreferrer noopener\">UNHCR Ukraine \u2013 \u0434\u043e\u043f\u043e\u043c\u043e\u0433\u0430 \u0434\u043b\u044f \u0431\u0456\u0436\u0435\u043d\u0446\u0456\u0432 \u0442\u0430 \u0448\u0443\u043a\u0430\u0447\u0456\u0432 \u043f\u0440\u0438\u0442\u0443\u043b\u043a\u0443<\/a><strong>.<\/strong><\/p>\n\n\n\n<h3 class=\"wp-block-heading\">\u041a\u041e\u0420\u0418\u0421\u041d\u0406 \u041a\u041e\u041d\u0422\u0410\u041a\u0422\u0418 \u0412 \u0423\u041a\u0420\u0410\u0407\u041d\u0406\u042f<\/h3>\n\n\n\n<ul class=\"wp-block-list\">\n<li>\u0423 <strong>\u0414\u0435\u0440\u0436\u0430\u0432\u043d\u043e\u0457 \u0441\u043b\u0443\u0436\u0431\u0438 \u0423\u043a\u0440\u0430\u0457\u043d\u0438 \u0437 \u043d\u0430\u0434\u0437\u0432\u0438\u0447\u0430\u0439\u043d\u0438\u0445 \u0441\u0438\u0442\u0443\u0430\u0446\u0456\u0439<\/strong> (\u0414\u0421\u041d\u0421 \u0423\u043a\u0440\u0430\u0457\u043d\u0438) \u0454 \u0433\u0430\u0440\u044f\u0447\u0430 \u043b\u0456\u043d\u0456\u044f WhatsApp \u0434\u043b\u044f \u043e\u0442\u0440\u0438\u043c\u0430\u043d\u043d\u044f \u043d\u0430\u0434\u0437\u0432\u0438\u0447\u0430\u0439\u043d\u0438\u0445 \u043d\u043e\u0432\u0438\u043d. \u0429\u043e\u0431 \u043f\u043e\u0447\u0430\u0442\u0438 \u043a\u043e\u0440\u0438\u0441\u0442\u0443\u0432\u0430\u0442\u0438\u0441\u044f \u0433\u0430\u0440\u044f\u0447\u043e\u044e \u043b\u0456\u043d\u0456\u0454\u044e, \u0437\u0431\u0435\u0440\u0435\u0436\u0456\u0442\u044c \u043d\u043e\u043c\u0435\u0440 <strong><a href=\"tel:380676785917\">+380676785917<\/a><\/strong> \u0443 \u0441\u0432\u043e\u0457\u0445 \u043a\u043e\u043d\u0442\u0430\u043a\u0442\u0430\u0445 \u0442\u0430 \u043d\u0430\u043f\u0438\u0448\u0456\u0442\u044c \u0441\u043b\u043e\u0432\u043e <strong>\u041f\u043e\u0447\u0430\u0442\u0438<\/strong> \u0432 \u043f\u043e\u0432\u0456\u0434\u043e\u043c\u043b\u0435\u043d\u043d\u0456 WhatsApp. \u041f\u043e\u0441\u0438\u043b\u0430\u043d\u043d\u044f: <a href=\"https:\/\/www.turn.io\/news\/ukraine-state-emergency-services\" target=\"_blank\" rel=\"noreferrer noopener\">Turn.io: \u0412 \u0423\u043a\u0440\u0430\u0457\u043d\u0456 \u0437\u0430\u043f\u0443\u0449\u0435\u043d\u0430 \u0456\u043d\u0444\u043e\u0440\u043c\u0430\u0446\u0456\u0439\u043d\u0430 \u0433\u0430\u0440\u044f\u0447\u0430 \u043b\u0456\u043d\u0456\u044f WhatsApp<\/a><\/li>\n\n\n\n<li><strong>\u0414\u043b\u044f \u0432\u043d\u0443\u0442\u0440\u0456\u0448\u043d\u044c\u043e \u043f\u0435\u0440\u0435\u043c\u0456\u0449\u0435\u043d\u0438\u0445 \u043e\u0441\u0456\u0431 (\u0412\u041f\u041e) \u0442\u0430\u043a\u043e\u0436 \u0456\u0441\u043d\u0443\u0454 <\/strong>\u0442\u0435\u043b\u0435\u0444\u043e\u043d\u043d\u0430 \u0433\u0430\u0440\u044f\u0447\u0430 \u043b\u0456\u043d\u0456\u044f<strong> \u0437\u0430 \u043d\u043e\u043c\u0435\u0440\u043e\u043c <a href=\"tel:0800307711\" target=\"_blank\" rel=\"noreferrer noopener\">0-800-307-711<\/a><\/strong>.<\/li>\n\n\n\n<li>\u042f\u043a\u0449\u043e \u0412\u0430\u043c \u043f\u043e\u0442\u0440\u0456\u0431\u043d\u043e \u0437\u0432\u2019\u044f\u0437\u0430\u0442\u0438\u0441\u044f \u0437 \u0423\u0412\u041a\u0411 \u041e\u041e\u041d \u0432 \u0423\u043a\u0440\u0430\u0457\u043d\u0456, \u0412\u0438 \u043c\u043e\u0436\u0435\u0442\u0435 \u0437\u0440\u043e\u0431\u0438\u0442\u0438 \u0446\u0435 \u0437\u0430 \u043d\u043e\u043c\u0435\u0440\u043e\u043c: <strong><a href=\"tel:380442889710\" target=\"_blank\" rel=\"noreferrer noopener\">+38 (044) 288 9710<\/a><\/strong>. \u0422\u0430\u043a\u043e\u0436 \u0412\u0438 \u043c\u043e\u0436\u0435\u0442\u0435 \u0437\u0432\u2019\u044f\u0437\u0430\u0442\u0438\u0441\u044f \u0435\u043b\u0435\u043a\u0442\u0440\u043e\u043d\u043d\u043e\u044e \u043f\u043e\u0448\u0442\u043e\u044e: <strong><a href=\"mailto:ukrki@unhcr.org\" target=\"_blank\" rel=\"noreferrer noopener\">ukrki@unhcr.org<\/a><\/strong>. <\/li>\n\n\n\n<li>\u0414\u043e <strong>\u0423\u043a\u0440\u0430\u0457\u043d\u0441\u044c\u043a\u043e\u0433\u043e \u0427\u0435\u0440\u0432\u043e\u043d\u043e\u0433\u043e \u0425\u0440\u0435\u0441\u0442\u0430<\/strong> \u043c\u043e\u0436\u043d\u0430 \u0437\u0432\u0435\u0440\u043d\u0443\u0442\u0438\u0441\u044f \u0437\u0430 \u0442\u0435\u043b.:<a href=\"tel:380800332656\" target=\"_blank\" rel=\"noreferrer noopener\"> <strong>+380 800 332 656<\/strong><\/a> \u0430\u0431\u043e <a href=\"mailto:national@redcross.org.ua\">national@redcross.org.ua<\/a>. \u0412\u0441\u0456 \u043a\u043e\u043d\u0442\u0430\u043a\u0442\u043d\u0456 \u0434\u0430\u043d\u0456 \u0437 \u0440\u043e\u0437\u0431\u0438\u0432\u043a\u043e\u044e \u043f\u043e \u0440\u0435\u0433\u0456\u043e\u043d\u0430\u0445: <a href=\"https:\/\/redcross.org.ua\/contacts\/\">\u041a\u043e\u043d\u0442\u0430\u043a\u0442\u0438 \u2013 \u0422\u043e\u0432\u0430\u0440\u0438<\/a><a href=\"https:\/\/redcross.org.ua\/contacts\/\" target=\"_blank\" rel=\"noreferrer noopener\">\u0441<\/a><a href=\"https:\/\/redcross.org.ua\/contacts\/\">\u0442\u0432\u043e \u0427\u0435\u0440\u0432\u043e\u043d\u043e\u0433\u043e \u0425\u0440\u0435\u0441\u0442\u0430 \u0423\u043a\u0440\u0430\u0457\u043d\u0438<\/a>.<\/li>\n\n\n\n<li>\u0417 <strong>\u041c\u0456\u0436\u043d\u0430\u0440\u043e\u0434\u043d\u0438\u043c \u041a\u043e\u043c\u0456\u0442\u0435\u0442\u043e\u043c \u0427\u0435\u0440\u0432\u043e\u043d\u043e\u0433\u043e \u0425\u0440\u0435\u0441\u0442\u0430<\/strong> \u043c\u043e\u0436\u043d\u0430 \u0437\u0432&#8217;\u044f\u0437\u0430\u0442\u0438\u0441\u044f \u0437\u0430 \u0442\u0435\u043b : <a href=\"tel:380800300155\" target=\"_blank\" rel=\"noreferrer noopener\"><strong>+380 800 300 155<\/strong><\/a>.<\/li>\n<\/ul>\n\n\n\n<h3 class=\"wp-block-heading\">\u041a\u041e\u0420\u0418\u0421\u041d\u0406 \u041a\u041e\u041d\u0422\u0410\u041a\u0422\u0418 \u0412 \u0421\u0423\u0421\u0406\u0414\u041d\u0406\u0425 \u041a\u0420\u0410\u0407\u041d\u0410\u0425<\/h3>\n\n\n\n<ul class=\"wp-block-list\">\n<li><strong>\u0427\u0435\u0441\u044c\u043a\u0430 \u0420\u0435\u0441\u043f\u0443\u0431\u043b\u0456\u043a\u0430:<\/strong> \u0441\u0442\u043e\u0440\u0456\u043d\u043a\u0430 \u0414\u041e\u041f\u041e\u041c\u041e\u0413\u0418 \u0423\u0412\u041a\u0411 \u041e\u041e\u041d:&nbsp;<a href=\"https:\/\/help.unhcr.org\/czech\/\" target=\"_blank\" rel=\"noreferrer noopener\">https:\/\/help.unhcr.org\/czech\/<\/a>&nbsp;\u0442\u0430 \u043e\u0444\u0456\u0446\u0456\u0439\u043d\u0430 \u0432\u0435\u0431-\u0441\u0442\u043e\u0440\u0456\u043d\u043a\u0430 \u0443\u0440\u044f\u0434\u0443: <a href=\"https:\/\/www.mvcr.cz\/clanek\/informace-pro-obcany-ukrajiny.aspx\" target=\"_blank\" rel=\"noreferrer noopener\">Informace pro ukrajinsk\u00e9 ob\u010dany na \u00fazem\u00ed \u010cR v n\u00e1vaznosti na ruskou agresi na Ukrajin\u011b<\/a> (\u043d\u043e\u043c\u0435\u0440 \u0433\u0430\u0440\u044f\u0447\u043e\u0457 \u043b\u0456\u043d\u0456\u0457 <a href=\"tel:420974801802\" target=\"_blank\" rel=\"noreferrer noopener\">+420 974 801 802<\/a>). \n<ul class=\"wp-block-list\">\n<li>\u0417 \u0423\u0412\u041a\u0411 \u041e\u041e\u041d \u043c\u043e\u0436\u043d\u0430 \u0437\u0432\u2019\u044f\u0437\u0430\u0442\u0438\u0441\u044f \u0437\u0430 \u0430\u0434\u0440\u0435\u0441\u043e\u044e&nbsp;<a href=\"mailto:czepr@unhcr.org\" target=\"_blank\" rel=\"noreferrer noopener\"><strong>czepr@unhcr.org<\/strong><\/a>&nbsp;\u0430\u0431\u043e \u0437\u0430 \u0442\u0435\u043b\u0435\u0444\u043e\u043d\u043e\u043c <strong><a href=\"tel:420776437775\" target=\"_blank\" rel=\"noreferrer noopener\">+420 776 437 775<\/a><\/strong>.<\/li>\n<\/ul>\n<\/li>\n\n\n\n<li><strong>\u0411\u043e\u043b\u0433\u0430\u0440\u0456\u044f:<\/strong> <strong>:<\/strong>&nbsp;\u0434\u0438\u0432\u0456\u0442\u044c\u0441\u044f \u0441\u0442\u043e\u0440\u0456\u043d\u043a\u0443 <a href=\"https:\/\/help.unhcr.org\/bulgaria\/uk\/%d0%bf%d1%80%d0%b8%d0%b1%d1%83%d1%82%d1%82%d1%8f-%d0%b7-%d1%83%d0%ba%d1%80%d0%b0%d1%97%d0%bd%d0%b8\/\" target=\"_blank\" rel=\"noreferrer noopener\">\u041f\u0440\u0438\u0431\u0443\u0442\u0442\u044f \u0437 \u0423\u043a\u0440\u0430\u0457\u043d\u0438 &#8211; UNHCR Bulgaria<\/a> \u0442\u0430 <a href=\"https:\/\/gov.bg\/bg\/ukraine\/news\/5657\" target=\"_blank\" rel=\"noreferrer noopener\"> \u0431\u043e\u043b\u0433\u0430\u0440\u0441\u044c\u043a\u0438\u0445 \u043e\u0440\u0433\u0430\u043d\u0456\u0432 \u0437 \u043d\u0430\u0434\u0430\u043d\u043d\u044f<\/a>.\n<ul class=\"wp-block-list\">\n<li>\u0417 \u0423\u0412\u041a\u0411 \u041e\u041e\u041d \u043c\u043e\u0436\u043d\u0430 \u0437\u0432\u2019\u044f\u0437\u0430\u0442\u0438\u0441\u044f \u0437\u0430 \u0430\u0434\u0440\u0435\u0441\u043e\u044e:&nbsp;<strong><a href=\"mailto:bulso@unhcr.org\" target=\"_blank\" rel=\"noreferrer noopener\">bulso@unhcr.org<\/a>&nbsp;<\/strong>\u0430\u0431\u043e \u0437\u0430 \u0442\u0435\u043b\u0435\u0444\u043e\u043d\u043e\u043c <strong><a href=\"tel:35929802453\" target=\"_blank\" rel=\"noreferrer noopener\">+359 298 02 453<\/a><\/strong>.<\/li>\n<\/ul>\n<\/li>\n\n\n\n<li><strong>\u0423\u0433\u043e\u0440\u0449\u0438\u043d\u0430:&nbsp;<\/strong>\u0434\u0438\u0432\u0456\u0442\u044c\u0441\u044f \u0441\u0442\u043e\u0440\u0456\u043d\u043a\u0443 <a href=\"https:\/\/help.unhcr.org\/hungary\/\" target=\"_blank\" rel=\"noreferrer noopener\">\u0414\u041e\u041f\u041e\u041c\u041e\u0413\u0418 \u0423\u0412\u041a\u0411 \u041e\u041e\u041d \u0434\u043b\u044f \u0423\u0433\u043e\u0440\u0449\u0438\u043d\u0438<\/a> \u0442\u0430 \u0441\u0442\u043e\u0440\u0456\u043d\u043a\u0443 \u0423\u0433\u043e\u0440\u0441\u044c\u043a\u043e\u0433\u043e \u0425\u0435\u043b\u044c\u0441\u0438\u043d\u043a\u0441\u044c\u043a\u043e\u0433\u043e \u043a\u043e\u043c\u0456\u0442\u0435\u0442\u0443: <a href=\"https:\/\/helsinki.hu\/en\/wp-content\/uploads\/sites\/2\/2022\/04\/Information-for-individuals-fleeing-Ukraine_UA.pdf\">\u0406\u043d\u0444\u043e\u0440\u043c\u0430\u0446\u0456\u044f \u0434\u043b\u044f \u0431\u0456\u0436\u0435\u043d\u0446\u0456\u0432 \u0437 \u0423\u043a\u0440\u0430\u0457\u043d\u0438<\/a>.\n<ul class=\"wp-block-list\">\n<li>\u0417 \u0423\u0412\u041a\u0411 \u041e\u041e\u041d \u043c\u043e\u0436\u043d\u0430 \u0437\u0432&#8217;\u044f\u0437\u0430\u0442\u0438\u0441\u044f \u0437\u0430 \u0430\u0434\u0440\u0435\u0441\u043e\u044e: <a href=\"mailto:hunbu@unhcr.org\" target=\"_blank\" rel=\"noreferrer noopener\"><strong>hunbu@unhcr.org<\/strong><\/a> \u0430\u0431\u043e <strong><a href=\"tel:3613363060\" target=\"_blank\" rel=\"noreferrer noopener\">+36 1 336 3060<\/a>.<\/strong><\/li>\n<\/ul>\n<\/li>\n\n\n\n<li><strong>\u041c\u043e\u043b\u0434\u043e\u0432<strong>\u0430<\/strong>:<\/strong> \u0434\u0438\u0432\u0456\u0442\u044c\u0441\u044f <a href=\"http:\/\/bma.gov.md\/ro\/\" target=\"_blank\" rel=\"noreferrer noopener\">\u043e\u0444\u0456\u0446\u0456\u0439\u043d\u0443 \u0432\u0435\u0431-\u0441\u0442\u043e\u0440\u0456\u043d\u043a\u0443 \u0443\u0440\u044f\u0434\u0443<\/a>. \u0417\u0432\u0435\u0440\u0442\u0430\u0439\u0442\u0435\u0441\u044c, \u0431\u0443\u0434\u044c \u043b\u0430\u0441\u043a\u0430, \u0437\u0430 \u044e\u0440\u0438\u0434\u0438\u0447\u043d\u043e\u044e \u0434\u043e\u043f\u043e\u043c\u043e\u0433\u043e\u044e \u0432 <a href=\"http:\/\/www.cda.md\" target=\"_blank\" rel=\"noreferrer noopener\">\u042e\u0440\u0438\u0434\u0438\u0447\u043d\u0438\u0439 \u0446\u0435\u043d\u0442\u0440 \u0434\u043b\u044f \u0430\u0434\u0432\u043e\u043a\u0430\u0442\u0456\u0432<\/a>&nbsp;\u0442\u0430 \u0432 <a href=\"http:\/\/www.ccr.md\" target=\"_blank\" rel=\"noreferrer noopener\">\u0411\u043b\u0430\u0433\u043e\u0434\u0456\u0439\u043d\u0438\u0439 \u0446\u0435\u043d\u0442\u0440 \u0441\u043e\u0446\u0456\u0430\u043b\u044c\u043d\u043e\u0457 \u0434\u043e\u043f\u043e\u043c\u043e\u0433\u0438<\/a>. \u0411\u0443\u0434\u044c \u043b\u0430\u0441\u043a\u0430, \u0437\u0432\u0435\u0440\u043d\u0456\u0442\u044c\u0441\u044f \u0442\u0430\u043a\u043e\u0436 \u0434\u043e \u0432\u0435\u0431-\u0441\u0442\u043e\u0440\u0456\u043d\u043a\u0438 \u0437 \u0456\u043d\u0448\u0438\u043c\u0438 \u043f\u043e\u0441\u0442\u0430\u0447\u0430\u043b\u044c\u043d\u0438\u043a\u0430\u043c\u0438 \u043f\u043e\u0441\u043b\u0443\u0433, <a href=\"https:\/\/dopomoga.life\/\" target=\"_blank\" rel=\"noreferrer noopener\">DOPOMOGA<\/a> (\u043b\u0438\u0448\u0435 \u0440\u043e\u0441\u0456\u0439\u0441\u044c\u043a\u043e\u044e \u043c\u043e\u0432\u043e\u044e). \n<ul class=\"wp-block-list\">\n<li>\u0417 \u0423\u0412\u041a\u0411 \u041e\u041e\u041d \u043c\u043e\u0436\u043d\u0430 \u0437\u0432&#8217;\u044f\u0437\u0430\u0442\u0438\u0441\u044f \u0437\u0430 \u0442\u0435\u043b\u0435\u0444\u043e\u043d\u043e\u043c<a href=\"tel:080080011\"> 0 800 800 11<\/a> (<a href=\"tel:37322780071\">+373 22 780 071<\/a> \u0437-\u0437\u0430 \u043a\u043e\u0440\u0434\u043e\u043d\u0443).<\/li>\n<\/ul>\n<\/li>\n\n\n\n<li><strong>\u041f\u043e\u043b\u044c\u0449\u0430:<\/strong> \u0434\u0438\u0432\u0456\u0442\u044c\u0441\u044f \u0441\u0442\u043e\u0440\u0456\u043d\u043a\u0443 <a href=\"http:\/\/UNHCR Poland \u2013 Help for refugees and asylum-seekers\" target=\"_blank\" rel=\"noreferrer noopener\">\u0414\u041e\u041f\u041e\u041c\u041e\u0413\u0418 \u0423\u0412\u041a\u0411 \u041e\u041e\u041d \u0434\u043b\u044f \u041f\u043e\u043b\u044c\u0449\u0456<\/a> \u0442\u0430 <a href=\"https:\/\/www.gov.pl\/web\/ua\" target=\"_blank\" rel=\"noreferrer noopener\">\u0432\u0435\u0431-\u0441\u0430\u0439\u0442 \u0443\u0440\u044f\u0434\u0443 \u041f\u043e\u043b\u044c\u0449\u0456 \u0434\u043b\u044f \u0443\u043a\u0440\u0430\u0457\u043d\u0446\u0456\u0432<\/a> (\u0433\u043e\u0440\u0435\u0449\u0430 \u043b\u0438\u043d\u0438\u044f: <strong><a href=\"tel:48222309900\">+48 222 309 900<\/a><\/strong>). \n<ul class=\"wp-block-list\">\n<li>\u0417 \u0423\u0412\u041a\u0411 \u041e\u041e\u041d \u043c\u043e\u0436\u043d\u0430 \u0437\u0432&#8217;\u044f\u0437\u0430\u0442\u0438\u0441\u044f \u0437\u0430 \u0435\u043b\u0435\u043a\u0442\u0440\u043e\u043d\u043d\u043e\u044e \u0430\u0434\u0440\u0435\u0441\u043e\u044e: <a href=\"mailto:polwa@unhcr.org\" target=\"_blank\" rel=\"noreferrer noopener\"><strong>polwaprotection@unhcr.org<\/strong><\/a> \u0442\u0430 \u0437\u0430 \u043d\u043e\u043c\u0435\u0440\u043e\u043c \u0442\u0435\u043b\u0435\u0444\u043e\u043d\u0443 <strong><a href=\"tel:48226286930\" target=\"_blank\" rel=\"noreferrer noopener\"><strong><\/strong><\/a><strong><a href=\"tel:800012948\">800 012 948<\/a><\/strong><\/strong>.<\/li>\n<\/ul>\n<\/li>\n\n\n\n<li><strong>\u0420\u0443\u043c\u0443\u043d\u0456\u044f:<\/strong> \u0434\u0438\u0432\u0456\u0442\u044c\u0441\u044f \u0441\u0442\u043e\u0440\u0456\u043d\u043a\u0443 <a href=\"https:\/\/help.unhcr.org\/romania\/\" target=\"_blank\" rel=\"noreferrer noopener\">\u0414\u041e\u041f\u041e\u041c\u041e\u0413\u0418 \u0423\u0412\u041a\u0411 \u041e\u041e\u041d \u0434\u043b\u044f \u0420\u0443\u043c\u0443\u043d\u0456\u0457<\/a>&nbsp;\u0442\u0430 \u0432\u0435\u0431-\u0441\u0430\u0439\u0442 \u043d\u0430\u0448\u043e\u0433\u043e \u043f\u0430\u0440\u0442\u043d\u0435\u0440\u0443, <a href=\"https:\/\/www.cnrr.ro\/index.php\/ro\/\">\u041d\u0430\u0446\u0456\u043e\u043d\u0430\u043b\u044c\u043d\u043e\u0457 \u0441\u043f\u0456\u043b\u043a\u0438 \u0443 \u0441\u043f\u0440\u0430\u0432\u0430\u0445 \u0431\u0456\u0436\u0435\u043d\u0446\u0456\u0432<\/a>.\n<ul class=\"wp-block-list\">\n<li>\u0417 \u0423\u0412\u041a\u0411 \u041e\u041e\u041d \u043c\u043e\u0436\u043d\u0430 \u0437\u0432\u2019\u044f\u0437\u0430\u0442\u0438\u0441\u044f \u0437\u0430 \u0430\u0434\u0440\u0435\u0441\u043e\u044e <a href=\"mailto:rombufeedback@unhcr.org\"><strong>rombufeedback@unhcr.org<\/strong><\/a> \u0430\u0431\u043e \u0437\u0430 \u0442\u0435\u043b\u0435\u0444\u043e\u043d\u043e\u043c <strong><a href=\"tel:40723653651\" target=\"_blank\" rel=\"noreferrer noopener\">+40 723 653 651<\/a><\/strong>. \u0422\u0435\u043b\u0435\u0433\u0440\u0430\u043c\u0430: <a href=\"https:\/\/t.me\/UNHCR_Romania\">Contact @UNHCR_Romania<\/a>.<\/li>\n<\/ul>\n<\/li>\n\n\n\n<li><strong>\u0441\u043b\u043e\u0432\u0430\u0447\u0447\u0438\u043d\u0430:<\/strong> \u0434\u0438\u0432\u0456\u0442\u044c\u0441\u044f \u0441\u0442\u043e\u0440\u0456\u043d\u043a\u0443 <a href=\"https:\/\/help.unhcr.org\/slovakia\/\" target=\"_blank\" rel=\"noreferrer noopener\">\u0414\u041e\u041f\u041e\u041c\u041e\u0413\u0418 \u0423\u0412\u041a\u0411 \u041e\u041e\u041d \u0434\u043b\u044f \u0421\u043b\u043e\u0432\u0430\u0447\u0447\u0438\u043d\u0438<\/a>&nbsp;\u0442\u0430 <a href=\"\/\/www.welcometoslovakia.sk\/uk\/\" target=\"_blank\" rel=\"noreferrer noopener\">\u0432\u0435\u0431-\u0441\u0430\u0439\u0442 \u0434\u043b\u044f \u0443\u043a\u0440\u0430\u0457\u043d\u0446\u0456\u0432 \u0443\u0440\u044f\u0434\u0443 \u0421\u043b\u043e\u0432\u0430\u0447\u0447\u0438\u043d\u0438<\/a>. \n<ul class=\"wp-block-list\">\n<li>\u0417 \u0423\u0412\u041a\u0411 \u041e\u041e\u041d \u043c\u043e\u0436\u043d\u0430 \u0437\u0432\u2019\u044f\u0437\u0430\u0442\u0438\u0441\u044f \u0437\u0430 \u0430\u0434\u0440\u0435\u0441\u043e\u044e&nbsp;<a href=\"mailto:hunbu@unhcr.org\" target=\"_blank\" rel=\"noreferrer noopener\"><strong><\/strong><\/a><strong><a href=\"mailto:svkbrprot@unhcr.org\"><strong>svkbrprot@unhcr.org<\/strong><\/a><\/strong>&nbsp;\u0442\u0430 \u0437\u0430 \u0442\u0435\u043b\u0435\u0444\u043e\u043d\u043e\u043c <strong><a href=\"tel:3613363060\" target=\"_blank\" rel=\"noreferrer noopener\"><strong><\/strong><\/a><strong><a href=\"tel:0800135133\">0800 135 133<\/a><\/strong><\/strong>. \u0422\u0435\u043b\u0435\u0433\u0440\u0430\u043c\u0430: <a href=\"https:\/\/t.me\/unhcr_slovakia\">Contact @unhcr_slovakia<\/a>.<\/li>\n<\/ul>\n<\/li>\n\n\n\n<li><strong>\u0412\u0441\u0456 \u0456\u043d\u0448\u0456 \u043a\u0440\u0430\u0457\u043d\u0438:<\/strong> \u0432\u0456\u0434\u0432\u0456\u0434\u0430\u0439\u0442\u0435 \u0441\u0442\u043e\u0440\u0456\u043d\u043a\u0443 <a href=\"https:\/\/help.unhcr.org\">\u0414\u041e\u041f\u041e\u041c\u041e\u0413\u0418 \u0423\u0412\u041a\u0411 \u041e\u041e\u041d<\/a> \u0442\u0430 \u043e\u0431\u0435\u0440\u0456\u0442\u044c \u0432\u0456\u0434\u043f\u043e\u0432\u0456\u0434\u043d\u0443 \u043a\u0440\u0430\u0457\u043d\u0443 \u0432 \u043c\u0435\u043d\u044e, \u0449\u043e \u0432\u0456\u0434\u043a\u0440\u0438\u0454\u0442\u044c\u0441\u044f.<\/li>\n<\/ul>\n\n\n\n<p><strong>\u042f\u043a\u0449\u043e \u0432\u0438 \u0431\u0443\u043b\u0438 \u0440\u043e\u0437\u043b\u0443\u0447\u0435\u043d\u0456 \u0437\u0456 \u0441\u0432\u043e\u0454\u044e \u0441\u0456\u043c&#8217;\u0454\u044e \u043f\u0456\u0434 \u0447\u0430\u0441 \u043f\u043e\u0434\u043e\u0440\u043e\u0436<\/strong>\u0456, \u043e\u0437\u043d\u0430\u0439\u043e\u043c\u0442\u0435\u0441\u044f \u0437 \u0431\u0440\u043e\u0448\u0443\u0440\u043e\u044e <a href=\"https:\/\/help.unhcr.org\/switzerland\/wp-content\/uploads\/sites\/54\/2022\/06\/Family-unity-and-family-reunification-Persons-fleeing-URK-1-1.pdf\" target=\"_blank\" rel=\"noreferrer noopener\">\u0423\u0412\u041a\u0411 \u041e\u041e\u041d \u00ab\u0404\u0434\u043d\u0456\u0441\u0442\u044c \u0441\u0456\u043c&#8217;\u0457 \u0442\u0430 \u0432\u043e\u0437\u0437&#8217;\u0454\u0434\u043d\u0430\u043d\u043d\u044f \u0441\u0456\u043c&#8217;\u0457\u00bb<\/a>. <\/p>\n\n\n\n<p>\u0412\u0435\u0431\u0441\u0442\u043e\u0440\u0456\u043d\u043a\u0430 \u0423\u0412\u041a\u0411 \u041e\u041e\u041d <strong><a href=\"https:\/\/ukraineishome.org\/uk\/\" target=\"_blank\" rel=\"noreferrer noopener\">\u0423\u043a\u0440\u0430\u0457\u043d\u0430 &#8211; \u0446\u0435 \u0414\u0456\u043c<\/a><\/strong> \u043d\u0430\u0434\u0430\u0454 \u0434\u043e\u0434\u0430\u0442\u043a\u043e\u0432\u0443 \u0456\u043d\u0444\u043e\u0440\u043c\u0430\u0446\u0456\u044e \u0434\u043b\u044f \u0431\u0456\u0436\u0435\u043d\u0446\u0456\u0432 \u0442\u0430 \u0432\u043d\u0443\u0442\u0440\u0456\u0448\u043d\u044c\u043e \u043f\u0435\u0440\u0435\u043c\u0456\u0449\u0435\u043d\u0438\u0445 \u0443\u043a\u0440\u0430\u0457\u043d\u0446\u0456\u0432, \u0437\u043e\u043a\u0440\u0435\u043c\u0430 \u0437 \u043f\u0438\u0442\u0430\u043d\u044c, \u0449\u043e \u0441\u0442\u043e\u0441\u0443\u044e\u0442\u044c\u0441\u044f \u0457\u0445\u043d\u0456\u0445 \u043f\u0440\u0430\u0432 \u0456 \u043f\u043e\u0434\u0430\u043b\u044c\u0448\u043e\u0433\u043e \u043f\u0435\u0440\u0435\u0431\u0443\u0432\u0430\u043d\u043d\u044f \u0432 \u043a\u0440\u0430\u0457\u043d\u0430\u0445 \u043f\u0435\u0440\u0435\u0431\u0443\u0432\u0430\u043d\u043d\u044f, \u0430 \u0442\u0430\u043a\u043e\u0436 \u0434\u043e\u0431\u0440\u043e\u0432\u0456\u043b\u044c\u043d\u043e\u0433\u043e \u043f\u043e\u0432\u0435\u0440\u043d\u0435\u043d\u043d\u044f \u0434\u043e\u0434\u043e\u043c\u0443.<\/p>\n","protected":false},"excerpt":{"rendered":"<p>\u0414\u043b\u044f \u043e\u0442\u0440\u0438\u043c\u0430\u043d\u043d\u044f \u0456\u043d\u0444\u043e\u0440\u043c\u0430\u0446\u0456\u0457 \u043f\u0440\u043e \u0441\u0438\u0442\u0443\u0430\u0446\u0456\u044e \u0432 \u0423\u043a\u0440\u0430\u0457\u043d\u0456, \u0431\u0443\u0434\u044c \u043b\u0430\u0441\u043a\u0430, \u043f\u0435\u0440\u0435\u0433\u043b\u044f\u043d\u044c\u0442\u0435 \u0441\u0442\u043e\u0440\u0456\u043d\u043a\u0443 \u0434\u043e\u043f\u043e\u043c\u043e\u0433\u0438 UNHCR Ukraine \u2013 \u0434\u043e\u043f\u043e\u043c\u043e\u0433\u0430 \u0434\u043b\u044f \u0431\u0456\u0436\u0435\u043d\u0446\u0456\u0432 \u0442\u0430 \u0448\u0443\u043a\u0430\u0447\u0456\u0432 \u043f\u0440\u0438\u0442\u0443\u043b\u043a\u0443. \u041a\u041e\u0420\u0418\u0421\u041d\u0406 \u041a\u041e\u041d\u0422\u0410\u041a\u0422\u0418 \u0412 \u0423\u041a\u0420\u0410\u0407\u041d\u0406\u042f \u041a\u041e\u0420\u0418\u0421\u041d\u0406 \u041a\u041e\u041d\u0422\u0410\u041a\u0422\u0418 \u0412 \u0421\u0423\u0421\u0406\u0414\u041d\u0406\u0425 \u041a\u0420\u0410\u0407\u041d\u0410\u0425 \u042f\u043a\u0449\u043e \u0432\u0438 \u0431\u0443\u043b\u0438 \u0440\u043e\u0437\u043b\u0443\u0447\u0435\u043d\u0456 \u0437\u0456 \u0441\u0432\u043e\u0454\u044e \u0441\u0456\u043c&#8217;\u0454\u044e \u043f\u0456\u0434 \u0447\u0430\u0441 \u043f\u043e\u0434\u043e\u0440\u043e\u0436\u0456, \u043e\u0437\u043d\u0430\u0439\u043e\u043c\u0442\u0435\u0441\u044f \u0437 \u0431\u0440\u043e\u0448\u0443\u0440\u043e\u044e \u0423\u0412\u041a\u0411 \u041e\u041e\u041d \u00ab\u0404\u0434\u043d\u0456\u0441\u0442\u044c \u0441\u0456\u043c&#8217;\u0457 \u0442\u0430 \u0432\u043e\u0437\u0437&#8217;\u0454\u0434\u043d\u0430\u043d\u043d\u044f \u0441\u0456\u043c&#8217;\u0457\u00bb. \u0412\u0435\u0431\u0441\u0442\u043e\u0440\u0456\u043d\u043a\u0430 \u0423\u0412\u041a\u0411 \u041e\u041e\u041d \u0423\u043a\u0440\u0430\u0457\u043d\u0430 &#8211; [&hellip;]<\/p>\n","protected":false},"author":124,"featured_media":0,"parent":473,"menu_order":1,"comment_status":"closed","ping_status":"closed","template":"","meta":{"_acf_changed":false,"footnotes":""},"class_list":["post-471","page","type-page","status-publish","hentry"],"acf":[],"_links":{"self":[{"href":"https:\/\/help.unhcr.org\/switzerland\/uk\/wp-json\/wp\/v2\/pages\/471","targetHints":{"allow":["GET"]}}],"collection":[{"href":"https:\/\/help.unhcr.org\/switzerland\/uk\/wp-json\/wp\/v2\/pages"}],"about":[{"href":"https:\/\/help.unhcr.org\/switzerland\/uk\/wp-json\/wp\/v2\/types\/page"}],"author":[{"embeddable":true,"href":"https:\/\/help.unhcr.org\/switzerland\/uk\/wp-json\/wp\/v2\/users\/124"}],"replies":[{"embeddable":true,"href":"https:\/\/help.unhcr.org\/switzerland\/uk\/wp-json\/wp\/v2\/comments?post=471"}],"version-history":[{"count":24,"href":"https:\/\/help.unhcr.org\/switzerland\/uk\/wp-json\/wp\/v2\/pages\/471\/revisions"}],"predecessor-version":[{"id":2743,"href":"https:\/\/help.unhcr.org\/switzerland\/uk\/wp-json\/wp\/v2\/pages\/471\/revisions\/2743"}],"up":[{"embeddable":true,"href":"https:\/\/help.unhcr.org\/switzerland\/uk\/wp-json\/wp\/v2\/pages\/473"}],"wp:attachment":[{"href":"https:\/\/help.unhcr.org\/switzerland\/uk\/wp-json\/wp\/v2\/media?parent=471"}],"curies":[{"name":"wp","href":"https:\/\/api.w.org\/{rel}","templated":true}]}}