{"id":881,"date":"2021-07-13T13:58:39","date_gmt":"2021-07-13T13:58:39","guid":{"rendered":"http:\/\/help.unhcr.org\/spain\/?page_id=881"},"modified":"2023-10-16T11:54:11","modified_gmt":"2023-10-16T11:54:11","slug":"programa-know-your-rights","status":"publish","type":"page","link":"https:\/\/help.unhcr.org\/spain\/educacion\/programa-know-your-rights\/","title":{"rendered":"Programa &#8220;Know Your Rights&#8221; (Conoce tus derechos)"},"content":{"rendered":"\n<p>Desde 2020, la Oficina de ACNUR en Espa\u00f1a, junto al despacho de abogados <a href=\"https:\/\/www.dlapiper.com\/es\/spain\/aboutus\/\">DLA Piper<\/a>, organizan anualmente la formaci\u00f3n \u201cKnow Your Rights\u201d &#8211; conoce tus derechos -. <\/p>\n\n\n\n<p>El programa, totalmente gratuito, est\u00e1 dirigido a personas refugiadas, solicitantes de asilo y ap\u00e1tridas en Espa\u00f1a.&nbsp;<\/p>\n","protected":false},"excerpt":{"rendered":"<p>Desde 2020, la Oficina de ACNUR en Espa\u00f1a, junto al despacho de abogados DLA Piper, organizan anualmente la formaci\u00f3n \u201cKnow Your Rights\u201d &#8211; conoce tus derechos -. El programa, totalmente gratuito, est\u00e1 dirigido a personas refugiadas, solicitantes de asilo y ap\u00e1tridas en Espa\u00f1a.&nbsp;<\/p>\n","protected":false},"author":137,"featured_media":0,"parent":851,"menu_order":2,"comment_status":"closed","ping_status":"closed","template":"faq_page.php","meta":{"_acf_changed":false,"footnotes":""},"class_list":["post-881","page","type-page","status-publish","hentry"],"acf":[],"_links":{"self":[{"href":"https:\/\/help.unhcr.org\/spain\/wp-json\/wp\/v2\/pages\/881","targetHints":{"allow":["GET"]}}],"collection":[{"href":"https:\/\/help.unhcr.org\/spain\/wp-json\/wp\/v2\/pages"}],"about":[{"href":"https:\/\/help.unhcr.org\/spain\/wp-json\/wp\/v2\/types\/page"}],"author":[{"embeddable":true,"href":"https:\/\/help.unhcr.org\/spain\/wp-json\/wp\/v2\/users\/137"}],"replies":[{"embeddable":true,"href":"https:\/\/help.unhcr.org\/spain\/wp-json\/wp\/v2\/comments?post=881"}],"version-history":[{"count":17,"href":"https:\/\/help.unhcr.org\/spain\/wp-json\/wp\/v2\/pages\/881\/revisions"}],"predecessor-version":[{"id":2767,"href":"https:\/\/help.unhcr.org\/spain\/wp-json\/wp\/v2\/pages\/881\/revisions\/2767"}],"up":[{"embeddable":true,"href":"https:\/\/help.unhcr.org\/spain\/wp-json\/wp\/v2\/pages\/851"}],"wp:attachment":[{"href":"https:\/\/help.unhcr.org\/spain\/wp-json\/wp\/v2\/media?parent=881"}],"curies":[{"name":"wp","href":"https:\/\/api.w.org\/{rel}","templated":true}]}}