{"id":856,"date":"2021-07-13T13:40:21","date_gmt":"2021-07-13T13:40:21","guid":{"rendered":"http:\/\/help.unhcr.org\/spain\/?page_id=856"},"modified":"2025-01-23T14:20:13","modified_gmt":"2025-01-23T14:20:13","slug":"formacion-online-gratuita","status":"publish","type":"page","link":"https:\/\/help.unhcr.org\/spain\/educacion\/formacion-online-gratuita\/","title":{"rendered":"Coursera: Formaci\u00f3n Online Gratuita"},"content":{"rendered":"\n<p>Si has solicitado asilo en Espa\u00f1a, el <strong>Programa Coursera-ACNUR<\/strong> te proporciona acceso gratuito a m\u00e1s de 12.000 cursos en l\u00ednea.&nbsp;<\/p>\n\n\n\n<p><strong>Coursera <\/strong>es una plataforma digital que ofrece cursos de prestigiosas universidades e instituciones educativas de todo el mundo. Coursera colabora con m\u00e1s de 350 universidades l\u00edderes de 25 pa\u00edses y es <strong>el mayor proveedor de educaci\u00f3n abierta en l\u00ednea<\/strong>, con m\u00e1s de 24 millones de alumnos en todo el mundo. Todos los programas formativos son oficiales y proporcionan un certificado que avala los conocimientos adquiridos.<\/p>\n\n\n\n<p>Gracias a un convenio con ACNUR, la plataforma brinda acceso a formaci\u00f3n, sin coste alguno, a personas refugiadas, solicitandes de asilo y ap\u00e1tridas.<\/p>\n\n\n\n<div class=\"wp-block-buttons is-content-justification-center is-layout-flex wp-container-core-buttons-is-layout-16018d1d wp-block-buttons-is-layout-flex\">\n<div class=\"wp-block-button is-style-outline is-style-outline--1\"><a class=\"wp-block-button__link has-vivid-cyan-blue-color has-white-background-color has-text-color has-background has-link-color wp-element-button\" href=\"https:\/\/enketo.unhcr.org\/single\/ZphDJ37r?d[Country]=ESP\" target=\"_blank\" rel=\"noreferrer noopener\">Solicita el alta gratuita aqu\u00ed<\/a><\/div>\n<\/div>\n\n\n\n<p><\/p>\n\n\n\n<p class=\"has-vivid-red-color has-text-color has-link-color wp-elements-b8ad2c6c1ce502547201a5594fc12b74\">\u00danicamente se responder\u00e1 a las solicitudes de personas que cumplan con los requisitos del programa.&nbsp;<\/p>\n\n\n\n<p>Si deseas recibir informaci\u00f3n de ACNUR sobre otros programas de inter\u00e9s para personas refugiadas, solicitantes de asilo y ap\u00e1tridas en Espa\u00f1a, inscr\u00edbete en el <a href=\"https:\/\/manage.kmail-lists.com\/subscriptions\/subscribe?a=Wc9Jca&amp;g=SeKVD7\" target=\"_blank\" rel=\"noreferrer noopener\"><strong>Bolet\u00edn de ACNUR<\/strong><\/a>, aqu\u00ed.<\/p>\n\n\n\n<p><\/p>\n","protected":false},"excerpt":{"rendered":"<p>Si has solicitado asilo en Espa\u00f1a, el Programa Coursera-ACNUR te proporciona acceso gratuito a m\u00e1s de 12.000 cursos en l\u00ednea.&nbsp; Coursera es una plataforma digital que ofrece cursos de prestigiosas universidades e instituciones educativas de todo el mundo. Coursera colabora con m\u00e1s de 350 universidades l\u00edderes de 25 pa\u00edses y es el mayor proveedor de [&hellip;]<\/p>\n","protected":false},"author":137,"featured_media":0,"parent":851,"menu_order":1,"comment_status":"closed","ping_status":"closed","template":"page-templates\/sectioned.php","meta":{"_acf_changed":false,"footnotes":""},"class_list":["post-856","page","type-page","status-publish","hentry"],"acf":[],"_links":{"self":[{"href":"https:\/\/help.unhcr.org\/spain\/wp-json\/wp\/v2\/pages\/856","targetHints":{"allow":["GET"]}}],"collection":[{"href":"https:\/\/help.unhcr.org\/spain\/wp-json\/wp\/v2\/pages"}],"about":[{"href":"https:\/\/help.unhcr.org\/spain\/wp-json\/wp\/v2\/types\/page"}],"author":[{"embeddable":true,"href":"https:\/\/help.unhcr.org\/spain\/wp-json\/wp\/v2\/users\/137"}],"replies":[{"embeddable":true,"href":"https:\/\/help.unhcr.org\/spain\/wp-json\/wp\/v2\/comments?post=856"}],"version-history":[{"count":47,"href":"https:\/\/help.unhcr.org\/spain\/wp-json\/wp\/v2\/pages\/856\/revisions"}],"predecessor-version":[{"id":3226,"href":"https:\/\/help.unhcr.org\/spain\/wp-json\/wp\/v2\/pages\/856\/revisions\/3226"}],"up":[{"embeddable":true,"href":"https:\/\/help.unhcr.org\/spain\/wp-json\/wp\/v2\/pages\/851"}],"wp:attachment":[{"href":"https:\/\/help.unhcr.org\/spain\/wp-json\/wp\/v2\/media?parent=856"}],"curies":[{"name":"wp","href":"https:\/\/api.w.org\/{rel}","templated":true}]}}