{"id":760,"date":"2021-06-07T13:14:00","date_gmt":"2021-06-07T13:14:00","guid":{"rendered":"http:\/\/help.unhcr.org\/spain\/?page_id=760"},"modified":"2021-06-07T13:56:30","modified_gmt":"2021-06-07T13:56:30","slug":"videos-informativos","status":"publish","type":"page","link":"https:\/\/help.unhcr.org\/spain\/donde-encontrar-ayuda-espana\/videos-informativos\/","title":{"rendered":"Videos informativos"},"content":{"rendered":"\n<figure class=\"wp-block-embed-youtube wp-block-embed is-type-video is-provider-youtube wp-embed-aspect-16-9 wp-has-aspect-ratio\"><div class=\"wp-block-embed__wrapper\">\n<iframe loading=\"lazy\" title=\"Protecci\u00f3n internacional: informaci\u00f3n sobre el procedimiento de asilo en Espa\u00f1a\" width=\"640\" height=\"360\" src=\"https:\/\/www.youtube.com\/embed\/CHEB2rTw1bc?start=2&#038;feature=oembed\" frameborder=\"0\" allow=\"accelerometer; autoplay; clipboard-write; encrypted-media; gyroscope; picture-in-picture; web-share\" referrerpolicy=\"strict-origin-when-cross-origin\" allowfullscreen><\/iframe>\n<\/div><figcaption>Informaci\u00f3n sobre el procedimiento de asilo en Espa\u00f1a<\/figcaption><\/figure>\n\n\n\n<figure class=\"wp-block-embed-youtube wp-block-embed is-type-video is-provider-youtube wp-embed-aspect-16-9 wp-has-aspect-ratio\"><div class=\"wp-block-embed__wrapper\">\n<iframe loading=\"lazy\" title=\"Protecci\u00f3n internacional: informaci\u00f3n para personas reci\u00e9n llegadas a Espa\u00f1a\" width=\"640\" height=\"360\" src=\"https:\/\/www.youtube.com\/embed\/nEfXO9lD1jc?feature=oembed\" frameborder=\"0\" allow=\"accelerometer; autoplay; clipboard-write; encrypted-media; gyroscope; picture-in-picture; web-share\" referrerpolicy=\"strict-origin-when-cross-origin\" allowfullscreen><\/iframe>\n<\/div><figcaption>Informaci\u00f3n para personas reci\u00e9n llegadas a Espa\u00f1a<\/figcaption><\/figure>\n\n\n\n<figure class=\"wp-block-embed-youtube wp-block-embed is-type-video is-provider-youtube wp-embed-aspect-16-9 wp-has-aspect-ratio\"><div class=\"wp-block-embed__wrapper\">\n<iframe loading=\"lazy\" title=\"Violencia de g\u00e9nero: \u00bfqu\u00e9 hacer?\" width=\"640\" height=\"360\" src=\"https:\/\/www.youtube.com\/embed\/aBDS4kMVeUU?feature=oembed\" frameborder=\"0\" allow=\"accelerometer; autoplay; clipboard-write; encrypted-media; gyroscope; picture-in-picture; web-share\" referrerpolicy=\"strict-origin-when-cross-origin\" allowfullscreen><\/iframe>\n<\/div><figcaption>Violencia de g\u00e9nero: \u00bfQu\u00e9 hacer?<\/figcaption><\/figure>\n\n\n\n<figure class=\"wp-block-embed-youtube wp-block-embed is-type-video is-provider-youtube wp-embed-aspect-16-9 wp-has-aspect-ratio\"><div class=\"wp-block-embed__wrapper\">\n<iframe loading=\"lazy\" title=\"Ni\u00f1os y ni\u00f1as no acompa\u00f1ados y la protecci\u00f3n del asilo\" width=\"640\" height=\"360\" src=\"https:\/\/www.youtube.com\/embed\/UhqqyPeDbIM?start=19&#038;feature=oembed\" frameborder=\"0\" allow=\"accelerometer; autoplay; clipboard-write; encrypted-media; gyroscope; picture-in-picture; web-share\" referrerpolicy=\"strict-origin-when-cross-origin\" allowfullscreen><\/iframe>\n<\/div><figcaption>Informaci\u00f3n para ni\u00f1os y ni\u00f1as no acompa\u00f1ados\u00a0en Espa\u00f1a<\/figcaption><\/figure>\n","protected":false},"excerpt":{"rendered":"","protected":false},"author":137,"featured_media":0,"parent":160,"menu_order":2,"comment_status":"closed","ping_status":"closed","template":"","meta":{"_acf_changed":false,"footnotes":""},"class_list":["post-760","page","type-page","status-publish","hentry"],"acf":[],"_links":{"self":[{"href":"https:\/\/help.unhcr.org\/spain\/wp-json\/wp\/v2\/pages\/760","targetHints":{"allow":["GET"]}}],"collection":[{"href":"https:\/\/help.unhcr.org\/spain\/wp-json\/wp\/v2\/pages"}],"about":[{"href":"https:\/\/help.unhcr.org\/spain\/wp-json\/wp\/v2\/types\/page"}],"author":[{"embeddable":true,"href":"https:\/\/help.unhcr.org\/spain\/wp-json\/wp\/v2\/users\/137"}],"replies":[{"embeddable":true,"href":"https:\/\/help.unhcr.org\/spain\/wp-json\/wp\/v2\/comments?post=760"}],"version-history":[{"count":8,"href":"https:\/\/help.unhcr.org\/spain\/wp-json\/wp\/v2\/pages\/760\/revisions"}],"predecessor-version":[{"id":788,"href":"https:\/\/help.unhcr.org\/spain\/wp-json\/wp\/v2\/pages\/760\/revisions\/788"}],"up":[{"embeddable":true,"href":"https:\/\/help.unhcr.org\/spain\/wp-json\/wp\/v2\/pages\/160"}],"wp:attachment":[{"href":"https:\/\/help.unhcr.org\/spain\/wp-json\/wp\/v2\/media?parent=760"}],"curies":[{"name":"wp","href":"https:\/\/api.w.org\/{rel}","templated":true}]}}