{"id":3062,"date":"2024-07-30T09:30:01","date_gmt":"2024-07-30T09:30:01","guid":{"rendered":"https:\/\/help.unhcr.org\/spain\/?page_id=3062"},"modified":"2026-02-12T15:04:49","modified_gmt":"2026-02-12T15:04:49","slug":"red-fugiadas-liderando-el-cambio-desde-la-comunidad","status":"publish","type":"page","link":"https:\/\/help.unhcr.org\/spain\/red-fugiadas-liderando-el-cambio-desde-la-comunidad\/","title":{"rendered":"Red-fugiadas. Liderando el cambio desde la comunidad."},"content":{"rendered":"\n<p>En ACNUR trabajamos en la identificaci\u00f3n y respaldo de <strong>asociaciones lideradas o colideradas por personas refugiadas y ap\u00e1tridas<\/strong>, cuyo prop\u00f3sito es apoyar a las comunidades desplazadas forzosas mediante iniciativas que abordan desaf\u00edos que sus propios fundadores han podido enfrentar. Impulsamos la b\u00fasqueda de soluciones para la protecci\u00f3n e integraci\u00f3n de las personas refugiadas y ap\u00e1tridas, asegurando su <em>inclusi\u00f3n en el dise\u00f1o, implementaci\u00f3n, monitoreo y evaluaci\u00f3n de respuestas de protecci\u00f3n que tengan en cuenta las necesidades y riesgos que enfrentan<\/em>.<\/p>\n\n\n\n<p>En este contexto, ACNUR se esfuerza por fortalecer estas asociaciones como <em>actores de protecci\u00f3n relevantes<\/em>, manteni\u00e9ndolas informadas sobre cuestiones relacionadas con la protecci\u00f3n internacional, involucr\u00e1ndolas en di\u00e1logos sobre desplazamiento forzado, y proporcionando apoyo econ\u00f3mico y t\u00e9cnico para la implementaci\u00f3n de proyectos, entre otras medidas.<\/p>\n\n\n\n<p>En l\u00ednea con esta misi\u00f3n, desde 2022 ACNUR Espa\u00f1a ha impulsado la creaci\u00f3n de la <strong>Red-fugiadas<\/strong>, un grupo nacional de asociaciones lideradas y colideradas por personas refugiadas y ap\u00e1tridas. Esta red, que cuenta con <em>m\u00e1s de 60 asociaciones en todo el territorio espa\u00f1ol<\/em>, lideradas por y para personas de distintas edades, g\u00e9neros y grupos diversos, facilita el di\u00e1logo entre sus miembros y ACNUR mediante reuniones peri\u00f3dicas, fomenta el trabajo en red y suma esfuerzos para <em>alcanzar objetivos estrat\u00e9gicos que aborden los desaf\u00edos, necesidades e intereses de las personas refugiadas y ap\u00e1tridas en Espa\u00f1a<\/em>.<\/p>\n\n\n\n<p>Si tu asociaci\u00f3n est\u00e1 liderada o coliderada por personas refugiadas y\/o ap\u00e1tridas y deseas obtener m\u00e1s informaci\u00f3n sobre la Red-fugiadas, contacta con ACNUR a trav\u00e9s del correo <a href=\"mailto:spamatraining@unhcr.org\"><\/a><a href=\"mailto:spamatraining@unhcr.org\">spamatraining@unhcr.org<\/a><\/p>\n\n\n\n<figure class=\"wp-block-image size-large\"><img decoding=\"async\" src=\"https:\/\/help.unhcr.org\/spain\/wp-content\/uploads\/sites\/61\/2026\/02\/RedFugiadas_Feb2026-scaled.jpg\" alt=\"\" \/><\/figure>\n","protected":false},"excerpt":{"rendered":"<p>En ACNUR trabajamos en la identificaci\u00f3n y respaldo de asociaciones lideradas o colideradas por personas refugiadas y ap\u00e1tridas, cuyo prop\u00f3sito es apoyar a las comunidades desplazadas forzosas mediante iniciativas que abordan desaf\u00edos que sus propios fundadores han podido enfrentar. Impulsamos la b\u00fasqueda de soluciones para la protecci\u00f3n e integraci\u00f3n de las personas refugiadas y ap\u00e1tridas, [&hellip;]<\/p>\n","protected":false},"author":137,"featured_media":0,"parent":0,"menu_order":0,"comment_status":"closed","ping_status":"closed","template":"","meta":{"_acf_changed":false,"footnotes":""},"class_list":["post-3062","page","type-page","status-publish","hentry"],"acf":[],"_links":{"self":[{"href":"https:\/\/help.unhcr.org\/spain\/wp-json\/wp\/v2\/pages\/3062","targetHints":{"allow":["GET"]}}],"collection":[{"href":"https:\/\/help.unhcr.org\/spain\/wp-json\/wp\/v2\/pages"}],"about":[{"href":"https:\/\/help.unhcr.org\/spain\/wp-json\/wp\/v2\/types\/page"}],"author":[{"embeddable":true,"href":"https:\/\/help.unhcr.org\/spain\/wp-json\/wp\/v2\/users\/137"}],"replies":[{"embeddable":true,"href":"https:\/\/help.unhcr.org\/spain\/wp-json\/wp\/v2\/comments?post=3062"}],"version-history":[{"count":6,"href":"https:\/\/help.unhcr.org\/spain\/wp-json\/wp\/v2\/pages\/3062\/revisions"}],"predecessor-version":[{"id":3447,"href":"https:\/\/help.unhcr.org\/spain\/wp-json\/wp\/v2\/pages\/3062\/revisions\/3447"}],"wp:attachment":[{"href":"https:\/\/help.unhcr.org\/spain\/wp-json\/wp\/v2\/media?parent=3062"}],"curies":[{"name":"wp","href":"https:\/\/api.w.org\/{rel}","templated":true}]}}