{"id":3039,"date":"2024-07-29T12:25:05","date_gmt":"2024-07-29T12:25:05","guid":{"rendered":"https:\/\/help.unhcr.org\/spain\/?page_id=3039"},"modified":"2025-01-09T09:49:34","modified_gmt":"2025-01-09T09:49:34","slug":"explotacion-y-abusos-sexuales-por-parte-de-trabajadores-humanitarios","status":"publish","type":"page","link":"https:\/\/help.unhcr.org\/spain\/donde-encontrar-ayuda-espana\/explotacion-y-abusos-sexuales-por-parte-de-trabajadores-humanitarios\/","title":{"rendered":"Explotaci\u00f3n y Abusos Sexuales"},"content":{"rendered":"\n<p>La explotaci\u00f3n y los abusos sexuales son situaciones donde los\/as <strong>trabajadores\/as humanitarios\/as abusan de su posici\u00f3n<\/strong> de poder o de la confianza o la situaci\u00f3n de vulnerabilidad de personas refugiadas, solicitantes de asilo y ap\u00e1tridas <strong>para obtener a cambio favores de naturaleza sexual<\/strong>.<\/p>\n\n\n\n<p>Los\/as trabajadores\/as humanitarias tienen&nbsp;<strong>PROHIBIDO<\/strong>:<\/p>\n\n\n\n<ul class=\"wp-block-list\">\n<li>Ofrecer dinero, empleo, bienes o servicios a cambio de relaciones sexuales.<\/li>\n\n\n\n<li>Ofrecer asistencia humanitaria (por ejemplo, comida, ropa o alojamiento) a cambio de favores sexuales.<\/li>\n\n\n\n<li>Mantener cualquier tipo de conducta sexual con personas menores de 18 a\u00f1os, independientemente de si existe consentimiento.<\/li>\n\n\n\n<li>Toda relaci\u00f3n sexual mantenida por la fuerza, mediante intimidaci\u00f3n, amenaza o coacci\u00f3n.<\/li>\n\n\n\n<li>Toda relaci\u00f3n sexual con personas a las que est\u00e1n brindando asistencia, aunque exista consentimiento.<\/li>\n\n\n\n<li>Todo acto o insinuaci\u00f3n de naturaleza sexual<strong> <\/strong>por el\/la trabajador\/a humanitario a cambio de asistencia, servicios, o inclusi\u00f3n en programas de apoyo de ACNUR.<\/li>\n<\/ul>\n\n\n\n<p class=\"has-vivid-red-color has-text-color has-link-color wp-elements-b81d8ff500847ab9789ae4a2188dd170\"><strong>Todos estos actos est\u00e1n prohibidos, aun cuando sean con el consentimiento de la v\u00edctima.&nbsp;<\/strong>&nbsp;<\/p>\n\n\n\n<p class=\"has-vivid-red-color has-text-color has-link-color wp-elements-006ee142c05b56abfa6bf0406829c161\"><strong>Si has sido v\u00edctima de explotaci\u00f3n o abusos sexuales o si conoces a alguien que lo haya sido, tienes derecho a denunciarlo.<\/strong>&nbsp;<\/p>\n\n\n\n<p>Tienes varias formas denunciar:<\/p>\n\n\n\n<ul class=\"wp-block-list\">\n<li>Escribe un <strong>correo<\/strong> a la persona de referencia para situaciones de explotaci\u00f3n y abusos sexual es de ACNUR Espa\u00f1a a trav\u00e9s del correo <a href=\"mailto:spamapsea@unhcr.org\">spamapsea@unhcr.org<\/a>. Este incidente se reportar\u00e1 inmediatamente a la <em>Oficina del Inspector General (IGO) <\/em>que es un \u00f3rgano independiente de supervisi\u00f3n interna.<\/li>\n\n\n\n<li>Todas las denuncias recibidas a trav\u00e9s de otros mecanismos de queja de ACNUR ser\u00e1n trasladadas inmediatamente a la persona de referencia sobre explotaci\u00f3n y abuso sexual.<\/li>\n\n\n\n<li>Tambi\u00e9n puedes denunciar de manera <strong>presencial<\/strong> en las oficinas de ACNUR.<\/li>\n\n\n\n<li>Adem\u00e1s, si no quieres poner la denuncia a nivel local, puedes contactar directamente a la&nbsp;<em>Oficina del Inspector General (IGO), <\/em>ubicadaen la sede de ACNUR en Ginebra, Suiza, a trav\u00e9s del <strong>correo electr\u00f3nico <\/strong><a href=\"mailto:inspector@unhcr.org\">inspector@unhcr.org<\/a> &nbsp;o del<strong> formulario online:&nbsp;&nbsp;<\/strong><a href=\"https:\/\/www.unhcr.org\/igo-complaints.html\">https:\/\/www.unhcr.org\/igo-complaints.html<\/a>&nbsp;<\/li>\n<\/ul>\n\n\n\n<p>Al hacer la denuncia:<\/p>\n\n\n\n<ul class=\"wp-block-list\">\n<li>Por favor, describe la informaci\u00f3n que tienes sobre el incidente, incluyendo:&nbsp;<em>\u00bfQu\u00e9 pas\u00f3?,&nbsp;\u00bfQui\u00e9n cometi\u00f3 el hecho?,&nbsp;\u00bfD\u00f3nde y cu\u00e1ndo ocurrieron los hechos?<\/em><\/li>\n\n\n\n<li>Recibir\u00e1s asesoramiento y ayuda con cualquier&nbsp;<strong>necesidad inmediata de seguridad, protecci\u00f3n, salud y orientaci\u00f3n legal.<\/strong><\/li>\n\n\n\n<li>Si la investigaci\u00f3n determina que se ha producido explotaci\u00f3n y\/o abusos sexuales,&nbsp;<strong>se tomar\u00e1n medidas disciplinarias contra la persona agresora <\/strong>que puede incluir, dependiendo de la gravedad del incidente, el despido de la organizaci\u00f3n, independientemente de las acciones penales que se puedan iniciar en Espa\u00f1a<strong>. <\/strong><a href=\"https:\/\/www.acnur.org\/gobernanza-y-supervision-interna\/presentar-una-denuncia\"><br>Consulta m\u00e1s detalles en este enlace.<\/a><\/li>\n<\/ul>\n\n\n\n<p><strong>Recuerda:<\/strong><\/p>\n\n\n\n<ul class=\"wp-block-list\">\n<li>Los actos de explotaci\u00f3n y abuso sexual cometidos contra ti nunca son culpa de la v\u00edctima.<\/li>\n\n\n\n<li>Las denuncias ser\u00e1n confidenciales.<\/li>\n\n\n\n<li>Reportar un incidente no impedir\u00e1 que la v\u00edctima reciba asistencia de ACNUR o de las ONG con las que colabora .<\/li>\n\n\n\n<li>Todos los&nbsp;serviciosdeACNUR y de las ONG con las que colabora&nbsp;son gratuitos.<\/li>\n\n\n\n<li>Tienes derecho a denunciar cualquier conducta sexual indebida.<\/li>\n\n\n\n<li>ACNUR se rige por una <a href=\"https:\/\/www.acnur.org\/enfoque-centrado-en-las-victimas\">Pol\u00edtica centrada en las v\u00edctimas<\/a> que se traduce en proporcionar asistencia y apoyo desde la escucha, y sin dejar de lado su seguridad, derechos, bienestar, necesidades y decisiones.<\/li>\n<\/ul>\n\n\n\n<p><a href=\"https:\/\/www.acnur.org\/que-hacemos\/acabar-con-la-explotacion-los-abusos-el-acoso-y-el-hostigamiento#:~:text=ACNUR%20tiene%20el%20compromiso%20de%20acabar%20con%20las,conductas%20sexuales%20indebidas%2C%20sin%20importar%20d%C3%B3nde%20hayan%20ocurrido.\" target=\"_blank\" rel=\"noreferrer noopener\">Pincha aqu\u00ed para m\u00e1s informaci\u00f3n sobre la pol\u00edtica de tolerancia cero de ACNUR frente a la explotaci\u00f3n y los abusos sexuales.<\/a><\/p>\n","protected":false},"excerpt":{"rendered":"<p>La explotaci\u00f3n y los abusos sexuales son situaciones donde los\/as trabajadores\/as humanitarios\/as abusan de su posici\u00f3n de poder o de la confianza o la situaci\u00f3n de vulnerabilidad de personas refugiadas, solicitantes de asilo y ap\u00e1tridas para obtener a cambio favores de naturaleza sexual. Los\/as trabajadores\/as humanitarias tienen&nbsp;PROHIBIDO: Todos estos actos est\u00e1n prohibidos, aun cuando sean [&hellip;]<\/p>\n","protected":false},"author":137,"featured_media":0,"parent":160,"menu_order":1,"comment_status":"closed","ping_status":"closed","template":"","meta":{"_acf_changed":false,"footnotes":""},"class_list":["post-3039","page","type-page","status-publish","hentry"],"acf":[],"_links":{"self":[{"href":"https:\/\/help.unhcr.org\/spain\/wp-json\/wp\/v2\/pages\/3039","targetHints":{"allow":["GET"]}}],"collection":[{"href":"https:\/\/help.unhcr.org\/spain\/wp-json\/wp\/v2\/pages"}],"about":[{"href":"https:\/\/help.unhcr.org\/spain\/wp-json\/wp\/v2\/types\/page"}],"author":[{"embeddable":true,"href":"https:\/\/help.unhcr.org\/spain\/wp-json\/wp\/v2\/users\/137"}],"replies":[{"embeddable":true,"href":"https:\/\/help.unhcr.org\/spain\/wp-json\/wp\/v2\/comments?post=3039"}],"version-history":[{"count":6,"href":"https:\/\/help.unhcr.org\/spain\/wp-json\/wp\/v2\/pages\/3039\/revisions"}],"predecessor-version":[{"id":3193,"href":"https:\/\/help.unhcr.org\/spain\/wp-json\/wp\/v2\/pages\/3039\/revisions\/3193"}],"up":[{"embeddable":true,"href":"https:\/\/help.unhcr.org\/spain\/wp-json\/wp\/v2\/pages\/160"}],"wp:attachment":[{"href":"https:\/\/help.unhcr.org\/spain\/wp-json\/wp\/v2\/media?parent=3039"}],"curies":[{"name":"wp","href":"https:\/\/api.w.org\/{rel}","templated":true}]}}