{"id":2903,"date":"2023-12-18T14:15:21","date_gmt":"2023-12-18T14:15:21","guid":{"rendered":"https:\/\/help.unhcr.org\/spain\/?page_id=2903"},"modified":"2023-12-18T14:54:30","modified_gmt":"2023-12-18T14:54:30","slug":"atencion","status":"publish","type":"page","link":"https:\/\/help.unhcr.org\/spain\/atencion\/","title":{"rendered":"\u00a1 ATENCI\u00d3N !"},"content":{"rendered":"\n<p class=\"has-text-align-center has-vivid-red-color has-text-color has-link-color has-medium-font-size wp-elements-4e57269f1f8cab752da00af35bb21894\"><strong>SE HAN DETECTADO SITUACIONES DE FRAUDE<\/strong><\/p>\n\n\n\n<p class=\"has-text-align-center has-medium-font-size\"><strong>\u00a1Mantente alerta!<\/strong><\/p>\n\n\n\n<p class=\"has-text-align-center has-luminous-vivid-amber-background-color has-background\">SOLICITAR ASILO ES UN DERECHO, NO UN NEGOCIO<\/p>\n\n\n\n<p><strong>Si alguien te ofrece agilizar tu cita o tr\u00e1mite de asilo, o te promete acceso preferente a las ayudas sociales para personas solicitantes de asilo o refugiadas a cambio de dinero \u00a1CUIDADO! Puedes estar a punto de caer en un FRAUDE.<\/strong><\/p>\n\n\n\n<p>Los estafadores usan el enga\u00f1o para pedir dinero a cambio de un procedimiento \u201cm\u00e1s r\u00e1pido\u201d. Estos servicios fraudulentos se ofrecen por diversos canales, incluidas redes sociales, grupos de WhatsApp o Telegram y tel\u00e9fonos no oficiales.<\/p>\n\n\n\n<p>Estas conductas pueden ser ilegales en Espa\u00f1a y conllevar consecuencias legales para los estafadores.<\/p>\n\n\n\n<p>Hay gestor\u00edas o despachos de abogados que, legalmente, pueden prestar servicios relacionados con el procedimiento de asilo, pero aseg\u00farate de que est\u00e1n en posesi\u00f3n de una licencia legal profesional y de que no cobran precios abusivos.<\/p>\n\n\n\n<p class=\"has-text-align-center has-medium-font-size\"><strong>\u00a1Recuerda!<\/strong><\/p>\n\n\n\n<ul class=\"wp-block-list\">\n<li>Los servicios proporcionados por las autoridades, la Polic\u00eda, ACNUR y las ONG son GRATUITOS. &nbsp;&nbsp;<\/li>\n\n\n\n<li>Todo el procedimiento de asilo es gratuito, incluido el tr\u00e1mite de solicitud de cita.<\/li>\n\n\n\n<li>Por tu seguridad, no compartas informaci\u00f3n personal ni documentaci\u00f3n, y especialmente evita hacerlo a trav\u00e9s de redes sociales, WhatsApp u otros medios.<\/li>\n\n\n\n<li>Si decides acudir a servicios profesionales de pago, exige siempre una factura.<\/li>\n\n\n\n<li>Siempre verifica la informaci\u00f3n en los canales oficiales: Visita el portal de informaci\u00f3n de ACNUR para personas refugiadas Help.unhcr.org\/Spain<\/li>\n<\/ul>\n\n\n\n<p class=\"has-text-align-center has-white-color has-vivid-red-background-color has-text-color has-background has-link-color wp-elements-666bfb2c75866cbf213cfeee4ef2c7ae\">SI CREES QUE HAS SIDO O EST\u00c1S SIENDO <strong>V\u00cdCTIMA DE UN FRAUDE<\/strong>, TIENES DERECHO A <strong>DENUNCIARLO<\/strong> ANTE LA POLIC\u00cdA.<\/p>\n\n\n\n<p class=\"has-text-align-center has-black-color has-text-color has-link-color wp-elements-b817b660069129fb0b32aca2a971b556\"><strong>\u00bfQuieres proteger a otros? Ay\u00fadanos a difundir esta informaci\u00f3n.<\/strong><\/p>\n","protected":false},"excerpt":{"rendered":"<p>SE HAN DETECTADO SITUACIONES DE FRAUDE \u00a1Mantente alerta! SOLICITAR ASILO ES UN DERECHO, NO UN NEGOCIO Si alguien te ofrece agilizar tu cita o tr\u00e1mite de asilo, o te promete acceso preferente a las ayudas sociales para personas solicitantes de asilo o refugiadas a cambio de dinero \u00a1CUIDADO! Puedes estar a punto de caer en [&hellip;]<\/p>\n","protected":false},"author":137,"featured_media":0,"parent":0,"menu_order":0,"comment_status":"closed","ping_status":"closed","template":"","meta":{"_acf_changed":false,"footnotes":""},"class_list":["post-2903","page","type-page","status-publish","hentry"],"acf":[],"_links":{"self":[{"href":"https:\/\/help.unhcr.org\/spain\/wp-json\/wp\/v2\/pages\/2903","targetHints":{"allow":["GET"]}}],"collection":[{"href":"https:\/\/help.unhcr.org\/spain\/wp-json\/wp\/v2\/pages"}],"about":[{"href":"https:\/\/help.unhcr.org\/spain\/wp-json\/wp\/v2\/types\/page"}],"author":[{"embeddable":true,"href":"https:\/\/help.unhcr.org\/spain\/wp-json\/wp\/v2\/users\/137"}],"replies":[{"embeddable":true,"href":"https:\/\/help.unhcr.org\/spain\/wp-json\/wp\/v2\/comments?post=2903"}],"version-history":[{"count":5,"href":"https:\/\/help.unhcr.org\/spain\/wp-json\/wp\/v2\/pages\/2903\/revisions"}],"predecessor-version":[{"id":2913,"href":"https:\/\/help.unhcr.org\/spain\/wp-json\/wp\/v2\/pages\/2903\/revisions\/2913"}],"wp:attachment":[{"href":"https:\/\/help.unhcr.org\/spain\/wp-json\/wp\/v2\/media?parent=2903"}],"curies":[{"name":"wp","href":"https:\/\/api.w.org\/{rel}","templated":true}]}}