{"id":2628,"date":"2023-03-28T14:16:56","date_gmt":"2023-03-28T14:16:56","guid":{"rendered":"https:\/\/help.unhcr.org\/spain\/?page_id=2628"},"modified":"2023-03-28T14:17:22","modified_gmt":"2023-03-28T14:17:22","slug":"conducir-y-matriculacion-de-vehiculos-en-espana","status":"publish","type":"page","link":"https:\/\/help.unhcr.org\/spain\/conducir-y-matriculacion-de-vehiculos-en-espana\/","title":{"rendered":"Conducir y Matricular veh\u00edculos en Espa\u00f1a"},"content":{"rendered":"\n<h2 class=\"wp-block-heading\"><strong>Carnet de conducir ucraniano<\/strong>&nbsp;<\/h2>\n\n\n\n<p>La Direcci\u00f3n General de Tr\u00e1fico de Espa\u00f1a informa que, si tienes concedida la protecci\u00f3n temporal y tienes un carnet de conducir en vigor y expedido por las autoridades ucranianas, \u00e9ste se reconocer\u00e1 de forma autom\u00e1tica en el territorio de la Uni\u00f3n Europea. Es decir, no es necesario hacer ning\u00fan tr\u00e1mite y estar\u00e1 en vigor mientras tengas concedida la protecci\u00f3n temporal. Ten en cuenta que debes cumplir con la edad m\u00ednima requerida para circular en Espa\u00f1a.&nbsp;&nbsp;<\/p>\n\n\n\n<p>Si decides canjear el permiso de conducir ucraniano por uno espa\u00f1ol, tendr\u00e1s que pedir cita previa a trav\u00e9s del tel\u00e9fono gratuito 060 o en sede electr\u00f3nica <a href=\"http:\/\/www.dgt.es\/\">www.dgt.es<\/a>. No es necesario presentar una traducci\u00f3n jurada ni un permiso de conducir internacional. El canje conlleva el pago de una tasa. Ser\u00e1 necesaria la verificaci\u00f3n del permiso para poder tramitar el canje.&nbsp;<\/p>\n\n\n\n<p>Puedes encontrar m\u00e1s informaci\u00f3n en este enlace: <a href=\"https:\/\/sede.dgt.gob.es\/es\/permisos-de-conducir\/canje-permisos\/canje-permisos-extranjeros\/canje-permisos-con-convenio\/index.shtml?Ucrania\">Canjes de terceros pa\u00edses con convenio (dgt.gob.es).<\/a>&nbsp;<\/p>\n\n\n\n<h2 class=\"wp-block-heading\"><strong>Veh\u00edculo con matr\u00edcula ucraniana<\/strong>&nbsp;<\/h2>\n\n\n\n<p>Si tienes un veh\u00edculo propio con matr\u00edcula ucraniana cuentas con un plazo de 213 d\u00edas (183 + 30) desde la fecha de la resoluci\u00f3n de la concesi\u00f3n de la protecci\u00f3n temporal para cambiar la matricula ucraniana a una espa\u00f1ola. <a rel=\"noreferrer noopener\" href=\"https:\/\/www.dgt.es\/nuestros-servicios\/tu-vehiculo\/quieres-traer-o-llevarte-un-vehiculo-del-extranjero\/importar-un-vehiculo-de-fuera-de-la-ue\/\" target=\"_blank\">Puedes encontrar m\u00e1s informaci\u00f3n sobre el procedimiento en este siguiente enlace.<\/a>&nbsp;<\/p>\n\n\n\n<p>Puedes informarte en las oficinas de la DGT o acudir a una gestor\u00eda de tr\u00e1fico y transporte para obtener orientaci\u00f3n y apoyo especializado. Puedes localizar una gestor\u00eda administrativa oficial en el siguiente enlace: <a href=\"http:\/\/registro-gestores.org\/\">http:\/\/registro-gestores.org\/<\/a>&nbsp;<\/p>\n","protected":false},"excerpt":{"rendered":"<p>Carnet de conducir ucraniano&nbsp; La Direcci\u00f3n General de Tr\u00e1fico de Espa\u00f1a informa que, si tienes concedida la protecci\u00f3n temporal y tienes un carnet de conducir en vigor y expedido por las autoridades ucranianas, \u00e9ste se reconocer\u00e1 de forma autom\u00e1tica en el territorio de la Uni\u00f3n Europea. Es decir, no es necesario hacer ning\u00fan tr\u00e1mite y [&hellip;]<\/p>\n","protected":false},"author":137,"featured_media":0,"parent":0,"menu_order":0,"comment_status":"closed","ping_status":"closed","template":"","meta":{"_acf_changed":false,"footnotes":""},"class_list":["post-2628","page","type-page","status-publish","hentry"],"acf":[],"_links":{"self":[{"href":"https:\/\/help.unhcr.org\/spain\/wp-json\/wp\/v2\/pages\/2628","targetHints":{"allow":["GET"]}}],"collection":[{"href":"https:\/\/help.unhcr.org\/spain\/wp-json\/wp\/v2\/pages"}],"about":[{"href":"https:\/\/help.unhcr.org\/spain\/wp-json\/wp\/v2\/types\/page"}],"author":[{"embeddable":true,"href":"https:\/\/help.unhcr.org\/spain\/wp-json\/wp\/v2\/users\/137"}],"replies":[{"embeddable":true,"href":"https:\/\/help.unhcr.org\/spain\/wp-json\/wp\/v2\/comments?post=2628"}],"version-history":[{"count":2,"href":"https:\/\/help.unhcr.org\/spain\/wp-json\/wp\/v2\/pages\/2628\/revisions"}],"predecessor-version":[{"id":2630,"href":"https:\/\/help.unhcr.org\/spain\/wp-json\/wp\/v2\/pages\/2628\/revisions\/2630"}],"wp:attachment":[{"href":"https:\/\/help.unhcr.org\/spain\/wp-json\/wp\/v2\/media?parent=2628"}],"curies":[{"name":"wp","href":"https:\/\/api.w.org\/{rel}","templated":true}]}}