{"id":2383,"date":"2023-01-17T15:01:08","date_gmt":"2023-01-17T15:01:08","guid":{"rendered":"https:\/\/help.unhcr.org\/spain\/?page_id=2383"},"modified":"2026-03-27T10:47:55","modified_gmt":"2026-03-27T10:47:55","slug":"cursos-de-espanol","status":"publish","type":"page","link":"https:\/\/help.unhcr.org\/spain\/educacion\/cursos-de-espanol\/","title":{"rendered":"Cursos de Espa\u00f1ol"},"content":{"rendered":"\n<p>A continuaci\u00f3n encontrar\u00e1s clases y cursos gratuitos de lengua espa\u00f1ola: <\/p>\n\n\n\n<h2 class=\"wp-block-heading\">UNED &#8211; Universidad Nacional de Educaci\u00f3n a Distancia <\/h2>\n\n\n\n<p>La UNED ofrece estos dos cursos b\u00e1sicos de 25 horas de espa\u00f1ol. Se trata de cursos de autoaprendizaje, sin apoyo de profesores. Puedes iniciar y finalizar el curso en cualquier momento, a tu propio ritmo. Incluye certificado final.  <\/p>\n\n\n\n<ul id=\"block-cfc1e0dc-0eb8-4bcc-ac1b-dbdf0050d1df\" class=\"wp-block-list\">\n<li><a href=\"https:\/\/iedra.uned.es\/courses\/course-v1:UNED+PuertasAbiertasI_008+2026\/about\" target=\"_blank\" rel=\"noreferrer noopener\">Curso de espa\u00f1ol para necesidades inmediatas (I). Informaci\u00f3n y registro en este enlace.<\/a><\/li>\n\n\n\n<li><a href=\"https:\/\/iedra.uned.es\/courses\/course-v1:UNED+PuertasAbiertasII_008+2026\/about\" target=\"_blank\" rel=\"noreferrer noopener\">Curso de espa\u00f1ol para necesidades inmediatas (II). Informaci\u00f3n y registro en este enlace.<\/a><\/li>\n<\/ul>\n\n\n\n<p><\/p>\n","protected":false},"excerpt":{"rendered":"<p>A continuaci\u00f3n encontrar\u00e1s clases y cursos gratuitos de lengua espa\u00f1ola: UNED &#8211; Universidad Nacional de Educaci\u00f3n a Distancia La UNED ofrece estos dos cursos b\u00e1sicos de 25 horas de espa\u00f1ol. Se trata de cursos de autoaprendizaje, sin apoyo de profesores. Puedes iniciar y finalizar el curso en cualquier momento, a tu propio ritmo. Incluye certificado [&hellip;]<\/p>\n","protected":false},"author":137,"featured_media":0,"parent":851,"menu_order":4,"comment_status":"closed","ping_status":"closed","template":"page-templates\/sectioned.php","meta":{"_acf_changed":false,"footnotes":""},"class_list":["post-2383","page","type-page","status-publish","hentry"],"acf":[],"_links":{"self":[{"href":"https:\/\/help.unhcr.org\/spain\/wp-json\/wp\/v2\/pages\/2383","targetHints":{"allow":["GET"]}}],"collection":[{"href":"https:\/\/help.unhcr.org\/spain\/wp-json\/wp\/v2\/pages"}],"about":[{"href":"https:\/\/help.unhcr.org\/spain\/wp-json\/wp\/v2\/types\/page"}],"author":[{"embeddable":true,"href":"https:\/\/help.unhcr.org\/spain\/wp-json\/wp\/v2\/users\/137"}],"replies":[{"embeddable":true,"href":"https:\/\/help.unhcr.org\/spain\/wp-json\/wp\/v2\/comments?post=2383"}],"version-history":[{"count":9,"href":"https:\/\/help.unhcr.org\/spain\/wp-json\/wp\/v2\/pages\/2383\/revisions"}],"predecessor-version":[{"id":3511,"href":"https:\/\/help.unhcr.org\/spain\/wp-json\/wp\/v2\/pages\/2383\/revisions\/3511"}],"up":[{"embeddable":true,"href":"https:\/\/help.unhcr.org\/spain\/wp-json\/wp\/v2\/pages\/851"}],"wp:attachment":[{"href":"https:\/\/help.unhcr.org\/spain\/wp-json\/wp\/v2\/media?parent=2383"}],"curies":[{"name":"wp","href":"https:\/\/api.w.org\/{rel}","templated":true}]}}