{"id":2306,"date":"2022-11-29T11:59:58","date_gmt":"2022-11-29T11:59:58","guid":{"rendered":"https:\/\/help.unhcr.org\/spain\/?page_id=2306"},"modified":"2023-01-31T15:49:04","modified_gmt":"2023-01-31T15:49:04","slug":"cediendo-el-micro","status":"publish","type":"page","link":"https:\/\/help.unhcr.org\/spain\/cediendo-el-micro\/","title":{"rendered":"Cediendo el Micro"},"content":{"rendered":"\n<p><strong>Conoce c\u00f3mo tu experiencia puede ayudarnos a sensibilizar e identificar prioridades de protecci\u00f3n. <\/strong><\/p>\n\n\n\n<p>Si has sufrido desplazamiento forzado, resides en Espa\u00f1a y te interesa conocer c\u00f3mo puedes compartir tu experiencia para ayudar a sensibilizar sobre la realidad de las personas refugiadas, \u00a1queremos contar contigo!<\/p>\n\n\n<div class=\"wp-block-image\">\n<figure class=\"alignleft size-full is-resized\"><img loading=\"lazy\" decoding=\"async\" src=\"https:\/\/help.unhcr.org\/spain\/wp-content\/uploads\/sites\/61\/2022\/11\/image.png\" alt=\"\" class=\"wp-image-2308\" width=\"443\" height=\"336\" srcset=\"https:\/\/help.unhcr.org\/spain\/wp-content\/uploads\/sites\/61\/2022\/11\/image.png 803w, https:\/\/help.unhcr.org\/spain\/wp-content\/uploads\/sites\/61\/2022\/11\/image-300x228.png 300w, https:\/\/help.unhcr.org\/spain\/wp-content\/uploads\/sites\/61\/2022\/11\/image-768x584.png 768w\" sizes=\"auto, (max-width: 443px) 100vw, 443px\" \/><\/figure><\/div>\n\n\n<p>ACNUR Espa\u00f1a pone en marcha <strong><em>Cediendo el Micro<\/em><\/strong><em>,<\/em> un programa dirigido a personas refugiadas, solicitantes de asilo y ap\u00e1tridas que quieran participar en eventos p\u00fablicos (charlas, seminarios, eventos, jornadas, etc.), consultas y grupos de discusi\u00f3n sobre el \u00e1mbito de trabajo de ACNUR e iniciativas de comunicaci\u00f3n (entrevistas para medios, redes sociales, art\u00edculos en prensa, etc.), tomando las medidas necesarias u oportunas para proteger su confidencialidad de ser necesario.<\/p>\n\n\n\n<p><em>Cediendo el Micro<\/em> es una oportunidad para que puedan compartir su testimonio, sensibilizando sobre la realidad de las personas que se han visto obligadas a huir de sus pa\u00edses de origen, as\u00ed como ayudarnos a establecer prioridades a la hora de implementar nuestro trabajo en Espa\u00f1a.<\/p>\n\n\n\n<p>Algunos ejemplos de este trabajo son:<\/p>\n\n\n\n<ul class=\"wp-block-list\"><li><a href=\"https:\/\/www.acnur.org\/noticias\/historia\/2020\/12\/5fca2c474\/refugiados-voluntarios-construyendo-puentes-con-acnur.html\" target=\"_blank\" rel=\"noreferrer noopener\">Refugiados voluntarios de ACNUR: Construyendo puentes.<\/a><\/li><li><a href=\"https:\/\/elpais.com\/sociedad\/vidas-nuevas\/2022-05-09\/de-migrante-a-anfitrion.html\" target=\"_blank\" rel=\"noreferrer noopener\">Art\u00edculos y reportajes en prensa: Vidas Nuevas<\/a><\/li><li><a href=\"https:\/\/www.linkedin.com\/company\/acnur-espana\/videos\/native\/urn:li:ugcPost:6893872011480027137\/?isInternal=true\" target=\"_blank\" rel=\"noreferrer noopener\">Historias<\/a> y <a href=\"https:\/\/www.linkedin.com\/company\/acnur-espana\/videos\/native\/urn:li:ugcPost:6882346098376110080\/\" target=\"_blank\" rel=\"noreferrer noopener\">publicaciones en redes sociales<\/a>.<\/li><\/ul>\n\n\n\n<p><\/p>\n\n\n\n<p class=\"has-text-align-center\"><strong>Si has sufrido desplazamiento forzado, resides en Espa\u00f1a y te gustar\u00eda colaborar con ACNUR en estas iniciativas, te invitamos a participar en el programa. <\/strong><\/p>\n\n\n\n<p class=\"has-text-align-center\"><strong>Inf\u00f3rmate de c\u00f3mo participar enviando un correo a: spamacom@unhcr.org<\/strong><\/p>\n\n\n\n<p class=\"has-text-align-center\">Tambi\u00e9n puedes seguirnos a trav\u00e9s de nuestras redes sociales:<\/p>\n\n\n\n<div class=\"wp-block-buttons is-content-justification-center is-layout-flex wp-container-core-buttons-is-layout-16018d1d wp-block-buttons-is-layout-flex\">\n<div class=\"wp-block-button\"><a class=\"wp-block-button__link has-white-color has-vivid-cyan-blue-background-color has-text-color has-background\">Twitter<\/a><\/div>\n\n\n\n<div class=\"wp-block-button\"><a class=\"wp-block-button__link has-white-color has-vivid-cyan-blue-background-color has-text-color has-background\">LinkedIn<\/a><\/div>\n\n\n\n<div class=\"wp-block-button\"><a class=\"wp-block-button__link has-white-color has-vivid-cyan-blue-background-color has-text-color has-background\">Facebook<\/a><\/div>\n<\/div>\n","protected":false},"excerpt":{"rendered":"<p>Conoce c\u00f3mo tu experiencia puede ayudarnos a sensibilizar e identificar prioridades de protecci\u00f3n. Si has sufrido desplazamiento forzado, resides en Espa\u00f1a y te interesa conocer c\u00f3mo puedes compartir tu experiencia para ayudar a sensibilizar sobre la realidad de las personas refugiadas, \u00a1queremos contar contigo! ACNUR Espa\u00f1a pone en marcha Cediendo el Micro, un programa dirigido [&hellip;]<\/p>\n","protected":false},"author":137,"featured_media":0,"parent":0,"menu_order":0,"comment_status":"closed","ping_status":"closed","template":"","meta":{"_acf_changed":false,"footnotes":""},"class_list":["post-2306","page","type-page","status-publish","hentry"],"acf":[],"_links":{"self":[{"href":"https:\/\/help.unhcr.org\/spain\/wp-json\/wp\/v2\/pages\/2306","targetHints":{"allow":["GET"]}}],"collection":[{"href":"https:\/\/help.unhcr.org\/spain\/wp-json\/wp\/v2\/pages"}],"about":[{"href":"https:\/\/help.unhcr.org\/spain\/wp-json\/wp\/v2\/types\/page"}],"author":[{"embeddable":true,"href":"https:\/\/help.unhcr.org\/spain\/wp-json\/wp\/v2\/users\/137"}],"replies":[{"embeddable":true,"href":"https:\/\/help.unhcr.org\/spain\/wp-json\/wp\/v2\/comments?post=2306"}],"version-history":[{"count":25,"href":"https:\/\/help.unhcr.org\/spain\/wp-json\/wp\/v2\/pages\/2306\/revisions"}],"predecessor-version":[{"id":2457,"href":"https:\/\/help.unhcr.org\/spain\/wp-json\/wp\/v2\/pages\/2306\/revisions\/2457"}],"wp:attachment":[{"href":"https:\/\/help.unhcr.org\/spain\/wp-json\/wp\/v2\/media?parent=2306"}],"curies":[{"name":"wp","href":"https:\/\/api.w.org\/{rel}","templated":true}]}}