{"id":1847,"date":"2022-06-07T10:07:58","date_gmt":"2022-06-07T10:07:58","guid":{"rendered":"https:\/\/help.unhcr.org\/spain\/?page_id=1847"},"modified":"2026-02-12T15:47:01","modified_gmt":"2026-02-12T15:47:01","slug":"formacion-gratuita-de-ongs","status":"publish","type":"page","link":"https:\/\/help.unhcr.org\/spain\/educacion\/formacion-gratuita-de-ongs\/","title":{"rendered":"Formaci\u00f3n Gratuita de ONGs"},"content":{"rendered":"\n<p>A continuaci\u00f3n encontrar\u00e1s un listado de organizaciones que ofrecen cursos gratuitos para personas refugiadas, solicitantes de asilo y ap\u00e1tridas en Espa\u00f1a. Para inscribirte u obtener m\u00e1s informaci\u00f3n sobre los cursos, contacta directamente con la organizaci\u00f3n a trav\u00e9s de sus datos de contacto. <\/p>\n\n\n\n<h3 class=\"wp-block-heading\"><strong><span class=\"has-inline-color has-vivid-cyan-blue-color\">Madrid for Refugees<\/span><\/strong><\/h3>\n\n\n\n<ul class=\"wp-block-list\">\n<li>Direcci\u00f3n:\u00a0Calle Mira el R\u00edo Baja, 20 bis, 28005 Madrid<\/li>\n\n\n\n<li>Correo electr\u00f3nico:\u00a0<a href=\"mailto:info@madridforrefugees.org\" target=\"_blank\" rel=\"noreferrer noopener\">info@madridforrefugees.org<\/a>\u00a0<\/li>\n\n\n\n<li>P\u00e1gina web:\u00a0<a href=\"https:\/\/eur02.safelinks.protection.outlook.com\/?url=http%3A%2F%2Fwww.madridforrefugees.org%2F&amp;data=05%7C01%7Cespuga%40unhcr.org%7C958346aa72d84fe7962708da44bff457%7Ce5c37981666441348a0c6543d2af80be%7C0%7C0%7C637897889112689420%7CUnknown%7CTWFpbGZsb3d8eyJWIjoiMC4wLjAwMDAiLCJQIjoiV2luMzIiLCJBTiI6Ik1haWwiLCJXVCI6Mn0%3D%7C2000%7C%7C%7C&amp;sdata=b9l9knbV9HlyJPZdgbyuRXDdjb4LsG1JNy3kg4ozUac%3D&amp;reserved=0\" target=\"_blank\" rel=\"noreferrer noopener\">www.madridforrefugees.org<\/a>\u00a0,\u00a0<a href=\"https:\/\/eur02.safelinks.protection.outlook.com\/?url=http%3A%2F%2Fwww.refugeescode.org%2F&amp;data=05%7C01%7Cespuga%40unhcr.org%7C958346aa72d84fe7962708da44bff457%7Ce5c37981666441348a0c6543d2af80be%7C0%7C0%7C637897889112689420%7CUnknown%7CTWFpbGZsb3d8eyJWIjoiMC4wLjAwMDAiLCJQIjoiV2luMzIiLCJBTiI6Ik1haWwiLCJXVCI6Mn0%3D%7C2000%7C%7C%7C&amp;sdata=ErSBxcATzeDehXtvNiYvIbk6BBKtpxO56Uj%2BlQb8Jqk%3D&amp;reserved=0\" target=\"_blank\" rel=\"noreferrer noopener\">www.refugeescode.org<\/a>\u00a0<\/li>\n\n\n\n<li>Redes sociales:\u00a0<a href=\"https:\/\/eur02.safelinks.protection.outlook.com\/?url=https%3A%2F%2Fwww.linkedin.com%2Fcompany%2Fmadrid-for-refugees%2F&amp;data=05%7C01%7Cespuga%40unhcr.org%7C958346aa72d84fe7962708da44bff457%7Ce5c37981666441348a0c6543d2af80be%7C0%7C0%7C637897889112689420%7CUnknown%7CTWFpbGZsb3d8eyJWIjoiMC4wLjAwMDAiLCJQIjoiV2luMzIiLCJBTiI6Ik1haWwiLCJXVCI6Mn0%3D%7C2000%7C%7C%7C&amp;sdata=wwPb5DTpWF3AN9tWF1TkZS%2FEl0WyBsdd23D%2BEc7G0E0%3D&amp;reserved=0\" target=\"_blank\" rel=\"noreferrer noopener\">MFR Linkedin<\/a>,\u00a0<a href=\"https:\/\/eur02.safelinks.protection.outlook.com\/?url=https%3A%2F%2Fwww.instagram.com%2Fmadrid4refugees%2F&amp;data=05%7C01%7Cespuga%40unhcr.org%7C958346aa72d84fe7962708da44bff457%7Ce5c37981666441348a0c6543d2af80be%7C0%7C0%7C637897889112689420%7CUnknown%7CTWFpbGZsb3d8eyJWIjoiMC4wLjAwMDAiLCJQIjoiV2luMzIiLCJBTiI6Ik1haWwiLCJXVCI6Mn0%3D%7C2000%7C%7C%7C&amp;sdata=ewg1bUIKpNBOYgtAv3bXt3NIX9MWWCEHlUzCS2zRiSQ%3D&amp;reserved=0\" target=\"_blank\" rel=\"noreferrer noopener\">MFR Instagram<\/a>,\u00a0<a href=\"https:\/\/eur02.safelinks.protection.outlook.com\/?url=https%3A%2F%2Fwww.linkedin.com%2Fcompany%2Frefugees-code%2F&amp;data=05%7C01%7Cespuga%40unhcr.org%7C958346aa72d84fe7962708da44bff457%7Ce5c37981666441348a0c6543d2af80be%7C0%7C0%7C637897889112845641%7CUnknown%7CTWFpbGZsb3d8eyJWIjoiMC4wLjAwMDAiLCJQIjoiV2luMzIiLCJBTiI6Ik1haWwiLCJXVCI6Mn0%3D%7C2000%7C%7C%7C&amp;sdata=%2FdviwG0BunR7od2lLKJ4qdp72AF59Cpdb%2Fg98Fp3X6c%3D&amp;reserved=0\" target=\"_blank\" rel=\"noreferrer noopener\">RC Linkedin<\/a>,\u00a0<a href=\"https:\/\/eur02.safelinks.protection.outlook.com\/?url=https%3A%2F%2Fwww.instagram.com%2Frefugeescodemadrid%2F&amp;data=05%7C01%7Cespuga%40unhcr.org%7C958346aa72d84fe7962708da44bff457%7Ce5c37981666441348a0c6543d2af80be%7C0%7C0%7C637897889112845641%7CUnknown%7CTWFpbGZsb3d8eyJWIjoiMC4wLjAwMDAiLCJQIjoiV2luMzIiLCJBTiI6Ik1haWwiLCJXVCI6Mn0%3D%7C2000%7C%7C%7C&amp;sdata=v%2BdYrXmNVPZpRzTOHw%2BDAGVyWaxQtDuCTgKYpUtomvQ%3D&amp;reserved=0\" target=\"_blank\" rel=\"noreferrer noopener\">RC Instagram<\/a><\/li>\n<\/ul>\n\n\n\n<p>Oferta formativa gratuita:<\/p>\n\n\n\n<ul class=\"wp-block-list\">\n<li><strong>Alfabetizaci\u00f3n inform\u00e1tica:<\/strong>\u00a0Curso para aprender a utilizar ordenadores, dispositivos electr\u00f3nicos y las aplicaciones de google para eliminar las barreras al mundo digital. El curso tiene una duraci\u00f3n de 6 semanas y se imparte de manera presencial en nuestras oficinas.\u00a0<a href=\"https:\/\/eur02.safelinks.protection.outlook.com\/?url=https%3A%2F%2Fmadridforrefugees.org%2Fes%2Falfabetizacion-informatica%2F&amp;data=05%7C01%7Cespuga%40unhcr.org%7C958346aa72d84fe7962708da44bff457%7Ce5c37981666441348a0c6543d2af80be%7C0%7C0%7C637897889112845641%7CUnknown%7CTWFpbGZsb3d8eyJWIjoiMC4wLjAwMDAiLCJQIjoiV2luMzIiLCJBTiI6Ik1haWwiLCJXVCI6Mn0%3D%7C2000%7C%7C%7C&amp;sdata=zCjLb4qxPAeyEtWVoiL3Q0IkMDiMRkc8%2BL4zVWQd0TY%3D&amp;reserved=0\" target=\"_blank\" rel=\"noreferrer noopener\">M\u00e1s informaci\u00f3n en este enlace.<\/a><\/li>\n\n\n\n<li><strong>RefuTeach:<\/strong>\u00a0Clases de ingl\u00e9s intensivas impartidas por voluntarios nativos en ingl\u00e9s para distintos niveles en grupos reducidos. El curso tiene una duraci\u00f3n de 6 semanas y se imparte de manera presencial en nuestras oficinas.\u00a0<a href=\"https:\/\/eur02.safelinks.protection.outlook.com\/?url=https%3A%2F%2Fmadridforrefugees.org%2Fes%2Fla-organizacion%2Fcurso-de-ingles%2F&amp;data=05%7C01%7Cespuga%40unhcr.org%7C958346aa72d84fe7962708da44bff457%7Ce5c37981666441348a0c6543d2af80be%7C0%7C0%7C637897889112845641%7CUnknown%7CTWFpbGZsb3d8eyJWIjoiMC4wLjAwMDAiLCJQIjoiV2luMzIiLCJBTiI6Ik1haWwiLCJXVCI6Mn0%3D%7C2000%7C%7C%7C&amp;sdata=QiRsv%2FPbAuJ9wv6kst2HEN7Kr%2F3cvCaI0L0r%2F59PLkk%3D&amp;reserved=0\" target=\"_blank\" rel=\"noreferrer noopener\">M\u00e1s informaci\u00f3n en este enlace.<\/a><\/li>\n\n\n\n<li><strong>Refugees Code:<\/strong>\u00a0Curso b\u00e1sico de desarrollo web (Front-end). Se trabajan las bases de Git, HTML, CSS, Javascript y Vue.js.. El curso tiene una duraci\u00f3n de medio a\u00f1o y se imparte en grupos reducidos de manera presencial y online en ingl\u00e9s o espa\u00f1ol en nuestras oficinas.\u00a0<a href=\"https:\/\/eur02.safelinks.protection.outlook.com\/?url=https%3A%2F%2Fmadridforrefugees.org%2Fes%2Fla-organizacion%2Fmfr-coding-es%2F&amp;data=05%7C01%7Cespuga%40unhcr.org%7C958346aa72d84fe7962708da44bff457%7Ce5c37981666441348a0c6543d2af80be%7C0%7C0%7C637897889112845641%7CUnknown%7CTWFpbGZsb3d8eyJWIjoiMC4wLjAwMDAiLCJQIjoiV2luMzIiLCJBTiI6Ik1haWwiLCJXVCI6Mn0%3D%7C2000%7C%7C%7C&amp;sdata=aEmJ1g4U0LuGATKXeL9l%2FUVTTIsSQoSa%2Bj1WGbaWpyM%3D&amp;reserved=0\" target=\"_blank\" rel=\"noreferrer noopener\">M\u00e1s informaci\u00f3n en este enlace.<\/a><\/li>\n<\/ul>\n\n\n\n<h3 class=\"wp-block-heading has-vivid-cyan-blue-color has-text-color\"><strong>URDA Spain<\/strong><\/h3>\n\n\n\n<ul class=\"wp-block-list\">\n<li>Direcci\u00f3n: Dolores Folgueras 4, 28038 Madrid<\/li>\n\n\n\n<li>Correo electr\u00f3nico: <a href=\"mailto:info@urdaspain.org\" target=\"_blank\" rel=\"noreferrer noopener\">info@urdaspain.org<\/a><\/li>\n\n\n\n<li>P\u00e1gina web: <a href=\"https:\/\/eur02.safelinks.protection.outlook.com\/?url=http%3A%2F%2Furdaspain.org%2F&amp;data=05%7C01%7Cespuga%40unhcr.org%7C320401ebea0744a38ad008da7ab0755f%7Ce5c37981666441348a0c6543d2af80be%7C0%7C0%7C637957196466202569%7CUnknown%7CTWFpbGZsb3d8eyJWIjoiMC4wLjAwMDAiLCJQIjoiV2luMzIiLCJBTiI6Ik1haWwiLCJXVCI6Mn0%3D%7C2000%7C%7C%7C&amp;sdata=SBTo7%2Bbaw87ZJYzaokXxgwENfSsCq5Vw31xA7fYNRVA%3D&amp;reserved=0\" target=\"_blank\" rel=\"noreferrer noopener\">urdaspain.org<\/a>\u00a0<\/li>\n\n\n\n<li>Tel\u00e9fono: +34 919 353 759\u00a0\u00a0\u00a0<\/li>\n\n\n\n<li>Redes sociales: <a href=\"https:\/\/eur02.safelinks.protection.outlook.com\/?url=https%3A%2F%2Fwww.instagram.com%2Furda_spain%2F&amp;data=05%7C01%7Cespuga%40unhcr.org%7C320401ebea0744a38ad008da7ab0755f%7Ce5c37981666441348a0c6543d2af80be%7C0%7C0%7C637957196466202569%7CUnknown%7CTWFpbGZsb3d8eyJWIjoiMC4wLjAwMDAiLCJQIjoiV2luMzIiLCJBTiI6Ik1haWwiLCJXVCI6Mn0%3D%7C2000%7C%7C%7C&amp;sdata=xaHoyUy%2FWR08TOIay%2F9kbB%2FDMVR2CeOzs3AJrqC8V0U%3D&amp;reserved=0\" target=\"_blank\" rel=\"noreferrer noopener\">Instagram<\/a>, <a href=\"https:\/\/eur02.safelinks.protection.outlook.com\/?url=https%3A%2F%2Ftwitter.com%2FURDASPAIN%3Fref_src%3Dtwsrc%255Egoogle%257Ctwcamp%255Eserp%257Ctwgr%255Eauthor&amp;data=05%7C01%7Cespuga%40unhcr.org%7C320401ebea0744a38ad008da7ab0755f%7Ce5c37981666441348a0c6543d2af80be%7C0%7C0%7C637957196466202569%7CUnknown%7CTWFpbGZsb3d8eyJWIjoiMC4wLjAwMDAiLCJQIjoiV2luMzIiLCJBTiI6Ik1haWwiLCJXVCI6Mn0%3D%7C2000%7C%7C%7C&amp;sdata=PaA8j%2FFN6PxGXNpSI%2By4%2F1adgbakAXr9XJd2f36uvFI%3D&amp;reserved=0\" target=\"_blank\" rel=\"noreferrer noopener\">Twitter<\/a>, <a href=\"https:\/\/eur02.safelinks.protection.outlook.com\/?url=https%3A%2F%2Fes.linkedin.com%2Fcompany%2Furda-spain&amp;data=05%7C01%7Cespuga%40unhcr.org%7C320401ebea0744a38ad008da7ab0755f%7Ce5c37981666441348a0c6543d2af80be%7C0%7C0%7C637957196466202569%7CUnknown%7CTWFpbGZsb3d8eyJWIjoiMC4wLjAwMDAiLCJQIjoiV2luMzIiLCJBTiI6Ik1haWwiLCJXVCI6Mn0%3D%7C2000%7C%7C%7C&amp;sdata=Iy9%2F1AuKv1UVsi6UXlFDCEyr%2BLnYbFi4PtiC8SVbhoU%3D&amp;reserved=0\" target=\"_blank\" rel=\"noreferrer noopener\">Linkedin<\/a><\/li>\n<\/ul>\n\n\n\n<p>Oferta formativa gratuita:<\/p>\n\n\n\n<ul class=\"wp-block-list\">\n<li><strong>Curso de espa\u00f1ol:<\/strong> Ofrecemos un curso presencial y un curso online impartido por videoconferencia. Ambos cuentan con grupos divididos por niveles. <a href=\"https:\/\/urdaspain.org\/espana\/\" target=\"_blank\" rel=\"noreferrer noopener\">M\u00e1s informaci\u00f3n en este enlace.<\/a><\/li>\n\n\n\n<li><strong>Sala TIC: <\/strong>Un espacio de ense\u00f1anza, aprendizaje, consulta y manejo de ordenadores con conexi\u00f3n a internet. La sala pone a disposici\u00f3n de forma gratuita el uso de 10 ordenadores para realizar tr\u00e1mites personales, cursos de formaci\u00f3n, talleres, etc. Abierto de 10:00h a 15:00h. Acceso al recurso previo registro y reserva. <a href=\"https:\/\/urdaspain.org\/contacto\/\" target=\"_blank\" rel=\"noreferrer noopener\">M\u00e1s informaci\u00f3n en este enlace.<\/a><\/li>\n<\/ul>\n\n\n\n<h3 class=\"wp-block-heading has-vivid-cyan-blue-color has-text-color\"><strong>Academia Cumbres Espa\u00f1a \/ ONG &#8211; M\u00fasica Sin Fronteras<\/strong><\/h3>\n\n\n\n<ul class=\"wp-block-list\">\n<li>Direcci\u00f3n<strong>:<\/strong> Calle de las Delicias, 17, Local 40, 28045 Madrid<\/li>\n\n\n\n<li>Correo electr\u00f3nico: info@sercumbres.org<\/li>\n\n\n\n<li>P\u00e1gina web: <a href=\"http:\/\/www.sercumbres.org\" data-type=\"link\" data-id=\"www.sercumbres.org\" target=\"_blank\" rel=\"noreferrer noopener\">www.sercumbres.org<\/a><\/li>\n\n\n\n<li>Redes sociales: <a href=\"https:\/\/www.instagram.com\/ser_cumbres\/\">Instagram<\/a>, <a href=\"https:\/\/x.com\/ser_cumbres\">Twitter<\/a>, <a href=\"https:\/\/www.linkedin.com\/company\/sercumbres\/\">LinkedIn<\/a><\/li>\n<\/ul>\n\n\n\n<p><strong>Cumbres Espa\u00f1a<\/strong> es una <strong>instituci\u00f3n educativa y cultural<\/strong> que promueve la excelencia acad\u00e9mica y la transformaci\u00f3n social a trav\u00e9s de la m\u00fasica y el arte.<\/p>\n\n\n\n<p>Oferta formativa gratuita:\u00a0<\/p>\n\n\n\n<ul class=\"wp-block-list\">\n<li><strong>M\u00fasica Sin Fronteras<\/strong> es un proyecto dirigido a personas refugiadas, solicitantes de asilo, ap\u00e1tridas, migrantes, personas en situaci\u00f3n de vulnerabilidad y a la comunidad local. Ofrece acceso a:<ul><li><strong>Coros<\/strong> (infantil\/juvenil y adultos): no se requiere experiencia previa.<\/li><\/ul>\n<ul class=\"wp-block-list\">\n<li><strong>Orquesta<\/strong>: para personas con nivel instrumental avanzado o experiencia orquestal (especialmente cuerdas).<\/li>\n<\/ul>\n<\/li>\n<\/ul>\n\n\n\n<p>Adem\u00e1s, las personas que participen en M\u00fasica Sin Fronteras pueden acceder a<strong> condiciones especiales<\/strong> para continuar su formaci\u00f3n dentro de la Academia Cumbres. Las actividades se desarrollan de manera presencial en Madrid.<\/p>\n","protected":false},"excerpt":{"rendered":"<p>A continuaci\u00f3n encontrar\u00e1s un listado de organizaciones que ofrecen cursos gratuitos para personas refugiadas, solicitantes de asilo y ap\u00e1tridas en Espa\u00f1a. Para inscribirte u obtener m\u00e1s informaci\u00f3n sobre los cursos, contacta directamente con la organizaci\u00f3n a trav\u00e9s de sus datos de contacto. Madrid for Refugees Oferta formativa gratuita: URDA Spain Oferta formativa gratuita: Academia Cumbres [&hellip;]<\/p>\n","protected":false},"author":137,"featured_media":0,"parent":851,"menu_order":1,"comment_status":"closed","ping_status":"closed","template":"","meta":{"_acf_changed":false,"footnotes":""},"class_list":["post-1847","page","type-page","status-publish","hentry"],"acf":[],"_links":{"self":[{"href":"https:\/\/help.unhcr.org\/spain\/wp-json\/wp\/v2\/pages\/1847","targetHints":{"allow":["GET"]}}],"collection":[{"href":"https:\/\/help.unhcr.org\/spain\/wp-json\/wp\/v2\/pages"}],"about":[{"href":"https:\/\/help.unhcr.org\/spain\/wp-json\/wp\/v2\/types\/page"}],"author":[{"embeddable":true,"href":"https:\/\/help.unhcr.org\/spain\/wp-json\/wp\/v2\/users\/137"}],"replies":[{"embeddable":true,"href":"https:\/\/help.unhcr.org\/spain\/wp-json\/wp\/v2\/comments?post=1847"}],"version-history":[{"count":12,"href":"https:\/\/help.unhcr.org\/spain\/wp-json\/wp\/v2\/pages\/1847\/revisions"}],"predecessor-version":[{"id":3450,"href":"https:\/\/help.unhcr.org\/spain\/wp-json\/wp\/v2\/pages\/1847\/revisions\/3450"}],"up":[{"embeddable":true,"href":"https:\/\/help.unhcr.org\/spain\/wp-json\/wp\/v2\/pages\/851"}],"wp:attachment":[{"href":"https:\/\/help.unhcr.org\/spain\/wp-json\/wp\/v2\/media?parent=1847"}],"curies":[{"name":"wp","href":"https:\/\/api.w.org\/{rel}","templated":true}]}}