{"id":165,"date":"2020-05-26T11:08:09","date_gmt":"2020-05-26T11:08:09","guid":{"rendered":"http:\/\/help.unhcr.org\/spain\/?page_id=165"},"modified":"2024-06-25T08:35:59","modified_gmt":"2024-06-25T08:35:59","slug":"acceso-sistema-acogida","status":"publish","type":"page","link":"https:\/\/help.unhcr.org\/spain\/acceso-sistema-acogida\/","title":{"rendered":"Acceso al Sistema de acogida e integraci\u00f3n"},"content":{"rendered":"\n<p>El Gobierno espa\u00f1ol dispone de un programa de acogida y apoyo a la integraci\u00f3n para los solicitantes de asilo sin recursos econ\u00f3micos suficientes para atender sus necesidades y las de sus familiares. Este programa de acogida se gestiona por el Ministerio de Inclusi\u00f3n con la colaboraci\u00f3n de ONGs especializadas.<\/p>\n\n\n\n<p>Este programa se divide en varias fases, con una duraci\u00f3n m\u00e1xima de 18 meses, ampliables a 24 para los casos considerados vulnerables.<\/p>\n\n\n\n<p>Durante este tiempo, se te facilitar\u00e1 un alojamiento en cualquier lugar del territorio espa\u00f1ol en el que exista una plaza disponible. El programa de apoyo incluye atenci\u00f3n social, apoyo psicol\u00f3gico, ayudas para formaci\u00f3n y clases de idioma o apoyo en la b\u00fasqueda de empleo.<\/p>\n\n\n\n<p>El Ministerio de Inclusi\u00f3n es qui\u00e9n realiza la asignaci\u00f3n de plazas. Debes tener en cuenta que,<strong>&nbsp;aunque se valorar\u00e1n tus circunstancias personales, si solicitas una plaza en el programa de acogida no puedes elegir tu lugar de residencia&nbsp;<\/strong>ya que depende de la disponibilidad de plazas de la red estatal de centros de acogida.<\/p>\n\n\n\n<h3 class=\"wp-block-heading\">\u00bfC\u00f3mo accedo al sistema de acogida?<\/h3>\n\n\n\n<p>Si eres solicitante de asilo (y tienes el resguardo de \u201c<em>manifestaci\u00f3n de voluntad de solicitar protecci\u00f3n internacional<\/em>\u201d , el \u201c<em>resguardo de presentaci\u00f3n de solicitud de protecci\u00f3n internacional<\/em>\u201d o la &#8220;<em>tarjeta roja<\/em>&#8220;), y deseas entrar en el sistema de acogida, debes\u202fdirigirte a la organizaci\u00f3n que gestiona la acogida de personas solicitantes de asilo en la provincia en la que te encuentres. <\/p>\n\n\n\n<p>Las entidades encargadas de la acogida inicial son CEAR, ACCEM y Cruz Roja. A continuaci\u00f3n, puedes comprobar a qu\u00e9 entidad dirigirte en tu provincia de residencia:&nbsp;<\/p>\n\n\n\n<ul class=\"wp-block-list\">\n<li>En <strong>Madrid,<\/strong> contacta con la Cruz Roja a trav\u00e9s del siguiente correo electr\u00f3nico:&nbsp;<a href=\"mailto:administracion.refugiados@cruzroja.es\">administracion.refugiados@cruzroja.es<\/a><\/li>\n<\/ul>\n\n\n\n<ul class=\"wp-block-list\">\n<li>En<strong> Barcelona<\/strong>, si est\u00e1s recibiendo apoyo por parte de alguna organizaci\u00f3n, deber\u00e1s pedir a tu trabajador\/a social que env\u00ede una solicitud de derivaci\u00f3n a la Cruz Roja ubicada en el Centro de Recepci\u00f3n, Acogida y Derivaci\u00f3n (CREADE), como entidad responsable del acceso al Sistema de Acogida en esta provincia.\u202f\u00a0<br><br>Si eres solicitante de asilo y no estas recibiendo atenci\u00f3n social por parte de ning\u00fan servicio u organizaci\u00f3n, puedes dirigirte presencialmente al <strong>CREADE, ubicado en la Calle Sant Fructu\u00f3s, 80, de Barcelona, de lunes a viernes de 8:30 a 15:00h<\/strong>.\u00a0<a href=\"https:\/\/ajuntament.barcelona.cat\/novaciutadania\/es\/servicio-de-atencion-inmigrantes-emigrantes-y-refugiados-saier\" target=\"_blank\" rel=\"noreferrer noopener\">Encontrar\u00e1s m\u00e1s informaci\u00f3n del SAIER en este\u00a0enlace<\/a>.<\/li>\n<\/ul>\n\n\n\n<ul class=\"wp-block-list\">\n<li><a href=\"https:\/\/www.cear.es\/\">Contacta con CEAR&nbsp;a trav\u00e9s de este enlace<\/a>&nbsp;si te encuentras en alguna de las siguientes provincias:\n<ul class=\"wp-block-list\">\n<li>\u00c1lava, C\u00e1diz, Canarias, Guip\u00fazcoa, M\u00e1laga, Sevilla y Vizcaya.&nbsp;<\/li>\n<\/ul>\n<\/li>\n<\/ul>\n\n\n\n<ul class=\"wp-block-list\">\n<li><a href=\"https:\/\/www.accem.es\/\">Contacta con&nbsp;ACCEM&nbsp;a trav\u00e9s de este enlace<\/a>&nbsp;si te encuentras en alguna de las siguientes provincias:\n<ul class=\"wp-block-list\">\n<li>Albacete, Asturias, \u00c1vila, Badajoz, Burgos, C\u00e1ceres, Ciudad Real, C\u00f3rdoba, Cuenca, Guadalajara, Huesca, La Coru\u00f1a, Le\u00f3n, Lugo, Murcia, Orense, Palencia, Pontevedra, Salamanca, Segovia, Soria, Teruel, Toledo, Valladolid, Zamora, Zaragoza.&nbsp;<\/li>\n<\/ul>\n<\/li>\n<\/ul>\n\n\n\n<ul class=\"wp-block-list\">\n<li><a href=\"https:\/\/www2.cruzroja.es\/web\/cruzroja\/donde-estamos\">Contacta con la&nbsp;CRUZ ROJA&nbsp;a trav\u00e9s de este enlace<\/a>&nbsp;si te encuentras en alguna de las siguientes provincias:\n<ul class=\"wp-block-list\">\n<li>Alicante, Almer\u00eda, Baleares, Cantabria, Castell\u00f3n, Gerona, Granada, Huelva, Ja\u00e9n, La Rioja, L\u00e9rida, Navarra, Tarragona, Valencia.&nbsp;<\/li>\n<\/ul>\n<\/li>\n<\/ul>\n\n\n\n<p>Recuerda, adem\u00e1s, que puedes contactar con los Servicios Sociales de tu Ayuntamiento para recibir informaci\u00f3n y orientaci\u00f3n acerca de los recursos de acogida municipal existentes en la ciudad en la que te encuentras.&nbsp;&nbsp;<\/p>\n","protected":false},"excerpt":{"rendered":"<p>El Gobierno espa\u00f1ol dispone de un programa de acogida y apoyo a la integraci\u00f3n para los solicitantes de asilo sin recursos econ\u00f3micos suficientes para atender sus necesidades y las de sus familiares. Este programa de acogida se gestiona por el Ministerio de Inclusi\u00f3n con la colaboraci\u00f3n de ONGs especializadas. Este programa se divide en varias [&hellip;]<\/p>\n","protected":false},"author":1,"featured_media":0,"parent":0,"menu_order":22,"comment_status":"closed","ping_status":"closed","template":"","meta":{"_acf_changed":false,"footnotes":""},"class_list":["post-165","page","type-page","status-publish","hentry"],"acf":[],"_links":{"self":[{"href":"https:\/\/help.unhcr.org\/spain\/wp-json\/wp\/v2\/pages\/165","targetHints":{"allow":["GET"]}}],"collection":[{"href":"https:\/\/help.unhcr.org\/spain\/wp-json\/wp\/v2\/pages"}],"about":[{"href":"https:\/\/help.unhcr.org\/spain\/wp-json\/wp\/v2\/types\/page"}],"author":[{"embeddable":true,"href":"https:\/\/help.unhcr.org\/spain\/wp-json\/wp\/v2\/users\/1"}],"replies":[{"embeddable":true,"href":"https:\/\/help.unhcr.org\/spain\/wp-json\/wp\/v2\/comments?post=165"}],"version-history":[{"count":8,"href":"https:\/\/help.unhcr.org\/spain\/wp-json\/wp\/v2\/pages\/165\/revisions"}],"predecessor-version":[{"id":3018,"href":"https:\/\/help.unhcr.org\/spain\/wp-json\/wp\/v2\/pages\/165\/revisions\/3018"}],"wp:attachment":[{"href":"https:\/\/help.unhcr.org\/spain\/wp-json\/wp\/v2\/media?parent=165"}],"curies":[{"name":"wp","href":"https:\/\/api.w.org\/{rel}","templated":true}]}}