{"id":1560,"date":"2022-03-18T18:02:53","date_gmt":"2022-03-18T18:02:53","guid":{"rendered":"https:\/\/help.unhcr.org\/spain\/?page_id=1560"},"modified":"2022-07-13T13:31:23","modified_gmt":"2022-07-13T13:31:23","slug":"proteccion-de-ninos-y-ninas","status":"publish","type":"page","link":"https:\/\/help.unhcr.org\/spain\/proteccion-de-ninos-y-ninas\/","title":{"rendered":"Protecci\u00f3n de ni\u00f1os y ni\u00f1as"},"content":{"rendered":"\n<div data-wp-interactive=\"core\/file\" class=\"wp-block-file\"><object data-wp-bind--hidden=\"!state.hasPdfPreview\" hidden class=\"wp-block-file__embed\" data=\"https:\/\/help.unhcr.org\/spain\/wp-content\/uploads\/sites\/61\/2022\/07\/UCRANIA_CASTELLANO.pdf\" type=\"application\/pdf\" style=\"width:100%;height:600px\" aria-label=\"Embed of Embed of Descarga aqu\u00ed la informaci\u00f3n para ni\u00f1os, ni\u00f1as y adolescentes que han tenido que huir de Ucrania..\"><\/object><a id=\"wp-block-file--media-a3b3da1c-2cc2-4dd6-9f12-d3a4307f447e\" href=\"https:\/\/help.unhcr.org\/spain\/wp-content\/uploads\/sites\/61\/2022\/07\/UCRANIA_CASTELLANO.pdf\">Descarga aqu\u00ed la informaci\u00f3n para ni\u00f1os, ni\u00f1as y adolescentes que han tenido que huir de Ucrania<\/a><a href=\"https:\/\/help.unhcr.org\/spain\/wp-content\/uploads\/sites\/61\/2022\/07\/UCRANIA_CASTELLANO.pdf\" class=\"wp-block-file__button\" download aria-describedby=\"wp-block-file--media-a3b3da1c-2cc2-4dd6-9f12-d3a4307f447e\">Download<\/a><\/div>\n\n\n\n<div class=\"wp-block-image\"><figure class=\"aligncenter size-large\"><img loading=\"lazy\" decoding=\"async\" width=\"683\" height=\"1024\" src=\"https:\/\/help.unhcr.org\/spain\/wp-content\/uploads\/sites\/61\/2022\/07\/FLYER-UCRANIA-ESP-1-683x1024.jpg\" alt=\"\" class=\"wp-image-1936\" srcset=\"https:\/\/help.unhcr.org\/spain\/wp-content\/uploads\/sites\/61\/2022\/07\/FLYER-UCRANIA-ESP-1-683x1024.jpg 683w, https:\/\/help.unhcr.org\/spain\/wp-content\/uploads\/sites\/61\/2022\/07\/FLYER-UCRANIA-ESP-1-200x300.jpg 200w, https:\/\/help.unhcr.org\/spain\/wp-content\/uploads\/sites\/61\/2022\/07\/FLYER-UCRANIA-ESP-1-768x1152.jpg 768w, https:\/\/help.unhcr.org\/spain\/wp-content\/uploads\/sites\/61\/2022\/07\/FLYER-UCRANIA-ESP-1-1024x1536.jpg 1024w, https:\/\/help.unhcr.org\/spain\/wp-content\/uploads\/sites\/61\/2022\/07\/FLYER-UCRANIA-ESP-1.jpg 1181w\" sizes=\"auto, (max-width: 683px) 100vw, 683px\" \/><\/figure><\/div>\n","protected":false},"excerpt":{"rendered":"","protected":false},"author":137,"featured_media":0,"parent":0,"menu_order":0,"comment_status":"closed","ping_status":"closed","template":"page-templates\/sectioned.php","meta":{"_acf_changed":false,"footnotes":""},"class_list":["post-1560","page","type-page","status-publish","hentry"],"acf":[],"_links":{"self":[{"href":"https:\/\/help.unhcr.org\/spain\/wp-json\/wp\/v2\/pages\/1560","targetHints":{"allow":["GET"]}}],"collection":[{"href":"https:\/\/help.unhcr.org\/spain\/wp-json\/wp\/v2\/pages"}],"about":[{"href":"https:\/\/help.unhcr.org\/spain\/wp-json\/wp\/v2\/types\/page"}],"author":[{"embeddable":true,"href":"https:\/\/help.unhcr.org\/spain\/wp-json\/wp\/v2\/users\/137"}],"replies":[{"embeddable":true,"href":"https:\/\/help.unhcr.org\/spain\/wp-json\/wp\/v2\/comments?post=1560"}],"version-history":[{"count":7,"href":"https:\/\/help.unhcr.org\/spain\/wp-json\/wp\/v2\/pages\/1560\/revisions"}],"predecessor-version":[{"id":1941,"href":"https:\/\/help.unhcr.org\/spain\/wp-json\/wp\/v2\/pages\/1560\/revisions\/1941"}],"wp:attachment":[{"href":"https:\/\/help.unhcr.org\/spain\/wp-json\/wp\/v2\/media?parent=1560"}],"curies":[{"name":"wp","href":"https:\/\/api.w.org\/{rel}","templated":true}]}}