{"id":1554,"date":"2022-03-18T17:55:53","date_gmt":"2022-03-18T17:55:53","guid":{"rendered":"https:\/\/help.unhcr.org\/spain\/?page_id=1554"},"modified":"2022-07-07T08:12:07","modified_gmt":"2022-07-07T08:12:07","slug":"solicitar-acogida-en-espana","status":"publish","type":"page","link":"https:\/\/help.unhcr.org\/spain\/solicitar-acogida-en-espana\/","title":{"rendered":"Solicitar Acogida en Espa\u00f1a"},"content":{"rendered":"\n<p><strong>Acogida: \u00bfQu\u00e9 es el sistema de acogida de protecci\u00f3n internacional?<\/strong><\/p>\n\n\n\n<p>El Gobierno espa\u00f1ol dispone de un programa de acogida y apoyo a la integraci\u00f3n para las personas solicitantes de asilo sin recursos econ\u00f3micos suficientes con el objetivo de atender sus necesidades y las de sus familiares. Este programa de acogida se gestiona por el Ministerio de Inclusi\u00f3n con la colaboraci\u00f3n de ONGs especializadas. <\/p>\n\n\n\n<p>En el caso de carecer de recursos econ\u00f3micos, podr\u00e1n solicitar acceder al Sistema de Acogida las personas que cumplan los siguientes requisitos:<\/p>\n\n\n\n<ol class=\"wp-block-list\"><li>Personas desplazadas de Ucrania a partir del 24 de febrero de 2022 a consecuencia de la invasi\u00f3n rusa iniciada en tal fecha.<\/li><li>Personas residentes en Ucrania que se encontraban en Espa\u00f1a cuando estall\u00f3 el conflicto y no han podido regresar a su pa\u00eds.<\/li><\/ol>\n\n\n\n<p>En ambos casos, se incluyen nacionales ucranianos residentes en Ucrania y nacionales de terceros pa\u00edses o personas ap\u00e1tridas residentes de larga duraci\u00f3n en Ucrania (es decir m\u00e1s de 5 a\u00f1os), con sus familias.<\/p>\n\n\n\n<p>Este Sistema prev\u00e9 una metodolog\u00eda de intervenci\u00f3n de itinerarios por fases, en funci\u00f3n del grado de autonom\u00eda que vayan adquiriendo las personas destinatarias de las actuaciones:<\/p>\n\n\n\n<ul class=\"wp-block-list\"><li>La primera fase consiste en la acogida en un dispositivo en el que se ofrece la cobertura de las necesidades b\u00e1sicas, ayudando a las personas beneficiarias a adquirir las habilidades necesarias para el desarrollo de una vida independiente.<\/li><li>La segunda fase se inicia cuando las personas finalizan su estancia en el dispositivo de acogida y requieren seguir recibiendo apoyo mediante ayudas econ\u00f3micas al alquiler y atenci\u00f3n a necesidades b\u00e1sicas.<\/li><\/ul>\n\n\n\n<p>Estas actuaciones se realizan a trav\u00e9s de una red estatal integrada por los&nbsp;<a href=\"https:\/\/extranjeros.inclusion.gob.es\/es\/ProteccionAsilo\/car\/index.html\" target=\"_blank\" rel=\"noreferrer noopener\"><strong>Centros de Acogida a Refugiados dependientes del Ministerio de Inclusi\u00f3n, Seguridad Social y Migraciones<\/strong><\/a>&nbsp;y otros dispositivos subvencionados por \u00e9ste y gestionados por entidades sin \u00e1nimo de lucro. <\/p>\n\n\n\n<p><a href=\"https:\/\/www.inclusion.gob.es\/es\/ucrania\/acogida\/index.htm\" target=\"_blank\" rel=\"noreferrer noopener\">Tambi\u00e9n puedes consultar la informaci\u00f3n oficial del Ministerio sobre la acogida de personas desplazadas de Ucrania en este enlace.<\/a><\/p>\n\n\n\n<p><\/p>\n","protected":false},"excerpt":{"rendered":"<p>Acogida: \u00bfQu\u00e9 es el sistema de acogida de protecci\u00f3n internacional? El Gobierno espa\u00f1ol dispone de un programa de acogida y apoyo a la integraci\u00f3n para las personas solicitantes de asilo sin recursos econ\u00f3micos suficientes con el objetivo de atender sus necesidades y las de sus familiares. Este programa de acogida se gestiona por el Ministerio [&hellip;]<\/p>\n","protected":false},"author":137,"featured_media":0,"parent":0,"menu_order":0,"comment_status":"closed","ping_status":"closed","template":"page-templates\/sectioned.php","meta":{"_acf_changed":false,"footnotes":""},"class_list":["post-1554","page","type-page","status-publish","hentry"],"acf":[],"_links":{"self":[{"href":"https:\/\/help.unhcr.org\/spain\/wp-json\/wp\/v2\/pages\/1554","targetHints":{"allow":["GET"]}}],"collection":[{"href":"https:\/\/help.unhcr.org\/spain\/wp-json\/wp\/v2\/pages"}],"about":[{"href":"https:\/\/help.unhcr.org\/spain\/wp-json\/wp\/v2\/types\/page"}],"author":[{"embeddable":true,"href":"https:\/\/help.unhcr.org\/spain\/wp-json\/wp\/v2\/users\/137"}],"replies":[{"embeddable":true,"href":"https:\/\/help.unhcr.org\/spain\/wp-json\/wp\/v2\/comments?post=1554"}],"version-history":[{"count":7,"href":"https:\/\/help.unhcr.org\/spain\/wp-json\/wp\/v2\/pages\/1554\/revisions"}],"predecessor-version":[{"id":1909,"href":"https:\/\/help.unhcr.org\/spain\/wp-json\/wp\/v2\/pages\/1554\/revisions\/1909"}],"wp:attachment":[{"href":"https:\/\/help.unhcr.org\/spain\/wp-json\/wp\/v2\/media?parent=1554"}],"curies":[{"name":"wp","href":"https:\/\/api.w.org\/{rel}","templated":true}]}}