{"id":1522,"date":"2022-03-11T17:37:26","date_gmt":"2022-03-11T17:37:26","guid":{"rendered":"https:\/\/help.unhcr.org\/spain\/ukraine-relevant-information\/"},"modified":"2025-03-12T15:05:35","modified_gmt":"2025-03-12T15:05:35","slug":"ukraine-relevant-information","status":"publish","type":"page","link":"https:\/\/help.unhcr.org\/spain\/ukraine-relevant-information\/","title":{"rendered":"Ucrania: Informaci\u00f3n de inter\u00e9s"},"content":{"rendered":"\n<p class=\"has-background\" style=\"background-color:#fcd700a1\"><a href=\"https:\/\/ukraineishome.org\/\" target=\"_blank\" rel=\"noreferrer noopener\">ACNUR pone a disposici\u00f3n la web &#8220;<strong>Ukraine is Home<\/strong>&#8220;<\/a>: Portal dise\u00f1ado para proporcionar a las personas ucranianas informaci\u00f3n precisa y actualizada sobre sus derechos y su estancia continua en los pa\u00edses de acogida, resolver dudas, explicar las oportunidades de retorno voluntario a su hogar, y promover el acceso al apoyo necesario para la recuperaci\u00f3n y reconstrucci\u00f3n.<\/p>\n\n\n\n<p>Para <strong>solicitar protecci\u00f3n temporal<\/strong> deber\u00e1s pedir CITA PREVIA por tel\u00e9fono o por internet, seg\u00fan la provincia en la que te encuentres:<\/p>\n\n\n\n<ul class=\"wp-block-list\">\n<li><strong>M\u00e1laga<\/strong>: En el CREADE de M\u00e1laga (Avenida Pintor Joaqu\u00edn Sorolla, 145, M\u00e1laga). Es necesario solicitar cita previa en el tel\u00e9fono&nbsp;628 216 478&nbsp;(espa\u00f1ol y ucraniano, <em>de lunes a viernes de 8:00h a 18:00h<\/em>).<\/li>\n\n\n\n<li><strong>Madrid: <\/strong>En el CREADE de Madrid (Centro de Formaci\u00f3n de la Seguridad Social, Carretera de Carabanchel a Aravaca, 91. 20223 Pozuelo de Alarc\u00f3n). Es necesario solicitar cita previa en el tel\u00e9fono 666 800 194&nbsp;(espa\u00f1ol y ucraniano, <em>de lunes a viernes, de 9:00h a 17:00h<\/em>).<\/li>\n\n\n\n<li><strong>Alicante:<\/strong> La protecci\u00f3n temporal se tramita en la Comisar\u00eda de Polic\u00eda Nacional (Calle de la Ebanister\u00eda, 4, 03008 Alicante). <a href=\"https:\/\/sede.administracionespublicas.gob.es\/pagina\/index\/directorio\/icpplus\">Es necesario solicitar cita previa a trav\u00e9s de este enlace<\/a>. &nbsp;Puedes obtener m\u00e1s informaci\u00f3n en el CREADE de Alicante, en el tel\u00e9fono 96 522 47 89 &#8211; 8:00h a 18:00h.<\/li>\n\n\n\n<li><strong>Barcelona:<\/strong> En primer lugar, deber\u00e1s solicitar cita previa en el CREADE (Calle San Fructuoso 78-80 de Barcelona) a trav\u00e9s del tel\u00e9fono 932382199, de lunes a viernes de 8:30h a 15:00h. Una vez hayas acudido a tu cita y recibido atenci\u00f3n e informaci\u00f3n por parte de Cruz Roja en el CREADE, te facilitar\u00e1n una cita para solicitar protecci\u00f3n temporal en la Comisar\u00eda de Polic\u00eda Nacional (Calle Guadalajara 1, Barcelona).<\/li>\n<\/ul>\n\n\n\n<p>Para cualquier otra provincia, <a href=\"https:\/\/inclusion.seg-social.es\/web\/ucrania-urgente\/listado-de-comisarias\">consulta la p\u00e1gina del Ministerio de Inclusi\u00f3n.<\/a><\/p>\n\n\n\n<p><\/p>\n\n\n\n<p>A continuaci\u00f3n encontrar\u00e1s informaci\u00f3n detallada sobre: <\/p>\n\n\n\n<ul class=\"wp-block-list\">\n<li><a rel=\"noreferrer noopener\" href=\"https:\/\/help.unhcr.org\/spain\/precauciones-durante-el-viaje\/\" target=\"_blank\">Precauciones durante el viaje <\/a><\/li>\n\n\n\n<li><a rel=\"noreferrer noopener\" href=\"https:\/\/help.unhcr.org\/spain\/ucrania-proteccion-en-espana\/\" target=\"_blank\">Protecci\u00f3n Temporal y T.I.E. &#8211; D\u00f3nde y c\u00f3mo solicitarla en Espa\u00f1a<\/a><\/li>\n\n\n\n<li><a rel=\"noreferrer noopener\" href=\"https:\/\/help.unhcr.org\/spain\/solicitar-acogida-en-espana\/\" target=\"_blank\">D\u00f3nde y c\u00f3mo solicitar acogida en Espa\u00f1a<\/a><\/li>\n\n\n\n<li><a rel=\"noreferrer noopener\" href=\"https:\/\/help.unhcr.org\/spain\/proteccion-de-ninos-y-ninas\/\" target=\"_blank\">Protecci\u00f3n de ni\u00f1os y ni\u00f1as <\/a><\/li>\n\n\n\n<li><a rel=\"noreferrer noopener\" href=\"https:\/\/help.unhcr.org\/spain\/information-on-family-reunification\/\" target=\"_blank\">Reunificaci\u00f3n Familiar <\/a><\/li>\n\n\n\n<li><a rel=\"noreferrer noopener\" href=\"https:\/\/help.unhcr.org\/spain\/otra-informacion-de-interes\/\" target=\"_blank\">Otra informaci\u00f3n de inter\u00e9s para refugiados ucranianos <\/a><\/li>\n\n\n\n<li><a href=\"https:\/\/help.unhcr.org\/spain\/conducir-y-matriculacion-de-vehiculos-en-espana\/\" target=\"_blank\" rel=\"noreferrer noopener\">Conducir y Matricular veh\u00edculos en Espa\u00f1a <\/a><\/li>\n<\/ul>\n\n\n\n<p>Tambi\u00e9n encontrar\u00e1s&nbsp;informaci\u00f3n oficial clave sobre tus derechos con respecto al cruce de la frontera en un pa\u00eds de la UE, la elegibilidad para la protecci\u00f3n temporal y la solicitud de protecci\u00f3n internacional, as\u00ed como los derechos de viajar <a rel=\"noreferrer noopener\" href=\"https:\/\/ec.europa.eu\/info\/strategy\/priorities-2019-2024\/stronger-europe-world\/eu-solidarity-ukraine\/eu-assistance-ukraine\/information-people-fleeing-war-ukraine_en\" target=\"_blank\">dentro de la Uni\u00f3n Europea en este enlace<\/a>.<\/p>\n\n\n\n<p class=\"has-text-align-center has-luminous-vivid-amber-background-color has-background\">El gobierno espa\u00f1ol (<strong>MISSM<\/strong>) junto con la Agencia Europea de Asilo (<strong>EUAA<\/strong>) tambi\u00e9n ponen a disposici\u00f3n un <strong>tel\u00e9fono gratuito <\/strong>con el fin de <strong>resolver dudas<\/strong> sobre el proceso de&nbsp;solicitud de <strong>Protecci\u00f3n Temporal<\/strong> o aspectos pr\u00e1cticos de acceso a <strong>servicios y ayudas <\/strong>en Espa\u00f1a para personas con Protecci\u00f3n Temporal<br><br><strong>(+34) 91 399 00 09<\/strong><br>Disponible de <em>lunes a jueves de 9:00-17:00h<\/em> y <em>viernes de 9:00-16:00h<\/em>, en <strong>ucraniano, ruso <\/strong>y<strong> espa\u00f1ol<\/strong><\/p>\n","protected":false},"excerpt":{"rendered":"<p>ACNUR pone a disposici\u00f3n la web &#8220;Ukraine is Home&#8220;: Portal dise\u00f1ado para proporcionar a las personas ucranianas informaci\u00f3n precisa y actualizada sobre sus derechos y su estancia continua en los pa\u00edses de acogida, resolver dudas, explicar las oportunidades de retorno voluntario a su hogar, y promover el acceso al apoyo necesario para la recuperaci\u00f3n y [&hellip;]<\/p>\n","protected":false},"author":137,"featured_media":0,"parent":0,"menu_order":0,"comment_status":"closed","ping_status":"closed","template":"page-templates\/sectioned.php","meta":{"_acf_changed":false,"footnotes":""},"class_list":["post-1522","page","type-page","status-publish","hentry"],"acf":[],"_links":{"self":[{"href":"https:\/\/help.unhcr.org\/spain\/wp-json\/wp\/v2\/pages\/1522","targetHints":{"allow":["GET"]}}],"collection":[{"href":"https:\/\/help.unhcr.org\/spain\/wp-json\/wp\/v2\/pages"}],"about":[{"href":"https:\/\/help.unhcr.org\/spain\/wp-json\/wp\/v2\/types\/page"}],"author":[{"embeddable":true,"href":"https:\/\/help.unhcr.org\/spain\/wp-json\/wp\/v2\/users\/137"}],"replies":[{"embeddable":true,"href":"https:\/\/help.unhcr.org\/spain\/wp-json\/wp\/v2\/comments?post=1522"}],"version-history":[{"count":28,"href":"https:\/\/help.unhcr.org\/spain\/wp-json\/wp\/v2\/pages\/1522\/revisions"}],"predecessor-version":[{"id":3268,"href":"https:\/\/help.unhcr.org\/spain\/wp-json\/wp\/v2\/pages\/1522\/revisions\/3268"}],"wp:attachment":[{"href":"https:\/\/help.unhcr.org\/spain\/wp-json\/wp\/v2\/media?parent=1522"}],"curies":[{"name":"wp","href":"https:\/\/api.w.org\/{rel}","templated":true}]}}