{"id":136,"date":"2020-05-21T07:41:38","date_gmt":"2020-05-21T07:41:38","guid":{"rendered":"http:\/\/help.unhcr.org\/spain\/?page_id=136"},"modified":"2026-02-12T16:10:16","modified_gmt":"2026-02-12T16:10:16","slug":"asistencia-legal","status":"publish","type":"page","link":"https:\/\/help.unhcr.org\/spain\/donde-encontrar-ayuda-espana\/asistencia-legal\/","title":{"rendered":"Asistencia Legal"},"content":{"rendered":"\n<h3 class=\"wp-block-heading\">Para solicitar asistencia jur\u00eddica gratuita en Espa\u00f1a puedes ponerte en contacto con:<\/h3>\n\n\n\n<p>\u27a1\ufe0f <strong>Organizaciones <\/strong>con experiencia en asilo en Espa\u00f1a. Estas entidades pueden proporcionarte asistencia jur\u00eddica gratuita y orientaci\u00f3n acerca del procedimiento de asilo espa\u00f1ol, as\u00ed como sobre servicios de asistencia social, b\u00fasqueda de empleo, vivienda, etc. Encontrar\u00e1s un listado de organizaciones m\u00e1s abajo. <\/p>\n\n\n\n<p>\u27a1\ufe0fLos&nbsp;Colegios de la Abogac\u00eda de Madrid y M\u00e1laga, as\u00ed como el SAIER* de Barcelona prestan un servicio de asesor\u00eda legal especializado para personas solicitantes de asilo, refugiadas y ap\u00e1tridas.<\/p>\n\n\n\n<ul class=\"wp-block-list\">\n<li><a href=\"https:\/\/web.icam.es\/ciudadanos\/servicio-de-orientacion-juridica\/\">Colegio de la Abogac\u00eda de Madrid:<\/a><ul><li>Calle General Casta\u00f1os, 1 (Sede del Tribunal&nbsp;Superior&nbsp;de Justicia&nbsp;de&nbsp;Madrid)<\/li><\/ul>\n<ul class=\"wp-block-list\">\n<li>Tel. 900 814 815 <\/li>\n\n\n\n<li>Horario de atenci\u00f3n de lunes a viernes, de 9:00 a 14:00 horas<\/li>\n<\/ul>\n<\/li>\n\n\n\n<li>Colegio de la Abogac\u00eda de M\u00e1laga:\n<ul class=\"wp-block-list\">\n<li><strong>Fuengirola<\/strong>: C\/. \u00a0P\u00e1rroco Juan Antonio Jim\u00e9nez Higuero, 31. Segunda planta.<br>Tel.: 951 017 941 \u2013 952 467 397<\/li>\n\n\n\n<li><strong>M\u00e1laga:<\/strong> Ciudad de la Justicia. C\/. Fiscal Luis Portero. Planta Baja.<br>Tel.: 951 017 939 \u2013 email: sergio.gomez@abogaciademalaga.es<\/li>\n\n\n\n<li><strong>Marbella:<\/strong> Avda. Mayorazgo, s\/n. Juzgados, Tercera planta.<br>Tel.: 952 774 696<\/li>\n\n\n\n<li><strong>Torremolinos:<\/strong> Avda. Palma de Mallorca, 32. Primera planta.<br>Tel.: 952 379 500 \u2013 952 372 036<\/li>\n\n\n\n<li><strong>V\u00e9lez-M\u00e1laga:<\/strong> C\/. Eugenio Morales Jurado, 2. Planta baja.<br>Tel.: 951 017 946 \u2013 952 506 001<\/li>\n<\/ul>\n<\/li>\n\n\n\n<li><a href=\"https:\/\/ajuntament.barcelona.cat\/novaciutadania\/es\/servicio-de-atencion-inmigrantes-emigrantes-y-refugiados-saier\">Servicio de Atenci\u00f3n a Inmigrantes, Emigrantes y Refugiados (SAIER)<\/a>*\n<ul class=\"wp-block-list\">\n<li>Carrer de Tarragona, 141, Sants-Montju\u00efc, 08014 Barcelona<\/li>\n\n\n\n<li>Tel.:&nbsp;931 53 28 00<\/li>\n<\/ul>\n<\/li>\n<\/ul>\n\n\n\n<p class=\"has-pale-cyan-blue-background-color has-background\">Estas son algunas de las <strong>ONG <\/strong>con sede en Madrid y oficinas en otras zonas de Espa\u00f1a, con las que puedes contactar para solicitar orientaci\u00f3n gratuita:<\/p>\n\n\n\n<div class=\"wp-block-group\"><div class=\"wp-block-group__inner-container is-layout-flow wp-block-group-is-layout-flow\">\n<h3 class=\"wp-block-heading\">Accem<\/h3>\n\n\n\n<ul class=\"wp-block-list\">\n<li>Calle Magallanes, 3. 8\u00aa planta, 28015 Madrid.<\/li>\n\n\n\n<li>Telf.: (+34) 915 31 23 12<\/li>\n\n\n\n<li><a href=\"https:\/\/eur02.safelinks.protection.outlook.com\/?url=http%3A%2F%2Fwww.accem.es%2F&amp;data=05%7C02%7Cespuga%40unhcr.org%7C3dab2e71691a42ea0fa408dcdec7b0c4%7Ce5c37981666441348a0c6543d2af80be%7C0%7C0%7C638630196487843987%7CUnknown%7CTWFpbGZsb3d8eyJWIjoiMC4wLjAwMDAiLCJQIjoiV2luMzIiLCJBTiI6Ik1haWwiLCJXVCI6Mn0%3D%7C0%7C%7C%7C&amp;sdata=tfPUogx2m7SA%2FCVysR5ve93qkK8Ih19C53gQ%2BhfyQww%3D&amp;reserved=0\">www.accem.es<\/a><\/li>\n<\/ul>\n<\/div><\/div>\n\n\n\n<h3 class=\"wp-block-heading\">CEAR<\/h3>\n\n\n\n<ul class=\"wp-block-list\">\n<li>Avda. de Asturias, 33- Bajo, 28029 Madrid.<\/li>\n\n\n\n<li>Telf: (+34) 91 555 06 98 <\/li>\n\n\n\n<li>Fax: (+34) 91 597 23 61<\/li>\n\n\n\n<li><a href=\"https:\/\/eur02.safelinks.protection.outlook.com\/?url=http%3A%2F%2Fwww.cear.es&amp;data=02%7C01%7CPENAJ%40unhcr.org%7C92fa957a438e4609b41b08d6e2b2548b%7Ce5c37981666441348a0c6543d2af80be%7C0%7C0%7C636945652886229231&amp;sdata=7CssEoD5v2Wl3GM%2BNfmI8JxRfyy8Ckvfzwm%2BCB0X%2FIM%3D&amp;reserved=0\"><strong>www.cear.es<\/strong><\/a><\/li>\n<\/ul>\n\n\n\n<h3 class=\"wp-block-heading\">CCAR Barcelona<\/h3>\n\n\n\n<ul class=\"wp-block-list\">\n<li>Rambla Santa M\u00f3nica 10, 1\u00aa planta, Barcelona.<\/li>\n\n\n\n<li>\u0422elf.: (+34)&nbsp;93 595 55 39<\/li>\n\n\n\n<li>Email:&nbsp;<a href=\"mailto:ccar@ccar-cear.org\">ccar@ccar-cear.org<\/a><\/li>\n\n\n\n<li><a href=\"http:\/\/www.ccar.cat\/\">www.ccar.cat<\/a><\/li>\n<\/ul>\n\n\n\n<h3 class=\"wp-block-heading\">CESAL<\/h3>\n\n\n\n<ul class=\"wp-block-list\">\n<li>CEPI de Tetu\u00e1n, Calle Nuestra Se\u00f1ora del Carmen N.\u00ba 17 bajo, 2039 Madrid<\/li>\n\n\n\n<li>Telf.: (+34) 91 398 18 33 <\/li>\n\n\n\n<li><a href=\"http:\/\/www.cesal.org\/\">www.cesal.org<\/a><\/li>\n<\/ul>\n\n\n\n<h3 class=\"wp-block-heading\">Cruz Roja Madrid<\/h3>\n\n\n\n<ul class=\"wp-block-list\">\n<li>C\/ Muguet n\u00ba 7 en Madrid, planta 0.<\/li>\n\n\n\n<li>Telf.: (+34) 915 532 55 55<\/li>\n\n\n\n<li>Email: <a href=\"mailto:administracion.refugiados@cruzroja.es\">administracion.refugiados@cruzroja.es<\/a><\/li>\n\n\n\n<li><a href=\"https:\/\/eur02.safelinks.protection.outlook.com\/?url=http%3A%2F%2Fwww.cruzroja.es&amp;data=02%7C01%7CPENAJ%40unhcr.org%7C92fa957a438e4609b41b08d6e2b2548b%7Ce5c37981666441348a0c6543d2af80be%7C0%7C0%7C636945652886239224&amp;sdata=NY3fncGwtLik4UWDuM4uWbN7%2FtDoDkfty6tMWyY0h%2Fc%3D&amp;reserved=0\">www.cruzroja.es<\/a><\/li>\n<\/ul>\n\n\n\n<h3 class=\"wp-block-heading\">Diacon\u00eda Madrid <\/h3>\n\n\n\n<ul class=\"wp-block-list\">\n<li>C\/ Pablo Serrano, 9, 28043 Madrid<\/li>\n\n\n\n<li>Telf.: (+34) 91 382 05 49<\/li>\n\n\n\n<li><a href=\"http:\/\/diaconiamadrid.org\/\">http:\/\/diaconiamadrid.org\/<\/a><\/li>\n<\/ul>\n\n\n\n<h3 class=\"wp-block-heading\">Federaci\u00f3n Andaluc\u00eda Acoge<\/h3>\n\n\n\n<ul class=\"wp-block-list\">\n<li>Telf.: (+34) 954 900 773<\/li>\n\n\n\n<li><a href=\"https:\/\/acoge.org\/\">https:\/\/acoge.org\/<\/a><\/li>\n<\/ul>\n\n\n\n<h3 class=\"wp-block-heading\">Fundaci\u00f3n APIP-ACAM<\/h3>\n\n\n\n<ul class=\"wp-block-list\">\n<li>Calle Paloma, 21-23, 08001 Barcelona<\/li>\n\n\n\n<li>Telf.: (+34) 93 317 16 14<\/li>\n\n\n\n<li><a href=\"https:\/\/fundacionapipacam.org\/\">https:\/\/fundacionapipacam.org\/<\/a><\/li>\n<\/ul>\n\n\n\n<h3 class=\"wp-block-heading\">Fundaci\u00f3n Cepaim<\/h3>\n\n\n\n<ul class=\"wp-block-list\">\n<li>C\/Nicol\u00e1s Morales, 11, 28019 Madrid<\/li>\n\n\n\n<li>Telf.: (+34) 91 548 31 65<\/li>\n\n\n\n<li><a href=\"http:\/\/cepaim.org\/\">http:\/\/cepaim.org\/<\/a><\/li>\n<\/ul>\n\n\n\n<h3 class=\"wp-block-heading\">La Merced Migraciones<\/h3>\n\n\n\n<ul class=\"wp-block-list\">\n<li>C\/ Eraso, 36, 3\u00aa Planta. 28028 Madrid<\/li>\n\n\n\n<li>Telf.: (+34) 913 55 55 50<\/li>\n\n\n\n<li><a href=\"https:\/\/eur02.safelinks.protection.outlook.com\/?url=http%3A%2F%2Flamercedmigraciones.org%2F&amp;data=02%7C01%7CPENAJ%40unhcr.org%7C92fa957a438e4609b41b08d6e2b2548b%7Ce5c37981666441348a0c6543d2af80be%7C0%7C0%7C636945652886249217&amp;sdata=RuvVPXNkH%2FqdobWbOOenmo5R8jW5WUggSEzegq2NUIY%3D&amp;reserved=0\">http:\/\/lamercedmigraciones.org\/<\/a><\/li>\n<\/ul>\n\n\n\n<h3 class=\"wp-block-heading\">MPDL<\/h3>\n\n\n\n<ul class=\"wp-block-list\">\n<li>C\/ De Martos, 15, 28053 Madrid<\/li>\n\n\n\n<li>Telf.: (+34) 914 29 76 44<\/li>\n\n\n\n<li><a href=\"http:\/\/www.mpdl.org\/\">http:\/\/www.mpdl.org\/<\/a><\/li>\n<\/ul>\n\n\n\n<h3 class=\"wp-block-heading\">Provivienda<\/h3>\n\n\n\n<ul class=\"wp-block-list\">\n<li>C\/ Memb\u00e9zar 2, 28053 Madrid<\/li>\n\n\n\n<li>Telf.: (+34) 91 565 09 60<\/li>\n\n\n\n<li><a href=\"https:\/\/eur02.safelinks.protection.outlook.com\/?url=https%3A%2F%2Fwww.provivienda.org%2F&amp;data=02%7C01%7CPENAJ%40unhcr.org%7C92fa957a438e4609b41b08d6e2b2548b%7Ce5c37981666441348a0c6543d2af80be%7C0%7C0%7C636945652886259211&amp;sdata=EEpJT%2FNkyNXPxaKWcDN2P25ycnkOh6%2BRK%2Bsdlqkw2dc%3D&amp;reserved=0\">https:\/\/www.provivienda.org\/<\/a><\/li>\n<\/ul>\n\n\n\n<h3 class=\"wp-block-heading\">Pueblos Unidos<\/h3>\n\n\n\n<ul class=\"wp-block-list\">\n<li>C\/ M\u00e1rtires de la Ventilla, 103, 28029 Madrid<\/li>\n\n\n\n<li>Telf.: (+34) 91 732 06 91<\/li>\n\n\n\n<li><a href=\"http:\/\/pueblosunidos.org\/\">http:\/\/pueblosunidos.org\/<\/a><\/li>\n<\/ul>\n\n\n\n<h3 class=\"wp-block-heading\">Red Acoge<\/h3>\n\n\n\n<ul class=\"wp-block-list\">\n<li>C\/ Cea Berm\u00fadez, 43, 28003 Madrid<\/li>\n\n\n\n<li>Telf.: (+34) 91 563 37 79<\/li>\n\n\n\n<li><a href=\"http:\/\/www.redacoge.org\/es\/\">www.redacoge.org\/es\/<\/a><\/li>\n<\/ul>\n\n\n\n<h3 class=\"wp-block-heading\">ONG Rescate<\/h3>\n\n\n\n<ul class=\"wp-block-list\">\n<li>C\/ Valent\u00edn Beato, 42, 2, 28037 Madrid.<\/li>\n\n\n\n<li>Telf.: (+34) 91 447 28 72<\/li>\n\n\n\n<li><a href=\"http:\/\/www.ongrescate.org\/\">www.ongrescate.org<\/a><\/li>\n<\/ul>\n\n\n\n<h3 class=\"wp-block-heading\">URDA Spain <\/h3>\n\n\n\n<ul class=\"wp-block-list\">\n<li>C\/ Dolores Folgueras 4, 28038 Madrid<\/li>\n\n\n\n<li>Telf.: (+34) 919 353 759&nbsp;<\/li>\n\n\n\n<li>Correo: <a href=\"mailto:info@urdaspain.org\">info@urdaspain.org<\/a><\/li>\n\n\n\n<li>&nbsp;<a rel=\"noreferrer noopener\" href=\"https:\/\/urdaspain.org\/\" target=\"_blank\">www.urdaspain.org<\/a>&nbsp;<\/li>\n<\/ul>\n\n\n\n<p><em>*Algunas de estas ONGs tienen oficinas fuera de Madrid.<\/em><\/p>\n","protected":false},"excerpt":{"rendered":"<p>Para solicitar asistencia jur\u00eddica gratuita en Espa\u00f1a puedes ponerte en contacto con: \u27a1\ufe0f Organizaciones con experiencia en asilo en Espa\u00f1a. Estas entidades pueden proporcionarte asistencia jur\u00eddica gratuita y orientaci\u00f3n acerca del procedimiento de asilo espa\u00f1ol, as\u00ed como sobre servicios de asistencia social, b\u00fasqueda de empleo, vivienda, etc. Encontrar\u00e1s un listado de organizaciones m\u00e1s abajo. \u27a1\ufe0fLos&nbsp;Colegios [&hellip;]<\/p>\n","protected":false},"author":1,"featured_media":0,"parent":160,"menu_order":1,"comment_status":"closed","ping_status":"closed","template":"","meta":{"_acf_changed":false,"footnotes":""},"class_list":["post-136","page","type-page","status-publish","hentry"],"acf":[],"_links":{"self":[{"href":"https:\/\/help.unhcr.org\/spain\/wp-json\/wp\/v2\/pages\/136","targetHints":{"allow":["GET"]}}],"collection":[{"href":"https:\/\/help.unhcr.org\/spain\/wp-json\/wp\/v2\/pages"}],"about":[{"href":"https:\/\/help.unhcr.org\/spain\/wp-json\/wp\/v2\/types\/page"}],"author":[{"embeddable":true,"href":"https:\/\/help.unhcr.org\/spain\/wp-json\/wp\/v2\/users\/1"}],"replies":[{"embeddable":true,"href":"https:\/\/help.unhcr.org\/spain\/wp-json\/wp\/v2\/comments?post=136"}],"version-history":[{"count":43,"href":"https:\/\/help.unhcr.org\/spain\/wp-json\/wp\/v2\/pages\/136\/revisions"}],"predecessor-version":[{"id":3466,"href":"https:\/\/help.unhcr.org\/spain\/wp-json\/wp\/v2\/pages\/136\/revisions\/3466"}],"up":[{"embeddable":true,"href":"https:\/\/help.unhcr.org\/spain\/wp-json\/wp\/v2\/pages\/160"}],"wp:attachment":[{"href":"https:\/\/help.unhcr.org\/spain\/wp-json\/wp\/v2\/media?parent=136"}],"curies":[{"name":"wp","href":"https:\/\/api.w.org\/{rel}","templated":true}]}}