{"id":132,"date":"2020-05-21T07:36:57","date_gmt":"2020-05-21T07:36:57","guid":{"rendered":"http:\/\/help.unhcr.org\/spain\/?page_id=132"},"modified":"2023-03-28T13:15:49","modified_gmt":"2023-03-28T13:15:49","slug":"respuesta-a-tu-solicitud-de-asilo","status":"publish","type":"page","link":"https:\/\/help.unhcr.org\/spain\/solicitar-asilo-en-espana\/respuesta-a-tu-solicitud-de-asilo\/","title":{"rendered":"Respuesta a tu solicitud de asilo"},"content":{"rendered":"\n<p>La Ley indica que el solicitante de asilo recibir\u00e1 una respuesta a su solicitud en el plazo m\u00e1ximo de seis meses. Sin embargo, en la pr\u00e1ctica este proceso suele durar m\u00e1s.<\/p>\n\n\n\n<p>En Espa\u00f1a es el gobierno espa\u00f1ol quien decide sobre las solicitudes de asilo, tras su estudio por la OAR (Oficina de Asilo y Refugio).<\/p>\n\n\n\n<p><strong>\u00bfQu\u00e9 pueden responder a mi solicitud de asilo?<\/strong><\/p>\n\n\n\n<p>Tu solicitud de asilo puede recibir distintas respuestas:<\/p>\n\n\n\n<ul class=\"wp-block-list\"><li><strong>Estatuto de Refugiado:\u00a0<\/strong>Seg\u00fan la <a rel=\"noreferrer noopener\" href=\"https:\/\/www.refworld.org.es\/docid\/47160e532.html\" target=\"_blank\">normativa internacional de asilo<\/a>, son refugiadas aquellas personas que tienen un\u00a0temor fundado\u00a0a sufrir\u00a0<strong>persecuci\u00f3n<\/strong>\u00a0por motivos de\u00a0<strong>raza, religi\u00f3n, nacionalidad, pertenencia a grupo social determinado u opiniones pol\u00edticas,\u00a0<\/strong>sin\u00a0que las autoridades de\u00a0su Estado puedan o quieran\u00a0protegerla. Adem\u00e1s, la <a rel=\"noreferrer noopener\" href=\"https:\/\/www.boe.es\/eli\/es\/l\/2009\/10\/30\/12\/con\" target=\"_blank\">ley espa\u00f1ola<\/a> incluye a personas que huyen por<strong> motivos de g\u00e9nero<\/strong>\u00a0(actos de violencia sexual, violencia dom\u00e9stica y familiar, matrimonios forzados, mutilaci\u00f3n genital femenina\u2026) y por\u00a0razones de<strong> orientaci\u00f3n sexual o identidad de g\u00e9nero <\/strong>(personas del colectivo LGBTIQ+\u00a0&#8211; personas Lesbianas, Gais, Bisexuales, Transexuales, Intersexuales, Queer\u2026).<\/li><\/ul>\n\n\n\n<p><\/p>\n\n\n\n<ul class=\"wp-block-list\"><li><strong>Protecci\u00f3n Subsidiaria:\u00a0<\/strong>Seg\u00fan la <a rel=\"noreferrer noopener\" href=\"https:\/\/www.boe.es\/eli\/es\/l\/2009\/10\/30\/12\/con\" target=\"_blank\">ley espa\u00f1ola de asilo<\/a>, se concede a\u00a0personas que no pueden regresar a su pa\u00eds por un<strong> riesgo real de sufrir da\u00f1os graves<\/strong> como la condena a pena de muerte o el riesgo de su ejecuci\u00f3n material; la tortura y los tratos inhumanos o degradantes en el pa\u00eds de origen; las amenazas graves contra la vida o la integridad de las personas a causa de violencia indiscriminada en situaciones de guerra o de conflicto.<\/li><\/ul>\n\n\n\n<p><\/p>\n\n\n\n<ul class=\"wp-block-list\"><li><strong>Razones Humanitarias:\u00a0<\/strong>No es estrictamente una forma de asilo, sino que se trata de una autorizaci\u00f3n de residencia temporal que se podr\u00e1 conceder por razones humanitarias (por ejemplo, a personas enfermas sin acceso a tratamiento m\u00e9dico indispensable en su pa\u00eds).<\/li><\/ul>\n\n\n\n<p><\/p>\n\n\n\n<ul class=\"wp-block-list\"><li><strong>Protecci\u00f3n Temporal<\/strong>: <a rel=\"noreferrer noopener\" href=\"https:\/\/www.boe.es\/buscar\/doc.php?id=BOE-A-2022-4972\" target=\"_blank\">La normativa europea<\/a> permite dar refugio inmediato y temporal dentro de la Uni\u00f3n Europea\u00a0a personas que huyen de la guerra en Ucrania. <a rel=\"noreferrer noopener\" href=\"https:\/\/help.unhcr.org\/spain\/ucrania-proteccion-en-espana\/\" target=\"_blank\">M\u00e1s informaci\u00f3n en este enlace.<\/a><\/li><\/ul>\n\n\n\n<p><\/p>\n\n\n\n<ul class=\"wp-block-list\"><li><strong>Archivo:\u00a0<\/strong>Si retiras o desistes de tu solicitud de asilo, el procedimiento se archivar\u00e1. Esto tambi\u00e9n suceder\u00e1 si no respondes en plazo a una solicitud de informaci\u00f3n esencial, o no te presentas a una cita presencial o de renovaci\u00f3n de tu documentaci\u00f3n, salvo que demuestres que ha sido por motivos ajenos a tu voluntad.<\/li><\/ul>\n\n\n\n<p><\/p>\n\n\n\n<ul class=\"wp-block-list\"><li><strong>Denegaci\u00f3n del asilo:\u00a0<\/strong>El Estado espa\u00f1ol no reconoce tu necesidad de protecci\u00f3n.En este caso, deber\u00e1s abandonar Espa\u00f1a en el plazo de 15 d\u00edas, excepto si dispones de otro tipo de autorizaci\u00f3n de residencia. Tambi\u00e9n puedes recurrir la denegaci\u00f3n de tu solicitud de asilo, para ello <a rel=\"noreferrer noopener\" href=\"https:\/\/help.unhcr.org\/spain\/donde-encontrar-ayuda-espana\/asistencia-legal\/\" target=\"_blank\">consulta con un abogado especializado<\/a>.<\/li><\/ul>\n","protected":false},"excerpt":{"rendered":"<p>La Ley indica que el solicitante de asilo recibir\u00e1 una respuesta a su solicitud en el plazo m\u00e1ximo de seis meses. Sin embargo, en la pr\u00e1ctica este proceso suele durar m\u00e1s. En Espa\u00f1a es el gobierno espa\u00f1ol quien decide sobre las solicitudes de asilo, tras su estudio por la OAR (Oficina de Asilo y Refugio). [&hellip;]<\/p>\n","protected":false},"author":1,"featured_media":0,"parent":111,"menu_order":4,"comment_status":"closed","ping_status":"closed","template":"","meta":{"_acf_changed":false,"footnotes":""},"class_list":["post-132","page","type-page","status-publish","hentry"],"acf":[],"_links":{"self":[{"href":"https:\/\/help.unhcr.org\/spain\/wp-json\/wp\/v2\/pages\/132","targetHints":{"allow":["GET"]}}],"collection":[{"href":"https:\/\/help.unhcr.org\/spain\/wp-json\/wp\/v2\/pages"}],"about":[{"href":"https:\/\/help.unhcr.org\/spain\/wp-json\/wp\/v2\/types\/page"}],"author":[{"embeddable":true,"href":"https:\/\/help.unhcr.org\/spain\/wp-json\/wp\/v2\/users\/1"}],"replies":[{"embeddable":true,"href":"https:\/\/help.unhcr.org\/spain\/wp-json\/wp\/v2\/comments?post=132"}],"version-history":[{"count":7,"href":"https:\/\/help.unhcr.org\/spain\/wp-json\/wp\/v2\/pages\/132\/revisions"}],"predecessor-version":[{"id":2598,"href":"https:\/\/help.unhcr.org\/spain\/wp-json\/wp\/v2\/pages\/132\/revisions\/2598"}],"up":[{"embeddable":true,"href":"https:\/\/help.unhcr.org\/spain\/wp-json\/wp\/v2\/pages\/111"}],"wp:attachment":[{"href":"https:\/\/help.unhcr.org\/spain\/wp-json\/wp\/v2\/media?parent=132"}],"curies":[{"name":"wp","href":"https:\/\/api.w.org\/{rel}","templated":true}]}}