{"id":127,"date":"2020-05-21T07:25:42","date_gmt":"2020-05-21T07:25:42","guid":{"rendered":"http:\/\/help.unhcr.org\/spain\/?page_id=127"},"modified":"2023-03-28T13:37:49","modified_gmt":"2023-03-28T13:37:49","slug":"solicitud-de-asilo-en-puestos-fronterizos-y-en-centros-de-internamiento-de-extranjeros-cies","status":"publish","type":"page","link":"https:\/\/help.unhcr.org\/spain\/solicitar-asilo-en-espana\/solicitud-de-asilo-en-puestos-fronterizos-y-en-centros-de-internamiento-de-extranjeros-cies\/","title":{"rendered":"Solicitar asilo en Frontera y en Centros de Internamiento de Extranjeros (CIE)"},"content":{"rendered":"\n<figure class=\"wp-block-embed aligncenter is-type-video is-provider-youtube wp-block-embed-youtube wp-embed-aspect-16-9 wp-has-aspect-ratio\"><div class=\"wp-block-embed__wrapper\">\n<iframe loading=\"lazy\" title=\"Protecci\u00f3n internacional: informaci\u00f3n para personas reci\u00e9n llegadas a Espa\u00f1a\" width=\"640\" height=\"360\" src=\"https:\/\/www.youtube.com\/embed\/nEfXO9lD1jc?start=10&#038;feature=oembed\" frameborder=\"0\" allow=\"accelerometer; autoplay; clipboard-write; encrypted-media; gyroscope; picture-in-picture; web-share\" referrerpolicy=\"strict-origin-when-cross-origin\" allowfullscreen><\/iframe>\n<\/div><figcaption><a href=\"https:\/\/www.youtube.com\/watch?v=nEfXO9lD1jc&amp;t=10s\" target=\"_blank\" rel=\"noreferrer noopener\">Informaci\u00f3n para personas reci\u00e9n llegadas a Espa\u00f1a<\/a><\/figcaption><\/figure>\n\n\n\n<p>Puedes solicitar asilo a tu llegada a Espa\u00f1a, en <strong>puertos, aeropuertos<\/strong> y en las fronteras de Ceuta y Melilla. Tambi\u00e9n puedes pedir asilo en un<strong>&nbsp;Centro de Internamiento de Extranjeros (CIE)<\/strong>. Es importante explicar por qu\u00e9 no has solicitado asilo con anterioridad.<\/p>\n\n\n\n<p>En estos casos existe un procedimiento especial de asilo, con plazos reducidos.<\/p>\n\n\n\n<h2 class=\"wp-block-heading\">\u00bfC\u00f3mo solicitar asilo en estos casos?<\/h2>\n\n\n\n<ul class=\"wp-block-list\"><li>Informa a la polic\u00eda o guardia civil de que quieres pedir asilo.<\/li><li>Si no hablas bien espa\u00f1ol, puedes pedir la ayuda de un int\u00e9rprete para comunicarte.<\/li><li>La Polic\u00eda te har\u00e1 una entrevista para registrar tu solicitud de asilo.<\/li><li>En puertos, aeropuertos, fronteras y CIE, es obligatorio que te asista un abogado.&nbsp;Puedes <a href=\"https:\/\/help.unhcr.org\/spain\/donde-encontrar-ayuda-espana\/asistencia-legal\/\" target=\"_blank\" rel=\"noreferrer noopener\">solicitar un abogado gratuito<\/a> pidiendo un abogado de oficio o a trav\u00e9s de ONGs que cuentan con abogados especializados gratuitos, o puedes contratar un abogado privado.<\/li><li>Durante la entrevista, te har\u00e1n preguntas personales y te preguntaran por qu\u00e9 no puedes volver a tu pa\u00eds de origen y qu\u00e9 te ha ocurrido o temes que te ocurra en caso de regresar.<\/li><li>Si tienes documentos u otras pruebas que demuestren lo ocurrido, puedes presentarlas durante la entrevista.<\/li><li>Te pedir\u00e1n tambi\u00e9n informaci\u00f3n de tus familiares. Es importante que indiques correctamente sus datos personales (nombre, fecha de nacimiento, parentesco, etc.) ya que, posteriormente, podr\u00edas solicitar reunirlos contigo en Espa\u00f1a a trav\u00e9s del procedimiento de reagrupaci\u00f3n familiar.<\/li><\/ul>\n\n\n\n<p><strong>La solicitud de asilo es confidencial<\/strong>. Nada de lo que cuentes en la entrevista, ni la documentaci\u00f3n que aportes, se comunicar\u00e1 a nadie ajeno al procedimiento de asilo.<\/p>\n\n\n\n<p>Tras la entrevista:<\/p>\n\n\n\n<ul class=\"wp-block-list\"><li>Deber\u00e1s permanecer en el puerto, aeropuerto, frontera o CIE hasta que se decida si tu solicitud de asilo va a ser estudiada por el gobierno espa\u00f1ol, o no.<\/li><li>Si deciden estudiar tu caso, te autorizar\u00e1n la entrada y estancia en Espa\u00f1a para continuar con tu solicitud de asilo.<\/li><li>Si deciden no estudiar tu caso, puedes pedir un reexamen de tu solicitud de asilo. La administraci\u00f3n deber\u00e1 contestar en el plazo m\u00e1ximo de 48 horas. Durante este tiempo, deber\u00e1s permanecer en el puerto, aeropuerto, fronteras o CIE.<\/li><li>Si tu caso es denegado por segunda vez, consulta con tu abogado la posibilidad de presentar un recurso.<\/li><\/ul>\n\n\n\n<hr class=\"wp-block-separator has-css-opacity\" \/>\n","protected":false},"excerpt":{"rendered":"<p>Puedes solicitar asilo a tu llegada a Espa\u00f1a, en puertos, aeropuertos y en las fronteras de Ceuta y Melilla. Tambi\u00e9n puedes pedir asilo en un&nbsp;Centro de Internamiento de Extranjeros (CIE). Es importante explicar por qu\u00e9 no has solicitado asilo con anterioridad. En estos casos existe un procedimiento especial de asilo, con plazos reducidos. \u00bfC\u00f3mo solicitar [&hellip;]<\/p>\n","protected":false},"author":1,"featured_media":0,"parent":111,"menu_order":2,"comment_status":"closed","ping_status":"closed","template":"","meta":{"_acf_changed":false,"footnotes":""},"class_list":["post-127","page","type-page","status-publish","hentry"],"acf":[],"_links":{"self":[{"href":"https:\/\/help.unhcr.org\/spain\/wp-json\/wp\/v2\/pages\/127","targetHints":{"allow":["GET"]}}],"collection":[{"href":"https:\/\/help.unhcr.org\/spain\/wp-json\/wp\/v2\/pages"}],"about":[{"href":"https:\/\/help.unhcr.org\/spain\/wp-json\/wp\/v2\/types\/page"}],"author":[{"embeddable":true,"href":"https:\/\/help.unhcr.org\/spain\/wp-json\/wp\/v2\/users\/1"}],"replies":[{"embeddable":true,"href":"https:\/\/help.unhcr.org\/spain\/wp-json\/wp\/v2\/comments?post=127"}],"version-history":[{"count":11,"href":"https:\/\/help.unhcr.org\/spain\/wp-json\/wp\/v2\/pages\/127\/revisions"}],"predecessor-version":[{"id":2610,"href":"https:\/\/help.unhcr.org\/spain\/wp-json\/wp\/v2\/pages\/127\/revisions\/2610"}],"up":[{"embeddable":true,"href":"https:\/\/help.unhcr.org\/spain\/wp-json\/wp\/v2\/pages\/111"}],"wp:attachment":[{"href":"https:\/\/help.unhcr.org\/spain\/wp-json\/wp\/v2\/media?parent=127"}],"curies":[{"name":"wp","href":"https:\/\/api.w.org\/{rel}","templated":true}]}}