{"id":113,"date":"2020-05-20T09:05:23","date_gmt":"2020-05-20T09:05:23","guid":{"rendered":"http:\/\/help.unhcr.org\/spain\/?page_id=113"},"modified":"2023-03-20T15:26:29","modified_gmt":"2023-03-20T15:26:29","slug":"el-asilo-y-otras-formas-de-proteccion-internacional","status":"publish","type":"page","link":"https:\/\/help.unhcr.org\/spain\/solicitar-asilo-en-espana\/el-asilo-y-otras-formas-de-proteccion-internacional\/","title":{"rendered":"\u00bfQui\u00e9n es una persona refugiada?"},"content":{"rendered":"\n<p>Si has tenido que huir de tu pa\u00eds a causa de la guerra, la violencia o la persecuci\u00f3n podr\u00edas ser considerada una persona refugiada. Si no puedes regresar porque corres el riesgo de sufrir:<\/p>\n\n\n\n<ul class=\"wp-block-list\"><li>Amenazas a tu vida, libertad o seguridad;<\/li><li>violencia, abusos o discriminaci\u00f3n por tu raza, religi\u00f3n, nacionalidad, opiniones pol\u00edticas o por tu orientaci\u00f3n o identidad sexual;<\/li><li>explotaci\u00f3n sexual, mutilaci\u00f3n genital, matrimonio forzoso o violencia por parte de familiares u otras personas; &nbsp;<\/li><li>reclutamiento forzado para participar en una guerra o conflicto o te han obligado a usar armas;<\/li><li>torturas o tratos inhumanos;<\/li><li>o has huido por guerra, conflictos o la violencia en tu pa\u00eds y est\u00e1s en riesgo en caso de regresar<\/li><\/ul>\n\n\n\n<p>Puedes solicitar asilo y podr\u00edas obtener alg\u00fan tipo de protecci\u00f3n internacional.<\/p>\n\n\n\n<p>Cuando pides asilo est\u00e1s protegido por el&nbsp;<strong>principio de no devoluci\u00f3n<\/strong>. Esto significa que no podr\u00e1s ser expulsado, devuelto a tu pa\u00eds de origen o extraditado hasta que recibas una respuesta sobre tu solicitud.<\/p>\n\n\n\n<p><strong>Como norma general, si solicitas asilo en Espa\u00f1a, posteriormente no podr\u00e1s hacerlo en otro pa\u00eds <\/strong>ya que el \u201c<a href=\"https:\/\/eur-lex.europa.eu\/legal-content\/ES\/ALL\/?uri=CELEX%3A32013R0604\" target=\"_blank\" rel=\"noreferrer noopener\"><em>Reglamento de Dubl\u00edn<\/em><\/a>\u201d establece que, en la Uni\u00f3n Europea, el pa\u00eds al que llega por primera vez una persona es el responsable de tramitar su solicitud de asilo. Hay excepciones cuando existen v\u00ednculos familiares y situaciones de dependencia, pero te recomendamos que contactes con abogados especializados para que te asesoren de forma gratuita. <a href=\"https:\/\/help.unhcr.org\/spain\/donde-encontrar-ayuda-espana\/asistencia-legal\/\" target=\"_blank\" rel=\"noreferrer noopener\">Consulta el listado de abogados aqu\u00ed<\/a>.<\/p>\n\n\n\n<figure class=\"wp-block-embed is-type-video is-provider-youtube wp-block-embed-youtube wp-embed-aspect-16-9 wp-has-aspect-ratio\"><div class=\"wp-block-embed__wrapper\">\n<iframe loading=\"lazy\" title=\"Protecci\u00f3n internacional: informaci\u00f3n para personas reci\u00e9n llegadas a Espa\u00f1a\" width=\"640\" height=\"360\" src=\"https:\/\/www.youtube.com\/embed\/nEfXO9lD1jc?start=124&#038;feature=oembed\" frameborder=\"0\" allow=\"accelerometer; autoplay; clipboard-write; encrypted-media; gyroscope; picture-in-picture; web-share\" referrerpolicy=\"strict-origin-when-cross-origin\" allowfullscreen><\/iframe>\n<\/div><figcaption><a rel=\"noreferrer noopener\" href=\"https:\/\/www.youtube.com\/watch?v=nEfXO9lD1jc&amp;t=124s\" target=\"_blank\">Protecci\u00f3n internacional: informaci\u00f3n para personas reci\u00e9n llegadas a Espa\u00f1a &#8211; YouTube<\/a><\/figcaption><\/figure>\n\n\n\n<div data-wp-interactive=\"core\/file\" class=\"wp-block-file\"><object data-wp-bind--hidden=\"!state.hasPdfPreview\" hidden class=\"wp-block-file__embed\" data=\"https:\/\/help.unhcr.org\/spain\/wp-content\/uploads\/sites\/61\/2023\/03\/Poster-soy-una-persona-refugiada-1.pdf\" type=\"application\/pdf\" style=\"width:100%;height:600px\" aria-label=\"Embed of Embed of \u00bfSoy una persona refugiada?..\"><\/object><a id=\"wp-block-file--media-25760714-7d90-4aac-8641-50d5b4c38e25\" href=\"https:\/\/help.unhcr.org\/spain\/wp-content\/uploads\/sites\/61\/2023\/03\/Poster-soy-una-persona-refugiada-1.pdf\">\u00bfSoy una persona refugiada?<\/a><a href=\"https:\/\/help.unhcr.org\/spain\/wp-content\/uploads\/sites\/61\/2023\/03\/Poster-soy-una-persona-refugiada-1.pdf\" class=\"wp-block-file__button\" download aria-describedby=\"wp-block-file--media-25760714-7d90-4aac-8641-50d5b4c38e25\">Download<\/a><\/div>\n","protected":false},"excerpt":{"rendered":"<p>Si has tenido que huir de tu pa\u00eds a causa de la guerra, la violencia o la persecuci\u00f3n podr\u00edas ser considerada una persona refugiada. Si no puedes regresar porque corres el riesgo de sufrir: Amenazas a tu vida, libertad o seguridad; violencia, abusos o discriminaci\u00f3n por tu raza, religi\u00f3n, nacionalidad, opiniones pol\u00edticas o por tu [&hellip;]<\/p>\n","protected":false},"author":1,"featured_media":0,"parent":111,"menu_order":0,"comment_status":"closed","ping_status":"closed","template":"","meta":{"_acf_changed":false,"footnotes":""},"class_list":["post-113","page","type-page","status-publish","hentry"],"acf":[],"_links":{"self":[{"href":"https:\/\/help.unhcr.org\/spain\/wp-json\/wp\/v2\/pages\/113","targetHints":{"allow":["GET"]}}],"collection":[{"href":"https:\/\/help.unhcr.org\/spain\/wp-json\/wp\/v2\/pages"}],"about":[{"href":"https:\/\/help.unhcr.org\/spain\/wp-json\/wp\/v2\/types\/page"}],"author":[{"embeddable":true,"href":"https:\/\/help.unhcr.org\/spain\/wp-json\/wp\/v2\/users\/1"}],"replies":[{"embeddable":true,"href":"https:\/\/help.unhcr.org\/spain\/wp-json\/wp\/v2\/comments?post=113"}],"version-history":[{"count":13,"href":"https:\/\/help.unhcr.org\/spain\/wp-json\/wp\/v2\/pages\/113\/revisions"}],"predecessor-version":[{"id":2563,"href":"https:\/\/help.unhcr.org\/spain\/wp-json\/wp\/v2\/pages\/113\/revisions\/2563"}],"up":[{"embeddable":true,"href":"https:\/\/help.unhcr.org\/spain\/wp-json\/wp\/v2\/pages\/111"}],"wp:attachment":[{"href":"https:\/\/help.unhcr.org\/spain\/wp-json\/wp\/v2\/media?parent=113"}],"curies":[{"name":"wp","href":"https:\/\/api.w.org\/{rel}","templated":true}]}}