{"id":1114,"date":"2022-01-04T12:19:31","date_gmt":"2022-01-04T12:19:31","guid":{"rendered":"https:\/\/help.unhcr.org\/spain\/?page_id=1114"},"modified":"2025-12-08T10:46:38","modified_gmt":"2025-12-08T10:46:38","slug":"solicitud-de-asilo-en-territorio-espanol-2","status":"publish","type":"page","link":"https:\/\/help.unhcr.org\/spain\/solicitar-asilo-en-espana\/solicitud-de-asilo-en-territorio-espanol-2\/","title":{"rendered":"Solicitud de asilo en territorio espa\u00f1ol"},"content":{"rendered":"\n<p class=\"has-text-align-center has-vivid-red-color has-luminous-vivid-amber-background-color has-text-color has-background\"><strong>\u00a1Atenci\u00f3n! Se est\u00e1n produciendo cambios en la forma de obtener la cita previa para solicitar asilo en Espa\u00f1a.<\/strong><br><strong>\u00a1Recuerda! Todo el proceso de solicitud de asilo es gratuito, incluido el tr\u00e1mite de solicitud de cita.<\/strong><\/p>\n\n\n\n<p class=\"has-text-align-center has-white-color has-vivid-red-background-color has-text-color has-background\">\u00a1INFORMACI\u00d3N IMPORTANTE! LLAMA S\u00d3LO A N\u00daMEROS OFICIALES<br><br>Se han detectado <strong>cobros fraudulentos <\/strong>asociados a llamadas realizadas a n\u00fameros de tarificaci\u00f3n especial. En concreto, se han registrado casos en los que, <strong>a trav\u00e9s del tel\u00e9fono habilitado por Polic\u00eda Nacional, se redirige a los usuarios a n\u00fameros como el 11821 para solicitar citas de asilo por v\u00eda telef\u00f3nica<\/strong>. <br><br>No es posible conseguir cita a trav\u00e9s de estos n\u00fameros.<em> <\/em>La llamada inicia y finaliza sin que se pueda establecer contacto con nadie.<br><br><em>Si al llamar a un n\u00famero de tel\u00e9fono oficial te redirigen al n\u00famero 11821, u otro no oficial, podr\u00edas sufrir cobros autom\u00e1ticos fraudulentos<\/em>. <\/p>\n\n\n\n<p><a href=\"https:\/\/www.youtube.com\/watch?v=CHEB2rTw1bc\">Puedes encontrar informaci\u00f3n general acerca de los motivos por los que puedes solicitar asilo y c\u00f3mo empezar el proceso de solicitud de asilo en&nbsp;Espa\u00f1a en este video.<\/a>&nbsp;La informaci\u00f3n est\u00e1 disponible en espa\u00f1ol, ingl\u00e9s, franc\u00e9s y \u00e1rabe. A continuaci\u00f3n, te damos informaci\u00f3n m\u00e1s detallada. &nbsp;<\/p>\n\n\n\n<p>Para pedir asilo en territorio, deber\u00e1s seguir los siguientes pasos:<\/p>\n","protected":false},"excerpt":{"rendered":"<p>\u00a1Atenci\u00f3n! Se est\u00e1n produciendo cambios en la forma de obtener la cita previa para solicitar asilo en Espa\u00f1a.\u00a1Recuerda! Todo el proceso de solicitud de asilo es gratuito, incluido el tr\u00e1mite de solicitud de cita. \u00a1INFORMACI\u00d3N IMPORTANTE! LLAMA S\u00d3LO A N\u00daMEROS OFICIALES Se han detectado cobros fraudulentos asociados a llamadas realizadas a n\u00fameros de tarificaci\u00f3n especial. [&hellip;]<\/p>\n","protected":false},"author":137,"featured_media":0,"parent":111,"menu_order":1,"comment_status":"closed","ping_status":"closed","template":"page-templates\/sectioned.php","meta":{"_acf_changed":false,"footnotes":""},"class_list":["post-1114","page","type-page","status-publish","hentry"],"acf":[],"_links":{"self":[{"href":"https:\/\/help.unhcr.org\/spain\/wp-json\/wp\/v2\/pages\/1114","targetHints":{"allow":["GET"]}}],"collection":[{"href":"https:\/\/help.unhcr.org\/spain\/wp-json\/wp\/v2\/pages"}],"about":[{"href":"https:\/\/help.unhcr.org\/spain\/wp-json\/wp\/v2\/types\/page"}],"author":[{"embeddable":true,"href":"https:\/\/help.unhcr.org\/spain\/wp-json\/wp\/v2\/users\/137"}],"replies":[{"embeddable":true,"href":"https:\/\/help.unhcr.org\/spain\/wp-json\/wp\/v2\/comments?post=1114"}],"version-history":[{"count":56,"href":"https:\/\/help.unhcr.org\/spain\/wp-json\/wp\/v2\/pages\/1114\/revisions"}],"predecessor-version":[{"id":2685,"href":"https:\/\/help.unhcr.org\/spain\/wp-json\/wp\/v2\/pages\/1114\/revisions\/2685"}],"up":[{"embeddable":true,"href":"https:\/\/help.unhcr.org\/spain\/wp-json\/wp\/v2\/pages\/111"}],"wp:attachment":[{"href":"https:\/\/help.unhcr.org\/spain\/wp-json\/wp\/v2\/media?parent=1114"}],"curies":[{"name":"wp","href":"https:\/\/api.w.org\/{rel}","templated":true}]}}