{"id":111,"date":"2020-05-20T09:01:02","date_gmt":"2020-05-20T09:01:02","guid":{"rendered":"http:\/\/help.unhcr.org\/spain\/?page_id=111"},"modified":"2025-03-12T15:02:33","modified_gmt":"2025-03-12T15:02:33","slug":"solicitar-asilo-en-espana","status":"publish","type":"page","link":"https:\/\/help.unhcr.org\/spain\/solicitar-asilo-en-espana\/","title":{"rendered":"Solicitar asilo en Espa\u00f1a"},"content":{"rendered":"\n<h3 class=\"wp-block-heading\">\u00bfC\u00f3mo y d\u00f3nde puedo solicitar asilo en Espa\u00f1a?<\/h3>\n\n\n\n<ul class=\"wp-block-list\"><li><strong>Dentro del\u00a0territorio espa\u00f1ol<\/strong>\u00a0debes pedir cita en las Oficinas de Extranjeros o Comisar\u00edas de Polic\u00eda autorizadas. <a rel=\"noreferrer noopener\" href=\"https:\/\/help.unhcr.org\/spain\/solicitar-asilo-en-espana\/solicitud-de-asilo-en-territorio-espanol-2\/\" target=\"_blank\">M\u00e1s informaci\u00f3n sobre c\u00f3mo solicitar asilo en territorio espa\u00f1ol en este enlace.<\/a><\/li><\/ul>\n\n\n\n<ul class=\"wp-block-list\"><li>Si te encuentras en un <strong>puerto, aeropuerto o en la frontera <\/strong>de Ceuta o Melilla, comunica a la Polic\u00eda Nacional o Guardia Civil que quieres pedir asilo. <a href=\"https:\/\/help.unhcr.org\/spain\/solicitar-asilo-en-espana\/solicitud-de-asilo-en-puestos-fronterizos-y-en-centros-de-internamiento-de-extranjeros-cies\/\" target=\"_blank\" rel=\"noreferrer noopener\">Encontrar\u00e1s m\u00e1s informaci\u00f3n en este enlace.<\/a><\/li><\/ul>\n\n\n\n<ul class=\"wp-block-list\"><li>Si estas en un<strong>&nbsp;Centro de Internamiento de Extranjeros (CIE)<\/strong>&nbsp;o en una <strong>prisi\u00f3n en Espa\u00f1a<\/strong>, comunica a la direcci\u00f3n del centro que quieres pedir asilo. <a href=\"https:\/\/help.unhcr.org\/spain\/solicitar-asilo-en-espana\/solicitud-de-asilo-en-puestos-fronterizos-y-en-centros-de-internamiento-de-extranjeros-cies\/\" target=\"_blank\" rel=\"noreferrer noopener\">Encontrar\u00e1s m\u00e1s informaci\u00f3n en este enlace.<\/a><\/li><\/ul>\n\n\n\n<p>Puedes solicitar asilo en cualquier momento desde tu entrada en Espa\u00f1a. No obstante,&nbsp;<strong>es recomendable hacerlo lo antes posible <\/strong>y, preferiblemente, antes de que haya transcurrido un mes desde tu llegada. Tambi\u00e9n puedes solicitar asilo si la situaci\u00f3n que te impide regresar a tu pa\u00eds se ha producido mientras estabas en Espa\u00f1a o en cualquier otro pa\u00eds extranjero, incluso si llevas mucho tiempo fuera de tu pa\u00eds.<\/p>\n\n\n\n<figure class=\"wp-block-embed aligncenter is-type-video is-provider-youtube wp-block-embed-youtube wp-embed-aspect-16-9 wp-has-aspect-ratio\"><div class=\"wp-block-embed__wrapper\">\n<iframe loading=\"lazy\" title=\"Protecci\u00f3n internacional: informaci\u00f3n sobre el procedimiento de asilo en Espa\u00f1a\" width=\"640\" height=\"360\" src=\"https:\/\/www.youtube.com\/embed\/CHEB2rTw1bc?feature=oembed\" frameborder=\"0\" allow=\"accelerometer; autoplay; clipboard-write; encrypted-media; gyroscope; picture-in-picture; web-share\" referrerpolicy=\"strict-origin-when-cross-origin\" allowfullscreen><\/iframe>\n<\/div><figcaption><a rel=\"noreferrer noopener\" href=\"https:\/\/www.youtube.com\/watch?v=CHEB2rTw1bc\" target=\"_blank\">Encuentra informaci\u00f3n acerca de d\u00f3nde formalizar tu solicitud de asilo en este video.<\/a><\/figcaption><\/figure>\n","protected":false},"excerpt":{"rendered":"<p>\u00bfC\u00f3mo y d\u00f3nde puedo solicitar asilo en Espa\u00f1a? Dentro del\u00a0territorio espa\u00f1ol\u00a0debes pedir cita en las Oficinas de Extranjeros o Comisar\u00edas de Polic\u00eda autorizadas. M\u00e1s informaci\u00f3n sobre c\u00f3mo solicitar asilo en territorio espa\u00f1ol en este enlace. Si te encuentras en un puerto, aeropuerto o en la frontera de Ceuta o Melilla, comunica a la Polic\u00eda Nacional [&hellip;]<\/p>\n","protected":false},"author":1,"featured_media":0,"parent":0,"menu_order":20,"comment_status":"closed","ping_status":"closed","template":"page-templates\/listing_page.php","meta":{"_acf_changed":false,"footnotes":""},"class_list":["post-111","page","type-page","status-publish","hentry"],"acf":[],"_links":{"self":[{"href":"https:\/\/help.unhcr.org\/spain\/wp-json\/wp\/v2\/pages\/111","targetHints":{"allow":["GET"]}}],"collection":[{"href":"https:\/\/help.unhcr.org\/spain\/wp-json\/wp\/v2\/pages"}],"about":[{"href":"https:\/\/help.unhcr.org\/spain\/wp-json\/wp\/v2\/types\/page"}],"author":[{"embeddable":true,"href":"https:\/\/help.unhcr.org\/spain\/wp-json\/wp\/v2\/users\/1"}],"replies":[{"embeddable":true,"href":"https:\/\/help.unhcr.org\/spain\/wp-json\/wp\/v2\/comments?post=111"}],"version-history":[{"count":9,"href":"https:\/\/help.unhcr.org\/spain\/wp-json\/wp\/v2\/pages\/111\/revisions"}],"predecessor-version":[{"id":2640,"href":"https:\/\/help.unhcr.org\/spain\/wp-json\/wp\/v2\/pages\/111\/revisions\/2640"}],"wp:attachment":[{"href":"https:\/\/help.unhcr.org\/spain\/wp-json\/wp\/v2\/media?parent=111"}],"curies":[{"name":"wp","href":"https:\/\/api.w.org\/{rel}","templated":true}]}}