{"id":1108,"date":"2021-12-06T11:58:13","date_gmt":"2021-12-06T11:58:13","guid":{"rendered":"https:\/\/help.unhcr.org\/spain\/?page_id=1108"},"modified":"2022-01-11T12:28:47","modified_gmt":"2022-01-11T12:28:47","slug":"contacta-con-acnur","status":"publish","type":"page","link":"https:\/\/help.unhcr.org\/spain\/contacta-con-acnur\/","title":{"rendered":"Contacta con ACNUR"},"content":{"rendered":"\n<div class=\"wpcf7 no-js\" id=\"wpcf7-f1106-o1\" lang=\"en-US\" dir=\"ltr\" data-wpcf7-id=\"1106\">\n<div class=\"screen-reader-response\"><p role=\"status\" aria-live=\"polite\" aria-atomic=\"true\"><\/p> <ul><\/ul><\/div>\n<form action=\"\/spain\/wp-json\/wp\/v2\/pages\/1108#wpcf7-f1106-o1\" method=\"post\" class=\"wpcf7-form init\" aria-label=\"Contact form\" enctype=\"multipart\/form-data\" novalidate=\"novalidate\" data-status=\"init\">\n<fieldset class=\"hidden-fields-container\"><input type=\"hidden\" name=\"_wpcf7\" value=\"1106\" \/><input type=\"hidden\" name=\"_wpcf7_version\" value=\"6.1.4\" \/><input type=\"hidden\" name=\"_wpcf7_locale\" value=\"en_US\" \/><input type=\"hidden\" name=\"_wpcf7_unit_tag\" value=\"wpcf7-f1106-o1\" \/><input type=\"hidden\" name=\"_wpcf7_container_post\" value=\"0\" \/><input type=\"hidden\" name=\"_wpcf7_posted_data_hash\" value=\"\" \/><input type=\"hidden\" name=\"_wpcf7_recaptcha_response\" value=\"\" \/>\n<\/fieldset>\n<div class=\"row\">\n\t<div class=\"col-md-12 col-sm-12\">\n\t\t<p><label for=\"contact-info\">Si no ha encontrado la informaci\u00f3n que buscabas en este portal, puedes contactarnos a trav\u00e9s del siguiente formulario. Por favor, ten en cuenta que podemos responder con mayor agilidad a consultas en espa\u00f1ol, ingl\u00e9s y franc\u00e9s, pero requerimos de m\u00e1s tiempo para contestar a consultas es en otros idiomas.<br \/>\n<\/label>\n\t\t<\/p>\n\t<\/div>\n<\/div>\n<div class=\"row\">\n\t<div class=\"col-md-12 col-sm-12\">\n\t\t<p><label for=\"contact-authorise\">Los datos solicitados en este fichero son necesarios para que ACNUR comprenda tu situaci\u00f3n en Espa\u00f1a y pueda darte la informaci\u00f3n u orientaci\u00f3n que necesitas. Estos datos est\u00e1n protegidos por la <a href=\"https:\/\/www.refworld.org\/docid\/55643c1d4.html\"> Pol\u00edtica de protecci\u00f3n de datos personales de personas de inter\u00e9s del ACNUR, a la que puedes acceder haciendo clic en este enlace<\/a>.<br \/>\nEs posible que para dar seguimiento a tu consulta ACNUR deba comunicarse con las autoridades competentes en materia de asilo u organizaciones del sistema de acogida, seg\u00fan proceda. Con el objetivo de agilizar la tramitaci\u00f3n de tu consulta, y \u00fanicamente cuando sea necesario, indica a continuaci\u00f3n si consientes que ACNUR comparta estos datos. * <\/label>\n\t\t<\/p>\n\t<\/div>\n<\/div>\n<div class=\"col-md-12 col-sm-12\">\n\t<p><span class=\"wpcf7-form-control-wrap\" data-name=\"contact-authorise\"><span class=\"wpcf7-form-control wpcf7-checkbox wpcf7-validates-as-required wpcf7-exclusive-checkbox\"><span class=\"wpcf7-list-item first\"><label><input type=\"checkbox\" name=\"contact-authorise\" value=\"S\u00ed, autorizo el tratamiento de mis datos personales para la gesti\u00f3n de mi consulta.\" \/><span class=\"wpcf7-list-item-label\">S\u00ed, autorizo el tratamiento de mis datos personales para la gesti\u00f3n de mi consulta.<\/span><\/label><\/span><span class=\"wpcf7-list-item last\"><label><input type=\"checkbox\" name=\"contact-authorise\" value=\"No autorizo. Prefiero que antes de iniciar la tramitaci\u00f3n de mi consulta, ACNUR contacte conmigo expresamente para autorizar la cesi\u00f3n de alguno de mis datos.\" \/><span class=\"wpcf7-list-item-label\">No autorizo. Prefiero que antes de iniciar la tramitaci\u00f3n de mi consulta, ACNUR contacte conmigo expresamente para autorizar la cesi\u00f3n de alguno de mis datos.<\/span><\/label><\/span><\/span><\/span>\n\t<\/p>\n<\/div>\n<div class=\"row\">\n\t<div class=\"col-md-6 col-sm-12\">\n\t\t<p><label for=\"contact-first-name\">Nombre* <\/label><br \/>\n<span class=\"wpcf7-form-control-wrap\" data-name=\"contact-first-name\"><input size=\"40\" maxlength=\"400\" class=\"wpcf7-form-control wpcf7-text wpcf7-validates-as-required\" id=\"contact-first-name\" aria-required=\"true\" aria-invalid=\"false\" value=\"\" type=\"text\" name=\"contact-first-name\" \/><\/span>\n\t\t<\/p>\n\t<\/div>\n\t<div class=\"col-md-6 col-sm-12\">\n\t\t<p><label for=\"contact-surname\">Apellidos* <\/label><br \/>\n<span class=\"wpcf7-form-control-wrap\" data-name=\"contact-surname\"><input size=\"40\" maxlength=\"400\" class=\"wpcf7-form-control wpcf7-text wpcf7-validates-as-required\" id=\"contact-surname\" aria-required=\"true\" aria-invalid=\"false\" value=\"\" type=\"text\" name=\"contact-surname\" \/><\/span>\n\t\t<\/p>\n\t<\/div>\n<\/div>\n<div class=\"row\">\n\t<div class=\"col-md-6 col-sm-12\">\n\t\t<p><label for=\"contact-phone\">Tel\u00e9fono* <\/label><br \/>\n<span class=\"wpcf7-form-control-wrap\" data-name=\"contact-phone\"><input size=\"40\" maxlength=\"400\" class=\"wpcf7-form-control wpcf7-text wpcf7-validates-as-required\" id=\"contact-phone\" aria-required=\"true\" aria-invalid=\"false\" value=\"\" type=\"text\" name=\"contact-phone\" \/><\/span>\n\t\t<\/p>\n\t<\/div>\n\t<div class=\"col-md-6 col-sm-12\">\n\t\t<p><label for=\"contact-email\">Correo o e-mail* <\/label><br \/>\n<span class=\"wpcf7-form-control-wrap\" data-name=\"contact-email\"><input size=\"40\" maxlength=\"400\" class=\"wpcf7-form-control wpcf7-email wpcf7-validates-as-required wpcf7-text wpcf7-validates-as-email\" id=\"contact-email\" aria-required=\"true\" aria-invalid=\"false\" value=\"\" type=\"email\" name=\"contact-email\" \/><\/span>\n\t\t<\/p>\n\t<\/div>\n<\/div>\n<div class=\"row\">\n\t<div class=\"col-md-12 col-sm-12\">\n\t\t<p><label for=\"contact-gender\">G\u00e9nero* <\/label>\n\t\t<\/p>\n\t<\/div>\n<\/div>\n<div class=\"row\">\n\t<div class=\"col-md-12 col-sm-12\">\n\t\t<p><span class=\"wpcf7-form-control-wrap\" data-name=\"menu-gender\"><select class=\"wpcf7-form-control wpcf7-select wpcf7-validates-as-required\" aria-required=\"true\" aria-invalid=\"false\" name=\"menu-gender\"><option value=\"\">-- Por favor seleccione su g\u00e9nero --<\/option><option value=\"Mujer\">Mujer<\/option><option value=\"Hombre\">Hombre<\/option><option value=\"Mujer transg\u00e9nero\">Mujer transg\u00e9nero<\/option><option value=\"Hombre transg\u00e9nero\">Hombre transg\u00e9nero<\/option><option value=\"G\u00e9nero no binario \/ g\u00e9nero fluido\">G\u00e9nero no binario \/ g\u00e9nero fluido<\/option><option value=\"Prefiero no especificar\">Prefiero no especificar<\/option><\/select><\/span>\n\t\t<\/p>\n\t<\/div>\n<\/div>\n<div class=\"row\">\n\t<div class=\"col-md-12 col-sm-12\">\n\t\t<p><label for=\"contact-status\">Situaci\u00f3n administrativa en Espa\u00f1a* <\/label>\n\t\t<\/p>\n\t<\/div>\n<\/div>\n<div class=\"row\">\n\t<div class=\"col-md-12 col-sm-12\">\n\t\t<p><span class=\"wpcf7-form-control-wrap\" data-name=\"menu-status\"><select class=\"wpcf7-form-control wpcf7-select wpcf7-validates-as-required\" aria-required=\"true\" aria-invalid=\"false\" name=\"menu-status\"><option value=\"\">-- Por favor seleccione un estado --<\/option><option value=\"Solicitante de asilo\">Solicitante de asilo<\/option><option value=\"Solicitante de apatridia\">Solicitante de apatridia<\/option><option value=\"Estatuto de refugiado\">Estatuto de refugiado<\/option><option value=\"Protecci\u00f3n subsidiaria\">Protecci\u00f3n subsidiaria<\/option><option value=\"Residencia por razones humanitarias\">Residencia por razones humanitarias<\/option><option value=\"Estatuto de ap\u00e1trida\">Estatuto de ap\u00e1trida<\/option><option value=\"Quiero solicitar asilo\">Quiero solicitar asilo<\/option><option value=\"Persona reasentada en Espa\u00f1a\">Persona reasentada en Espa\u00f1a<\/option><option value=\"Permiso de residencia por extranjer\u00eda\">Permiso de residencia por extranjer\u00eda<\/option><option value=\"Nacionalidad espa\u00f1ola\">Nacionalidad espa\u00f1ola<\/option><option value=\"Han denegado mi solicitud de asilo\/apatridia\">Han denegado mi solicitud de asilo\/apatridia<\/option><option value=\"Protecci\u00f3n Temporal (Ucrania)\">Protecci\u00f3n Temporal (Ucrania)<\/option><option value=\"Otros motivos\">Otros motivos<\/option><\/select><\/span>\n\t\t<\/p>\n\t<\/div>\n<\/div>\n<div class=\"row\">\n\t<div class=\"col-md-12 col-sm-12\">\n\t\t<p><label for=\"contact-residence\">Lugar de residencia en Espa\u00f1a* <\/label>\n\t\t<\/p>\n\t<\/div>\n<\/div>\n<div class=\"row\">\n\t<div class=\"col-md-12 col-sm-12\">\n\t\t<p><span class=\"wpcf7-form-control-wrap\" data-name=\"menu-residence\"><select class=\"wpcf7-form-control wpcf7-select wpcf7-validates-as-required\" aria-required=\"true\" aria-invalid=\"false\" name=\"menu-residence\"><option value=\"\">-- Por favor seleccione su residencia actual en Espa\u00f1a --<\/option><option value=\"No resido en Espa\u00f1a\">No resido en Espa\u00f1a<\/option><option value=\"A Coru\u00f1a\">A Coru\u00f1a<\/option><option value=\"\u00c1lava\">\u00c1lava<\/option><option value=\"Albacete\">Albacete<\/option><option value=\"Alicante\">Alicante<\/option><option value=\"Almer\u00eda\">Almer\u00eda<\/option><option value=\"Asturias\">Asturias<\/option><option value=\"\u00c1vila\">\u00c1vila<\/option><option value=\"Badajoz\">Badajoz<\/option><option value=\"Baleares\">Baleares<\/option><option value=\"Barcelona\">Barcelona<\/option><option value=\"Burgos\">Burgos<\/option><option value=\"C\u00e1ceres\">C\u00e1ceres<\/option><option value=\"C\u00e1diz\">C\u00e1diz<\/option><option value=\"Cantabria\">Cantabria<\/option><option value=\"Castell\u00f3n\">Castell\u00f3n<\/option><option value=\"Ciudad Real\">Ciudad Real<\/option><option value=\"C\u00f3rdoba\">C\u00f3rdoba<\/option><option value=\"Cuenca\">Cuenca<\/option><option value=\"Girona\">Girona<\/option><option value=\"Granada\">Granada<\/option><option value=\"Guadalajara\">Guadalajara<\/option><option value=\"Gipuzkoa\">Gipuzkoa<\/option><option value=\"Huelva\">Huelva<\/option><option value=\"Huesca\">Huesca<\/option><option value=\"Ja\u00e9n\">Ja\u00e9n<\/option><option value=\"La Rioja\">La Rioja<\/option><option value=\"Las Palmas\">Las Palmas<\/option><option value=\"Le\u00f3n\">Le\u00f3n<\/option><option value=\"L\u00e9rida\">L\u00e9rida<\/option><option value=\"Lugo\">Lugo<\/option><option value=\"Madrid\">Madrid<\/option><option value=\"M\u00e1laga\">M\u00e1laga<\/option><option value=\"Murcia\">Murcia<\/option><option value=\"Navarra\">Navarra<\/option><option value=\"Ourense\">Ourense<\/option><option value=\"Palencia\">Palencia<\/option><option value=\"Pontevedra\">Pontevedra<\/option><option value=\"Salamanca\">Salamanca<\/option><option value=\"Segovia\">Segovia<\/option><option value=\"Sevilla\">Sevilla<\/option><option value=\"Soria\">Soria<\/option><option value=\"Tarragona\">Tarragona<\/option><option value=\"Santa Cruz de Tenerife\">Santa Cruz de Tenerife<\/option><option value=\"Teruel\">Teruel<\/option><option value=\"Toledo\">Toledo<\/option><option value=\"Valencia\">Valencia<\/option><option value=\"Valladolid\">Valladolid<\/option><option value=\"Vizcaya\">Vizcaya<\/option><option value=\"Zamora\">Zamora<\/option><option value=\"Zaragoza\">Zaragoza<\/option><\/select><\/span>\n\t\t<\/p>\n\t<\/div>\n<\/div>\n<div class=\"row\">\n\t<div class=\"col-md-12 col-sm-12\">\n\t\t<p><label for=\"contact-country\">Pa\u00eds de origen* <\/label>\n\t\t<\/p>\n\t<\/div>\n<\/div>\n<div class=\"row\">\n\t<div class=\"col-md-12 col-sm-12\">\n\t\t<p><span class=\"wpcf7-form-control-wrap\" data-name=\"menu-country\"><select class=\"wpcf7-form-control wpcf7-select wpcf7-validates-as-required\" aria-required=\"true\" aria-invalid=\"false\" name=\"menu-country\"><option value=\"\">-- Por favor seleccione su pa\u00eds de origen --<\/option><option value=\"Afganist\u00e1n\">Afganist\u00e1n<\/option><option value=\"Angola\">Angola<\/option><option value=\"Ap\u00e1tridas\">Ap\u00e1tridas<\/option><option value=\"Argelia\">Argelia<\/option><option value=\"Argentina\">Argentina<\/option><option value=\"Armenia\">Armenia<\/option><option value=\"Bielorusia\">Bielorusia<\/option><option value=\"Brasil\">Brasil<\/option><option value=\"Burkina Faso\">Burkina Faso<\/option><option value=\"Burundi\">Burundi<\/option><option value=\"Camer\u00fan\">Camer\u00fan<\/option><option value=\"Chad\">Chad<\/option><option value=\"China\">China<\/option><option value=\"Colombia\">Colombia<\/option><option value=\"Congo\">Congo<\/option><option value=\"Costa de Marfil\">Costa de Marfil<\/option><option value=\"Cuba\">Cuba<\/option><option value=\"Ecuador\">Ecuador<\/option><option value=\"Egipto\">Egipto<\/option><option value=\"El Salvador\">El Salvador<\/option><option value=\"Emiratos \u00c1rabes Unidos\">Emiratos \u00c1rabes Unidos<\/option><option value=\"Eritrea\">Eritrea<\/option><option value=\"Estado de Palestina\">Estado de Palestina<\/option><option value=\"Etiopia\">Etiopia<\/option><option value=\"Federaci\u00f3n Rusa\">Federaci\u00f3n Rusa<\/option><option value=\"Gambia\">Gambia<\/option><option value=\"Georgia\">Georgia<\/option><option value=\"Ghana\">Ghana<\/option><option value=\"Guatemala\">Guatemala<\/option><option value=\"Guinea\">Guinea<\/option><option value=\"Guinea Ecuatorial\">Guinea Ecuatorial<\/option><option value=\"Guinea-Bissau\">Guinea-Bissau<\/option><option value=\"Hait\u00ed\">Hait\u00ed<\/option><option value=\"Honduras\">Honduras<\/option><option value=\"India\">India<\/option><option value=\"Indonesia\">Indonesia<\/option><option value=\"Ir\u00e1n\">Ir\u00e1n<\/option><option value=\"Iraq\">Iraq<\/option><option value=\"Israel\">Israel<\/option><option value=\"L\u00edbano\">L\u00edbano<\/option><option value=\"Libia\">Libia<\/option><option value=\"Mal\u00ed\">Mal\u00ed<\/option><option value=\"Marruecos\">Marruecos<\/option><option value=\"Mauritania\">Mauritania<\/option><option value=\"M\u00e9xico\">M\u00e9xico<\/option><option value=\"Mozambique\">Mozambique<\/option><option value=\"Nicaragua\">Nicaragua<\/option><option value=\"N\u00edger\">N\u00edger<\/option><option value=\"Nigeria\">Nigeria<\/option><option value=\"Pakist\u00e1n\">Pakist\u00e1n<\/option><option value=\"Paraguay\">Paraguay<\/option><option value=\"Per\u00fa\">Per\u00fa<\/option><option value=\"Rep. Centroafricana\">Rep. Centroafricana<\/option><option value=\"Rep. de Corea\">Rep. de Corea<\/option><option value=\"Rep. Dem. Popular de Corea\">Rep. Dem. Popular de Corea<\/option><option value=\"Rep. Dem. Rep. del Congo\">Rep. Dem. Rep. del Congo<\/option><option value=\"Rep\u00fablica \u00c1rabe Siria\">Rep\u00fablica \u00c1rabe Siria<\/option><option value=\"Ruanda\">Ruanda<\/option><option value=\"Sahara Occidental\">Sahara Occidental<\/option><option value=\"Senegal\">Senegal<\/option><option value=\"Sierra Leona\">Sierra Leona<\/option><option value=\"Somalia\">Somalia<\/option><option value=\"Sud\u00e1n\">Sud\u00e1n<\/option><option value=\"Sud\u00e1n del Sur\">Sud\u00e1n del Sur<\/option><option value=\"T\u00fanez\">T\u00fanez<\/option><option value=\"T\u00fcrkiye\">T\u00fcrkiye<\/option><option value=\"Ucrania\">Ucrania<\/option><option value=\"Uganda\">Uganda<\/option><option value=\"Uruguay\">Uruguay<\/option><option value=\"Venezuela\">Venezuela<\/option><option value=\"Yemen\">Yemen<\/option><option value=\"Otros\">Otros<\/option><\/select><\/span>\n\t\t<\/p>\n\t<\/div>\n<\/div>\n<div class=\"row\">\n\t<div class=\"col-md-12 col-sm-12\">\n\t\t<p><label for=\"contact-age-group\">\u00bfTienes menos de 18 a\u00f1os?* <\/label>\n\t\t<\/p>\n\t<\/div>\n<\/div>\n<div class=\"col-md-12 col-sm-12\">\n\t<p><span class=\"wpcf7-form-control-wrap\" data-name=\"contact-age-group\"><span class=\"wpcf7-form-control wpcf7-checkbox wpcf7-validates-as-required wpcf7-exclusive-checkbox\"><span class=\"wpcf7-list-item first\"><label><input type=\"checkbox\" name=\"contact-age-group\" value=\"Si\" \/><span class=\"wpcf7-list-item-label\">Si<\/span><\/label><\/span><span class=\"wpcf7-list-item last\"><label><input type=\"checkbox\" name=\"contact-age-group\" value=\"No\" \/><span class=\"wpcf7-list-item-label\">No<\/span><\/label><\/span><\/span><\/span>\n\t<\/p>\n<\/div>\n<div class=\"row\">\n\t<div class=\"col-md-6 col-sm-12\">\n\t\t<p><label for=\"contact-other-support\">Si est\u00e1s siendo apoyado o recibes alg\u00fan tipo de ayuda de una ONG en Espa\u00f1a, por favor comparte el nombre de la organizaci\u00f3n <\/label><br \/>\n<span class=\"wpcf7-form-control-wrap\" data-name=\"contact-other-support\"><input size=\"40\" maxlength=\"400\" class=\"wpcf7-form-control wpcf7-text\" id=\"contact-other-support\" aria-invalid=\"false\" value=\"\" type=\"text\" name=\"contact-other-support\" \/><\/span>\n\t\t<\/p>\n\t<\/div>\n<\/div>\n<div class=\"row\">\n\t<div class=\"col-md-12 col-sm-12\">\n\t\t<p><label for=\"contact-subject\">Indica el motivo de tu consulta* <\/label>\n\t\t<\/p>\n\t<\/div>\n<\/div>\n<div class=\"row\">\n\t<div class=\"col-md-12 col-sm-12\">\n\t\t<p><span class=\"wpcf7-form-control-wrap\" data-name=\"menu-subject\"><select class=\"wpcf7-form-control wpcf7-select wpcf7-validates-as-required\" aria-required=\"true\" aria-invalid=\"false\" name=\"menu-subject\"><option value=\"\">-- Seleccione el motivo de su consulta o pregunta --<\/option><option value=\"Cita con la oficina de ACNUR en Madrid\">Cita con la oficina de ACNUR en Madrid<\/option><option value=\"Documentaci\u00f3n de asilo \/ apatridia\">Documentaci\u00f3n de asilo \/ apatridia<\/option><option value=\"Reagrupaci\u00f3n familiar\">Reagrupaci\u00f3n familiar<\/option><option value=\"Programa de reasentamiento\">Programa de reasentamiento<\/option><option value=\"Sistema de acogida\">Sistema de acogida<\/option><option value=\"Informaci\u00f3n sobre asilo\">Informaci\u00f3n sobre asilo<\/option><option value=\"Apatridia\">Apatridia<\/option><option value=\"Educaci\u00f3n\">Educaci\u00f3n<\/option><option value=\"Empleo\">Empleo<\/option><option value=\"Salud\">Salud<\/option><option value=\"Vivienda\">Vivienda<\/option><option value=\"Discapacidad\">Discapacidad<\/option><option value=\"Retorno voluntario a pa\u00eds de origen\">Retorno voluntario a pa\u00eds de origen<\/option><option value=\"Denuncia por la vulneraci\u00f3n de derechos fundamentales\">Denuncia por la vulneraci\u00f3n de derechos fundamentales<\/option><option value=\"Queja, recomendaci\u00f3n o comentario sobre actuaciones o servicios de ACNUR\">Queja, recomendaci\u00f3n o comentario sobre actuaciones o servicios de ACNUR<\/option><\/select><\/span>\n\t\t<\/p>\n\t<\/div>\n<\/div>\n<div class=\"row\">\n\t<div class=\"col-md-12 col-sm-12\">\n\t\t<p><label for=\"contact-message\">Explica brevemente el motivo de tu consulta (M\u00e1ximo 150 palabras) <\/label>\n\t\t<\/p>\n\t\t<div id=\"messagetext\">\n\t\t\t<div id=\"messagetextcontent\">\n\t\t\t\t<p><span class=\"wpcf7-form-control-wrap\" data-name=\"contact-message\"><textarea cols=\"40\" rows=\"10\" maxlength=\"1500\" minlength=\"10\" class=\"wpcf7-form-control wpcf7-textarea\" id=\"contact-message\" aria-invalid=\"false\" name=\"contact-message\"><\/textarea><\/span>\n\t\t\t\t<\/p>\n\t\t\t<\/div>\n\t\t<\/div>\n\t<\/div>\n<\/div>\n<div class=\"row\">\n\t<div class=\"col-md-12 col-sm-12\">\n\t\t<p><label for=\"contact-asylum-doc\">Adjunta tu documentaci\u00f3n de asilo aqu\u00ed (Esto nos ayudar\u00e1 a agilizar tu consulta). <\/label><br \/>\n<span class=\"wpcf7-form-control-wrap\" data-name=\"file-asylum-doc\"><input size=\"40\" class=\"wpcf7-form-control wpcf7-file\" accept=\".pdf,.doc,.docx,.jpeg,.jpg,.png\" aria-invalid=\"false\" type=\"file\" name=\"file-asylum-doc\" \/><\/span>\n\t\t<\/p>\n\t<\/div>\n<\/div>\n<div class=\"row\">\n\t<div class=\"col-md-12 col-sm-12\">\n\t\t<p><label for=\"contact-other-doc\">Adjunta otros documentos relacionados con tu consulta aqu\u00ed (Esto nos ayudar\u00e1 a agilizar tu consulta). <\/label><br \/>\n<span class=\"wpcf7-form-control-wrap\" data-name=\"file-other-doc\"><input size=\"40\" class=\"wpcf7-form-control wpcf7-file\" accept=\".pdf,.doc,.docx,.jpeg,.jpg,.png\" aria-invalid=\"false\" type=\"file\" name=\"file-other-doc\" \/><\/span>\n\t\t<\/p>\n\t<\/div>\n<\/div>\n<div class=\"row\" style=\"width: 95%;margin-bottom: 1em\">\n\t<div class=\"col-md-6 col-sm-12\">\n\t\t<p><input class=\"wpcf7-form-control wpcf7-submit has-spinner hp-btn hp-btn-ok\" id=\"submit\" type=\"submit\" value=\"Enviar formulario\" \/>\n\t\t<\/p>\n\t<\/div>\n<\/div><div class=\"wpcf7-response-output\" aria-hidden=\"true\"><\/div>\n<\/form>\n<\/div>\n\n","protected":false},"excerpt":{"rendered":"","protected":false},"author":64,"featured_media":0,"parent":0,"menu_order":0,"comment_status":"closed","ping_status":"closed","template":"","meta":{"_acf_changed":false,"footnotes":""},"class_list":["post-1108","page","type-page","status-publish","hentry"],"acf":[],"_links":{"self":[{"href":"https:\/\/help.unhcr.org\/spain\/wp-json\/wp\/v2\/pages\/1108","targetHints":{"allow":["GET"]}}],"collection":[{"href":"https:\/\/help.unhcr.org\/spain\/wp-json\/wp\/v2\/pages"}],"about":[{"href":"https:\/\/help.unhcr.org\/spain\/wp-json\/wp\/v2\/types\/page"}],"author":[{"embeddable":true,"href":"https:\/\/help.unhcr.org\/spain\/wp-json\/wp\/v2\/users\/64"}],"replies":[{"embeddable":true,"href":"https:\/\/help.unhcr.org\/spain\/wp-json\/wp\/v2\/comments?post=1108"}],"version-history":[{"count":1,"href":"https:\/\/help.unhcr.org\/spain\/wp-json\/wp\/v2\/pages\/1108\/revisions"}],"predecessor-version":[{"id":1109,"href":"https:\/\/help.unhcr.org\/spain\/wp-json\/wp\/v2\/pages\/1108\/revisions\/1109"}],"wp:attachment":[{"href":"https:\/\/help.unhcr.org\/spain\/wp-json\/wp\/v2\/media?parent=1108"}],"curies":[{"name":"wp","href":"https:\/\/api.w.org\/{rel}","templated":true}]}}