{"id":1035,"date":"2021-08-20T22:35:50","date_gmt":"2021-08-20T22:35:50","guid":{"rendered":"http:\/\/help.unhcr.org\/spain\/?page_id=1035"},"modified":"2021-11-10T13:42:40","modified_gmt":"2021-11-10T13:42:40","slug":"informacion-afganistan","status":"publish","type":"page","link":"https:\/\/help.unhcr.org\/spain\/informacion-afganistan\/","title":{"rendered":"Afganist\u00e1n: Informaci\u00f3n de inter\u00e9s"},"content":{"rendered":"\n<p><strong>Informaci\u00f3n sobre la situaci\u00f3n en Afganist\u00e1n y la salida de nacionales afganos:&nbsp;<\/strong><\/p>\n\n\n\n<p>Los programas de evacuaci\u00f3n y los criterios de selecci\u00f3n para la salida de nacionales afganos desde Afganist\u00e1n se gestionan directamente por las autoridades de los pa\u00edses concernidos. Otorgar visados y autorizar la entrada en sus respectivos territorios, corresponde exclusivamente a los Estados.<\/p>\n\n\n\n<p>Nuestros equipos siguen trabajando en Afganist\u00e1n brindando ayuda humanitaria y asistencia a millones de desplazados internos y mantendremos nuestra presencia mientras tengamos acceso a la poblaci\u00f3n y las condiciones de seguridad nos lo permitan.<\/p>\n\n\n\n<p>ACNUR ha hecho un llamamiento a nivel internacional a todos los Estados para pedir que mantengan sus fronteras abiertas y permitan la entrada de personas de Afganist\u00e1n que necesitan protecci\u00f3n internacional. <a href=\"https:\/\/www.acnur.org\/es-es\/noticias\/briefing\/2021\/8\/611b8de84\/acnur-lanza-una-advertencia-contra-los-retornos-forzados-a-afganistan.html\">En este enlace puedes encontrar la petici\u00f3n realizada por ACNUR a todos los Estados para asegurar el acceso de los nacionales afganos a los procedimientos de asilo y su advertencia contra los retornos forzosos a Afganist\u00e1n.<\/a><\/p>\n\n\n\n<p>Las oficinas de ACNUR en los pa\u00edses lim\u00edtrofes a Afganist\u00e1n han abierto portales de&nbsp;informaci\u00f3n&nbsp;(<em>helplines<\/em>) para ayudar a nacionales afganos en Afganist\u00e1n y en los pa\u00edses vecinos:<\/p>\n\n\n\n<ul class=\"wp-block-list\"><li><a href=\"https:\/\/eur02.safelinks.protection.outlook.com\/?url=https%3A%2F%2Fhelp.unhcr.org%2Fafghanistan%2F&amp;data=04%7C01%7Cespuga%40unhcr.org%7C2513ee5f38e44ef4f00108d98c434ea2%7Ce5c37981666441348a0c6543d2af80be%7C0%7C0%7C637695042975935374%7CUnknown%7CTWFpbGZsb3d8eyJWIjoiMC4wLjAwMDAiLCJQIjoiV2luMzIiLCJBTiI6Ik1haWwiLCJXVCI6Mn0%3D%7C1000&amp;sdata=OFDjXAdchkBogDu7dx4xBnmtZwbS05dAZxTiE14FrmA%3D&amp;reserved=0\">Portal HELP en Afganist\u00e1n<\/a><\/li><li><a href=\"https:\/\/eur02.safelinks.protection.outlook.com\/?url=https%3A%2F%2Fhelp.unhcr.org%2Fpakistan%2F&amp;data=04%7C01%7Cespuga%40unhcr.org%7C2513ee5f38e44ef4f00108d98c434ea2%7Ce5c37981666441348a0c6543d2af80be%7C0%7C0%7C637695042975935374%7CUnknown%7CTWFpbGZsb3d8eyJWIjoiMC4wLjAwMDAiLCJQIjoiV2luMzIiLCJBTiI6Ik1haWwiLCJXVCI6Mn0%3D%7C1000&amp;sdata=xJyeuYqYrGAnmDxkYiVmm0PL4hlqquwJyxnQ2rG9Hqk%3D&amp;reserved=0\">Portal HELP en Pakist\u00e1n<\/a><\/li><li><a href=\"https:\/\/eur02.safelinks.protection.outlook.com\/?url=https%3A%2F%2Fhelp.unhcr.org%2Firan%2F&amp;data=04%7C01%7Cespuga%40unhcr.org%7C2513ee5f38e44ef4f00108d98c434ea2%7Ce5c37981666441348a0c6543d2af80be%7C0%7C0%7C637695042975945334%7CUnknown%7CTWFpbGZsb3d8eyJWIjoiMC4wLjAwMDAiLCJQIjoiV2luMzIiLCJBTiI6Ik1haWwiLCJXVCI6Mn0%3D%7C1000&amp;sdata=dZ4h8s4AwFJ4leX4BMdOZk%2FcY1L5xk3tDItHuU0mto0%3D&amp;reserved=0\">Portal HELP en Ir\u00e1n<\/a><\/li><\/ul>\n\n\n\n<p><strong>Si deseas solicitar asilo en Espa\u00f1a:<\/strong><\/p>\n\n\n\n<p>Encontrar\u00e1s&nbsp;informaci\u00f3n sobre&nbsp;<a href=\"https:\/\/eur02.safelinks.protection.outlook.com\/?url=https%3A%2F%2Fhelp.unhcr.org%2Fspain%2Fsolicitar-asilo-en-espana%2F&amp;data=04%7C01%7Cespuga%40unhcr.org%7C2513ee5f38e44ef4f00108d98c434ea2%7Ce5c37981666441348a0c6543d2af80be%7C0%7C0%7C637695042975945334%7CUnknown%7CTWFpbGZsb3d8eyJWIjoiMC4wLjAwMDAiLCJQIjoiV2luMzIiLCJBTiI6Ik1haWwiLCJXVCI6Mn0%3D%7C1000&amp;sdata=C58oeIZycnTgoZqbf4Z3qF%2FCHjHw6%2BFVhq%2F4fWHjECQ%3D&amp;reserved=0\">como acceder al procedimiento de asilo haciendo clic aqu\u00ed.<\/a><\/p>\n\n\n\n<p><strong>Si eres un nacional afgano refugiado o solicitante de asilo en Espa\u00f1a:&nbsp;<\/strong><\/p>\n\n\n\n<p>Para aportar documentaci\u00f3n a la Oficina de Asilo y Refugio (OAR) o conocer el estado de tramitaci\u00f3n de un expediente de protecci\u00f3n internacional o apatridia, es preciso presentar un escrito ante un registro administrativo. <a href=\"http:\/\/www.interior.gob.es\/web\/servicios-al-ciudadano\/participacion-ciudadana\/derechos-de-participacion-administrativa\/registros-administrativos\">Puedes encontrar m\u00e1s informaci\u00f3n acerca de los registros administrativos en este enlace.<\/a> Para cuestiones relacionadas con casos de Afganist\u00e1n, deber\u00e1s usar el mismo m\u00e9todo de contacto.<\/p>\n\n\n\n<p>Para enviar un escrito por registro oficial, deber\u00e1s seguir los siguientes pasos:<\/p>\n\n\n\n<ol class=\"wp-block-list\"><li>Encuentra una oficina con servicio de registro administrativo. <a href=\"https:\/\/administracion.gob.es\/pagFront\/atencionCiudadana\/oficinas\/encuentraOficina.htm\">Puedes encontrar la oficina m\u00e1s cercana en este enlace.<\/a><\/li><li>Presenta en&nbsp;esta oficina un escrito&nbsp;dirigido a la Subdirecci\u00f3n General de Protecci\u00f3n Internacional&nbsp;aportando la documentaci\u00f3n o solicitando informaci\u00f3n sobre el estado de tu expediente. La oficina registrar\u00e1 tu escrito y te devolver\u00e1 el original junto con el resguardo de presentaci\u00f3n.<\/li><li>En el caso de solicitar informaci\u00f3n sobre el estado de tramitaci\u00f3n de tu expediente, la OAR (Oficina de Asilo y Refugio) se pondr\u00e1 en contacto contigo a trav\u00e9s de los datos que figuran en tu expediente.<\/li><\/ol>\n","protected":false},"excerpt":{"rendered":"<p>Informaci\u00f3n sobre la situaci\u00f3n en Afganist\u00e1n y la salida de nacionales afganos:&nbsp; Los programas de evacuaci\u00f3n y los criterios de selecci\u00f3n para la salida de nacionales afganos desde Afganist\u00e1n se gestionan directamente por las autoridades de los pa\u00edses concernidos. Otorgar visados y autorizar la entrada en sus respectivos territorios, corresponde exclusivamente a los Estados. Nuestros [&hellip;]<\/p>\n","protected":false},"author":137,"featured_media":0,"parent":0,"menu_order":0,"comment_status":"closed","ping_status":"closed","template":"","meta":{"_acf_changed":false,"footnotes":""},"class_list":["post-1035","page","type-page","status-publish","hentry"],"acf":[],"_links":{"self":[{"href":"https:\/\/help.unhcr.org\/spain\/wp-json\/wp\/v2\/pages\/1035","targetHints":{"allow":["GET"]}}],"collection":[{"href":"https:\/\/help.unhcr.org\/spain\/wp-json\/wp\/v2\/pages"}],"about":[{"href":"https:\/\/help.unhcr.org\/spain\/wp-json\/wp\/v2\/types\/page"}],"author":[{"embeddable":true,"href":"https:\/\/help.unhcr.org\/spain\/wp-json\/wp\/v2\/users\/137"}],"replies":[{"embeddable":true,"href":"https:\/\/help.unhcr.org\/spain\/wp-json\/wp\/v2\/comments?post=1035"}],"version-history":[{"count":9,"href":"https:\/\/help.unhcr.org\/spain\/wp-json\/wp\/v2\/pages\/1035\/revisions"}],"predecessor-version":[{"id":1068,"href":"https:\/\/help.unhcr.org\/spain\/wp-json\/wp\/v2\/pages\/1035\/revisions\/1068"}],"wp:attachment":[{"href":"https:\/\/help.unhcr.org\/spain\/wp-json\/wp\/v2\/media?parent=1035"}],"curies":[{"name":"wp","href":"https:\/\/api.w.org\/{rel}","templated":true}]}}