{"id":102,"date":"2020-05-16T11:04:36","date_gmt":"2020-05-16T11:04:36","guid":{"rendered":"http:\/\/help.unhcr.org\/spain\/?page_id=102"},"modified":"2025-12-19T15:07:02","modified_gmt":"2025-12-19T15:07:02","slug":"acnur-en-espana","status":"publish","type":"page","link":"https:\/\/help.unhcr.org\/spain\/donde-encontrar-ayuda-espana\/acnur-en-espana\/","title":{"rendered":"ACNUR en Espa\u00f1a"},"content":{"rendered":"\n<p>La Oficina de&nbsp;<a href=\"https:\/\/www.acnur.org\/es-es\/\"><strong>ACNUR en Espa\u00f1a<\/strong><\/a>&nbsp;<strong>trabaja para proteger los derechos y el bienestar de las personas solicitantes de asilo y refugiadas en Espa\u00f1a<\/strong>, prestando asesoramiento y colaboraci\u00f3n a las autoridades espa\u00f1olas y apoyando a las comunidades de refugiados.<\/p>\n\n\n\n<p>ACNUR en Espa\u00f1a tambi\u00e9n colabora con ONGs para ayudar a las personas refugiadas y solicitantes de asilo a acceder a sus derechos y facilitar su inclusi\u00f3n en la sociedad espa\u00f1ola. Asimismo, lleva a cabo actividades formativas y de informaci\u00f3n p\u00fablica sobre protecci\u00f3n internacional.<\/p>\n\n\n\n<p>En Espa\u00f1a,&nbsp;<strong>ACNUR participa en el procedimiento de asilo valorando y emitiendo recomendaciones sobre las solicitudes de asilo.<\/strong>&nbsp;Adem\u00e1s, participa con voz, pero sin voto, en la Comisi\u00f3n Interministerial del Asilo y Refugio (CIAR), donde se deciden mensualmente qu\u00e9 casos se resuelven con alg\u00fan tipo de protecci\u00f3n internacional (asilo, protecci\u00f3n subsidiaria o razones humanitarias), o se deniegan o se archivan.<\/p>\n\n\n\n<p>Desde la oficina de ACNUR en Espa\u00f1a&nbsp;<strong>no ofrecemos asistencia legal, ni gestionamos asistencia o ayudas directas de forma individual,&nbsp;<\/strong>pero podemos proporcionarte&nbsp;<strong>informaci\u00f3n sobre el sistema de asilo en Espa\u00f1a y sobre c\u00f3mo contactar con las organizaciones especializadas que prestan estos servicios de forma gratuita<\/strong>. Puedes encontrar informaci\u00f3n en este portal, nuestra p\u00e1gina web y redes sociales, consult\u00e1ndonos presencialmente en nuestra oficina de Madrid o por tel\u00e9fono.<\/p>\n\n\n\n<p>Por \u00faltimo, trabajamos para <strong>promover la participaci\u00f3n de las personas refugiadas, solicitantes de asilo y ap\u00e1tridas <\/strong>en los programas que afectan a sus vidas. Apoyamos los procesos de autonom\u00eda y resiliencia con el objetivo de que las personas refugiadas, solicitantes de protecci\u00f3n internacional y ap\u00e1tridas tengan una posici\u00f3n de liderazgo y puedan convertirse en agentes de cambio poniendo al servicio de la comunidad de acogida sus conocimientos y experiencia. En este sentido, contamos con proyectos que pretenden mejorar el acceso a informaci\u00f3n relevante, reforzar la comunicaci\u00f3n con nuestra oficina para detectar retos y oportunidades en el sistema de protecci\u00f3n internacional, apoyar a grupos, iniciativas y asociaciones lideradas por personas refugiadas, as\u00ed como oportunidades de capacitaci\u00f3n, empoderamiento y voluntariado.<\/p>\n\n\n\n<p><strong>Los servicios de ACNUR son gratuitos<\/strong><\/p>\n\n\n\n<p>Todos los servicios proporcionados por ACNUR son gratuitos, ya sean servicios proporcionados directamente por ACNUR o a trav\u00e9s de sus socios implementadores. Si cualquier persona, incluido un empleado de ACNUR u otra organizaci\u00f3n afirma que puede ayudarte a recibir un servicio de ACNUR a cambio de dinero u otro tipo de favores, debe ser comunicado inmediatamente a la Representante de ACNUR en Espa\u00f1a.<\/p>\n\n\n\n<p>Para presentar una queja relacionada con alguna actuaci\u00f3n o servicios prestados por ACNUR en Espa\u00f1a, por favor, dir\u00edgete a la Representante de ACNUR a trav\u00e9s de<a> este formulario <\/a>o enviando un correo electr\u00f3nico a&nbsp;<a href=\"mailto:spamacomplaint@unhcr.org\"><strong>spamacomplaint@unhcr.org<\/strong><\/a>. Las quejas ser\u00e1n tratadas de manera confidencial.<\/p>\n\n\n\n<hr class=\"wp-block-separator has-css-opacity\" \/>\n\n\n\n<h2 class=\"wp-block-heading\">Datos de contacto: <\/h2>\n\n\n\n<p>La Oficina de ACNUR en Espa\u00f1a ofrece los siguientes servicios de atenci\u00f3n al p\u00fablico:<\/p>\n\n\n\n<ul class=\"wp-block-list\">\n<li><strong>Por tel\u00e9fono<\/strong>:&nbsp; +34 91 077 21 50 de lunes a viernes, en horario de 10:00h-12:00h.&nbsp;&nbsp;<\/li>\n\n\n\n<li><strong>Por correo electr\u00f3nico<\/strong>:&nbsp;<a href=\"mailto:spama@unhcr.org\" target=\"_blank\" rel=\"noreferrer noopener\">spama@unhcr.org<\/a>&nbsp;<\/li>\n\n\n\n<li><a href=\"https:\/\/help.unhcr.org\/spain\/contacta-con-acnur\/\" target=\"_blank\" rel=\"noreferrer noopener\"><b>Formulario de contacto, haciendo <\/b><\/a><strong><a href=\"https:\/\/help.unhcr.org\/spain\/contacta-con-acnur\/\" target=\"_blank\" rel=\"noreferrer noopener\">clic en este enlace  <\/a><\/strong><\/li>\n\n\n\n<li><strong>P\u00e1gina web:<\/strong>&nbsp;<a href=\"https:\/\/www.acnur.org\/es-es\/\" target=\"_blank\" rel=\"noreferrer noopener\">https:\/\/www.acnur.org\/es-es\/<\/a><\/li>\n\n\n\n<li><strong>Redes sociales:<\/strong> <a href=\"https:\/\/www.linkedin.com\/feed\/\" target=\"_blank\" rel=\"noreferrer noopener\">LinkedIn<\/a>, &nbsp;<a href=\"https:\/\/www.facebook.com\/ACNUR\/\" target=\"_blank\" rel=\"noreferrer noopener\">Facebook<\/a>, <a href=\"https:\/\/www.instagram.com\/acnurspain\/\" target=\"_blank\" rel=\"noreferrer noopener\">Instagram<\/a>,&nbsp;<a href=\"https:\/\/x.com\/ACNURspain\" target=\"_blank\" rel=\"noreferrer noopener\">X (Twitter)<\/a><\/li>\n<\/ul>\n\n\n\n<p>Excepcionalmente y cuando as\u00ed se valore por el equipo de ACNUR, se podr\u00e1 atender presencialmente a las personas que lo necesiten\u00a0<strong>con cita previa<\/strong>\u00a0en la Oficina de ACNUR en Madrid.\u00a0\u00a0<br>&#8211; NO\u00a0ES POSIBLE\u00a0ATENDER\u00a0SIN CITA PREVIA.\u00a0<strong>La cita previa se debe solicitar por tel\u00e9fono: +34 91 077 21 50 en el horario de 10 a 12h o por correo electr\u00f3nico\u00a0<\/strong><a href=\"mailto:spama@unhcr.org\" target=\"_blank\" rel=\"noreferrer noopener\">spama@unhcr.org<\/a><strong>,\u00a0 y se asignar\u00e1 seg\u00fan valoraci\u00f3n del equipo de ACNUR.<\/strong>\u00a0<\/p>\n\n\n\n<p>Si est\u00e1s <strong>Ceuta<\/strong>, has solicitado asilo o quieres hacerlo y necesitas contactar con ACNUR, ponemos a tu disposici\u00f3n la siguiente l\u00ednea telef\u00f3nica:&nbsp;+34 674 21 35 06<\/p>\n\n\n\n<ul class=\"wp-block-list\">\n<li>Horario de atenci\u00f3n: de lunes a viernes de 16:00h a 17:00h<\/li>\n\n\n\n<li>Idiomas de atenci\u00f3n: espa\u00f1ol, ingl\u00e9s, franc\u00e9s.<\/li>\n<\/ul>\n","protected":false},"excerpt":{"rendered":"<p>La Oficina de&nbsp;ACNUR en Espa\u00f1a&nbsp;trabaja para proteger los derechos y el bienestar de las personas solicitantes de asilo y refugiadas en Espa\u00f1a, prestando asesoramiento y colaboraci\u00f3n a las autoridades espa\u00f1olas y apoyando a las comunidades de refugiados. ACNUR en Espa\u00f1a tambi\u00e9n colabora con ONGs para ayudar a las personas refugiadas y solicitantes de asilo a [&hellip;]<\/p>\n","protected":false},"author":1,"featured_media":0,"parent":160,"menu_order":0,"comment_status":"closed","ping_status":"closed","template":"page-templates\/sectioned.php","meta":{"_acf_changed":false,"footnotes":""},"class_list":["post-102","page","type-page","status-publish","hentry"],"acf":[],"_links":{"self":[{"href":"https:\/\/help.unhcr.org\/spain\/wp-json\/wp\/v2\/pages\/102","targetHints":{"allow":["GET"]}}],"collection":[{"href":"https:\/\/help.unhcr.org\/spain\/wp-json\/wp\/v2\/pages"}],"about":[{"href":"https:\/\/help.unhcr.org\/spain\/wp-json\/wp\/v2\/types\/page"}],"author":[{"embeddable":true,"href":"https:\/\/help.unhcr.org\/spain\/wp-json\/wp\/v2\/users\/1"}],"replies":[{"embeddable":true,"href":"https:\/\/help.unhcr.org\/spain\/wp-json\/wp\/v2\/comments?post=102"}],"version-history":[{"count":34,"href":"https:\/\/help.unhcr.org\/spain\/wp-json\/wp\/v2\/pages\/102\/revisions"}],"predecessor-version":[{"id":3422,"href":"https:\/\/help.unhcr.org\/spain\/wp-json\/wp\/v2\/pages\/102\/revisions\/3422"}],"up":[{"embeddable":true,"href":"https:\/\/help.unhcr.org\/spain\/wp-json\/wp\/v2\/pages\/160"}],"wp:attachment":[{"href":"https:\/\/help.unhcr.org\/spain\/wp-json\/wp\/v2\/media?parent=102"}],"curies":[{"name":"wp","href":"https:\/\/api.w.org\/{rel}","templated":true}]}}