{"id":100,"date":"2020-05-16T11:01:05","date_gmt":"2020-05-16T11:01:05","guid":{"rendered":"http:\/\/help.unhcr.org\/spain\/?page_id=100"},"modified":"2025-12-22T09:52:20","modified_gmt":"2025-12-22T09:52:20","slug":"bienvenido","status":"publish","type":"page","link":"https:\/\/help.unhcr.org\/spain\/","title":{"rendered":"Bienvenido\/a"},"content":{"rendered":"\n<p class=\"has-text-align-center has-luminous-vivid-amber-background-color has-background has-small-font-size\"><strong><mark class=\"has-inline-color has-vivid-red-color\">\u00a1ATENCI\u00d3N! SE HAN DETECTADO SITUACIONES DE FRAUDE <\/mark><br>El procedimiento de asilo, as\u00ed como los servicios de ACNUR y de las ONG son GRATUITOS. <\/strong><br>Cualquier persona u organizaci\u00f3n que pretenda ayudarte a cambio de dinero o favores debe ser reportada inmediatamente. <br><a href=\"https:\/\/help.unhcr.org\/spain\/atencion\/\" target=\"_blank\" rel=\"noreferrer noopener\"><strong>HAZ CLIC AQU\u00cd PARA M\u00c1S INFORMACI\u00d3N<\/strong><\/a><\/p>\n\n\n\n<p class=\"has-text-align-left has-white-color has-vivid-cyan-blue-background-color has-text-color has-background has-link-color has-small-font-size wp-elements-064623fdf412d5c845e1051015a5623f\"><strong><mark style=\"background-color:#8ed1fc\" class=\"has-inline-color has-vivid-red-color\">Aviso Importante: Cambio de Oficina de ACNUR en Madrid<\/mark><\/strong><br><br>ACNUR Espa\u00f1a informa de la\u00a0reapertura\u00a0de su oficina en Madrid. Con esta ocasi\u00f3n, se recuerda que la Oficina de ACNUR en Espa\u00f1a ofrece los siguientes servicios de atenci\u00f3n al p\u00fablico:\u00a0<br>&#8211; <strong>Por tel\u00e9fono:<\/strong>\u00a0+34 91 077 21 50 de lunes a viernes, en horario de 10:00h-12:00h.\u00a0\u00a0\u00a0<br><strong>&#8211; Por correo electr\u00f3nico<\/strong>:\u00a0<a href=\"mailto:spama@unhcr.org\">spama@unhcr.org<\/a>\u00a0\u00a0<br>&#8211;\u00a0<a href=\"https:\/\/help.unhcr.org\/spain\/contacta-con-acnur\/\"><strong>Formulario de contacto, haciendo\u00a0clic en este enlace\u00a0<\/strong><\/a><br>Excepcionalmente y cuando as\u00ed se valore por el equipo de ACNUR, se podr\u00e1 atender presencialmente a las personas que lo necesiten\u00a0<strong>con cita previa<\/strong>\u00a0en la Oficina de ACNUR en Madrid.\u00a0\u00a0<br><strong>NO\u00a0ES POSIBLE\u00a0ATENDER\u00a0PRESENCIALMENTE SIN CITA PREVIA<\/strong>.\u00a0La cita previa se debe solicitar por tel\u00e9fono: +34 91 077 21 50 en el horario de 10 a 12h o por correo electr\u00f3nico\u00a0<a href=\"mailto:spama@unhcr.org\">spama@unhcr.org<\/a>, y se asignar\u00e1 seg\u00fan valoraci\u00f3n del equipo de ACNUR.\u00a0<\/p>\n\n\n\n<p>ACNUR, la Agencia de la ONU para los Refugiados, ha creado esta web para apoyar a&nbsp;personas que se han visto obligadas a huir de sus pa\u00edses a causa de conflictos o persecuci\u00f3n.<\/p>\n\n\n\n<p>Aqu\u00ed encontrar\u00e1s informaci\u00f3n sobre:<\/p>\n\n\n\n<div class=\"wp-block-buttons is-horizontal is-layout-flex wp-block-buttons-is-layout-flex\">\n<div class=\"wp-block-button is-style-outline is-style-outline--1\"><a class=\"wp-block-button__link has-vivid-cyan-blue-color has-text-color has-link-color wp-element-button\" href=\"https:\/\/help.unhcr.org\/spain\/solicitar-asilo-en-espana\/\" target=\"_blank\" rel=\"noreferrer noopener\"><img loading=\"lazy\" decoding=\"async\" width=\"500\" height=\"501\" class=\"wp-image-869\" style=\"width: 25px\" src=\"https:\/\/help.unhcr.org\/spain\/wp-content\/uploads\/sites\/61\/2021\/07\/Reporting.png\" alt=\"\" srcset=\"https:\/\/help.unhcr.org\/spain\/wp-content\/uploads\/sites\/61\/2021\/07\/Reporting.png 500w, https:\/\/help.unhcr.org\/spain\/wp-content\/uploads\/sites\/61\/2021\/07\/Reporting-300x300.png 300w, https:\/\/help.unhcr.org\/spain\/wp-content\/uploads\/sites\/61\/2021\/07\/Reporting-150x150.png 150w\" sizes=\"auto, (max-width: 500px) 100vw, 500px\" \/>Solicitar Asilo en Espa\u00f1a<\/a><\/div>\n<\/div>\n\n\n\n<div class=\"wp-block-buttons is-layout-flex wp-block-buttons-is-layout-flex\">\n<div class=\"wp-block-button is-style-outline is-style-outline--2\"><a class=\"wp-block-button__link has-vivid-cyan-blue-color has-text-color has-link-color wp-element-button\" href=\"https:\/\/help.unhcr.org\/spain\/donde-encontrar-ayuda-espana\/asistencia-legal\/\" target=\"_blank\" rel=\"noreferrer noopener\"><img loading=\"lazy\" decoding=\"async\" width=\"234\" height=\"130\" class=\"wp-image-883\" style=\"width: 33px\" src=\"https:\/\/help.unhcr.org\/spain\/wp-content\/uploads\/sites\/61\/2021\/07\/icon-legal-assistance.png\" alt=\"\"> Abogados de Asilo Gratuitos<\/a><\/div>\n<\/div>\n\n\n\n<div class=\"wp-block-buttons is-layout-flex wp-block-buttons-is-layout-flex\">\n<div class=\"wp-block-button is-style-outline is-style-outline--3\"><a class=\"wp-block-button__link has-vivid-cyan-blue-color has-text-color has-link-color wp-element-button\" href=\"https:\/\/help.unhcr.org\/spain\/acceso-sistema-acogida\/\" target=\"_blank\" rel=\"noreferrer noopener\"><img loading=\"lazy\" decoding=\"async\" width=\"500\" height=\"750\" class=\"wp-image-1851\" style=\"width: 16px\" src=\"https:\/\/help.unhcr.org\/spain\/wp-content\/uploads\/sites\/61\/2022\/06\/NGO-office.png\" alt=\"\" srcset=\"https:\/\/help.unhcr.org\/spain\/wp-content\/uploads\/sites\/61\/2022\/06\/NGO-office.png 500w, https:\/\/help.unhcr.org\/spain\/wp-content\/uploads\/sites\/61\/2022\/06\/NGO-office-200x300.png 200w\" sizes=\"auto, (max-width: 500px) 100vw, 500px\" \/> Alojamiento y Ayudas Sociales<\/a><\/div>\n<\/div>\n\n\n\n<div class=\"wp-block-buttons is-layout-flex wp-block-buttons-is-layout-flex\">\n<div class=\"wp-block-button is-style-outline is-style-outline--4\"><a class=\"wp-block-button__link has-vivid-cyan-blue-color has-text-color has-link-color wp-element-button\" href=\"https:\/\/help.unhcr.org\/spain\/educacion\/\" target=\"_blank\" rel=\"noreferrer noopener\"><img loading=\"lazy\" decoding=\"async\" width=\"500\" height=\"500\" class=\"wp-image-874\" style=\"width: 25px\" src=\"https:\/\/help.unhcr.org\/spain\/wp-content\/uploads\/sites\/61\/2021\/07\/Learning.png\" alt=\"\" srcset=\"https:\/\/help.unhcr.org\/spain\/wp-content\/uploads\/sites\/61\/2021\/07\/Learning.png 500w, https:\/\/help.unhcr.org\/spain\/wp-content\/uploads\/sites\/61\/2021\/07\/Learning-300x300.png 300w, https:\/\/help.unhcr.org\/spain\/wp-content\/uploads\/sites\/61\/2021\/07\/Learning-150x150.png 150w\" sizes=\"auto, (max-width: 500px) 100vw, 500px\" \/> Educaci\u00f3n y Cursos Gratuitos<\/a><\/div>\n<\/div>\n\n\n\n<div class=\"wp-block-buttons is-layout-flex wp-block-buttons-is-layout-flex\">\n<div class=\"wp-block-button is-style-outline is-style-outline--5\"><a class=\"wp-block-button__link has-vivid-cyan-blue-color has-text-color has-link-color wp-element-button\" href=\"https:\/\/help.unhcr.org\/spain\/donde-encontrar-ayuda-espana\/acceso-a-sanidad\/\" target=\"_blank\" rel=\"noreferrer noopener\"><img loading=\"lazy\" decoding=\"async\" width=\"500\" height=\"612\" class=\"wp-image-960\" style=\"width: 16px\" src=\"https:\/\/help.unhcr.org\/spain\/wp-content\/uploads\/sites\/61\/2021\/07\/Health-facility.png\" alt=\"\" srcset=\"https:\/\/help.unhcr.org\/spain\/wp-content\/uploads\/sites\/61\/2021\/07\/Health-facility.png 500w, https:\/\/help.unhcr.org\/spain\/wp-content\/uploads\/sites\/61\/2021\/07\/Health-facility-245x300.png 245w\" sizes=\"auto, (max-width: 500px) 100vw, 500px\" \/> Salud &#8211; Asistencia M\u00e9dica<\/a><\/div>\n<\/div>\n\n\n\n<div class=\"wp-block-buttons is-layout-flex wp-block-buttons-is-layout-flex\">\n<div class=\"wp-block-button is-style-outline is-style-outline--6\"><a class=\"wp-block-button__link has-vivid-cyan-blue-color has-text-color has-link-color wp-element-button\" href=\"https:\/\/help.unhcr.org\/spain\/solicitar-asilo-en-espana\/solicitantes-de-asilo\/\" target=\"_blank\" rel=\"noreferrer noopener\"><img loading=\"lazy\" decoding=\"async\" width=\"500\" height=\"502\" class=\"wp-image-2414\" style=\"width: 20px\" src=\"https:\/\/help.unhcr.org\/spain\/wp-content\/uploads\/sites\/61\/2023\/01\/Rule-of-law-and-justice.png\" alt=\"\" srcset=\"https:\/\/help.unhcr.org\/spain\/wp-content\/uploads\/sites\/61\/2023\/01\/Rule-of-law-and-justice.png 500w, https:\/\/help.unhcr.org\/spain\/wp-content\/uploads\/sites\/61\/2023\/01\/Rule-of-law-and-justice-300x300.png 300w, https:\/\/help.unhcr.org\/spain\/wp-content\/uploads\/sites\/61\/2023\/01\/Rule-of-law-and-justice-150x150.png 150w\" sizes=\"auto, (max-width: 500px) 100vw, 500px\" \/> Tus Derechos y Obligaciones<\/a><\/div>\n<\/div>\n\n\n\n<div class=\"wp-block-buttons is-layout-flex wp-block-buttons-is-layout-flex\">\n<div class=\"wp-block-button is-style-outline is-style-outline--7\"><a class=\"wp-block-button__link has-vivid-cyan-blue-color has-text-color has-link-color wp-element-button\" href=\"https:\/\/help.unhcr.org\/spain\/donde-encontrar-ayuda-espana\/videos-informativos\/\" target=\"_blank\" rel=\"noreferrer noopener\"><img loading=\"lazy\" decoding=\"async\" width=\"500\" height=\"500\" class=\"wp-image-1245\" style=\"width: 22px\" src=\"https:\/\/help.unhcr.org\/spain\/wp-content\/uploads\/sites\/61\/2022\/01\/Child-protection.png\" alt=\"\" srcset=\"https:\/\/help.unhcr.org\/spain\/wp-content\/uploads\/sites\/61\/2022\/01\/Child-protection.png 500w, https:\/\/help.unhcr.org\/spain\/wp-content\/uploads\/sites\/61\/2022\/01\/Child-protection-300x300.png 300w, https:\/\/help.unhcr.org\/spain\/wp-content\/uploads\/sites\/61\/2022\/01\/Child-protection-150x150.png 150w\" sizes=\"auto, (max-width: 500px) 100vw, 500px\" \/> Ni\u00f1os y Ni\u00f1as Solos\/as<\/a><\/div>\n<\/div>\n\n\n\n<div class=\"wp-block-buttons is-layout-flex wp-block-buttons-is-layout-flex\">\n<div class=\"wp-block-button is-style-outline is-style-outline--8\"><a class=\"wp-block-button__link has-vivid-cyan-blue-color has-text-color has-link-color wp-element-button\" href=\"https:\/\/help.unhcr.org\/spain\/donde-encontrar-ayuda-espana\/videos-informativos\/\" target=\"_blank\" rel=\"noreferrer noopener\"><img loading=\"lazy\" decoding=\"async\" width=\"1050\" height=\"687\" class=\"wp-image-2351\" style=\"width: 33px\" src=\"https:\/\/help.unhcr.org\/spain\/wp-content\/uploads\/sites\/61\/2023\/01\/domestic_violence3.png\" alt=\"\" srcset=\"https:\/\/help.unhcr.org\/spain\/wp-content\/uploads\/sites\/61\/2023\/01\/domestic_violence3.png 1050w, https:\/\/help.unhcr.org\/spain\/wp-content\/uploads\/sites\/61\/2023\/01\/domestic_violence3-300x196.png 300w, https:\/\/help.unhcr.org\/spain\/wp-content\/uploads\/sites\/61\/2023\/01\/domestic_violence3-1024x670.png 1024w, https:\/\/help.unhcr.org\/spain\/wp-content\/uploads\/sites\/61\/2023\/01\/domestic_violence3-768x502.png 768w\" sizes=\"auto, (max-width: 1050px) 100vw, 1050px\" \/> Violencia de G\u00e9nero<\/a><\/div>\n<\/div>\n\n\n\n<div class=\"wp-block-buttons is-layout-flex wp-block-buttons-is-layout-flex\">\n<div class=\"wp-block-button is-style-outline is-style-outline--9\"><a class=\"wp-block-button__link has-vivid-cyan-blue-color has-text-color has-link-color wp-element-button\" href=\"https:\/\/help.unhcr.org\/spain\/ukraine-relevant-information\/\" target=\"_blank\" rel=\"noreferrer noopener\"><img loading=\"lazy\" decoding=\"async\" width=\"150\" height=\"150\" class=\"wp-image-2362\" style=\"width: 20px\" src=\"https:\/\/help.unhcr.org\/spain\/wp-content\/uploads\/sites\/61\/2023\/01\/image.png\" alt=\"\"> Ucrania: Protecci\u00f3n Temporal<\/a><\/div>\n<\/div>\n\n\n\n<div class=\"wp-block-buttons is-layout-flex wp-block-buttons-is-layout-flex\">\n<div class=\"wp-block-button is-style-outline is-style-outline--10\"><a class=\"wp-block-button__link has-vivid-cyan-blue-color has-white-background-color has-text-color has-background has-link-color wp-element-button\" href=\"https:\/\/help.unhcr.org\/spain\/reunificacion-familiar-proteccion-internacional\/\" target=\"_blank\" rel=\"noreferrer noopener\">Reunificaci\u00f3n Familiar<\/a><\/div>\n<\/div>\n\n\n\n<div class=\"wp-block-buttons is-layout-flex wp-block-buttons-is-layout-flex\">\n<div class=\"wp-block-button is-style-outline is-style-outline--11\"><a class=\"wp-block-button__link has-vivid-cyan-blue-color has-text-color has-link-color wp-element-button\" href=\"https:\/\/help.unhcr.org\/spain\/donde-encontrar-ayuda-espana\/videos-informativos\/\" target=\"_blank\" rel=\"noreferrer noopener\"><img loading=\"lazy\" decoding=\"async\" width=\"500\" height=\"500\" class=\"wp-image-762\" style=\"width: 22px\" src=\"https:\/\/help.unhcr.org\/spain\/wp-content\/uploads\/sites\/61\/2021\/06\/Video-.png\" alt=\"\" srcset=\"https:\/\/help.unhcr.org\/spain\/wp-content\/uploads\/sites\/61\/2021\/06\/Video-.png 500w, https:\/\/help.unhcr.org\/spain\/wp-content\/uploads\/sites\/61\/2021\/06\/Video--300x300.png 300w, https:\/\/help.unhcr.org\/spain\/wp-content\/uploads\/sites\/61\/2021\/06\/Video--150x150.png 150w\" sizes=\"auto, (max-width: 500px) 100vw, 500px\" \/> Videos Informativos<\/a><\/div>\n<\/div>\n\n\n\n<div class=\"wp-block-buttons is-layout-flex wp-block-buttons-is-layout-flex\">\n<div class=\"wp-block-button is-style-outline is-style-outline--12\"><a class=\"wp-block-button__link has-vivid-cyan-blue-color has-text-color has-link-color wp-element-button\" href=\"https:\/\/help.unhcr.org\/spain\/donde-encontrar-ayuda-espana\/acnur-en-espana\/\" target=\"_blank\" rel=\"noreferrer noopener\"><img loading=\"lazy\" decoding=\"async\" width=\"409\" height=\"444\" class=\"wp-image-162\" style=\"width: 22px\" src=\"https:\/\/help.unhcr.org\/spain\/wp-content\/uploads\/sites\/61\/2020\/05\/unhcr_logo_for_landing_page2.png\" alt=\"\" srcset=\"https:\/\/help.unhcr.org\/spain\/wp-content\/uploads\/sites\/61\/2020\/05\/unhcr_logo_for_landing_page2.png 409w, https:\/\/help.unhcr.org\/spain\/wp-content\/uploads\/sites\/61\/2020\/05\/unhcr_logo_for_landing_page2-276x300.png 276w\" sizes=\"auto, (max-width: 409px) 100vw, 409px\" \/> \u00bfQu\u00e9 hace ACNUR en Espa\u00f1a?<\/a><\/div>\n<\/div>\n\n\n\n<div class=\"wp-block-buttons is-layout-flex wp-block-buttons-is-layout-flex\">\n<div class=\"wp-block-button is-style-outline is-style-outline--13\"><a class=\"wp-block-button__link has-vivid-cyan-blue-color has-white-background-color has-text-color has-background wp-element-button\" href=\"https:\/\/help.unhcr.org\/spain\/contacta-con-acnur\/\" target=\"_blank\" rel=\"noreferrer noopener\"><img loading=\"lazy\" decoding=\"async\" width=\"500\" height=\"313\" class=\"wp-image-2419\" style=\"width: 22px\" src=\"https:\/\/help.unhcr.org\/spain\/wp-content\/uploads\/sites\/61\/2023\/01\/E-mail-1.png\" alt=\"\" srcset=\"https:\/\/help.unhcr.org\/spain\/wp-content\/uploads\/sites\/61\/2023\/01\/E-mail-1.png 500w, https:\/\/help.unhcr.org\/spain\/wp-content\/uploads\/sites\/61\/2023\/01\/E-mail-1-300x188.png 300w\" sizes=\"auto, (max-width: 500px) 100vw, 500px\" \/> Contacta con ACNUR<\/a><\/div>\n<\/div>\n\n\n\n<div class=\"wp-block-buttons is-layout-flex wp-block-buttons-is-layout-flex\">\n<div class=\"wp-block-button is-style-outline is-style-outline--14\"><a class=\"wp-block-button__link has-vivid-red-color has-white-background-color has-text-color has-background has-link-color wp-element-button\" href=\"https:\/\/help.unhcr.org\/spain\/donde-encontrar-ayuda-espana\/reportar-fraude-corrupcion-y-conductas-indebidas\/\" style=\"border-radius:52px\" target=\"_blank\" rel=\"noreferrer noopener\">Reportar Fraude, Corrupci\u00f3n y Conductas Indebidas<\/a><\/div>\n<\/div>\n\n\n\n<hr class=\"wp-block-separator has-alpha-channel-opacity\" \/>\n\n\n<div class=\"wp-block-image is-resized\">\n<figure class=\"aligncenter size-large\"><a href=\"https:\/\/manage.kmail-lists.com\/subscriptions\/subscribe?a=Wc9Jca&amp;g=SeKVD7\" target=\"_blank\" rel=\"noreferrer noopener\"><img loading=\"lazy\" decoding=\"async\" width=\"1024\" height=\"535\" src=\"https:\/\/help.unhcr.org\/spain\/wp-content\/uploads\/sites\/61\/2023\/08\/RRSS_Boletin_Refugiados_LinkedIn-1024x535.jpg\" alt=\"\" class=\"wp-image-2722\" srcset=\"https:\/\/help.unhcr.org\/spain\/wp-content\/uploads\/sites\/61\/2023\/08\/RRSS_Boletin_Refugiados_LinkedIn-1024x535.jpg 1024w, https:\/\/help.unhcr.org\/spain\/wp-content\/uploads\/sites\/61\/2023\/08\/RRSS_Boletin_Refugiados_LinkedIn-300x157.jpg 300w, https:\/\/help.unhcr.org\/spain\/wp-content\/uploads\/sites\/61\/2023\/08\/RRSS_Boletin_Refugiados_LinkedIn-768x401.jpg 768w, https:\/\/help.unhcr.org\/spain\/wp-content\/uploads\/sites\/61\/2023\/08\/RRSS_Boletin_Refugiados_LinkedIn.jpg 1200w\" sizes=\"auto, (max-width: 1024px) 100vw, 1024px\" \/><\/a><\/figure><\/div>\n\n\n<p><\/p>\n\n\n\n<div class=\"wp-block-buttons is-layout-flex wp-block-buttons-is-layout-flex\">\n<div class=\"wp-block-button is-style-outline aligncenter is-style-outline--15\"><a class=\"wp-block-button__link has-vivid-cyan-blue-color has-white-background-color has-text-color has-background wp-element-button\" href=\"https:\/\/manage.kmail-lists.com\/subscriptions\/subscribe?a=Wc9Jca&amp;g=SeKVD7\" target=\"_blank\" rel=\"noreferrer noopener\">Inscr\u00edbete: Bolet\u00edn de ACNUR para Personas Refugiadas y Ap\u00e1tridas<\/a><\/div>\n<\/div>\n\n\n\n<p><\/p>\n\n\n\n<p>Si quieres ayudar a sensibilizar sobre la realidad de las personas refugiadas y ap\u00e1tridas, participa en nuestro programa para personas refugiadas y ap\u00e1tridas, <strong>Cediendo el Micro<\/strong>:<\/p>\n\n\n\n<div class=\"wp-block-buttons is-layout-flex wp-block-buttons-is-layout-flex\">\n<div class=\"wp-block-button is-style-outline aligncenter is-style-outline--16\"><a class=\"wp-block-button__link has-white-color has-vivid-green-cyan-background-color has-text-color has-background wp-element-button\" href=\"https:\/\/help.unhcr.org\/spain\/cediendo-el-micro\/\" target=\"_blank\" rel=\"noreferrer noopener\">Programa Cediendo el Micro &#8211; Inf\u00f3rmate aqu\u00ed<\/a><\/div>\n<\/div>\n\n\n\n<p>Esta p\u00e1gina se actualiza peri\u00f3dicamente.<\/p>\n","protected":false},"excerpt":{"rendered":"<p>\u00a1ATENCI\u00d3N! SE HAN DETECTADO SITUACIONES DE FRAUDE El procedimiento de asilo, as\u00ed como los servicios de ACNUR y de las ONG son GRATUITOS. Cualquier persona u organizaci\u00f3n que pretenda ayudarte a cambio de dinero o favores debe ser reportada inmediatamente. HAZ CLIC AQU\u00cd PARA M\u00c1S INFORMACI\u00d3N Aviso Importante: Cambio de Oficina de ACNUR en Madrid [&hellip;]<\/p>\n","protected":false},"author":1,"featured_media":0,"parent":0,"menu_order":0,"comment_status":"closed","ping_status":"closed","template":"","meta":{"_acf_changed":false,"footnotes":""},"class_list":["post-100","page","type-page","status-publish","hentry"],"acf":[],"_links":{"self":[{"href":"https:\/\/help.unhcr.org\/spain\/wp-json\/wp\/v2\/pages\/100","targetHints":{"allow":["GET"]}}],"collection":[{"href":"https:\/\/help.unhcr.org\/spain\/wp-json\/wp\/v2\/pages"}],"about":[{"href":"https:\/\/help.unhcr.org\/spain\/wp-json\/wp\/v2\/types\/page"}],"author":[{"embeddable":true,"href":"https:\/\/help.unhcr.org\/spain\/wp-json\/wp\/v2\/users\/1"}],"replies":[{"embeddable":true,"href":"https:\/\/help.unhcr.org\/spain\/wp-json\/wp\/v2\/comments?post=100"}],"version-history":[{"count":88,"href":"https:\/\/help.unhcr.org\/spain\/wp-json\/wp\/v2\/pages\/100\/revisions"}],"predecessor-version":[{"id":3435,"href":"https:\/\/help.unhcr.org\/spain\/wp-json\/wp\/v2\/pages\/100\/revisions\/3435"}],"wp:attachment":[{"href":"https:\/\/help.unhcr.org\/spain\/wp-json\/wp\/v2\/media?parent=100"}],"curies":[{"name":"wp","href":"https:\/\/api.w.org\/{rel}","templated":true}]}}