{"id":968,"date":"2021-07-16T10:31:03","date_gmt":"2021-07-16T10:31:03","guid":{"rendered":"http:\/\/help.unhcr.org\/spain\/donde-encontrar-ayuda-espana\/acceso-a-sanidad\/"},"modified":"2026-03-27T10:35:01","modified_gmt":"2026-03-27T10:35:01","slug":"acceso-a-sanidad","status":"publish","type":"page","link":"https:\/\/help.unhcr.org\/spain\/fr\/donde-encontrar-ayuda-espana\/acceso-a-sanidad\/","title":{"rendered":"B\u00e9n\u00e9ficiez de la couverture m\u00e9dicale"},"content":{"rendered":"\n<p><span class=\"has-inline-color has-vivid-red-color\">En cas d\u2019urgence, appelez le 112.<\/span><\/p>\n","protected":false},"excerpt":{"rendered":"<p>En cas d\u2019urgence, appelez le 112.<\/p>\n","protected":false},"author":137,"featured_media":0,"parent":286,"menu_order":0,"comment_status":"closed","ping_status":"closed","template":"page-templates\/sectioned.php","meta":{"_acf_changed":false,"footnotes":""},"class_list":["post-968","page","type-page","status-publish","hentry"],"acf":[],"_links":{"self":[{"href":"https:\/\/help.unhcr.org\/spain\/fr\/wp-json\/wp\/v2\/pages\/968","targetHints":{"allow":["GET"]}}],"collection":[{"href":"https:\/\/help.unhcr.org\/spain\/fr\/wp-json\/wp\/v2\/pages"}],"about":[{"href":"https:\/\/help.unhcr.org\/spain\/fr\/wp-json\/wp\/v2\/types\/page"}],"author":[{"embeddable":true,"href":"https:\/\/help.unhcr.org\/spain\/fr\/wp-json\/wp\/v2\/users\/137"}],"replies":[{"embeddable":true,"href":"https:\/\/help.unhcr.org\/spain\/fr\/wp-json\/wp\/v2\/comments?post=968"}],"version-history":[{"count":4,"href":"https:\/\/help.unhcr.org\/spain\/fr\/wp-json\/wp\/v2\/pages\/968\/revisions"}],"predecessor-version":[{"id":3500,"href":"https:\/\/help.unhcr.org\/spain\/fr\/wp-json\/wp\/v2\/pages\/968\/revisions\/3500"}],"up":[{"embeddable":true,"href":"https:\/\/help.unhcr.org\/spain\/fr\/wp-json\/wp\/v2\/pages\/286"}],"wp:attachment":[{"href":"https:\/\/help.unhcr.org\/spain\/fr\/wp-json\/wp\/v2\/media?parent=968"}],"curies":[{"name":"wp","href":"https:\/\/api.w.org\/{rel}","templated":true}]}}