{"id":927,"date":"2021-07-13T13:58:39","date_gmt":"2021-07-13T13:58:39","guid":{"rendered":"http:\/\/help.unhcr.org\/spain\/educacion\/programa-know-your-rights\/"},"modified":"2023-10-16T11:57:40","modified_gmt":"2023-10-16T11:57:40","slug":"programa-know-your-rights","status":"publish","type":"page","link":"https:\/\/help.unhcr.org\/spain\/fr\/educacion\/programa-know-your-rights\/","title":{"rendered":"Programme Know Your Rights"},"content":{"rendered":"\n<p>Depuis 2020, le bureau d\u2019ACNUR en Espagne, en partenariat avec <a href=\"https:\/\/www.dlapiper.com\/es\/spain\/aboutus\/\">le cabinet d\u2019avocats DLA Piper<\/a>, organisent chaque ann\u00e9e la formation \u00ab&nbsp;Know Your Rights&nbsp;\u00bb&nbsp;; un programme totalement gratuit destin\u00e9 aux r\u00e9fugi\u00e9(e)s, demandeurs\/demandeuses d\u2019asiles et apatrides en Espagne.<\/p>\n\n\n\n<p><a href=\"https:\/\/forms.office.com\/Pages\/ResponsePage.aspx?id=gXnD5WRmNEGKDGVD0q-AvnP2ZRiJqgFFrRdXQD6tubtUNTJHNzU1TEk1UlRUSDRXMU9VODY1TzVWQy4u\">Si vous souhaitez recevoir le bulletin d\u2019informations d\u2019ACNUR, ainsi que des informations sur ce programme concret ou sur d\u2019autres programmes utiles aux r\u00e9fugi\u00e9(e)s, demandeurs\/demandeuses d\u2019asile et apatrides en Espagne, inscrivez-vous ici.<\/a><\/p>\n","protected":false},"excerpt":{"rendered":"<p>Depuis 2020, le bureau d\u2019ACNUR en Espagne, en partenariat avec le cabinet d\u2019avocats DLA Piper, organisent chaque ann\u00e9e la formation \u00ab&nbsp;Know Your Rights&nbsp;\u00bb&nbsp;; un programme totalement gratuit destin\u00e9 aux r\u00e9fugi\u00e9(e)s, demandeurs\/demandeuses d\u2019asiles et apatrides en Espagne. Si vous souhaitez recevoir le bulletin d\u2019informations d\u2019ACNUR, ainsi que des informations sur ce programme concret ou sur d\u2019autres [&hellip;]<\/p>\n","protected":false},"author":137,"featured_media":0,"parent":913,"menu_order":2,"comment_status":"closed","ping_status":"closed","template":"faq_page.php","meta":{"_acf_changed":false,"footnotes":""},"class_list":["post-927","page","type-page","status-publish","hentry"],"acf":[],"_links":{"self":[{"href":"https:\/\/help.unhcr.org\/spain\/fr\/wp-json\/wp\/v2\/pages\/927","targetHints":{"allow":["GET"]}}],"collection":[{"href":"https:\/\/help.unhcr.org\/spain\/fr\/wp-json\/wp\/v2\/pages"}],"about":[{"href":"https:\/\/help.unhcr.org\/spain\/fr\/wp-json\/wp\/v2\/types\/page"}],"author":[{"embeddable":true,"href":"https:\/\/help.unhcr.org\/spain\/fr\/wp-json\/wp\/v2\/users\/137"}],"replies":[{"embeddable":true,"href":"https:\/\/help.unhcr.org\/spain\/fr\/wp-json\/wp\/v2\/comments?post=927"}],"version-history":[{"count":4,"href":"https:\/\/help.unhcr.org\/spain\/fr\/wp-json\/wp\/v2\/pages\/927\/revisions"}],"predecessor-version":[{"id":2772,"href":"https:\/\/help.unhcr.org\/spain\/fr\/wp-json\/wp\/v2\/pages\/927\/revisions\/2772"}],"up":[{"embeddable":true,"href":"https:\/\/help.unhcr.org\/spain\/fr\/wp-json\/wp\/v2\/pages\/913"}],"wp:attachment":[{"href":"https:\/\/help.unhcr.org\/spain\/fr\/wp-json\/wp\/v2\/media?parent=927"}],"curies":[{"name":"wp","href":"https:\/\/api.w.org\/{rel}","templated":true}]}}