{"id":921,"date":"2021-07-13T13:40:21","date_gmt":"2021-07-13T13:40:21","guid":{"rendered":"http:\/\/help.unhcr.org\/spain\/educacion\/formacion-online-gratuita\/"},"modified":"2025-01-23T13:27:23","modified_gmt":"2025-01-23T13:27:23","slug":"formacion-online-gratuita","status":"publish","type":"page","link":"https:\/\/help.unhcr.org\/spain\/fr\/educacion\/formacion-online-gratuita\/","title":{"rendered":"Coursera: Formation en ligne gratuite"},"content":{"rendered":"\n<p>Si vous avez demand\u00e9 l&rsquo;asile en Espagne, le <strong>Programme Coursera-HCR <\/strong>vous offre un acc\u00e8s gratuit \u00e0 plus de 12 000 cours en ligne.<\/p>\n\n\n\n<p><strong>Coursera <\/strong>est une plateforme num\u00e9rique qui propose des cours de prestigieuses universit\u00e9s et institutions \u00e9ducatives du monde entier. Coursera collabore avec plus de 350 universit\u00e9s leaders dans 25 pays et est <strong>le plus grand fournisseur d&rsquo;\u00e9ducation en ligne ouverte<\/strong>, avec plus de 24 millions d&rsquo;\u00e9tudiants \u00e0 travers le monde. Tous les programmes de formation sont officiels et d\u00e9livrent un certificat attestant les connaissances acquises.<\/p>\n\n\n\n<p>Gr\u00e2ce \u00e0 un accord avec le HCR, la plateforme offre une <strong>formation gratuite aux r\u00e9fugi\u00e9s, demandeurs d&rsquo;asile et apatrides<\/strong>.<\/p>\n\n\n\n<div class=\"wp-block-buttons is-content-justification-center is-layout-flex wp-container-core-buttons-is-layout-16018d1d wp-block-buttons-is-layout-flex\">\n<div class=\"wp-block-button is-style-outline is-style-outline--1\"><a class=\"wp-block-button__link has-vivid-cyan-blue-color has-white-background-color has-text-color has-background has-link-color wp-element-button\" href=\"https:\/\/enketo.unhcr.org\/single\/ZphDJ37r?d[Country]=ESP&amp;_gl=1*41n502*_rup_ga*Nzc0NDg1MjY5LjE3MjE4MTUxMjg.*_rup_ga_EVDQTJ4LMY*MTczNzYzNjk5Ny4xMTAuMS4xNzM3NjM3NTEyLjU4LjAuMA..*_gcl_au*NDg2ODUyMTA0LjE3MzczNjQ4Njg.*_ga*Nzc0NDg1MjY5LjE3MjE4MTUxMjg.*_ga_LWE302QVCZ*MTczNzYzNjk5Ny43OC4xLjE3Mzc2Mzc1MTIuNTguMC4w\" target=\"_blank\" rel=\"noreferrer noopener\">Demandez un acc\u00e8s gratuit ici<\/a><\/div>\n<\/div>\n\n\n\n<p><\/p>\n\n\n\n<p class=\"has-vivid-red-color has-text-color has-link-color wp-elements-e873f04571b75f3c110dfdef9d5e017d\">Seules les demandes des personnes r\u00e9pondant aux crit\u00e8res du programme seront trait\u00e9es.<\/p>\n\n\n\n<p>Si vous souhaitez recevoir des informations du HCR sur d&rsquo;autres programmes d&rsquo;int\u00e9r\u00eat pour les r\u00e9fugi\u00e9s, demandeurs d&rsquo;asile et apatrides en Espagne, inscrivez-vous \u00e0 la <a href=\"https:\/\/manage.kmail-lists.com\/subscriptions\/subscribe?a=Wc9Jca&amp;g=SeKVD7\" target=\"_blank\" rel=\"noreferrer noopener\"><strong>Newsletter du HCR ici.<\/strong><\/a><\/p>\n","protected":false},"excerpt":{"rendered":"<p>Si vous avez demand\u00e9 l&rsquo;asile en Espagne, le Programme Coursera-HCR vous offre un acc\u00e8s gratuit \u00e0 plus de 12 000 cours en ligne. Coursera est une plateforme num\u00e9rique qui propose des cours de prestigieuses universit\u00e9s et institutions \u00e9ducatives du monde entier. Coursera collabore avec plus de 350 universit\u00e9s leaders dans 25 pays et est le [&hellip;]<\/p>\n","protected":false},"author":137,"featured_media":0,"parent":913,"menu_order":1,"comment_status":"closed","ping_status":"closed","template":"page-templates\/sectioned.php","meta":{"_acf_changed":false,"footnotes":""},"class_list":["post-921","page","type-page","status-publish","hentry"],"acf":[],"_links":{"self":[{"href":"https:\/\/help.unhcr.org\/spain\/fr\/wp-json\/wp\/v2\/pages\/921","targetHints":{"allow":["GET"]}}],"collection":[{"href":"https:\/\/help.unhcr.org\/spain\/fr\/wp-json\/wp\/v2\/pages"}],"about":[{"href":"https:\/\/help.unhcr.org\/spain\/fr\/wp-json\/wp\/v2\/types\/page"}],"author":[{"embeddable":true,"href":"https:\/\/help.unhcr.org\/spain\/fr\/wp-json\/wp\/v2\/users\/137"}],"replies":[{"embeddable":true,"href":"https:\/\/help.unhcr.org\/spain\/fr\/wp-json\/wp\/v2\/comments?post=921"}],"version-history":[{"count":15,"href":"https:\/\/help.unhcr.org\/spain\/fr\/wp-json\/wp\/v2\/pages\/921\/revisions"}],"predecessor-version":[{"id":3235,"href":"https:\/\/help.unhcr.org\/spain\/fr\/wp-json\/wp\/v2\/pages\/921\/revisions\/3235"}],"up":[{"embeddable":true,"href":"https:\/\/help.unhcr.org\/spain\/fr\/wp-json\/wp\/v2\/pages\/913"}],"wp:attachment":[{"href":"https:\/\/help.unhcr.org\/spain\/fr\/wp-json\/wp\/v2\/media?parent=921"}],"curies":[{"name":"wp","href":"https:\/\/api.w.org\/{rel}","templated":true}]}}