{"id":3129,"date":"2024-07-30T08:45:53","date_gmt":"2024-07-30T08:45:53","guid":{"rendered":"https:\/\/help.unhcr.org\/spain\/donde-encontrar-ayuda-espana\/reportar-fraude-corrupcion-y-conductas-indebidas\/"},"modified":"2025-06-03T11:39:33","modified_gmt":"2025-06-03T11:39:33","slug":"reportar-fraude-corrupcion-y-conductas-indebidas","status":"publish","type":"page","link":"https:\/\/help.unhcr.org\/spain\/fr\/donde-encontrar-ayuda-espana\/reportar-fraude-corrupcion-y-conductas-indebidas\/","title":{"rendered":"Signaler une fraude, une corruption et des comportements inappropri\u00e9s"},"content":{"rendered":"\n<p>Les r\u00e9fugi\u00e9s, les demandeurs d&rsquo;asile et les apatrides ont le droit d&rsquo;exprimer leurs opinions, pr\u00e9occupations ou suggestions concernant le HCR, ses activit\u00e9s, ou tout membre de son personnel, ainsi que sur des situations de fraude, de corruption, d&rsquo;exploitation ou d&rsquo;abus sexuels (EAS) ou d&rsquo;autres formes de comportements inappropri\u00e9s de la part du personnel du HCR ou de ses partenaires en Espagne.<\/p>\n\n\n\n<p><strong>Comment d\u00e9poser une plainte ou une suggestion en Espagne ?<\/strong><\/p>\n\n\n\n<p>Le Bureau du HCR en Espagne met \u00e0 disposition plusieurs m\u00e9canismes pour transmettre des commentaires et\/ou des plaintes sur ces questions :<\/p>\n\n\n\n<ul class=\"wp-block-list\">\n<li>Une <strong>adresse e-mail <\/strong>sp\u00e9cifique pour les plaintes et suggestions : <strong><a href=\"mailto:spamacomplaint@unhcr.org\">spamacomplaint@unhcr.org<\/a><\/strong>.<\/li>\n\n\n\n<li>Une <strong>bo\u00eete physique <\/strong>pour les plaintes et suggestions situ\u00e9e dans ses bureaux \u00e0 Madrid.<\/li>\n\n\n\n<li><strong>Des syst\u00e8mes de plaintes disponibles via les entit\u00e9s partenaires <\/strong>du HCR, qui traiteront ces plaintes\/suggestions mais doivent informer imm\u00e9diatement le HCR de toutes les all\u00e9gations d&rsquo;exploitation et d&rsquo;abus sexuels (EAS).<\/li>\n<\/ul>\n\n\n\n<p><strong>Comment les plaintes\/suggestions sont-elles trait\u00e9es au HCR Espagne ?<\/strong><\/p>\n\n\n\n<p><em>Examen des plaintes et suggestions<\/em><\/p>\n\n\n\n<p>Le Bureau du HCR en Espagne examine chaque semaine la bo\u00eete physique pour les plaintes, situ\u00e9e dans ses bureaux \u00e0 Madrid, ainsi que l&rsquo;adresse e-mail d\u00e9di\u00e9e (<strong><a href=\"mailto:spamacomplaint@unhcr.org\">spamacomplaint@unhcr.org<\/a><\/strong>).<\/p>\n\n\n\n<p>Les plaintes re\u00e7ues par d&rsquo;autres canaux de communication du HCR sont transmises au personnel responsable de l\u2019examen des bo\u00eetes pour leur gestion.<\/p>\n\n\n\n<p>Les plaintes peuvent \u00eatre envoy\u00e9es de mani\u00e8re anonyme ou avec identification.<\/p>\n\n\n\n<p><em>Proc\u00e9dure d&rsquo;examen et de r\u00e9ponse<\/em><\/p>\n\n\n\n<ul class=\"wp-block-list\">\n<li>Les all\u00e9gations de <strong>fraude, d\u2019exploitation et d\u2019abus sexuels (EAS) <\/strong>sont transmises aux Points Focaux Antifraude et EAS du Bureau du HCR en Espagne.<\/li>\n\n\n\n<li>Les <strong>plaintes contre le\/la Repr\u00e9sentant(e) ou le\/la Responsable Sup\u00e9rieur(e) de la Protection<\/strong> sont transmises au Bureau de l&rsquo;Inspecteur G\u00e9n\u00e9ral du HCR (IGO) et ne sont pas trait\u00e9es localement.<\/li>\n\n\n\n<li>Les <strong>plaintes contre les entit\u00e9s partenaires <\/strong>du HCR doivent \u00eatre trait\u00e9es par ces partenaires, bien que le HCR soit inform\u00e9 des plaintes concernant l&rsquo;exploitation ou les abus sexuels (EAS).<\/li>\n\n\n\n<li>Les <strong>plaintes ou suggestions g\u00e9n\u00e9rales<\/strong> re\u00e7oivent une r\u00e9ponse directe par e-mail de la part du personnel du HCR ou sont transmises aux coll\u00e8gues ou partenaires comp\u00e9tents pour leur traitement.<\/li>\n\n\n\n<li>Les plaintes et suggestions sont trait\u00e9es et re\u00e7oivent une r\u00e9ponse dans les meilleurs d\u00e9lais en fonction de leur gravit\u00e9, et dans tous les cas <strong>sous 3 semaines<\/strong>, selon la gravit\u00e9.<\/li>\n\n\n\n<li>Les <strong>plaintes anonymes <\/strong>sont trait\u00e9es et enregistr\u00e9es, mais ne re\u00e7oivent pas de r\u00e9ponse.<\/li>\n<\/ul>\n\n\n\n<p>Toutes les plaintes et suggestions sont g\u00e9r\u00e9es de mani\u00e8re s\u00e9curis\u00e9e et confidentielle, correctement enregistr\u00e9es et p\u00e9riodiquement partag\u00e9es avec le\/la Repr\u00e9sentant(e) du HCR, sauf celles relatives \u00e0 des situations d\u2019exploitation ou d\u2019abus sexuels (EAS) ou adress\u00e9es directement contre le\/la Repr\u00e9sentant(e).<\/p>\n\n\n\n<p class=\"has-luminous-vivid-amber-background-color has-background\"><strong>Fraude:<\/strong><\/p>\n\n\n\n<p>Si quelqu&rsquo;un vous propose d\u2019acc\u00e9l\u00e9rer votre rendez-vous ou proc\u00e9dure d&rsquo;asile, ou vous promet un acc\u00e8s prioritaire \u00e0 l&rsquo;aide sociale ou \u00e0 d&rsquo;autres services\/ressources pour les demandeurs d&rsquo;asile ou r\u00e9fugi\u00e9s en \u00e9change d&rsquo;argent, vous pourriez \u00eatre victime d\u2019une <strong>FRAUDE<\/strong>.<\/p>\n\n\n\n<p>Les services fournis par la <strong>Police, le HCR et les ONG<\/strong> sont <strong>GRATUITS<\/strong>. La proc\u00e9dure d&rsquo;asile est gratuite, y compris la prise de rendez-vous.<\/p>\n\n\n\n<p>Si vous d\u00e9cidez de faire appel \u00e0 des services professionnels payants (tels que des gestionnaires ou des avocats priv\u00e9s), assurez-vous qu\u2019ils disposent d\u2019une licence l\u00e9gale et demandez toujours des informations \u00e9crites sur le contenu du service et son prix, ainsi qu&rsquo;une facture.<\/p>\n\n\n\n<p>Si vous pensez avoir \u00e9t\u00e9 ou \u00eatre victime d&rsquo;une fraude, vous avez le droit de la signaler \u00e0 la Police.<\/p>\n\n\n\n<p>Vous pouvez signaler des fraudes impliquant le personnel du HCR ou des ONG partenaires via l&rsquo;adresse e-mail du HCR <strong><a href=\"mailto:spamacomplaint@unhcr.org\">spamacomplaint@unhcr.org<\/a><\/strong> ou via la bo\u00eete physique pour les plaintes situ\u00e9e dans les bureaux centraux du HCR en Espagne, \u00e0 Madrid.<\/p>\n\n\n\n<p class=\"has-luminous-vivid-amber-background-color has-background\"><strong>Exploitation et abus sexuels par des travailleurs humanitaires<\/strong><\/p>\n\n\n\n<p>L&rsquo;exploitation et les abus sexuels se produisent lorsque des travailleurs humanitaires abusent de leur position de pouvoir, de confiance ou de la situation de vuln\u00e9rabilit\u00e9 des r\u00e9fugi\u00e9s, des demandeurs d&rsquo;asile et des apatrides pour obtenir en \u00e9change des faveurs de nature sexuelle.<\/p>\n\n\n\n<p>Ces comportements sont interdits. Retrouvez plus d&rsquo;informations sur vos droits et <a href=\"https:\/\/help.unhcr.org\/spain\/fr\/donde-encontrar-ayuda-espana\/explotacion-y-abusos-sexuales-por-parte-de-trabajadores-humanitarios\/\" target=\"_blank\" rel=\"noreferrer noopener\">comment les signaler \u00e0 ce lien<\/a>.<\/p>\n","protected":false},"excerpt":{"rendered":"<p>Les r\u00e9fugi\u00e9s, les demandeurs d&rsquo;asile et les apatrides ont le droit d&rsquo;exprimer leurs opinions, pr\u00e9occupations ou suggestions concernant le HCR, ses activit\u00e9s, ou tout membre de son personnel, ainsi que sur des situations de fraude, de corruption, d&rsquo;exploitation ou d&rsquo;abus sexuels (EAS) ou d&rsquo;autres formes de comportements inappropri\u00e9s de la part du personnel du HCR [&hellip;]<\/p>\n","protected":false},"author":137,"featured_media":0,"parent":286,"menu_order":2,"comment_status":"closed","ping_status":"closed","template":"","meta":{"_acf_changed":false,"footnotes":""},"class_list":["post-3129","page","type-page","status-publish","hentry"],"acf":[],"_links":{"self":[{"href":"https:\/\/help.unhcr.org\/spain\/fr\/wp-json\/wp\/v2\/pages\/3129","targetHints":{"allow":["GET"]}}],"collection":[{"href":"https:\/\/help.unhcr.org\/spain\/fr\/wp-json\/wp\/v2\/pages"}],"about":[{"href":"https:\/\/help.unhcr.org\/spain\/fr\/wp-json\/wp\/v2\/types\/page"}],"author":[{"embeddable":true,"href":"https:\/\/help.unhcr.org\/spain\/fr\/wp-json\/wp\/v2\/users\/137"}],"replies":[{"embeddable":true,"href":"https:\/\/help.unhcr.org\/spain\/fr\/wp-json\/wp\/v2\/comments?post=3129"}],"version-history":[{"count":3,"href":"https:\/\/help.unhcr.org\/spain\/fr\/wp-json\/wp\/v2\/pages\/3129\/revisions"}],"predecessor-version":[{"id":3321,"href":"https:\/\/help.unhcr.org\/spain\/fr\/wp-json\/wp\/v2\/pages\/3129\/revisions\/3321"}],"up":[{"embeddable":true,"href":"https:\/\/help.unhcr.org\/spain\/fr\/wp-json\/wp\/v2\/pages\/286"}],"wp:attachment":[{"href":"https:\/\/help.unhcr.org\/spain\/fr\/wp-json\/wp\/v2\/media?parent=3129"}],"curies":[{"name":"wp","href":"https:\/\/api.w.org\/{rel}","templated":true}]}}