{"id":3112,"date":"2024-07-29T12:25:05","date_gmt":"2024-07-29T12:25:05","guid":{"rendered":"https:\/\/help.unhcr.org\/spain\/donde-encontrar-ayuda-espana\/explotacion-y-abusos-sexuales-por-parte-de-trabajadores-humanitarios\/"},"modified":"2025-06-03T11:44:14","modified_gmt":"2025-06-03T11:44:14","slug":"explotacion-y-abusos-sexuales-por-parte-de-trabajadores-humanitarios","status":"publish","type":"page","link":"https:\/\/help.unhcr.org\/spain\/fr\/donde-encontrar-ayuda-espana\/explotacion-y-abusos-sexuales-por-parte-de-trabajadores-humanitarios\/","title":{"rendered":"Exploitation et abus sexuels"},"content":{"rendered":"\n<p>L\u2019exploitation et les abus sexuels se produisent lorsque des <strong>travailleurs humanitaires abusent de leur position de pouvoir<\/strong>, de la confiance ou de la situation de vuln\u00e9rabilit\u00e9 des r\u00e9fugi\u00e9s, demandeurs d\u2019asile et apatrides <strong>pour obtenir des faveurs sexuelles en retour<\/strong>.<\/p>\n\n\n\n<p>Les travailleurs humanitaires ont l\u2019<strong>INTERDICTION <\/strong>de :<\/p>\n\n\n\n<ul class=\"wp-block-list\">\n<li>Offrir de l\u2019argent, un emploi, des biens ou des services en \u00e9change de relations sexuelles. Offrir une assistance humanitaire (par exemple, nourriture, v\u00eatements ou logement) en \u00e9change de faveurs sexuelles.<\/li>\n\n\n\n<li>Avoir toute forme de relation sexuelle avec des personnes de moins de 18 ans, quel que soit le consentement.<\/li>\n\n\n\n<li>Maintenir une relation sexuelle obtenue par la force, l\u2019intimidation, la menace ou la coercition.<\/li>\n\n\n\n<li>Entretenir toute relation sexuelle avec des personnes \u00e0 qui elles fournissent de l\u2019assistance, m\u00eame avec leur consentement.<\/li>\n\n\n\n<li>Commettre tout acte ou insinuation de nature sexuelle en \u00e9change d\u2019aide, de services ou d\u2019int\u00e9gration dans les programmes de soutien du HCR.<\/li>\n<\/ul>\n\n\n\n<p class=\"has-vivid-red-color has-text-color has-link-color wp-elements-0829df66dcc67dba7bbb76d5ebd7b9f3\">Tous ces actes sont interdits, m\u00eame si la victime consent.<\/p>\n\n\n\n<p class=\"has-vivid-red-color has-text-color has-link-color wp-elements-276fbac6ae44ad6adc156a7c9564afc8\">Si vous avez \u00e9t\u00e9 victime d\u2019exploitation ou d\u2019abus sexuels, ou si vous connaissez quelqu\u2019un qui l\u2019a \u00e9t\u00e9, vous avez le droit de le signaler.<\/p>\n\n\n\n<p><strong>Moyens de signaler :<\/strong><\/p>\n\n\n\n<ul class=\"wp-block-list\">\n<li>Envoyez un<strong> e-mail <\/strong>au point focal pour les situations d\u2019exploitation et d\u2019abus sexuels du HCR Espagne \u00e0 l\u2019adresse <strong><a href=\"mailto:spamapsea@unhcr.org\">spamapsea@unhcr.org<\/a><\/strong>. Cet incident sera imm\u00e9diatement signal\u00e9 au Bureau de l\u2019Inspecteur G\u00e9n\u00e9ral (IGO), un organe ind\u00e9pendant de surveillance interne.<\/li>\n\n\n\n<li>Toutes les plaintes re\u00e7ues par le biais d\u2019autres m\u00e9canismes de plainte du HCR seront imm\u00e9diatement transmises au point focal pour l\u2019exploitation et les abus sexuels.<\/li>\n\n\n\n<li>Vous pouvez \u00e9galement signaler l\u2019incident <strong>en personne <\/strong>dans les bureaux du HCR.<\/li>\n\n\n\n<li>Si vous ne souhaitez pas d\u00e9poser une plainte au niveau local, vous pouvez contacter directement le Bureau de l\u2019Inspecteur G\u00e9n\u00e9ral (IGO), situ\u00e9 au si\u00e8ge du HCR \u00e0 Gen\u00e8ve, Suisse, <strong>par e-mail <\/strong>\u00e0 <strong><a href=\"mailto:inspector@unhcr.org\">inspector@unhcr.org<\/a><\/strong> ou <strong>via le formulaire en ligne<\/strong> : <a href=\"https:\/\/www.unhcr.org\/igo-complaints.html\">https:\/\/www.unhcr.org\/igo-complaints.html<\/a>.<\/li>\n<\/ul>\n\n\n\n<p>Lors du signalement :<\/p>\n\n\n\n<ul class=\"wp-block-list\">\n<li>Veuillez d\u00e9crire les informations dont vous disposez sur l\u2019incident, y compris : <em>Que s\u2019est-il pass\u00e9 ? Qui a commis l\u2019acte ? O\u00f9 et quand les faits se sont-ils produits ?<\/em><\/li>\n\n\n\n<li>Vous recevrez des conseils et de l\u2019aide <strong>pour tout besoin imm\u00e9diat en mati\u00e8re de s\u00e9curit\u00e9, de protection, de sant\u00e9 et d\u2019orientation juridique<\/strong>.<\/li>\n\n\n\n<li>Si l\u2019enqu\u00eate d\u00e9termine qu\u2019il y a eu exploitation et\/ou abus sexuels, des <strong>mesures disciplinaires seront prises contre l\u2019agresseur<\/strong>, pouvant inclure, selon la gravit\u00e9 de l\u2019incident, son licenciement de l\u2019organisation, ind\u00e9pendamment des actions judiciaires pouvant \u00eatre entreprises en Espagne. <a href=\"https:\/\/www.acnur.org\/gobernanza-y-supervision-interna\/presentar-una-denuncia\" target=\"_blank\" rel=\"noreferrer noopener\">Pour plus de d\u00e9tails, consultez ce lien.<\/a><\/li>\n<\/ul>\n\n\n\n<p><strong>Rappelez-vous :<\/strong><\/p>\n\n\n\n<ul class=\"wp-block-list\">\n<li>Les actes d\u2019exploitation et d\u2019abus sexuels commis contre vous ne sont jamais de la faute de la victime.<\/li>\n\n\n\n<li>Les signalements seront confidentiels.<\/li>\n\n\n\n<li>Signaler un incident n\u2019emp\u00eachera pas la victime de recevoir de l\u2019assistance du HCR ou des ONG partenaires.<\/li>\n\n\n\n<li>Tous les services du HCR et de ses ONG partenaires sont gratuits.<\/li>\n\n\n\n<li>Vous avez le droit de signaler tout comportement sexuel inappropri\u00e9.<\/li>\n\n\n\n<li>Le HCR applique une <a href=\"https:\/\/www.acnur.org\/enfoque-centrado-en-las-victimas\" target=\"_blank\" rel=\"noreferrer noopener\">Politique centr\u00e9e sur les victimes<\/a>, qui consiste \u00e0 fournir assistance et soutien en mettant l\u2019accent sur l\u2019\u00e9coute et en priorisant la s\u00e9curit\u00e9, les droits, le bien-\u00eatre, les besoins et les d\u00e9cisions de la victime.<\/li>\n<\/ul>\n\n\n\n<p><a href=\"https:\/\/www.acnur.org\/que-hacemos\/acabar-con-la-explotacion-los-abusos-el-acoso-y-el-hostigamiento#:~:text=ACNUR%20tiene%20el%20compromiso%20de%20acabar%20con%20las,conductas%20sexuales%20indebidas%2C%20sin%20importar%20d%C3%B3nde%20hayan%20ocurrido.\" target=\"_blank\" rel=\"noreferrer noopener\">Cliquez ici pour plus d\u2019informations sur la politique de tol\u00e9rance z\u00e9ro du HCR envers l\u2019exploitation et les abus sexuels.<\/a><br><br><\/p>\n","protected":false},"excerpt":{"rendered":"<p>L\u2019exploitation et les abus sexuels se produisent lorsque des travailleurs humanitaires abusent de leur position de pouvoir, de la confiance ou de la situation de vuln\u00e9rabilit\u00e9 des r\u00e9fugi\u00e9s, demandeurs d\u2019asile et apatrides pour obtenir des faveurs sexuelles en retour. Les travailleurs humanitaires ont l\u2019INTERDICTION de : Tous ces actes sont interdits, m\u00eame si la victime [&hellip;]<\/p>\n","protected":false},"author":137,"featured_media":0,"parent":286,"menu_order":1,"comment_status":"closed","ping_status":"closed","template":"","meta":{"_acf_changed":false,"footnotes":""},"class_list":["post-3112","page","type-page","status-publish","hentry"],"acf":[],"_links":{"self":[{"href":"https:\/\/help.unhcr.org\/spain\/fr\/wp-json\/wp\/v2\/pages\/3112","targetHints":{"allow":["GET"]}}],"collection":[{"href":"https:\/\/help.unhcr.org\/spain\/fr\/wp-json\/wp\/v2\/pages"}],"about":[{"href":"https:\/\/help.unhcr.org\/spain\/fr\/wp-json\/wp\/v2\/types\/page"}],"author":[{"embeddable":true,"href":"https:\/\/help.unhcr.org\/spain\/fr\/wp-json\/wp\/v2\/users\/137"}],"replies":[{"embeddable":true,"href":"https:\/\/help.unhcr.org\/spain\/fr\/wp-json\/wp\/v2\/comments?post=3112"}],"version-history":[{"count":6,"href":"https:\/\/help.unhcr.org\/spain\/fr\/wp-json\/wp\/v2\/pages\/3112\/revisions"}],"predecessor-version":[{"id":3325,"href":"https:\/\/help.unhcr.org\/spain\/fr\/wp-json\/wp\/v2\/pages\/3112\/revisions\/3325"}],"up":[{"embeddable":true,"href":"https:\/\/help.unhcr.org\/spain\/fr\/wp-json\/wp\/v2\/pages\/286"}],"wp:attachment":[{"href":"https:\/\/help.unhcr.org\/spain\/fr\/wp-json\/wp\/v2\/media?parent=3112"}],"curies":[{"name":"wp","href":"https:\/\/api.w.org\/{rel}","templated":true}]}}