{"id":2918,"date":"2023-12-18T14:15:21","date_gmt":"2023-12-18T14:15:21","guid":{"rendered":"https:\/\/help.unhcr.org\/spain\/atencion\/"},"modified":"2025-06-03T11:52:27","modified_gmt":"2025-06-03T11:52:27","slug":"atencion","status":"publish","type":"page","link":"https:\/\/help.unhcr.org\/spain\/fr\/atencion\/","title":{"rendered":"ATTENTION !"},"content":{"rendered":"\n<p class=\"has-text-align-center has-vivid-red-color has-text-color has-link-color has-medium-font-size wp-elements-8535b119e778f6b4871e3d2372ebc558\"><strong>DES SITUATIONS DE FRAUDE ONT \u00c9T\u00c9 D\u00c9TECT\u00c9ES<\/strong><\/p>\n\n\n\n<p class=\"has-text-align-center has-medium-font-size\"><strong>Soyez vigilants !<\/strong><\/p>\n\n\n\n<p class=\"has-text-align-center has-luminous-vivid-amber-background-color has-background\">LE DEMANDE D&rsquo;ASILE EST UN DROIT, PAS UN BUSINESS<\/p>\n\n\n\n<p><strong>Si quelqu&rsquo;un vous propose d&rsquo;acc\u00e9l\u00e9rer votre rendez-vous ou votre proc\u00e9dure d&rsquo;asile<\/strong>, ou vous promet un acc\u00e8s pr\u00e9f\u00e9rentiel aux prestations sociales destin\u00e9es aux demandeurs d&rsquo;asile ou aux r\u00e9fugi\u00e9s en \u00e9change d&rsquo;argent, ATTENTION ! \u00c7a peut-\u00eatre une FRAUDE.<\/p>\n\n\n\n<p><strong>Les fraudeurs utilisent la tromperie pour demander de l&rsquo;argent en \u00e9change d&rsquo;une proc\u00e9dure &laquo;&nbsp;plus rapide&nbsp;&raquo;. Ces services frauduleux sont propos\u00e9s par le biais de diff\u00e9rents canaux, notamment les r\u00e9seaux sociaux, les groupes WhatsApp ou Telegram et les num\u00e9ros de t\u00e9l\u00e9phone non officiels. <\/strong><\/p>\n\n\n\n<p>Ces comportements peuvent \u00eatre ill\u00e9gaux en Espagne et entra\u00eener des cons\u00e9quences juridiques pour les fraudeurs. <\/p>\n\n\n\n<p>Il existe des agences ou des cabinets d&rsquo;avocats qui peuvent l\u00e9galement fournir des services li\u00e9s \u00e0 la proc\u00e9dure d&rsquo;asile, mais assurez-vous qu&rsquo;ils sont en possession d&rsquo;une licence juridique professionnelle et qu&rsquo;ils ne pratiquent pas des prix abusifs.<\/p>\n\n\n\n<p class=\"has-text-align-center has-medium-font-size\"><strong>Rappelez-vous !<\/strong><\/p>\n\n\n\n<ul class=\"wp-block-list\">\n<li>Les services fournis par les autorit\u00e9s, la police, le HCR et les ONG sont GRATUITS. <\/li>\n\n\n\n<li>Toute la proc\u00e9dure d&rsquo;asile est gratuite, y compris la proc\u00e9dure de demande de rendez-vous. <\/li>\n\n\n\n<li>Pour votre s\u00e9curit\u00e9, ne partagez pas d&rsquo;informations ou de documents personnels, en particulier par le biais des m\u00e9dias sociaux, de WhatsApp ou d&rsquo;autres applications.<\/li>\n\n\n\n<li>Si vous d\u00e9cidez de faire appel \u00e0 des services professionnels payants, demandez toujours une facture.<\/li>\n\n\n\n<li>V\u00e9rifiez toujours les informations par les voies officielles : visitez le portail d&rsquo;information du HCR sur les r\u00e9fugi\u00e9s Help.unhcr.org\/Spain<\/li>\n<\/ul>\n\n\n\n<p class=\"has-text-align-center has-white-color has-vivid-red-background-color has-text-color has-background has-link-color wp-elements-d4745a6e7b7a2e2cf3c3be89dd22b76f\"><strong>SI VOUS PENSEZ AVOIR \u00c9T\u00c9 OU \u00caTRE VICTIME D&rsquo;UNE FRAUDE, VOUS AVEZ LE DROIT DE LA D\u00c9NONCER \u00c0 LA POLICE<\/strong><\/p>\n\n\n\n<p class=\"has-text-align-center has-black-color has-text-color has-link-color wp-elements-61dfa8962b4eb52a24af7c2c65413d32\"><strong>Vous voulez prot\u00e9ger les autres ? Aidez-nous \u00e0 faire passer ce message.<\/strong><\/p>\n\n\n\n<p><\/p>\n","protected":false},"excerpt":{"rendered":"<p>DES SITUATIONS DE FRAUDE ONT \u00c9T\u00c9 D\u00c9TECT\u00c9ES Soyez vigilants ! LE DEMANDE D&rsquo;ASILE EST UN DROIT, PAS UN BUSINESS Si quelqu&rsquo;un vous propose d&rsquo;acc\u00e9l\u00e9rer votre rendez-vous ou votre proc\u00e9dure d&rsquo;asile, ou vous promet un acc\u00e8s pr\u00e9f\u00e9rentiel aux prestations sociales destin\u00e9es aux demandeurs d&rsquo;asile ou aux r\u00e9fugi\u00e9s en \u00e9change d&rsquo;argent, ATTENTION ! \u00c7a peut-\u00eatre une FRAUDE. [&hellip;]<\/p>\n","protected":false},"author":137,"featured_media":0,"parent":0,"menu_order":0,"comment_status":"closed","ping_status":"closed","template":"","meta":{"_acf_changed":false,"footnotes":""},"class_list":["post-2918","page","type-page","status-publish","hentry"],"acf":[],"_links":{"self":[{"href":"https:\/\/help.unhcr.org\/spain\/fr\/wp-json\/wp\/v2\/pages\/2918","targetHints":{"allow":["GET"]}}],"collection":[{"href":"https:\/\/help.unhcr.org\/spain\/fr\/wp-json\/wp\/v2\/pages"}],"about":[{"href":"https:\/\/help.unhcr.org\/spain\/fr\/wp-json\/wp\/v2\/types\/page"}],"author":[{"embeddable":true,"href":"https:\/\/help.unhcr.org\/spain\/fr\/wp-json\/wp\/v2\/users\/137"}],"replies":[{"embeddable":true,"href":"https:\/\/help.unhcr.org\/spain\/fr\/wp-json\/wp\/v2\/comments?post=2918"}],"version-history":[{"count":2,"href":"https:\/\/help.unhcr.org\/spain\/fr\/wp-json\/wp\/v2\/pages\/2918\/revisions"}],"predecessor-version":[{"id":3331,"href":"https:\/\/help.unhcr.org\/spain\/fr\/wp-json\/wp\/v2\/pages\/2918\/revisions\/3331"}],"wp:attachment":[{"href":"https:\/\/help.unhcr.org\/spain\/fr\/wp-json\/wp\/v2\/media?parent=2918"}],"curies":[{"name":"wp","href":"https:\/\/api.w.org\/{rel}","templated":true}]}}