{"id":290,"date":"2020-05-16T11:04:36","date_gmt":"2020-05-16T11:04:36","guid":{"rendered":"http:\/\/help.unhcr.org\/spain\/donde-encontrar-ayuda-espana\/acnur-en-espana\/"},"modified":"2025-12-19T15:11:10","modified_gmt":"2025-12-19T15:11:10","slug":"acnur-en-espana","status":"publish","type":"page","link":"https:\/\/help.unhcr.org\/spain\/fr\/donde-encontrar-ayuda-espana\/acnur-en-espana\/","title":{"rendered":"HCR\/ACNUR en Espagne"},"content":{"rendered":"\n<p>L\u2019action du <a href=\"https:\/\/www.acnur.org\/es-es\/\"><strong>HCR\/ACNUR Espagne<\/strong><\/a> <strong>vise \u00e0 prot\u00e9ger les droits et le bien-\u00eatre des demandeurs d\u2019asile et des r\u00e9fugi\u00e9s en Espagne<\/strong>, en offrant son conseil et sa collaboration aux autorit\u00e9s espagnoles et en apportant son soutien aux communaut\u00e9s de r\u00e9fugi\u00e9s.<\/p>\n\n\n\n<p>Le HCR\/ACNUR Espagne collabore \u00e9galement avec des ONG pour aider les r\u00e9fugi\u00e9s et les demandeurs d\u2019asile \u00e0 faire valoir leurs droits et pour faciliter leur inclusion au sein de la soci\u00e9t\u00e9 espagnole. Il m\u00e8ne \u00e9galement des activit\u00e9s de formation et d\u2019information publique ayant trait \u00e0 la protection internationale.<\/p>\n\n\n\n<p>En Espagne,&nbsp;<strong>le HCR\/ACNUR participe \u00e0 la proc\u00e9dure d\u2019asile en \u00e9valuant et en \u00e9mettant des recommandations sur les demandes d\u2019asile.<\/strong>&nbsp;Il participe \u00e9galement avec une voix consultative \u00e0 la Commission interminist\u00e9rielle pour l\u2019asile et les r\u00e9fugi\u00e9s (CIAR), o\u00f9 il est d\u00e9cid\u00e9 chaque mois des cas qui seront r\u00e9solus avec octroi d\u2019une protection internationale (asile, protection subsidiaire ou autorisation de s\u00e9jour pour raisons humanitaires), ou qui seront refus\u00e9s ou class\u00e9s.<\/p>\n\n\n\n<p>Le bureau du HCR\/ACNUR en Espagne <strong>n\u2019offre pas d\u2019assistance juridique et ne prend en charge ni l\u2019assistance ni les aides directes individualis\u00e9es<\/strong>, mais nous pouvons vous fournir <strong>des informations sur le syst\u00e8me d\u2019asile en Espagne et vous indiquer comment contacter les organisations sp\u00e9cialis\u00e9es qui offrent ces services gratuitement<\/strong>. Vous pouvez trouver des renseignements sur ce portail, sur notre page Web et sur les r\u00e9seaux sociaux, en venant nous consulter directement \u00e0 notre bureau de Madrid ou par t\u00e9l\u00e9phone.<\/p>\n\n\n\n<p>Enfin, nous nous effor\u00e7ons d\u2019<strong>encourager les r\u00e9fugi\u00e9s, les demandeurs d\u2019asile et les apatrides \u00e0 participer <\/strong>aux programmes qui les concernent. Nous soutenons les processus d\u2019autonomie et de r\u00e9silience afin que les r\u00e9fugi\u00e9s, les demandeurs de protection internationale et les apatrides se positionnent en leaders et deviennent des acteurs du changement en mettant leurs connaissances et leur exp\u00e9rience au service de la communaut\u00e9 h\u00f4te. Dans cette perspective, nous menons des projets visant \u00e0 am\u00e9liorer l\u2019acc\u00e8s aux informations pertinentes, \u00e0 renforcer la communication avec notre bureau pour identifier les difficult\u00e9s et les possibilit\u00e9s que pr\u00e9sente le syst\u00e8me de protection internationale, \u00e0 soutenir des groupes, des initiatives et des associations dirig\u00e9s par des r\u00e9fugi\u00e9s, ainsi qu\u2019\u00e0 encourager les opportunit\u00e9s de formation, d\u2019autonomisation et de b\u00e9n\u00e9volat.<\/p>\n\n\n\n<p><strong>Les services du HCR\/ACNUR sont gratuits<\/strong><strong><\/strong><\/p>\n\n\n\n<p>Tous les services fournis par le HCR\/ACNUR sont gratuits, qu\u2019il s\u2019agisse de services fournis directement par le HCR\/ACNUR ou par le biais de ses partenaires de terrain. Si quelqu\u2019un, y compris un employ\u00e9 du HCR\/ACNUR ou d\u2019une autre organisation d\u00e9clare qu\u2019il peut vous aider \u00e0 recevoir un service du HCR\/ACNUR en \u00e9change d\u2019argent ou d\u2019un autre type de faveurs, cela doit imm\u00e9diatement \u00eatre signal\u00e9 \u00e0 la Repr\u00e9sentante du HCR\/ACNUR en Espagne.<\/p>\n\n\n\n<p>Pour porter plainte au motif d\u2019une d\u00e9marche ou de services fournis par le HCR\/ACNUR en Espagne, veuillez vous adresser \u00e0 la Repr\u00e9sentante du HCR\/ACNUR au moyen de <strong>ce formulaire<\/strong> ou en envoyant un courrier \u00e9lectronique \u00e0 <a href=\"mailto:spamacomplaint@unhcr.org\"><strong>spamacomplaint@unhcr.org<\/strong><\/a>. Les plaintes seront trait\u00e9es en toute confidentialit\u00e9.<\/p>\n\n\n\n<h2 class=\"wp-block-heading has-very-dark-gray-color has-text-color\">Coordonn\u00e9es<\/h2>\n\n\n\n<p>Le bureau du HCR en Espagne offre une attention au public par les moyens suivants:<\/p>\n\n\n\n<ul class=\"wp-block-list\">\n<li><strong>Par<\/strong> <strong>T\u00e9l\u00e9phone:<\/strong>&nbsp;+34 91 077 21 50 du lundi au vendredi, de 10h00 \u00e0 12h00.<\/li>\n\n\n\n<li><strong>Courrier \u00e9lectronique:<\/strong>&nbsp;<a href=\"mailto:spama@unhcr.org\" target=\"_blank\" rel=\"noreferrer noopener\">spama@unhcr.org<\/a><\/li>\n\n\n\n<li><a href=\"https:\/\/help.unhcr.org\/spain\/fr\/contacta-con-acnur\/\" target=\"_blank\" rel=\"noreferrer noopener\"><strong>Formulaire de contact<\/strong>, en cliquant<\/a><a href=\"https:\/\/help.unhcr.org\/spain\/fr\/contacta-con-acnur\/\"> sur ce <\/a><a href=\"https:\/\/help.unhcr.org\/spain\/fr\/contacta-con-acnur\/\" target=\"_blank\" rel=\"noreferrer noopener\">lien<\/a><\/li>\n\n\n\n<li><strong>Site Web:&nbsp;<\/strong><a href=\"https:\/\/www.acnur.org\/es-es\/\" target=\"_blank\" rel=\"noreferrer noopener\">https:\/\/www.acnur.org\/es-es\/<\/a><\/li>\n\n\n\n<li><strong>R\u00e9seaux sociaux:<\/strong> <a href=\"https:\/\/www.linkedin.com\/company\/acnur-espana\/\" target=\"_blank\" rel=\"noreferrer noopener\">LinkedIn<\/a>, &nbsp;<a href=\"https:\/\/www.facebook.com\/ACNUR\/\" target=\"_blank\" rel=\"noreferrer noopener\">Facebook<\/a>, <a href=\"https:\/\/www.instagram.com\/acnurspain\/\" target=\"_blank\" rel=\"noreferrer noopener\">Instagram<\/a>,&nbsp;<a href=\"https:\/\/twitter.com\/ACNURspain\" target=\"_blank\" rel=\"noreferrer noopener\">X (Twitter)<\/a><\/li>\n<\/ul>\n\n\n\n<p>Dans des cas exceptionnels, et si l&rsquo;\u00e9quipe du HCR le juge n\u00e9cessaire, une assistance en personne peut \u00eatre disponible <strong>sur rendez-vous<\/strong> au bureau du HCR \u00e0 Madrid.<br>&#8211; L&rsquo;ACCUEIL SANS RENDEZ-VOUS N&rsquo;EST PAS POSSIBLE. <strong>Les rendez-vous doivent \u00eatre pris par t\u00e9l\u00e9phone au +34 91 077 21 50 entre 10h00 et 12h00 ou par courriel \u00e0 l&rsquo;adresse <a href=\"mailto:spama@unhcr.org\">spama@unhcr.org<\/a>. Les rendez-vous seront attribu\u00e9s apr\u00e8s \u00e9valuation par l&rsquo;\u00e9quipe du HCR.<\/strong><\/p>\n\n\n\n<p>Si vous \u00eates \u00e0 <strong>Ceuta<\/strong>, que vous avez fait une demande d\u2019asile (ou souhaitez le faire) et avez besoin de contacter le HCR\/ACNUR, vous trouverez ci-dessous la ligne t\u00e9l\u00e9phonique correspondante&nbsp;: +34 674 21 35 06<\/p>\n\n\n\n<ul class=\"wp-block-list\">\n<li>Horaires d\u2019ouverture&nbsp;: du lundi au vendredi, de 16h00 \u00e0 17h00<\/li>\n\n\n\n<li>Langues parl\u00e9es&nbsp;: espagnol, anglais, fran\u00e7ais.<\/li>\n<\/ul>\n","protected":false},"excerpt":{"rendered":"<p>L\u2019action du HCR\/ACNUR Espagne vise \u00e0 prot\u00e9ger les droits et le bien-\u00eatre des demandeurs d\u2019asile et des r\u00e9fugi\u00e9s en Espagne, en offrant son conseil et sa collaboration aux autorit\u00e9s espagnoles et en apportant son soutien aux communaut\u00e9s de r\u00e9fugi\u00e9s. Le HCR\/ACNUR Espagne collabore \u00e9galement avec des ONG pour aider les r\u00e9fugi\u00e9s et les demandeurs d\u2019asile [&hellip;]<\/p>\n","protected":false},"author":1,"featured_media":0,"parent":286,"menu_order":0,"comment_status":"closed","ping_status":"closed","template":"page-templates\/sectioned.php","meta":{"_acf_changed":false,"footnotes":""},"class_list":["post-290","page","type-page","status-publish","hentry"],"acf":[],"_links":{"self":[{"href":"https:\/\/help.unhcr.org\/spain\/fr\/wp-json\/wp\/v2\/pages\/290","targetHints":{"allow":["GET"]}}],"collection":[{"href":"https:\/\/help.unhcr.org\/spain\/fr\/wp-json\/wp\/v2\/pages"}],"about":[{"href":"https:\/\/help.unhcr.org\/spain\/fr\/wp-json\/wp\/v2\/types\/page"}],"author":[{"embeddable":true,"href":"https:\/\/help.unhcr.org\/spain\/fr\/wp-json\/wp\/v2\/users\/1"}],"replies":[{"embeddable":true,"href":"https:\/\/help.unhcr.org\/spain\/fr\/wp-json\/wp\/v2\/comments?post=290"}],"version-history":[{"count":30,"href":"https:\/\/help.unhcr.org\/spain\/fr\/wp-json\/wp\/v2\/pages\/290\/revisions"}],"predecessor-version":[{"id":3427,"href":"https:\/\/help.unhcr.org\/spain\/fr\/wp-json\/wp\/v2\/pages\/290\/revisions\/3427"}],"up":[{"embeddable":true,"href":"https:\/\/help.unhcr.org\/spain\/fr\/wp-json\/wp\/v2\/pages\/286"}],"wp:attachment":[{"href":"https:\/\/help.unhcr.org\/spain\/fr\/wp-json\/wp\/v2\/media?parent=290"}],"curies":[{"name":"wp","href":"https:\/\/api.w.org\/{rel}","templated":true}]}}