{"id":2853,"date":"2023-11-01T11:55:02","date_gmt":"2023-11-01T11:55:02","guid":{"rendered":"https:\/\/help.unhcr.org\/spain\/reunificacion-familiar-proteccion-internacional\/"},"modified":"2025-06-03T11:48:39","modified_gmt":"2025-06-03T11:48:39","slug":"reunificacion-familiar-proteccion-internacional","status":"publish","type":"page","link":"https:\/\/help.unhcr.org\/spain\/fr\/reunificacion-familiar-proteccion-internacional\/","title":{"rendered":"R\u00e9unification Familiale"},"content":{"rendered":"\n<p>Si vous \u00eates une personne r\u00e9fugi\u00e9e et vous avez \u00e9t\u00e9 s\u00e9par\u00e9e de votre famille avant ou pendant votre fuite, vous pouvez demander \u00e0 \u00eatre r\u00e9unie avec les membres de votre famille en Espagne, \u00e0 condition de remplir les exigences \u00e9tablies par la loi.<\/p>\n","protected":false},"excerpt":{"rendered":"<p>Si vous \u00eates une personne r\u00e9fugi\u00e9e et vous avez \u00e9t\u00e9 s\u00e9par\u00e9e de votre famille avant ou pendant votre fuite, vous pouvez demander \u00e0 \u00eatre r\u00e9unie avec les membres de votre famille en Espagne, \u00e0 condition de remplir les exigences \u00e9tablies par la loi.<\/p>\n","protected":false},"author":137,"featured_media":0,"parent":0,"menu_order":6,"comment_status":"closed","ping_status":"closed","template":"page-templates\/sectioned.php","meta":{"_acf_changed":false,"footnotes":""},"class_list":["post-2853","page","type-page","status-publish","hentry"],"acf":[],"_links":{"self":[{"href":"https:\/\/help.unhcr.org\/spain\/fr\/wp-json\/wp\/v2\/pages\/2853","targetHints":{"allow":["GET"]}}],"collection":[{"href":"https:\/\/help.unhcr.org\/spain\/fr\/wp-json\/wp\/v2\/pages"}],"about":[{"href":"https:\/\/help.unhcr.org\/spain\/fr\/wp-json\/wp\/v2\/types\/page"}],"author":[{"embeddable":true,"href":"https:\/\/help.unhcr.org\/spain\/fr\/wp-json\/wp\/v2\/users\/137"}],"replies":[{"embeddable":true,"href":"https:\/\/help.unhcr.org\/spain\/fr\/wp-json\/wp\/v2\/comments?post=2853"}],"version-history":[{"count":9,"href":"https:\/\/help.unhcr.org\/spain\/fr\/wp-json\/wp\/v2\/pages\/2853\/revisions"}],"predecessor-version":[{"id":3329,"href":"https:\/\/help.unhcr.org\/spain\/fr\/wp-json\/wp\/v2\/pages\/2853\/revisions\/3329"}],"wp:attachment":[{"href":"https:\/\/help.unhcr.org\/spain\/fr\/wp-json\/wp\/v2\/media?parent=2853"}],"curies":[{"name":"wp","href":"https:\/\/api.w.org\/{rel}","templated":true}]}}