{"id":282,"date":"2020-05-16T11:01:05","date_gmt":"2020-05-16T11:01:05","guid":{"rendered":"http:\/\/help.unhcr.org\/spain\/bienvenido\/"},"modified":"2025-12-22T09:54:21","modified_gmt":"2025-12-22T09:54:21","slug":"bienvenido","status":"publish","type":"page","link":"https:\/\/help.unhcr.org\/spain\/fr\/","title":{"rendered":"Bienvenue"},"content":{"rendered":"\n<p class=\"has-text-align-center has-luminous-vivid-amber-background-color has-background has-small-font-size\"><mark class=\"has-inline-color has-vivid-red-color\"><strong>ATTENTION! DES SITUATIONS DE FRAUDE ONT \u00c9T\u00c9 D\u00c9TECT\u00c9ES<br><\/strong><\/mark><strong>La proc\u00e9dure d&rsquo;asile, ainsi que les services du HCR et des ONG, sont GRATUITS.<br><\/strong>Toute personne ou organisation qui cherche \u00e0 vous aider en \u00e9change d\u2019argent ou de faveurs doit \u00eatre signal\u00e9e imm\u00e9diatement.<br><strong><a href=\"https:\/\/help.unhcr.org\/spain\/fr\/atencion\/\" target=\"_blank\" rel=\"noreferrer noopener\">CLIQUEZ ICI POUR PLUS D&rsquo;INFORMATIONS<\/a><\/strong><\/p>\n\n\n\n<p class=\"has-white-color has-vivid-cyan-blue-background-color has-text-color has-background has-link-color has-small-font-size wp-elements-b77431435d8d25b4271ba92f3a7f4bdb\"><mark style=\"background-color:#8ed1fc\" class=\"has-inline-color has-vivid-red-color\"><strong>Avis Important : Changement de Bureau du HCR \u00e0 Madrid<\/strong><\/mark><br><br>Le HCR en Espagne informe de la r\u00e9ouverture de son bureau \u00e0 Madrid. \u00c0 cette occasion, il est rappel\u00e9 que le bureau du HCR en Espagne propose les services d\u2019attention au public \u00a0suivants :<br>&#8211; <strong>Par t\u00e9l\u00e9phone<\/strong> : +34 91 077 21 50 du lundi au vendredi, de 10h00 \u00e0 12h00<br>&#8211; <strong>Par e-mail <\/strong>: <a href=\"mailto:spama@unhcr.org\">spama@unhcr.org<\/a><br>&#8211; <a href=\"https:\/\/help.unhcr.org\/spain\/fr\/contacta-con-acnur\/\"><strong>Formulaire de contact en cliquant sur ce lien\u00a0<\/strong><\/a><br>Exceptionnellement et lorsqu\u2019\u00e9valu\u00e9 par l\u2019\u00e9quipe du HCR, les personnes qui en ont besoin pourront assister en personne <strong>sur rendez-vous<\/strong> au bureau du HCR \u00e0 Madrid.\u00a0\u00a0<br><strong>IL N\u2019EST PAS POSSIBLE D\u2019Y ASSISTER SANS RENDEZ-VOUS<\/strong>.\u00a0Le rendez-vous doit \u00eatre demand\u00e9 par t\u00e9l\u00e9phone: +34 91 077 21 50 de 10h \u00e0 12h ou par e-mail <a href=\"mailto:spama@unhcr.org\">spama@unhcr.org<\/a>, et sera attribu\u00e9 selon l\u2019\u00e9valuation de l\u2019\u00e9quipe du HCR.<\/p>\n\n\n\n<p>Le HCR, l&rsquo;Agence des Nations Unies pour les R\u00e9fugi\u00e9s, a cr\u00e9\u00e9 ce site web pour soutenir les personnes qui ont \u00e9t\u00e9 contraintes de fuir leur pays en raison de conflits ou de pers\u00e9cutions.<\/p>\n\n\n\n<p>Vous trouverez ici des informations sur :<\/p>\n\n\n\n<div class=\"wp-block-buttons is-layout-flex wp-block-buttons-is-layout-flex\">\n<div class=\"wp-block-button is-style-outline is-style-outline--1\"><a class=\"wp-block-button__link has-vivid-cyan-blue-color has-text-color has-link-color wp-element-button\" href=\"https:\/\/help.unhcr.org\/spain\/fr\/solicitar-asilo-en-espana\/solicitud-de-asilo-en-puestos-fronterizos-y-en-centros-de-internamiento-de-extranjeros-cies\/\" target=\"_blank\" rel=\"noreferrer noopener\"><img loading=\"lazy\" decoding=\"async\" width=\"500\" height=\"501\" class=\"wp-image-869\" style=\"width: 25px\" src=\"https:\/\/help.unhcr.org\/spain\/wp-content\/uploads\/sites\/61\/2021\/07\/Reporting.png\" alt=\"\" srcset=\"https:\/\/help.unhcr.org\/spain\/wp-content\/uploads\/sites\/61\/2021\/07\/Reporting.png 500w, https:\/\/help.unhcr.org\/spain\/wp-content\/uploads\/sites\/61\/2021\/07\/Reporting-300x300.png 300w, https:\/\/help.unhcr.org\/spain\/wp-content\/uploads\/sites\/61\/2021\/07\/Reporting-150x150.png 150w\" sizes=\"auto, (max-width: 500px) 100vw, 500px\" \/>Demande d&rsquo;Asile en Espagne<\/a><\/div>\n<\/div>\n\n\n\n<div class=\"wp-block-buttons is-layout-flex wp-block-buttons-is-layout-flex\">\n<div class=\"wp-block-button is-style-outline is-style-outline--2\"><a class=\"wp-block-button__link has-vivid-cyan-blue-color has-text-color has-link-color wp-element-button\" href=\"https:\/\/help.unhcr.org\/spain\/fr\/donde-encontrar-ayuda-espana\/asistencia-legal\/\" target=\"_blank\" rel=\"noreferrer noopener\"><img loading=\"lazy\" decoding=\"async\" width=\"234\" height=\"130\" class=\"wp-image-883\" style=\"width: 33px\" src=\"https:\/\/help.unhcr.org\/spain\/wp-content\/uploads\/sites\/61\/2021\/07\/icon-legal-assistance.png\" alt=\"\"> Avocats Sp\u00e9cialis\u00e9s en Droit d&rsquo;Asile Gratuits<\/a><\/div>\n<\/div>\n\n\n\n<div class=\"wp-block-buttons is-layout-flex wp-block-buttons-is-layout-flex\">\n<div class=\"wp-block-button is-style-outline is-style-outline--3\"><a class=\"wp-block-button__link has-vivid-cyan-blue-color has-text-color has-link-color wp-element-button\" href=\"https:\/\/help.unhcr.org\/spain\/fr\/acceso-sistema-acogida\/\" target=\"_blank\" rel=\"noreferrer noopener\"><img loading=\"lazy\" decoding=\"async\" width=\"500\" height=\"750\" class=\"wp-image-1851\" style=\"width: 16px\" src=\"https:\/\/help.unhcr.org\/spain\/wp-content\/uploads\/sites\/61\/2022\/06\/NGO-office.png\" alt=\"\" srcset=\"https:\/\/help.unhcr.org\/spain\/wp-content\/uploads\/sites\/61\/2022\/06\/NGO-office.png 500w, https:\/\/help.unhcr.org\/spain\/wp-content\/uploads\/sites\/61\/2022\/06\/NGO-office-200x300.png 200w\" sizes=\"auto, (max-width: 500px) 100vw, 500px\" \/> Logement et Aide Sociale<\/a><\/div>\n<\/div>\n\n\n\n<div class=\"wp-block-buttons is-layout-flex wp-block-buttons-is-layout-flex\">\n<div class=\"wp-block-button is-style-outline is-style-outline--4\"><a class=\"wp-block-button__link has-vivid-cyan-blue-color has-text-color has-link-color wp-element-button\" href=\"https:\/\/help.unhcr.org\/spain\/fr\/educacion\/\" target=\"_blank\" rel=\"noreferrer noopener\"><img loading=\"lazy\" decoding=\"async\" width=\"500\" height=\"500\" class=\"wp-image-874\" style=\"width: 25px\" src=\"https:\/\/help.unhcr.org\/spain\/wp-content\/uploads\/sites\/61\/2021\/07\/Learning.png\" alt=\"\" srcset=\"https:\/\/help.unhcr.org\/spain\/wp-content\/uploads\/sites\/61\/2021\/07\/Learning.png 500w, https:\/\/help.unhcr.org\/spain\/wp-content\/uploads\/sites\/61\/2021\/07\/Learning-300x300.png 300w, https:\/\/help.unhcr.org\/spain\/wp-content\/uploads\/sites\/61\/2021\/07\/Learning-150x150.png 150w\" sizes=\"auto, (max-width: 500px) 100vw, 500px\" \/> \u00c9ducation et Cours Gratuits<\/a><\/div>\n<\/div>\n\n\n\n<div class=\"wp-block-buttons is-layout-flex wp-block-buttons-is-layout-flex\">\n<div class=\"wp-block-button is-style-outline is-style-outline--5\"><a class=\"wp-block-button__link has-vivid-cyan-blue-color has-text-color has-link-color wp-element-button\" href=\"https:\/\/help.unhcr.org\/spain\/fr\/donde-encontrar-ayuda-espana\/acceso-a-sanidad\/\" target=\"_blank\" rel=\"noreferrer noopener\"><img loading=\"lazy\" decoding=\"async\" width=\"500\" height=\"612\" class=\"wp-image-960\" style=\"width: 16px\" src=\"https:\/\/help.unhcr.org\/spain\/wp-content\/uploads\/sites\/61\/2021\/07\/Health-facility.png\" alt=\"\" srcset=\"https:\/\/help.unhcr.org\/spain\/wp-content\/uploads\/sites\/61\/2021\/07\/Health-facility.png 500w, https:\/\/help.unhcr.org\/spain\/wp-content\/uploads\/sites\/61\/2021\/07\/Health-facility-245x300.png 245w\" sizes=\"auto, (max-width: 500px) 100vw, 500px\" \/> Sant\u00e9 et Assistance M\u00e9dicale<\/a><\/div>\n<\/div>\n\n\n\n<div class=\"wp-block-buttons is-layout-flex wp-block-buttons-is-layout-flex\">\n<div class=\"wp-block-button is-style-outline is-style-outline--6\"><a class=\"wp-block-button__link has-vivid-cyan-blue-color has-text-color has-link-color wp-element-button\" href=\"https:\/\/help.unhcr.org\/spain\/fr\/solicitar-asilo-en-espana\/solicitantes-de-asilo\/\" target=\"_blank\" rel=\"noreferrer noopener\"><img loading=\"lazy\" decoding=\"async\" width=\"500\" height=\"502\" class=\"wp-image-2414\" style=\"width: 20px\" src=\"https:\/\/help.unhcr.org\/spain\/wp-content\/uploads\/sites\/61\/2023\/01\/Rule-of-law-and-justice.png\" alt=\"\" srcset=\"https:\/\/help.unhcr.org\/spain\/wp-content\/uploads\/sites\/61\/2023\/01\/Rule-of-law-and-justice.png 500w, https:\/\/help.unhcr.org\/spain\/wp-content\/uploads\/sites\/61\/2023\/01\/Rule-of-law-and-justice-300x300.png 300w, https:\/\/help.unhcr.org\/spain\/wp-content\/uploads\/sites\/61\/2023\/01\/Rule-of-law-and-justice-150x150.png 150w\" sizes=\"auto, (max-width: 500px) 100vw, 500px\" \/> Vos Droits et Obligations<\/a><\/div>\n<\/div>\n\n\n\n<div class=\"wp-block-buttons is-layout-flex wp-block-buttons-is-layout-flex\">\n<div class=\"wp-block-button is-style-outline is-style-outline--7\"><a class=\"wp-block-button__link has-vivid-cyan-blue-color has-text-color has-link-color wp-element-button\" href=\"https:\/\/help.unhcr.org\/spain\/fr\/donde-encontrar-ayuda-espana\/videos-informativos\/\" target=\"_blank\" rel=\"noreferrer noopener\"><img loading=\"lazy\" decoding=\"async\" width=\"500\" height=\"500\" class=\"wp-image-1245\" style=\"width: 22px\" src=\"https:\/\/help.unhcr.org\/spain\/wp-content\/uploads\/sites\/61\/2022\/01\/Child-protection.png\" alt=\"\" srcset=\"https:\/\/help.unhcr.org\/spain\/wp-content\/uploads\/sites\/61\/2022\/01\/Child-protection.png 500w, https:\/\/help.unhcr.org\/spain\/wp-content\/uploads\/sites\/61\/2022\/01\/Child-protection-300x300.png 300w, https:\/\/help.unhcr.org\/spain\/wp-content\/uploads\/sites\/61\/2022\/01\/Child-protection-150x150.png 150w\" sizes=\"auto, (max-width: 500px) 100vw, 500px\" \/> Enfants Non-Accompagn\u00e9s<\/a><\/div>\n<\/div>\n\n\n\n<div class=\"wp-block-buttons is-layout-flex wp-block-buttons-is-layout-flex\">\n<div class=\"wp-block-button is-style-outline is-style-outline--8\"><a class=\"wp-block-button__link has-vivid-cyan-blue-color has-text-color has-link-color wp-element-button\" href=\"https:\/\/help.unhcr.org\/spain\/fr\/donde-encontrar-ayuda-espana\/videos-informativos\/\" target=\"_blank\" rel=\"noreferrer noopener\"><img loading=\"lazy\" decoding=\"async\" width=\"1050\" height=\"687\" class=\"wp-image-2351\" style=\"width: 33px\" src=\"https:\/\/help.unhcr.org\/spain\/wp-content\/uploads\/sites\/61\/2023\/01\/domestic_violence3.png\" alt=\"\" srcset=\"https:\/\/help.unhcr.org\/spain\/wp-content\/uploads\/sites\/61\/2023\/01\/domestic_violence3.png 1050w, https:\/\/help.unhcr.org\/spain\/wp-content\/uploads\/sites\/61\/2023\/01\/domestic_violence3-300x196.png 300w, https:\/\/help.unhcr.org\/spain\/wp-content\/uploads\/sites\/61\/2023\/01\/domestic_violence3-1024x670.png 1024w, https:\/\/help.unhcr.org\/spain\/wp-content\/uploads\/sites\/61\/2023\/01\/domestic_violence3-768x502.png 768w\" sizes=\"auto, (max-width: 1050px) 100vw, 1050px\" \/>Violence en Raison du Sexe<\/a><\/div>\n<\/div>\n\n\n\n<div class=\"wp-block-buttons is-layout-flex wp-block-buttons-is-layout-flex\">\n<div class=\"wp-block-button is-style-outline is-style-outline--9\"><a class=\"wp-block-button__link has-vivid-cyan-blue-color has-text-color has-link-color wp-element-button\" href=\"https:\/\/help.unhcr.org\/spain\/fr\/ukraine-relevant-information\/\" target=\"_blank\" rel=\"noreferrer noopener\"><img loading=\"lazy\" decoding=\"async\" width=\"150\" height=\"150\" class=\"wp-image-2362\" style=\"width: 20px\" src=\"https:\/\/help.unhcr.org\/spain\/wp-content\/uploads\/sites\/61\/2023\/01\/image.png\" alt=\"\"> Ukraine : Protection Temporaire<\/a><\/div>\n<\/div>\n\n\n\n<div class=\"wp-block-buttons is-layout-flex wp-block-buttons-is-layout-flex\">\n<div class=\"wp-block-button is-style-outline is-style-outline--10\"><a class=\"wp-block-button__link has-vivid-cyan-blue-color has-white-background-color has-text-color has-background has-link-color wp-element-button\" href=\"https:\/\/help.unhcr.org\/spain\/fr\/reunificacion-familiar-proteccion-internacional\/\" target=\"_blank\" rel=\"noreferrer noopener\">R\u00e9unification Familiale<\/a><\/div>\n<\/div>\n\n\n\n<div class=\"wp-block-buttons is-layout-flex wp-block-buttons-is-layout-flex\">\n<div class=\"wp-block-button is-style-outline is-style-outline--11\"><a class=\"wp-block-button__link has-vivid-cyan-blue-color has-text-color has-link-color wp-element-button\" href=\"https:\/\/help.unhcr.org\/spain\/fr\/donde-encontrar-ayuda-espana\/videos-informativos\/\" target=\"_blank\" rel=\"noreferrer noopener\"><img loading=\"lazy\" decoding=\"async\" width=\"500\" height=\"500\" class=\"wp-image-762\" style=\"width: 22px\" src=\"https:\/\/help.unhcr.org\/spain\/wp-content\/uploads\/sites\/61\/2021\/06\/Video-.png\" alt=\"\" srcset=\"https:\/\/help.unhcr.org\/spain\/wp-content\/uploads\/sites\/61\/2021\/06\/Video-.png 500w, https:\/\/help.unhcr.org\/spain\/wp-content\/uploads\/sites\/61\/2021\/06\/Video--300x300.png 300w, https:\/\/help.unhcr.org\/spain\/wp-content\/uploads\/sites\/61\/2021\/06\/Video--150x150.png 150w\" sizes=\"auto, (max-width: 500px) 100vw, 500px\" \/> Vid\u00e9os d&rsquo;Information<\/a><\/div>\n<\/div>\n\n\n\n<div class=\"wp-block-buttons is-layout-flex wp-block-buttons-is-layout-flex\">\n<div class=\"wp-block-button is-style-outline is-style-outline--12\"><a class=\"wp-block-button__link has-vivid-cyan-blue-color has-text-color has-link-color wp-element-button\" href=\"https:\/\/help.unhcr.org\/spain\/fr\/donde-encontrar-ayuda-espana\/acnur-en-espana\/\" target=\"_blank\" rel=\"noreferrer noopener\"><img loading=\"lazy\" decoding=\"async\" width=\"409\" height=\"444\" class=\"wp-image-162\" style=\"width: 22px\" src=\"https:\/\/help.unhcr.org\/spain\/wp-content\/uploads\/sites\/61\/2020\/05\/unhcr_logo_for_landing_page2.png\" alt=\"\" srcset=\"https:\/\/help.unhcr.org\/spain\/wp-content\/uploads\/sites\/61\/2020\/05\/unhcr_logo_for_landing_page2.png 409w, https:\/\/help.unhcr.org\/spain\/wp-content\/uploads\/sites\/61\/2020\/05\/unhcr_logo_for_landing_page2-276x300.png 276w\" sizes=\"auto, (max-width: 409px) 100vw, 409px\" \/>&nbsp;Que fait le HCR en Espagne ?<\/a><\/div>\n<\/div>\n\n\n\n<div class=\"wp-block-buttons is-layout-flex wp-block-buttons-is-layout-flex\">\n<div class=\"wp-block-button is-style-outline is-style-outline--13\"><a class=\"wp-block-button__link has-vivid-cyan-blue-color has-text-color has-link-color wp-element-button\" href=\"https:\/\/help.unhcr.org\/spain\/fr\/contacta-con-acnur\/\" target=\"_blank\" rel=\"noreferrer noopener\"><img loading=\"lazy\" decoding=\"async\" width=\"500\" height=\"313\" class=\"wp-image-2419\" style=\"width: 22px\" src=\"https:\/\/help.unhcr.org\/spain\/wp-content\/uploads\/sites\/61\/2023\/01\/E-mail-1.png\" alt=\"\" srcset=\"https:\/\/help.unhcr.org\/spain\/wp-content\/uploads\/sites\/61\/2023\/01\/E-mail-1.png 500w, https:\/\/help.unhcr.org\/spain\/wp-content\/uploads\/sites\/61\/2023\/01\/E-mail-1-300x188.png 300w\" sizes=\"auto, (max-width: 500px) 100vw, 500px\" \/> Contactez le HCR<\/a><\/div>\n<\/div>\n\n\n\n<div class=\"wp-block-buttons is-layout-flex wp-block-buttons-is-layout-flex\">\n<div class=\"wp-block-button is-style-outline is-style-outline--14\"><a class=\"wp-block-button__link has-vivid-red-color has-text-color has-link-color wp-element-button\" href=\"https:\/\/help.unhcr.org\/spain\/fr\/donde-encontrar-ayuda-espana\/reportar-fraude-corrupcion-y-conductas-indebidas\/\" target=\"_blank\" rel=\"noreferrer noopener\">Signaler une Fraude, une Corruption et des Comportements Inappropri\u00e9s<\/a><\/div>\n<\/div>\n\n\n\n<p><\/p>\n\n\n\n<p>Si vous <strong>souhaitez recevoir des informations<\/strong> du HCR sur l&rsquo;<strong>asile, les opportunit\u00e9s et les ressources<\/strong> pour les demandeurs d&rsquo;asile, les r\u00e9fugi\u00e9s et les apatrides en Espagne, inscrivez-vous \u00e0 notre newsletter :<\/p>\n\n\n\n<div class=\"wp-block-buttons is-layout-flex wp-block-buttons-is-layout-flex\">\n<div class=\"wp-block-button is-style-outline aligncenter is-style-outline--15\"><a class=\"wp-block-button__link has-vivid-cyan-blue-color has-text-color wp-element-button\" href=\"https:\/\/manage.kmail-lists.com\/subscriptions\/subscribe?a=Wc9Jca&amp;g=SeKVD7\" target=\"_blank\" rel=\"noreferrer noopener\">Bulletin du HCR pour les R\u00e9fugi\u00e9s et les Apatrides<\/a><\/div>\n<\/div>\n\n\n\n<p><\/p>\n\n\n\n<p>Cette page est mise \u00e0 jour r\u00e9guli\u00e8rement.<\/p>\n","protected":false},"excerpt":{"rendered":"<p>ATTENTION! DES SITUATIONS DE FRAUDE ONT \u00c9T\u00c9 D\u00c9TECT\u00c9ESLa proc\u00e9dure d&rsquo;asile, ainsi que les services du HCR et des ONG, sont GRATUITS.Toute personne ou organisation qui cherche \u00e0 vous aider en \u00e9change d\u2019argent ou de faveurs doit \u00eatre signal\u00e9e imm\u00e9diatement.CLIQUEZ ICI POUR PLUS D&rsquo;INFORMATIONS Avis Important : Changement de Bureau du HCR \u00e0 Madrid Le HCR [&hellip;]<\/p>\n","protected":false},"author":1,"featured_media":0,"parent":0,"menu_order":0,"comment_status":"closed","ping_status":"closed","template":"","meta":{"_acf_changed":false,"footnotes":""},"class_list":["post-282","page","type-page","status-publish","hentry"],"acf":[],"_links":{"self":[{"href":"https:\/\/help.unhcr.org\/spain\/fr\/wp-json\/wp\/v2\/pages\/282","targetHints":{"allow":["GET"]}}],"collection":[{"href":"https:\/\/help.unhcr.org\/spain\/fr\/wp-json\/wp\/v2\/pages"}],"about":[{"href":"https:\/\/help.unhcr.org\/spain\/fr\/wp-json\/wp\/v2\/types\/page"}],"author":[{"embeddable":true,"href":"https:\/\/help.unhcr.org\/spain\/fr\/wp-json\/wp\/v2\/users\/1"}],"replies":[{"embeddable":true,"href":"https:\/\/help.unhcr.org\/spain\/fr\/wp-json\/wp\/v2\/comments?post=282"}],"version-history":[{"count":37,"href":"https:\/\/help.unhcr.org\/spain\/fr\/wp-json\/wp\/v2\/pages\/282\/revisions"}],"predecessor-version":[{"id":3437,"href":"https:\/\/help.unhcr.org\/spain\/fr\/wp-json\/wp\/v2\/pages\/282\/revisions\/3437"}],"wp:attachment":[{"href":"https:\/\/help.unhcr.org\/spain\/fr\/wp-json\/wp\/v2\/media?parent=282"}],"curies":[{"name":"wp","href":"https:\/\/api.w.org\/{rel}","templated":true}]}}