{"id":2467,"date":"2023-01-17T15:01:08","date_gmt":"2023-01-17T15:01:08","guid":{"rendered":"https:\/\/help.unhcr.org\/spain\/educacion\/cursos-de-espanol\/"},"modified":"2026-03-27T10:40:28","modified_gmt":"2026-03-27T10:40:28","slug":"cursos-de-espanol","status":"publish","type":"page","link":"https:\/\/help.unhcr.org\/spain\/fr\/educacion\/cursos-de-espanol\/","title":{"rendered":"Cours de Langue Espagnole"},"content":{"rendered":"\n<p>Vous trouverez ci-dessous des cours gratuits de langue espagnole:<\/p>\n\n\n\n<p><strong>UNED &#8211; Universidad Nacional de Estudios a Distancia (Universit\u00e9 Nationale d&rsquo;\u00c9tudes \u00e0 Distance)<\/strong><\/p>\n\n\n\n<p>L&rsquo;UNED propose ces deux cours d\u00e9butants de 25 heures de langue espagnole. Il s&rsquo;agit de cours d&rsquo;auto-apprentissage sans soutien de la part des enseignants. Vous pouvez commencer et terminer le cours \u00e0 tout moment, \u00e0 votre propre rythme. Certificat final inclus.<\/p>\n\n\n\n<ul class=\"wp-block-list\">\n<li><a href=\"https:\/\/iedra.uned.es\/courses\/course-v1:UNED+PuertasAbiertasI_008+2026\/about\" target=\"_blank\" rel=\"noreferrer noopener\">Cours d&rsquo;espagnol pour les besoins imm\u00e9diats (I). Informations et inscription sur ce lien.<\/a><\/li>\n\n\n\n<li><a href=\"https:\/\/iedra.uned.es\/courses\/course-v1:UNED+PuertasAbiertasII_008+2026\/about\" target=\"_blank\" rel=\"noreferrer noopener\">Cours d&rsquo;espagnol pour les besoins imm\u00e9diats (II). Informations et inscription sur ce lien.<\/a><\/li>\n<\/ul>\n","protected":false},"excerpt":{"rendered":"<p>Vous trouverez ci-dessous des cours gratuits de langue espagnole: UNED &#8211; Universidad Nacional de Estudios a Distancia (Universit\u00e9 Nationale d&rsquo;\u00c9tudes \u00e0 Distance) L&rsquo;UNED propose ces deux cours d\u00e9butants de 25 heures de langue espagnole. Il s&rsquo;agit de cours d&rsquo;auto-apprentissage sans soutien de la part des enseignants. Vous pouvez commencer et terminer le cours \u00e0 tout [&hellip;]<\/p>\n","protected":false},"author":137,"featured_media":0,"parent":913,"menu_order":4,"comment_status":"closed","ping_status":"closed","template":"page-templates\/sectioned.php","meta":{"_acf_changed":false,"footnotes":""},"class_list":["post-2467","page","type-page","status-publish","hentry"],"acf":[],"_links":{"self":[{"href":"https:\/\/help.unhcr.org\/spain\/fr\/wp-json\/wp\/v2\/pages\/2467","targetHints":{"allow":["GET"]}}],"collection":[{"href":"https:\/\/help.unhcr.org\/spain\/fr\/wp-json\/wp\/v2\/pages"}],"about":[{"href":"https:\/\/help.unhcr.org\/spain\/fr\/wp-json\/wp\/v2\/types\/page"}],"author":[{"embeddable":true,"href":"https:\/\/help.unhcr.org\/spain\/fr\/wp-json\/wp\/v2\/users\/137"}],"replies":[{"embeddable":true,"href":"https:\/\/help.unhcr.org\/spain\/fr\/wp-json\/wp\/v2\/comments?post=2467"}],"version-history":[{"count":3,"href":"https:\/\/help.unhcr.org\/spain\/fr\/wp-json\/wp\/v2\/pages\/2467\/revisions"}],"predecessor-version":[{"id":3504,"href":"https:\/\/help.unhcr.org\/spain\/fr\/wp-json\/wp\/v2\/pages\/2467\/revisions\/3504"}],"up":[{"embeddable":true,"href":"https:\/\/help.unhcr.org\/spain\/fr\/wp-json\/wp\/v2\/pages\/913"}],"wp:attachment":[{"href":"https:\/\/help.unhcr.org\/spain\/fr\/wp-json\/wp\/v2\/media?parent=2467"}],"curies":[{"name":"wp","href":"https:\/\/api.w.org\/{rel}","templated":true}]}}