{"id":245,"date":"2020-05-26T11:08:09","date_gmt":"2020-05-26T11:08:09","guid":{"rendered":"http:\/\/help.unhcr.org\/spain\/acceso-sistema-acogida\/"},"modified":"2024-06-25T08:39:52","modified_gmt":"2024-06-25T08:39:52","slug":"acceso-sistema-acogida","status":"publish","type":"page","link":"https:\/\/help.unhcr.org\/spain\/fr\/acceso-sistema-acogida\/","title":{"rendered":"Acc\u00e8s au syst\u00e8me d\u2019accueil et d\u2019int\u00e9gration"},"content":{"rendered":"\n<p>Le gouvernement espagnol dispose d\u2019un programme d\u2019accueil et de soutien \u00e0 l\u2019int\u00e9gration pour les demandeurs d\u2019asile sans ressources \u00e9conomiques suffisantes pour couvrir leurs besoins et ceux de leur famille. Ce programme est pris en charge par le Minist\u00e8re de l\u2019Inclusion avec la collaboration des ONG sp\u00e9cialis\u00e9es.<\/p>\n\n\n\n<p>Ce programme est divis\u00e9 en plusieurs phases, avec une dur\u00e9e maximale de 18&nbsp;mois, pouvant \u00eatre \u00e9tendue \u00e0 24 pour les cas consid\u00e9r\u00e9s vuln\u00e9rables.<\/p>\n\n\n\n<p>Pendant ce d\u00e9lai, un logement vous sera fourni \u00e0 n\u2019importe quel endroit du territoire espagnol o\u00f9 une place sera disponible. Le programme de soutien comprend la prise en charge sociale, le soutien psychologique, les aides \u00e0 la formation et les cours de langue ou l\u2019assistance dans le cadre de la recherche d\u2019emploi.<\/p>\n\n\n\n<p>C\u2019est le Minist\u00e8re de l\u2019Inclusion qui r\u00e9alise l\u2019attribution des places. Vous devez savoir que,&nbsp;<strong>bien qu\u2019il soit tenu compte de votre situation personnelle, si vous demandez une place dans le cadre du programme d\u2019accueil, vous ne pouvez pas choisir votre lieu de r\u00e9sidence<\/strong>, car cela d\u00e9pend de la disponibilit\u00e9 des places dans le r\u00e9seau national de centres d\u2019accueil.<\/p>\n\n\n\n<h3 class=\"wp-block-heading\"><strong>Comment puis-je avoir acc\u00e8s au syst\u00e8me d\u2019accueil&nbsp;?<\/strong><\/h3>\n\n\n\n<p>Si vous souhaitez acc\u00e9der au syst\u00e8me d\u2019accueil, vous devez vous adresser \u00e0 l\u2019organisation charg\u00e9e d\u2019accueillir les demandeurs d\u2019asile dans la province dans laquelle vous vous trouvez. Les organismes charg\u00e9s de l\u2019accueil initial sont la CEAR (<em>Comisi\u00f3n Espa\u00f1ola de Ayuda al Refugiado<\/em>, Commission espagnole d\u2019aide aux r\u00e9fugi\u00e9s), l\u2019Accem et la Cruz Roja (la Croix-Rouge espagnole). Vous pouvez ensuite d\u00e9terminer l\u2019organisme auquel vous adresser dans votre province de r\u00e9sidence&nbsp;:&nbsp;<\/p>\n\n\n\n<ul class=\"wp-block-list\">\n<li>\u00c0 Madrid, contactez la Cruz Roja \u00e0 l\u2019adresse \u00e9lectronique suivante\u00a0:\u00a0<a href=\"mailto:administracion.refugiados@cruzroja.es\">administracion.refugiados@cruzroja.es<\/a><\/li>\n<\/ul>\n\n\n\n<ul class=\"wp-block-list\">\n<li>\u00c0 <strong>Barcelone<\/strong>, si vous recevez le soutien d&rsquo;une organisation, vous devrez demander \u00e0 votre assistant(e) social(e) d&rsquo;envoyer une demande de r\u00e9f\u00e9rence \u00e0 la Croix-Rouge situ\u00e9e au Centre de R\u00e9ception, d&rsquo;Accueil et d&rsquo;Orientation (CREADE), en tant qu&rsquo;entit\u00e9 responsable de l&rsquo;acc\u00e8s au Syst\u00e8me d&rsquo;Accueil dans cette province.<br><br>Si vous \u00eates demandeur d&rsquo;asile et que vous ne recevez aucune assistance sociale de la part d&rsquo;un service ou d&rsquo;une organisation, vous pouvez vous rendre en personne au <strong>CREADE, situ\u00e9 au Calle Sant Fructu\u00f3s, 80, \u00e0 Barcelone, du lundi au vendredi de 8h30 \u00e0 15h00<\/strong>. <a href=\"https:\/\/ajuntament.barcelona.cat\/novaciutadania\/es\/servicio-de-atencion-inmigrantes-emigrantes-y-refugiados-saier\" target=\"_blank\" rel=\"noreferrer noopener\">Vous trouverez plus d&rsquo;informations sur le SAIER \u00e0 ce lien.<\/a><\/li>\n<\/ul>\n\n\n\n<ul class=\"wp-block-list\">\n<li><a href=\"https:\/\/www.cear.es\/\">Contactez la CEAR via ce lien<\/a>\u00a0si vous vous trouvez dans l\u2019une des provinces suivantes\u00a0:\n<ul class=\"wp-block-list\">\n<li>\u00c1lava, Cadix, Canaries, Guipuscoa, M\u00e1laga, S\u00e9ville et Biscaye.\u00a0<\/li>\n<\/ul>\n<\/li>\n<\/ul>\n\n\n\n<ul class=\"wp-block-list\">\n<li><a href=\"https:\/\/www.accem.es\/\">Contactez l\u2019Accem via ce lien<\/a>\u00a0si vous vous trouvez dans l\u2019une des provinces suivantes\u00a0:\n<ul class=\"wp-block-list\">\n<li>Albacete, Asturies, \u00c1vila, Badajoz, Burgos, C\u00e1ceres, Ciudad Real, C\u00f3rdoba, Cuenca, Guadalajara, Huesca, La Corogne, Le\u00f3n, Lugo, Murcie, Ourense, Palencia, Pontevedra, Salamanque, S\u00e9govie, Soria, Teruel, Tol\u00e8de, Valladolid, Zamora, Saragosse.\u00a0<\/li>\n<\/ul>\n<\/li>\n<\/ul>\n\n\n\n<ul class=\"wp-block-list\">\n<li><a href=\"https:\/\/www2.cruzroja.es\/web\/cruzroja\/donde-estamos\">Contactez la CRUZ ROJA via ce lien<\/a>\u00a0si vous vous trouvez dans l\u2019une des provinces suivantes\u00a0:\n<ul class=\"wp-block-list\">\n<li>Alicante, Almer\u00eda, Bal\u00e9ares, Cantabrie, Castell\u00f3n, G\u00e9rone, Grenade, Huelva, Ja\u00e9n, La Rioja, L\u00e9rida, Navarre, Tarragone, Valence.\u00a0<\/li>\n<\/ul>\n<\/li>\n<\/ul>\n","protected":false},"excerpt":{"rendered":"<p>Le gouvernement espagnol dispose d\u2019un programme d\u2019accueil et de soutien \u00e0 l\u2019int\u00e9gration pour les demandeurs d\u2019asile sans ressources \u00e9conomiques suffisantes pour couvrir leurs besoins et ceux de leur famille. Ce programme est pris en charge par le Minist\u00e8re de l\u2019Inclusion avec la collaboration des ONG sp\u00e9cialis\u00e9es. Ce programme est divis\u00e9 en plusieurs phases, avec une [&hellip;]<\/p>\n","protected":false},"author":1,"featured_media":0,"parent":0,"menu_order":22,"comment_status":"closed","ping_status":"closed","template":"","meta":{"_acf_changed":false,"footnotes":""},"class_list":["post-245","page","type-page","status-publish","hentry"],"acf":[],"_links":{"self":[{"href":"https:\/\/help.unhcr.org\/spain\/fr\/wp-json\/wp\/v2\/pages\/245","targetHints":{"allow":["GET"]}}],"collection":[{"href":"https:\/\/help.unhcr.org\/spain\/fr\/wp-json\/wp\/v2\/pages"}],"about":[{"href":"https:\/\/help.unhcr.org\/spain\/fr\/wp-json\/wp\/v2\/types\/page"}],"author":[{"embeddable":true,"href":"https:\/\/help.unhcr.org\/spain\/fr\/wp-json\/wp\/v2\/users\/1"}],"replies":[{"embeddable":true,"href":"https:\/\/help.unhcr.org\/spain\/fr\/wp-json\/wp\/v2\/comments?post=245"}],"version-history":[{"count":5,"href":"https:\/\/help.unhcr.org\/spain\/fr\/wp-json\/wp\/v2\/pages\/245\/revisions"}],"predecessor-version":[{"id":3020,"href":"https:\/\/help.unhcr.org\/spain\/fr\/wp-json\/wp\/v2\/pages\/245\/revisions\/3020"}],"wp:attachment":[{"href":"https:\/\/help.unhcr.org\/spain\/fr\/wp-json\/wp\/v2\/media?parent=245"}],"curies":[{"name":"wp","href":"https:\/\/api.w.org\/{rel}","templated":true}]}}