{"id":209,"date":"2020-05-20T09:01:02","date_gmt":"2020-05-20T09:01:02","guid":{"rendered":"http:\/\/help.unhcr.org\/spain\/solicitar-asilo-en-espana\/"},"modified":"2023-04-04T11:20:25","modified_gmt":"2023-04-04T11:20:25","slug":"solicitar-asilo-en-espana","status":"publish","type":"page","link":"https:\/\/help.unhcr.org\/spain\/fr\/solicitar-asilo-en-espana\/","title":{"rendered":"Demander l\u2019asile en Espagne"},"content":{"rendered":"\n<h3 class=\"has-very-dark-gray-color has-text-color wp-block-heading\">Comment et o\u00f9 puis-je demander l\u2019asile en Espagne?<\/h3>\n\n\n\n<ul class=\"wp-block-list\"><li><strong>Sur le territoire espagnol<\/strong>, vous devez prendre rendez-vous aupr\u00e8s des Bureaux des \u00e9trangers ou des commissariats de police autoris\u00e9s. <a href=\"https:\/\/help.unhcr.org\/spain\/fr\/solicitar-asilo-en-espana\/solicitud-de-asilo-en-territorio-espanol-2\/\" target=\"_blank\" rel=\"noreferrer noopener\">Pour plus d&rsquo;informations sur la mani\u00e8re de demander l&rsquo;asile en Espagne, cliquez sur ce lien.<\/a><\/li><\/ul>\n\n\n\n<ul class=\"wp-block-list\"><li>Si vous vous trouvez dans un <strong>port<\/strong>, un <strong>a\u00e9roport<\/strong> ou \u00e0 la <strong>fronti\u00e8re<\/strong> de Ceuta ou Melilla, informez la Police nationale ou la Garde civile (Guardia Civil) que vous voulez demander l&rsquo;asile. <a href=\"https:\/\/help.unhcr.org\/spain\/fr\/solicitar-asilo-en-espana\/solicitud-de-asilo-en-puestos-fronterizos-y-en-centros-de-internamiento-de-extranjeros-cies\/\" target=\"_blank\" rel=\"noreferrer noopener\">Vous trouverez plus d\u2019informations sur ce lien<\/a>.<\/li><\/ul>\n\n\n\n<ul class=\"wp-block-list\"><li>Si vous vous trouvez dans un <strong>Centre de R\u00e9tention pour \u00c9trangers (CIE)<\/strong> (Centro de Internamiento de Extranjeros) ou dans une<strong> prison en Espagne<\/strong>, informez la direction du centre que vous voulez demander l&rsquo;asile. <a href=\"https:\/\/help.unhcr.org\/spain\/fr\/solicitar-asilo-en-espana\/solicitud-de-asilo-en-puestos-fronterizos-y-en-centros-de-internamiento-de-extranjeros-cies\/\" target=\"_blank\" rel=\"noreferrer noopener\">Vous trouverez plus d\u2019informations sur ce lien<\/a>.<\/li><\/ul>\n\n\n\n<p>Vous pouvez demander l&rsquo;asile \u00e0 tout moment apr\u00e8s votre entr\u00e9e en Espagne. Toutefois,<strong> il est conseill\u00e9 de le faire le plus t\u00f4t possible<\/strong> et de pr\u00e9f\u00e9rence dans le mois qui suit votre arriv\u00e9e. Vous pouvez \u00e9galement demander l&rsquo;asile si la situation qui vous emp\u00eache de retourner dans votre pays s&rsquo;est produite pendant que vous \u00e9tiez en Espagne ou dans tout autre pays \u00e9tranger, m\u00eame si vous avez quitt\u00e9 votre pays depuis longtemps.<\/p>\n\n\n\n<figure class=\"wp-block-embed aligncenter is-type-video is-provider-youtube wp-block-embed-youtube wp-embed-aspect-16-9 wp-has-aspect-ratio\"><div class=\"wp-block-embed__wrapper\">\n<iframe loading=\"lazy\" title=\"La Protection internationale: informations sur le proc\u00e9dure d\u2019asile en Espagne\" width=\"640\" height=\"360\" src=\"https:\/\/www.youtube.com\/embed\/sI2HyxqfbYM?feature=oembed\" frameborder=\"0\" allow=\"accelerometer; autoplay; clipboard-write; encrypted-media; gyroscope; picture-in-picture; web-share\" referrerpolicy=\"strict-origin-when-cross-origin\" allowfullscreen><\/iframe>\n<\/div><figcaption><a href=\"https:\/\/www.youtube.com\/watch?v=CHEB2rTw1bc\">Vous trouverez sur cette vid\u00e9o plus d\u2019informations sur o\u00f9 pr\u00e9senter votre demande d&rsquo;asile.<\/a><\/figcaption><\/figure>\n","protected":false},"excerpt":{"rendered":"<p>Comment et o\u00f9 puis-je demander l\u2019asile en Espagne? Sur le territoire espagnol, vous devez prendre rendez-vous aupr\u00e8s des Bureaux des \u00e9trangers ou des commissariats de police autoris\u00e9s. Pour plus d&rsquo;informations sur la mani\u00e8re de demander l&rsquo;asile en Espagne, cliquez sur ce lien. Si vous vous trouvez dans un port, un a\u00e9roport ou \u00e0 la fronti\u00e8re [&hellip;]<\/p>\n","protected":false},"author":1,"featured_media":0,"parent":0,"menu_order":20,"comment_status":"closed","ping_status":"closed","template":"page-templates\/listing_page.php","meta":{"_acf_changed":false,"footnotes":""},"class_list":["post-209","page","type-page","status-publish","hentry"],"acf":[],"_links":{"self":[{"href":"https:\/\/help.unhcr.org\/spain\/fr\/wp-json\/wp\/v2\/pages\/209","targetHints":{"allow":["GET"]}}],"collection":[{"href":"https:\/\/help.unhcr.org\/spain\/fr\/wp-json\/wp\/v2\/pages"}],"about":[{"href":"https:\/\/help.unhcr.org\/spain\/fr\/wp-json\/wp\/v2\/types\/page"}],"author":[{"embeddable":true,"href":"https:\/\/help.unhcr.org\/spain\/fr\/wp-json\/wp\/v2\/users\/1"}],"replies":[{"embeddable":true,"href":"https:\/\/help.unhcr.org\/spain\/fr\/wp-json\/wp\/v2\/comments?post=209"}],"version-history":[{"count":6,"href":"https:\/\/help.unhcr.org\/spain\/fr\/wp-json\/wp\/v2\/pages\/209\/revisions"}],"predecessor-version":[{"id":2662,"href":"https:\/\/help.unhcr.org\/spain\/fr\/wp-json\/wp\/v2\/pages\/209\/revisions\/2662"}],"wp:attachment":[{"href":"https:\/\/help.unhcr.org\/spain\/fr\/wp-json\/wp\/v2\/media?parent=209"}],"curies":[{"name":"wp","href":"https:\/\/api.w.org\/{rel}","templated":true}]}}