{"id":1865,"date":"2022-06-07T10:07:58","date_gmt":"2022-06-07T10:07:58","guid":{"rendered":"https:\/\/help.unhcr.org\/spain\/educacion\/formacion-gratuita-de-ongs\/"},"modified":"2026-02-13T10:45:31","modified_gmt":"2026-02-13T10:45:31","slug":"formacion-gratuita-de-ongs","status":"publish","type":"page","link":"https:\/\/help.unhcr.org\/spain\/fr\/educacion\/formacion-gratuita-de-ongs\/","title":{"rendered":"Formation gratuite des ONG"},"content":{"rendered":"\n<p>Vous trouverez ci-dessous une liste d&rsquo;organisations qui proposent des cours gratuits pour les r\u00e9fugi\u00e9s, les demandeurs d&rsquo;asile et les apatrides en Espagne. Pour vous inscrire ou obtenir plus d&rsquo;informations sur les cours, contactez directement l&rsquo;organisation via leurs coordonn\u00e9es.<\/p>\n\n\n\n<h3 class=\"wp-block-heading\"><strong><span class=\"has-inline-color has-vivid-cyan-blue-color\">Madrid for Refugees<\/span><\/strong><\/h3>\n\n\n\n<ul class=\"wp-block-list\">\n<li>Adresse:&nbsp;Calle Mira el R\u00edo Baja, 20 bis, 28005 Madrid<\/li>\n\n\n\n<li>E-mail:&nbsp;<a href=\"mailto:info@madridforrefugees.org\" target=\"_blank\" rel=\"noreferrer noopener\">info@madridforrefugees.org<\/a>&nbsp;<\/li>\n\n\n\n<li>Site web:&nbsp;<a href=\"https:\/\/eur02.safelinks.protection.outlook.com\/?url=http%3A%2F%2Fwww.madridforrefugees.org%2F&amp;data=05%7C01%7Cespuga%40unhcr.org%7C958346aa72d84fe7962708da44bff457%7Ce5c37981666441348a0c6543d2af80be%7C0%7C0%7C637897889112689420%7CUnknown%7CTWFpbGZsb3d8eyJWIjoiMC4wLjAwMDAiLCJQIjoiV2luMzIiLCJBTiI6Ik1haWwiLCJXVCI6Mn0%3D%7C2000%7C%7C%7C&amp;sdata=b9l9knbV9HlyJPZdgbyuRXDdjb4LsG1JNy3kg4ozUac%3D&amp;reserved=0\" target=\"_blank\" rel=\"noreferrer noopener\">www.madridforrefugees.org<\/a>&nbsp;,&nbsp;<a href=\"https:\/\/eur02.safelinks.protection.outlook.com\/?url=http%3A%2F%2Fwww.refugeescode.org%2F&amp;data=05%7C01%7Cespuga%40unhcr.org%7C958346aa72d84fe7962708da44bff457%7Ce5c37981666441348a0c6543d2af80be%7C0%7C0%7C637897889112689420%7CUnknown%7CTWFpbGZsb3d8eyJWIjoiMC4wLjAwMDAiLCJQIjoiV2luMzIiLCJBTiI6Ik1haWwiLCJXVCI6Mn0%3D%7C2000%7C%7C%7C&amp;sdata=ErSBxcATzeDehXtvNiYvIbk6BBKtpxO56Uj%2BlQb8Jqk%3D&amp;reserved=0\" target=\"_blank\" rel=\"noreferrer noopener\">www.refugeescode.org<\/a>&nbsp;<\/li>\n\n\n\n<li>R\u00e9seaux sociaux:&nbsp;<a href=\"https:\/\/eur02.safelinks.protection.outlook.com\/?url=https%3A%2F%2Fwww.linkedin.com%2Fcompany%2Fmadrid-for-refugees%2F&amp;data=05%7C01%7Cespuga%40unhcr.org%7C958346aa72d84fe7962708da44bff457%7Ce5c37981666441348a0c6543d2af80be%7C0%7C0%7C637897889112689420%7CUnknown%7CTWFpbGZsb3d8eyJWIjoiMC4wLjAwMDAiLCJQIjoiV2luMzIiLCJBTiI6Ik1haWwiLCJXVCI6Mn0%3D%7C2000%7C%7C%7C&amp;sdata=wwPb5DTpWF3AN9tWF1TkZS%2FEl0WyBsdd23D%2BEc7G0E0%3D&amp;reserved=0\" target=\"_blank\" rel=\"noreferrer noopener\">MFR Linkedin<\/a>,&nbsp;<a href=\"https:\/\/eur02.safelinks.protection.outlook.com\/?url=https%3A%2F%2Fwww.instagram.com%2Fmadrid4refugees%2F&amp;data=05%7C01%7Cespuga%40unhcr.org%7C958346aa72d84fe7962708da44bff457%7Ce5c37981666441348a0c6543d2af80be%7C0%7C0%7C637897889112689420%7CUnknown%7CTWFpbGZsb3d8eyJWIjoiMC4wLjAwMDAiLCJQIjoiV2luMzIiLCJBTiI6Ik1haWwiLCJXVCI6Mn0%3D%7C2000%7C%7C%7C&amp;sdata=ewg1bUIKpNBOYgtAv3bXt3NIX9MWWCEHlUzCS2zRiSQ%3D&amp;reserved=0\" target=\"_blank\" rel=\"noreferrer noopener\">MFR Instagram<\/a>,&nbsp;<a href=\"https:\/\/eur02.safelinks.protection.outlook.com\/?url=https%3A%2F%2Fwww.linkedin.com%2Fcompany%2Frefugees-code%2F&amp;data=05%7C01%7Cespuga%40unhcr.org%7C958346aa72d84fe7962708da44bff457%7Ce5c37981666441348a0c6543d2af80be%7C0%7C0%7C637897889112845641%7CUnknown%7CTWFpbGZsb3d8eyJWIjoiMC4wLjAwMDAiLCJQIjoiV2luMzIiLCJBTiI6Ik1haWwiLCJXVCI6Mn0%3D%7C2000%7C%7C%7C&amp;sdata=%2FdviwG0BunR7od2lLKJ4qdp72AF59Cpdb%2Fg98Fp3X6c%3D&amp;reserved=0\" target=\"_blank\" rel=\"noreferrer noopener\">RC Linkedin<\/a>,&nbsp;<a href=\"https:\/\/eur02.safelinks.protection.outlook.com\/?url=https%3A%2F%2Fwww.instagram.com%2Frefugeescodemadrid%2F&amp;data=05%7C01%7Cespuga%40unhcr.org%7C958346aa72d84fe7962708da44bff457%7Ce5c37981666441348a0c6543d2af80be%7C0%7C0%7C637897889112845641%7CUnknown%7CTWFpbGZsb3d8eyJWIjoiMC4wLjAwMDAiLCJQIjoiV2luMzIiLCJBTiI6Ik1haWwiLCJXVCI6Mn0%3D%7C2000%7C%7C%7C&amp;sdata=v%2BdYrXmNVPZpRzTOHw%2BDAGVyWaxQtDuCTgKYpUtomvQ%3D&amp;reserved=0\" target=\"_blank\" rel=\"noreferrer noopener\">RC Instagram<\/a><\/li>\n<\/ul>\n\n\n\n<p>Offre de formations gratuites :<\/p>\n\n\n\n<ul class=\"wp-block-list\">\n<li><strong>Apprentissage des bases de l\u2019informatique<\/strong>: Cours pour apprendre \u00e0 utiliser un ordinateur, des dispositifs \u00e9lectroniques et les applications Google pour supprimer les barri\u00e8res d\u2019acc\u00e8s au num\u00e9rique. La formation a une dur\u00e9e de 6 semaines et elle est dispens\u00e9e en pr\u00e9sentiel. <a href=\"https:\/\/eur02.safelinks.protection.outlook.com\/?url=https%3A%2F%2Fmadridforrefugees.org%2Fes%2Falfabetizacion-informatica%2F&amp;data=05%7C01%7Cespuga%40unhcr.org%7C958346aa72d84fe7962708da44bff457%7Ce5c37981666441348a0c6543d2af80be%7C0%7C0%7C637897889112845641%7CUnknown%7CTWFpbGZsb3d8eyJWIjoiMC4wLjAwMDAiLCJQIjoiV2luMzIiLCJBTiI6Ik1haWwiLCJXVCI6Mn0%3D%7C2000%7C%7C%7C&amp;sdata=zCjLb4qxPAeyEtWVoiL3Q0IkMDiMRkc8%2BL4zVWQd0TY%3D&amp;reserved=0\" target=\"_blank\" rel=\"noreferrer noopener\">Cliquez ici pour plus d\u2019informations<\/a>.<\/li>\n\n\n\n<li><strong>RefuTeach<\/strong>: Cours intensifs d\u2019anglais dispens\u00e9s par des b\u00e9n\u00e9voles de langue maternelle anglaise pour diff\u00e9rents niveaux et en groupes r\u00e9duits. La formation a une dur\u00e9e de 6 semaines et est dispens\u00e9e en pr\u00e9sentiel. <a href=\"https:\/\/eur02.safelinks.protection.outlook.com\/?url=https%3A%2F%2Fmadridforrefugees.org%2Fes%2Fla-organizacion%2Fcurso-de-ingles%2F&amp;data=05%7C01%7Cespuga%40unhcr.org%7C958346aa72d84fe7962708da44bff457%7Ce5c37981666441348a0c6543d2af80be%7C0%7C0%7C637897889112845641%7CUnknown%7CTWFpbGZsb3d8eyJWIjoiMC4wLjAwMDAiLCJQIjoiV2luMzIiLCJBTiI6Ik1haWwiLCJXVCI6Mn0%3D%7C2000%7C%7C%7C&amp;sdata=QiRsv%2FPbAuJ9wv6kst2HEN7Kr%2F3cvCaI0L0r%2F59PLkk%3D&amp;reserved=0\" target=\"_blank\" rel=\"noreferrer noopener\">Cliquez ici pour plus d\u2019informations.<\/a><\/li>\n\n\n\n<li><strong>Refugees Code<\/strong>: Cours d\u2019initiation au d\u00e9veloppement web (Front-end), dont les bases de Git, HTML, CSS, Javascript et Vue.js. Le cours dure six mois et est dispens\u00e9 en petits groupes, en format pr\u00e9sentiel et en ligne, en anglais ou en espagnol, dans nos bureaux. <a href=\"https:\/\/eur02.safelinks.protection.outlook.com\/?url=https%3A%2F%2Fmadridforrefugees.org%2Fes%2Fla-organizacion%2Fmfr-coding-es%2F&amp;data=05%7C01%7Cespuga%40unhcr.org%7C958346aa72d84fe7962708da44bff457%7Ce5c37981666441348a0c6543d2af80be%7C0%7C0%7C637897889112845641%7CUnknown%7CTWFpbGZsb3d8eyJWIjoiMC4wLjAwMDAiLCJQIjoiV2luMzIiLCJBTiI6Ik1haWwiLCJXVCI6Mn0%3D%7C2000%7C%7C%7C&amp;sdata=aEmJ1g4U0LuGATKXeL9l%2FUVTTIsSQoSa%2Bj1WGbaWpyM%3D&amp;reserved=0\" target=\"_blank\" rel=\"noreferrer noopener\">Cliquez ici pour plus d\u2019informations<\/a>.<\/li>\n<\/ul>\n\n\n\n<h3 class=\"wp-block-heading has-vivid-cyan-blue-color has-text-color\"><strong>URDA SPAIN<\/strong><\/h3>\n\n\n\n<ul class=\"wp-block-list\">\n<li>Adresse: Dolores Folgueras 4, 28038 Madrid.<\/li>\n\n\n\n<li>E-mail: <a href=\"mailto:info@urdaspain.org\" target=\"_blank\" rel=\"noreferrer noopener\">info@urdaspain.org<\/a><\/li>\n\n\n\n<li>Page web: <a href=\"http:\/\/www.urdaspain.org\" target=\"_blank\" rel=\"noreferrer noopener\">urdaspain.org<\/a><\/li>\n\n\n\n<li>T\u00e9l\u00e9phone: +34 919 353 759&nbsp;&nbsp;&nbsp;<\/li>\n\n\n\n<li>R\u00e9seaux sociaux: <a href=\"https:\/\/www.instagram.com\/urda_spain\/\" target=\"_blank\" rel=\"noreferrer noopener\">Instagram<\/a>, <a href=\"https:\/\/twitter.com\/URDASPAIN?ref_src=twsrc%5Egoogle%7Ctwcamp%5Eserp%7Ctwgr%5Eauthor\" target=\"_blank\" rel=\"noreferrer noopener\">Twitter<\/a>, <a href=\"https:\/\/www.linkedin.com\/company\/urda-spain\/?originalSubdomain=es\" target=\"_blank\" rel=\"noreferrer noopener\">Linkedin<\/a><\/li>\n<\/ul>\n\n\n\n<p>Offre de formation gratuite :<\/p>\n\n\n\n<ul class=\"wp-block-list\">\n<li><strong>Cours d&rsquo;espagnol:<\/strong>&nbsp;Nous proposons un cours face \u00e0 face et un cours en ligne administr\u00e9 par vid\u00e9oconf\u00e9rence. Les deux ont des groupes divis\u00e9s par niveau.&nbsp;<a href=\"https:\/\/urdaspain.org\/espana\/\" target=\"_blank\" rel=\"noreferrer noopener\">Plus d&rsquo;informations sur ce lien.<\/a>&nbsp;<\/li>\n\n\n\n<li><strong>Salle TIC<\/strong>: un espace pour l&rsquo;enseignement, l&rsquo;apprentissage, la consultation et l&rsquo;utilisation d&rsquo;ordinateurs avec connexion Internet. La salle offre gratuitement l&rsquo;utilisation de 10 ordinateurs pour effectuer des d\u00e9marches personnelles, des formations, des ateliers, etc. Ouvert de 10h00 \u00e0 15h00. Acc\u00e8s \u00e0 la ressource apr\u00e8s inscription et r\u00e9servation.&nbsp;<a href=\"https:\/\/urdaspain.org\/contacto\/\" target=\"_blank\" rel=\"noreferrer noopener\">Plus d&rsquo;informations sur ce lien.<\/a><\/li>\n<\/ul>\n\n\n\n<h3 class=\"wp-block-heading has-vivid-cyan-blue-color has-text-color\"><strong>Acad\u00e9mie Cumbres Espagne \/ ONG \u2013 Musique Sans Fronti\u00e8res<\/strong><\/h3>\n\n\n\n<ul class=\"wp-block-list\">\n<li>Adresse: Calle de las Delicias, 17, Local 40, 28045 Madrid<\/li>\n\n\n\n<li>Courriel: info@sercumbres.org<\/li>\n\n\n\n<li>Site web: <a href=\"http:\/\/www.sercumbres.org\">www.sercumbres.org<\/a><\/li>\n\n\n\n<li>R\u00e9seaux sociaux: <a href=\"https:\/\/www.instagram.com\/ser_cumbres\/\">Instagram<\/a>, <a href=\"https:\/\/x.com\/ser_cumbres\">Twitter<\/a>, <a href=\"https:\/\/www.linkedin.com\/company\/sercumbres\/\">LinkedIn<\/a><\/li>\n<\/ul>\n\n\n\n<p><strong>Cumbres Espagne<\/strong> est une <strong>institution \u00e9ducative et culturelle<\/strong> qui promeut l\u2019excellence acad\u00e9mique et la transformation sociale \u00e0 travers la musique et les arts.<\/p>\n\n\n\n<p>Offre de formation gratuite :<\/p>\n\n\n\n<ul class=\"wp-block-list\">\n<li><strong>Musique Sans Fronti\u00e8res<\/strong> est un projet destin\u00e9 aux personnes r\u00e9fugi\u00e9es, demandeuses d\u2019asile, apatrides, migrantes, aux personnes en situation de vuln\u00e9rabilit\u00e9 ainsi qu\u2019\u00e0 la communaut\u00e9 locale. Il offre un acc\u00e8s \u00e0 :<ul><li><strong>Ch\u0153urs<\/strong> (enfants\/jeunes et adultes) : aucune exp\u00e9rience pr\u00e9alable requise.<\/li><\/ul>\n<ul class=\"wp-block-list\">\n<li><strong>Orchestre<\/strong> : pour les personnes ayant un niveau instrumental avanc\u00e9 ou une exp\u00e9rience orchestrale (en particulier les instruments \u00e0 cordes).<\/li>\n<\/ul>\n<\/li>\n<\/ul>\n\n\n\n<p>En outre, les participants \u00e0 Musique Sans Fronti\u00e8res peuvent b\u00e9n\u00e9ficier de <strong>conditions sp\u00e9ciales<\/strong> pour poursuivre leur formation au sein de l\u2019Acad\u00e9mie Cumbres. Les activit\u00e9s se d\u00e9roulent en pr\u00e9sentiel \u00e0 Madrid.<\/p>\n","protected":false},"excerpt":{"rendered":"<p>Vous trouverez ci-dessous une liste d&rsquo;organisations qui proposent des cours gratuits pour les r\u00e9fugi\u00e9s, les demandeurs d&rsquo;asile et les apatrides en Espagne. Pour vous inscrire ou obtenir plus d&rsquo;informations sur les cours, contactez directement l&rsquo;organisation via leurs coordonn\u00e9es. Madrid for Refugees Offre de formations gratuites : URDA SPAIN Offre de formation gratuite : Acad\u00e9mie Cumbres [&hellip;]<\/p>\n","protected":false},"author":137,"featured_media":0,"parent":913,"menu_order":1,"comment_status":"closed","ping_status":"closed","template":"","meta":{"_acf_changed":false,"footnotes":""},"class_list":["post-1865","page","type-page","status-publish","hentry"],"acf":[],"_links":{"self":[{"href":"https:\/\/help.unhcr.org\/spain\/fr\/wp-json\/wp\/v2\/pages\/1865","targetHints":{"allow":["GET"]}}],"collection":[{"href":"https:\/\/help.unhcr.org\/spain\/fr\/wp-json\/wp\/v2\/pages"}],"about":[{"href":"https:\/\/help.unhcr.org\/spain\/fr\/wp-json\/wp\/v2\/types\/page"}],"author":[{"embeddable":true,"href":"https:\/\/help.unhcr.org\/spain\/fr\/wp-json\/wp\/v2\/users\/137"}],"replies":[{"embeddable":true,"href":"https:\/\/help.unhcr.org\/spain\/fr\/wp-json\/wp\/v2\/comments?post=1865"}],"version-history":[{"count":11,"href":"https:\/\/help.unhcr.org\/spain\/fr\/wp-json\/wp\/v2\/pages\/1865\/revisions"}],"predecessor-version":[{"id":3484,"href":"https:\/\/help.unhcr.org\/spain\/fr\/wp-json\/wp\/v2\/pages\/1865\/revisions\/3484"}],"up":[{"embeddable":true,"href":"https:\/\/help.unhcr.org\/spain\/fr\/wp-json\/wp\/v2\/pages\/913"}],"wp:attachment":[{"href":"https:\/\/help.unhcr.org\/spain\/fr\/wp-json\/wp\/v2\/media?parent=1865"}],"curies":[{"name":"wp","href":"https:\/\/api.w.org\/{rel}","templated":true}]}}