{"id":1819,"date":"2022-03-22T09:49:02","date_gmt":"2022-03-22T09:49:02","guid":{"rendered":"https:\/\/help.unhcr.org\/spain\/precauciones-durante-el-viaje\/"},"modified":"2022-05-18T13:48:47","modified_gmt":"2022-05-18T13:48:47","slug":"precauciones-durante-el-viaje","status":"publish","type":"page","link":"https:\/\/help.unhcr.org\/spain\/fr\/precauciones-durante-el-viaje\/","title":{"rendered":"Restez en s\u00e9curit\u00e9 pendant le voyage"},"content":{"rendered":"\n<h2 class=\"wp-block-heading\">Restez en s\u00e9curit\u00e9 pendant le voyage et une fois en Espagne<\/h2>\n\n\n\n<p><strong>Il existe des signes que vous pouvez rechercher pour assurer votre s\u00e9curit\u00e9 et celle de votre famille. Par exemple, soyez attentif \u00e0 quelqu&rsquo;un qui :<\/strong><\/p>\n\n\n\n<ul class=\"wp-block-list\"><li>demande votre passeport ou d&rsquo;autres documents d&rsquo;identification (en dehors des autorit\u00e9s publiques, par exemple aux postes-fronti\u00e8res) ;<\/li><li>demande votre t\u00e9l\u00e9phone, votre ordinateur portable ou tout autre moyen de communication&nbsp;;<\/li><li>veut vous retirer de votre famille ou des autres personnes avec lesquelles vous voyagez&nbsp;;<\/li><li>vous propose un travail qui semble trop beau pour \u00eatre vrai&nbsp;;<\/li><li>fait pression sur vous pour effectuer un travail, des services ou des relations sexuelles (y compris pour rembourser des \u00ab&nbsp;dettes&nbsp;\u00bb&nbsp;);<\/li><li>promet de vous aider \u00e0 vous enregistrer, \u00e0 vous relocaliser ou \u00e0 vous r\u00e9installer dans un autre pays contre paiement (\u00e0 l&rsquo;exception des frais de transport r\u00e9guliers)&nbsp;;<\/li><li>vous embauche, mais ne vous paie pas, ou ne vous offre pas des conditions de travail d\u00e9centes ou limite vos d\u00e9placements, par exemple en prenant vos papiers ou en fermant la porte.<\/li><\/ul>\n\n\n\n<p><strong>Il y a des mesures que vous pouvez prendre pour rester en s\u00e9curit\u00e9&nbsp;:<\/strong><\/p>\n\n\n\n<ul class=\"wp-block-list\"><li>Soyez vigilant et suivez votre propre intuition \u00e0 propos des personnes que vous ne connaissez pas.<\/li><li>Conservez toujours vos documents. Prenez-en des copies sur votre t\u00e9l\u00e9phone et envoyez-les \u00e0 une personne de confiance.<\/li><li>Restez en contact avec votre famille et les autres personnes en qui vous avez confiance.<\/li><li>Connaissez vos droits et o\u00f9 vous pouvez obtenir de l&rsquo;aide.<\/li><li>Recherchez des informations fiables aupr\u00e8s de sources fiables.<\/li><\/ul>\n\n\n\n<p><strong>Si vous cherchez un logement :<\/strong><\/p>\n\n\n\n<ul class=\"wp-block-list\"><li>Utilisez si possible un h\u00e9bergement organis\u00e9 par des organisations connues.<\/li><li>Il existe de nombreux centres d&rsquo;accueil, h\u00f4tels, auberges et organisations non gouvernementales proposant un h\u00e9bergement.<\/li><li>Si vous restez chez des particuliers, essayez de vous renseigner d\u2019abord sur la personne. N\u2019acceptez pas d\u2019\u00eatre \u00e9loign\u00e9 de votre famille ou de ceux avec qui vous \u00eates arriv\u00e9, et ne donnez pas vos papiers. Demandez si quelque chose est attendu de vous en retour et convenez toujours d\u2019un prix \u00e0 l\u2019avance.<\/li><\/ul>\n\n\n\n<p><strong>Si vous cherchez un moyen de transport&nbsp;:<\/strong><\/p>\n\n\n\n<ul class=\"wp-block-list\"><li>Utilisez le transport organis\u00e9 par des prestataires connus, dans la mesure du possible.<\/li><li>De nombreuses entreprises en Europe proposent d\u00e9sormais des voyages gratuits aux Ukrainiens. Consultez cette page Web pour les options&nbsp;: <a href=\"https:\/\/ec.europa.eu\/free-travel-options\">https:\/\/ec.europa.eu\/free-travel-options<\/a><\/li><li>N&rsquo;acceptez pas d&rsquo;\u00eatre \u00e9loign\u00e9 de votre famille ou de ceux avec qui vous \u00eates arriv\u00e9, et ne donnez pas vos papiers. Convenez toujours d&rsquo;un prix \u00e0 l&rsquo;avance.<\/li><\/ul>\n\n\n\n<p><strong>O\u00f9 chercher des informations et de l&rsquo;assistance en Espagne&nbsp;:<\/strong><\/p>\n\n\n\n<ul class=\"wp-block-list\"><li><strong>Violence bas\u00e9e sur le genre<\/strong> : T\u00e9l\u00e9phone : 016 (24\/7). Courriel : <a href=\"mailto:016-online@igualdad.gob.es\">016-online@igualdad.gob.es<\/a>; WhatsApp : 600 000 016<\/li><li><strong>Traite des \u00eatres humains<\/strong>&nbsp;: T\u00e9l\u00e9phone&nbsp;: 900 10 50 90 (24\/7). Courriel&nbsp;: <a href=\"mailto:trata@policia.es\">trata@policia.es<\/a><\/li><\/ul>\n\n\n\n<p><strong>Autres lignes d\u2019assistance d\u2019urgence&nbsp;:<\/strong><\/p>\n\n\n\n<ul class=\"wp-block-list\"><li><strong>Urgences g\u00e9n\u00e9rales:<\/strong> T\u00e9l\u00e9phone : 112 (24\/7)<\/li><li><strong>Polic\u00eda Nacional (Police nationale):<\/strong> T\u00e9l\u00e9phone: 091 (24\/7)<\/li><li><strong>Guardia Civil (Garde Civile):<\/strong> T\u00e9l\u00e9phone: 092 (24\/7)<\/li><\/ul>\n\n\n\n<p><\/p>\n","protected":false},"excerpt":{"rendered":"<p>Restez en s\u00e9curit\u00e9 pendant le voyage et une fois en Espagne Il existe des signes que vous pouvez rechercher pour assurer votre s\u00e9curit\u00e9 et celle de votre famille. Par exemple, soyez attentif \u00e0 quelqu&rsquo;un qui : demande votre passeport ou d&rsquo;autres documents d&rsquo;identification (en dehors des autorit\u00e9s publiques, par exemple aux postes-fronti\u00e8res) ; demande votre [&hellip;]<\/p>\n","protected":false},"author":137,"featured_media":0,"parent":0,"menu_order":0,"comment_status":"closed","ping_status":"closed","template":"","meta":{"_acf_changed":false,"footnotes":""},"class_list":["post-1819","page","type-page","status-publish","hentry"],"acf":[],"_links":{"self":[{"href":"https:\/\/help.unhcr.org\/spain\/fr\/wp-json\/wp\/v2\/pages\/1819","targetHints":{"allow":["GET"]}}],"collection":[{"href":"https:\/\/help.unhcr.org\/spain\/fr\/wp-json\/wp\/v2\/pages"}],"about":[{"href":"https:\/\/help.unhcr.org\/spain\/fr\/wp-json\/wp\/v2\/types\/page"}],"author":[{"embeddable":true,"href":"https:\/\/help.unhcr.org\/spain\/fr\/wp-json\/wp\/v2\/users\/137"}],"replies":[{"embeddable":true,"href":"https:\/\/help.unhcr.org\/spain\/fr\/wp-json\/wp\/v2\/comments?post=1819"}],"version-history":[{"count":1,"href":"https:\/\/help.unhcr.org\/spain\/fr\/wp-json\/wp\/v2\/pages\/1819\/revisions"}],"predecessor-version":[{"id":1821,"href":"https:\/\/help.unhcr.org\/spain\/fr\/wp-json\/wp\/v2\/pages\/1819\/revisions\/1821"}],"wp:attachment":[{"href":"https:\/\/help.unhcr.org\/spain\/fr\/wp-json\/wp\/v2\/media?parent=1819"}],"curies":[{"name":"wp","href":"https:\/\/api.w.org\/{rel}","templated":true}]}}