{"id":1521,"date":"2022-03-11T17:37:26","date_gmt":"2022-03-11T17:37:26","guid":{"rendered":"https:\/\/help.unhcr.org\/spain\/ukraine-relevant-information\/"},"modified":"2025-01-08T15:41:05","modified_gmt":"2025-01-08T15:41:05","slug":"ukraine-relevant-information","status":"publish","type":"page","link":"https:\/\/help.unhcr.org\/spain\/fr\/ukraine-relevant-information\/","title":{"rendered":"Ukraine\u00a0: Informations pertinentes"},"content":{"rendered":"\n<p class=\"has-background\" style=\"background-color:#fcd700a1\"><strong><a href=\"https:\/\/ukraineishome.org\/uk\/\" data-type=\"link\" data-id=\"https:\/\/ukraineishome.org\/uk\/\" target=\"_blank\" rel=\"noreferrer noopener\">Le HCR lance le site web &laquo;&nbsp;Ukraine is Home&nbsp;&raquo; :<\/a> <\/strong>Con\u00e7u pour fournir aux Ukrainiens des informations pr\u00e9cises et actualis\u00e9es sur leurs droits et leur s\u00e9jour continu dans les pays d&rsquo;accueil, r\u00e9pondre \u00e0 leurs questions, expliquer les opportunit\u00e9s de retour volontaire chez eux et promouvoir l&rsquo;acc\u00e8s au soutien n\u00e9cessaire pour la r\u00e9cup\u00e9ration et la reconstruction.<\/p>\n\n\n\n<p>Pour demander une protection temporaire, vous devez prendre un RENDEZ-VOUS PR\u00c9ALABLE par t\u00e9l\u00e9phone ou en ligne, selon la province dans laquelle vous vous trouvez :<\/p>\n\n\n\n<ul class=\"wp-block-list\">\n<li><strong>M\u00e1laga : <\/strong>Au CREADE de M\u00e1laga (Avenida Pintor Joaqu\u00edn Sorolla, 145, M\u00e1laga). Il est n\u00e9cessaire de prendre rendez-vous pr\u00e9alablement en appelant le 628 216 478 (espagnol et ukrainien, du lundi au vendredi de 8h00 \u00e0 18h00).<\/li>\n\n\n\n<li><strong>Madrid : <\/strong>Au CREADE de Madrid (Centre de Formation de la S\u00e9curit\u00e9 Sociale, Carretera de Carabanchel \u00e0 Aravaca, 91, 20223 Pozuelo de Alarc\u00f3n). Il est n\u00e9cessaire de prendre rendez-vous pr\u00e9alablement en appelant le 666 800 194 (espagnol et ukrainien, du lundi au vendredi de 9h00 \u00e0 17h00).<\/li>\n\n\n\n<li><strong>Alicante :<\/strong> La protection temporaire est trait\u00e9e \u00e0 la Commissariat de Police Nationale (Calle de la Ebanister\u00eda, 4, 03008 Alicante). <a href=\"https:\/\/sede.administracionespublicas.gob.es\/pagina\/index\/directorio\/icpplus\" target=\"_blank\" rel=\"noreferrer noopener\">Il est n\u00e9cessaire de prendre rendez-vous pr\u00e9alablement en utilisant ce lien.<\/a> Vous pouvez obtenir plus d&rsquo;informations au CREADE d&rsquo;Alicante, en appelant le 96 522 47 89 &#8211; de 8h00 \u00e0 18h00.<\/li>\n\n\n\n<li><strong>Barcelone : <\/strong>Tout d&rsquo;abord, vous devez prendre rendez-vous au CREADE (Calle San Fructuoso 78-80, Barcelone) en appelant le 932382199, du lundi au vendredi de 8h30 \u00e0 15h00. Une fois que vous aurez assist\u00e9 \u00e0 votre rendez-vous et re\u00e7u l&rsquo;assistance et les informations de la Croix-Rouge au CREADE, ils vous donneront un rendez-vous pour demander une protection temporaire au commissariat de la Police Nationale (Calle Guadalajara 1, Barcelone).<\/li>\n<\/ul>\n\n\n\n<p>Pour toute autre province, <a href=\"https:\/\/inclusion.seg-social.es\/web\/ucrania-urgente\/listado-de-comisarias\" target=\"_blank\" rel=\"noreferrer noopener\">veuillez consulter le site du Minist\u00e8re de l&rsquo;Inclusion.<\/a><\/p>\n\n\n\n<p>Vous trouverez ci-dessous des informations d\u00e9taill\u00e9es sur :<\/p>\n\n\n\n<ul class=\"wp-block-list\">\n<li><a href=\"https:\/\/help.unhcr.org\/spain\/fr\/precauciones-durante-el-viaje\/\">Comment rester en s\u00e9curit\u00e9 pendant le voyage et une fois en Espagne<\/a><\/li>\n\n\n\n<li>Qu&rsquo;est-ce que la protection temporaire, o\u00f9 et comment la demander en Espagne<\/li>\n\n\n\n<li>O\u00f9 et comment demander un logement et un accompagnement en Espagne<\/li>\n\n\n\n<li>Informations sur la protection de l&rsquo;enfance<\/li>\n<\/ul>\n\n\n\n<p>Vous trouverez \u00e9galement <a href=\"https:\/\/ec.europa.eu\/info\/strategy\/priorities-2019-2024\/stronger-europe-world\/eu-solidarity-ukraine\/eu-assistance-ukraine\/information-people-fleeing-war-ukraine_en\">des informations officielles cl\u00e9s sur vos droits concernant le franchissement des fronti\u00e8res dans un pays de l&rsquo;UE, l&rsquo;\u00e9ligibilit\u00e9 \u00e0 la protection temporaire et la demande de protection internationale, ainsi que les droits de voyager au sein de l&rsquo;Union europ\u00e9enne sur ce lien.<\/a><\/p>\n\n\n\n<p class=\"has-text-align-center has-luminous-vivid-amber-background-color has-background\">Le gouvernement espagnol (<strong>MISSM<\/strong>), en collaboration avec l&rsquo;Agence europ\u00e9enne pour l&rsquo;asile (<strong>EUAA<\/strong>), met \u00e9galement \u00e0 disposition un num\u00e9ro de <strong>t\u00e9l\u00e9phone gratuit<\/strong> afin de r\u00e9pondre aux <strong>questions<\/strong> concernant le processus de demande de <strong>Protection Temporaire <\/strong>ou les aspects pratiques de l&rsquo;acc\u00e8s aux services et \u00e0 l&rsquo;aide en Espagne pour les personnes b\u00e9n\u00e9ficiant d&rsquo;une Protection Temporaire.<br><br><strong>(+34) 91 399 00 09<\/strong><br>Disponible du lundi au jeudi de 9h00 \u00e0 17h00 et le vendredi de 9h00 \u00e0 16h00, en <strong>ukrainien, russe et espagnol.<\/strong><\/p>\n","protected":false},"excerpt":{"rendered":"<p>Le HCR lance le site web &laquo;&nbsp;Ukraine is Home&nbsp;&raquo; : Con\u00e7u pour fournir aux Ukrainiens des informations pr\u00e9cises et actualis\u00e9es sur leurs droits et leur s\u00e9jour continu dans les pays d&rsquo;accueil, r\u00e9pondre \u00e0 leurs questions, expliquer les opportunit\u00e9s de retour volontaire chez eux et promouvoir l&rsquo;acc\u00e8s au soutien n\u00e9cessaire pour la r\u00e9cup\u00e9ration et la reconstruction. [&hellip;]<\/p>\n","protected":false},"author":137,"featured_media":0,"parent":0,"menu_order":0,"comment_status":"closed","ping_status":"closed","template":"page-templates\/sectioned.php","meta":{"_acf_changed":false,"footnotes":""},"class_list":["post-1521","page","type-page","status-publish","hentry"],"acf":[],"_links":{"self":[{"href":"https:\/\/help.unhcr.org\/spain\/fr\/wp-json\/wp\/v2\/pages\/1521","targetHints":{"allow":["GET"]}}],"collection":[{"href":"https:\/\/help.unhcr.org\/spain\/fr\/wp-json\/wp\/v2\/pages"}],"about":[{"href":"https:\/\/help.unhcr.org\/spain\/fr\/wp-json\/wp\/v2\/types\/page"}],"author":[{"embeddable":true,"href":"https:\/\/help.unhcr.org\/spain\/fr\/wp-json\/wp\/v2\/users\/137"}],"replies":[{"embeddable":true,"href":"https:\/\/help.unhcr.org\/spain\/fr\/wp-json\/wp\/v2\/comments?post=1521"}],"version-history":[{"count":13,"href":"https:\/\/help.unhcr.org\/spain\/fr\/wp-json\/wp\/v2\/pages\/1521\/revisions"}],"predecessor-version":[{"id":3184,"href":"https:\/\/help.unhcr.org\/spain\/fr\/wp-json\/wp\/v2\/pages\/1521\/revisions\/3184"}],"wp:attachment":[{"href":"https:\/\/help.unhcr.org\/spain\/fr\/wp-json\/wp\/v2\/media?parent=1521"}],"curies":[{"name":"wp","href":"https:\/\/api.w.org\/{rel}","templated":true}]}}