{"id":1316,"date":"2021-12-06T11:58:13","date_gmt":"2021-12-06T11:58:13","guid":{"rendered":"https:\/\/help.unhcr.org\/spain\/contacta-con-acnur\/"},"modified":"2022-01-11T12:27:10","modified_gmt":"2022-01-11T12:27:10","slug":"contacta-con-acnur","status":"publish","type":"page","link":"https:\/\/help.unhcr.org\/spain\/fr\/contacta-con-acnur\/","title":{"rendered":"Contactez le HCR \/ ACNUR"},"content":{"rendered":"\n<div class=\"wpcf7 no-js\" id=\"wpcf7-f1107-o1\" lang=\"en-US\" dir=\"ltr\" data-wpcf7-id=\"1107\">\n<div class=\"screen-reader-response\"><p role=\"status\" aria-live=\"polite\" aria-atomic=\"true\"><\/p> <ul><\/ul><\/div>\n<form action=\"\/spain\/fr\/wp-json\/wp\/v2\/pages\/1316#wpcf7-f1107-o1\" method=\"post\" class=\"wpcf7-form init\" aria-label=\"Contact form\" enctype=\"multipart\/form-data\" novalidate=\"novalidate\" data-status=\"init\">\n<fieldset class=\"hidden-fields-container\"><input type=\"hidden\" name=\"_wpcf7\" value=\"1107\" \/><input type=\"hidden\" name=\"_wpcf7_version\" value=\"6.1.4\" \/><input type=\"hidden\" name=\"_wpcf7_locale\" value=\"en_US\" \/><input type=\"hidden\" name=\"_wpcf7_unit_tag\" value=\"wpcf7-f1107-o1\" \/><input type=\"hidden\" name=\"_wpcf7_container_post\" value=\"0\" \/><input type=\"hidden\" name=\"_wpcf7_posted_data_hash\" value=\"\" \/><input type=\"hidden\" name=\"_wpcf7_recaptcha_response\" value=\"\" \/>\n<\/fieldset>\n<div class=\"row\">\n\t<div class=\"col-md-12 col-sm-12\">\n\t\t<p><label for=\"contact-info\">Si vous n\u2019avez pas trouv\u00e9 les informations recherch\u00e9es sur ce portail, vous pouvez nous contacter par le biais du formulaire suivant. Veuillez noter que nous pouvons r\u00e9pondre plus rapidement aux demandes en espagnol, anglais et fran\u00e7ais, mais que nous avons besoin de plus de temps pour traiter les demandes dans d\u2019autres langues.<br \/>\n<\/label>\n\t\t<\/p>\n\t<\/div>\n<\/div>\n<div class=\"row\">\n\t<div class=\"col-md-12 col-sm-12\">\n\t\t<p><label for=\"contact-authorise\">Les renseignements demand\u00e9s dans ce fichier sont n\u00e9cessaires pour que le HCR\/ACNUR comprenne votre situation en Espagne et puisse vous donner les informations ou les conseils dont vous avez besoin. Ces renseignements sont prot\u00e9g\u00e9s par la <a href=\"https:\/\/www.refworld.org\/docid\/55643c1d4.html\"> Politique relative \u00e0 la protection des donn\u00e9es des personnes relevant de la comp\u00e9tence du HCR, que vous pouvez consulter en cliquant sur ce lien. <\/a>.<br \/>\nPour donner suite \u00e0 votre demande, le HCR\/ACNUR devra peut-\u00eatre communiquer avec les autorit\u00e9s comp\u00e9tentes en mati\u00e8re d\u2019asile ou avec les organismes du syst\u00e8me d\u2019accueil, le cas \u00e9ch\u00e9ant. Indiquez ci-dessous si vous autorisez le HCR\/ACNUR \u00e0 partager ces donn\u00e9es afin d\u2019acc\u00e9l\u00e9rer le traitement de votre demande, et seulement lorsque cela est n\u00e9cessaire:* <\/label>\n\t\t<\/p>\n\t<\/div>\n<\/div>\n<div class=\"col-md-12 col-sm-12\">\n\t<p><span class=\"wpcf7-form-control-wrap\" data-name=\"contact-authorise\"><span class=\"wpcf7-form-control wpcf7-checkbox wpcf7-validates-as-required wpcf7-exclusive-checkbox\"><span class=\"wpcf7-list-item first\"><label><input type=\"checkbox\" name=\"contact-authorise\" value=\"Oui, j\u2019autorise le traitement de mes donn\u00e9es \u00e0 caract\u00e8re personnel aux fins de la gestion de ma demande.\" \/><span class=\"wpcf7-list-item-label\">Oui, j\u2019autorise le traitement de mes donn\u00e9es \u00e0 caract\u00e8re personnel aux fins de la gestion de ma demande.<\/span><\/label><\/span><span class=\"wpcf7-list-item last\"><label><input type=\"checkbox\" name=\"contact-authorise\" value=\"Non, je refuse. Je pr\u00e9f\u00e8re que le HCR\/ACNUR me contacte explicitement pour me demander l\u2019autorisation de transmettre mes donn\u00e9es avant de commencer \u00e0 traiter ma demande.\" \/><span class=\"wpcf7-list-item-label\">Non, je refuse. Je pr\u00e9f\u00e8re que le HCR\/ACNUR me contacte explicitement pour me demander l\u2019autorisation de transmettre mes donn\u00e9es avant de commencer \u00e0 traiter ma demande.<\/span><\/label><\/span><\/span><\/span>\n\t<\/p>\n<\/div>\n<div class=\"row\">\n\t<div class=\"col-md-6 col-sm-12\">\n\t\t<p><label for=\"contact-first-name\">Pr\u00e9nom(s)* <\/label><br \/>\n<span class=\"wpcf7-form-control-wrap\" data-name=\"contact-first-name\"><input size=\"40\" maxlength=\"400\" class=\"wpcf7-form-control wpcf7-text wpcf7-validates-as-required\" id=\"contact-first-name\" aria-required=\"true\" aria-invalid=\"false\" value=\"\" type=\"text\" name=\"contact-first-name\" \/><\/span>\n\t\t<\/p>\n\t<\/div>\n\t<div class=\"col-md-6 col-sm-12\">\n\t\t<p><label for=\"contact-surname\">Nom(s) de famille* <\/label><br \/>\n<span class=\"wpcf7-form-control-wrap\" data-name=\"contact-surname\"><input size=\"40\" maxlength=\"400\" class=\"wpcf7-form-control wpcf7-text wpcf7-validates-as-required\" id=\"contact-surname\" aria-required=\"true\" aria-invalid=\"false\" value=\"\" type=\"text\" name=\"contact-surname\" \/><\/span>\n\t\t<\/p>\n\t<\/div>\n<\/div>\n<div class=\"row\">\n\t<div class=\"col-md-6 col-sm-12\">\n\t\t<p><label for=\"contact-phone\">Num\u00e9ro de t\u00e9l\u00e9phone* <\/label><br \/>\n<span class=\"wpcf7-form-control-wrap\" data-name=\"contact-phone\"><input size=\"40\" maxlength=\"400\" class=\"wpcf7-form-control wpcf7-text wpcf7-validates-as-required\" id=\"contact-phone\" aria-required=\"true\" aria-invalid=\"false\" value=\"\" type=\"text\" name=\"contact-phone\" \/><\/span>\n\t\t<\/p>\n\t<\/div>\n\t<div class=\"col-md-6 col-sm-12\">\n\t\t<p><label for=\"contact-email\">Adresse \u00e9lectronique* <\/label><br \/>\n<span class=\"wpcf7-form-control-wrap\" data-name=\"contact-email\"><input size=\"40\" maxlength=\"400\" class=\"wpcf7-form-control wpcf7-email wpcf7-validates-as-required wpcf7-text wpcf7-validates-as-email\" id=\"contact-email\" aria-required=\"true\" aria-invalid=\"false\" value=\"\" type=\"email\" name=\"contact-email\" \/><\/span>\n\t\t<\/p>\n\t<\/div>\n<\/div>\n<div class=\"row\">\n\t<div class=\"col-md-12 col-sm-12\">\n\t\t<p><label for=\"contact-gender\">Sexe* <\/label>\n\t\t<\/p>\n\t<\/div>\n<\/div>\n<div class=\"row\">\n\t<div class=\"col-md-12 col-sm-12\">\n\t\t<p><span class=\"wpcf7-form-control-wrap\" data-name=\"menu-gender\"><select class=\"wpcf7-form-control wpcf7-select wpcf7-validates-as-required\" aria-required=\"true\" aria-invalid=\"false\" name=\"menu-gender\"><option value=\"\">-- Veuillez s\u00e9lectionner votre genre --<\/option><option value=\"Femme\">Femme<\/option><option value=\"Homme\">Homme<\/option><option value=\"Femme transgenre\">Femme transgenre<\/option><option value=\"Homme transgenre\">Homme transgenre<\/option><option value=\"Non-binaire\/genre fluide\">Non-binaire\/genre fluide<\/option><option value=\"Je pr\u00e9f\u00e8re ne pas r\u00e9pondre\">Je pr\u00e9f\u00e8re ne pas r\u00e9pondre<\/option><\/select><\/span>\n\t\t<\/p>\n\t<\/div>\n<\/div>\n<div class=\"row\">\n\t<div class=\"col-md-12 col-sm-12\">\n\t\t<p><label for=\"contact-status\">Situation administrative en Espagne* <\/label>\n\t\t<\/p>\n\t<\/div>\n<\/div>\n<div class=\"row\">\n\t<div class=\"col-md-12 col-sm-12\">\n\t\t<p><span class=\"wpcf7-form-control-wrap\" data-name=\"menu-status\"><select class=\"wpcf7-form-control wpcf7-select wpcf7-validates-as-required\" aria-required=\"true\" aria-invalid=\"false\" name=\"menu-status\"><option value=\"\">-- Veuillez s\u00e9lectionner votre statut --<\/option><option value=\"Demandeur d\u2019asile\">Demandeur d\u2019asile<\/option><option value=\"Demandeur de statut d\u2019apatride\">Demandeur de statut d\u2019apatride<\/option><option value=\"Statut de r\u00e9fugi\u00e9\">Statut de r\u00e9fugi\u00e9<\/option><option value=\"Protection subsidiaire\">Protection subsidiaire<\/option><option value=\"S\u00e9jour pour raisons humanitaires\">S\u00e9jour pour raisons humanitaires<\/option><option value=\"Statut d\u2019apatride\">Statut d\u2019apatride<\/option><option value=\"Je souhaite demander l\u2019asile\">Je souhaite demander l\u2019asile<\/option><option value=\"Personne r\u00e9install\u00e9e en Espagne\">Personne r\u00e9install\u00e9e en Espagne<\/option><option value=\"Autorisation de s\u00e9jour pour les \u00e9trangers\">Autorisation de s\u00e9jour pour les \u00e9trangers<\/option><option value=\"Nationalit\u00e9 espagnole\">Nationalit\u00e9 espagnole<\/option><option value=\"Refus de ma demande d\u2019asile\/de statut d\u2019apatride\">Refus de ma demande d\u2019asile\/de statut d\u2019apatride<\/option><option value=\"Protection temporaire (Ukraine)\">Protection temporaire (Ukraine)<\/option><option value=\"Autres raisons\">Autres raisons<\/option><\/select><\/span>\n\t\t<\/p>\n\t<\/div>\n<\/div>\n<div class=\"row\">\n\t<div class=\"col-md-12 col-sm-12\">\n\t\t<p><label for=\"contact-residence\">Lieu de r\u00e9sidence en Espagne* <\/label>\n\t\t<\/p>\n\t<\/div>\n<\/div>\n<div class=\"row\">\n\t<div class=\"col-md-12 col-sm-12\">\n\t\t<p><span class=\"wpcf7-form-control-wrap\" data-name=\"menu-residence\"><select class=\"wpcf7-form-control wpcf7-select wpcf7-validates-as-required\" aria-required=\"true\" aria-invalid=\"false\" name=\"menu-residence\"><option value=\"\">-- Veuillez s\u00e9lectionner votre r\u00e9sidence actuelle en Espagne --<\/option><option value=\"Je ne r\u00e9side pas en Espagne\">Je ne r\u00e9side pas en Espagne<\/option><option value=\"La Corogne\">La Corogne<\/option><option value=\"\u00c1lava\">\u00c1lava<\/option><option value=\"Albacete\">Albacete<\/option><option value=\"Alicante\">Alicante<\/option><option value=\"Almer\u00eda\">Almer\u00eda<\/option><option value=\"Asturies\">Asturies<\/option><option value=\"\u00c1vila\">\u00c1vila<\/option><option value=\"Badajoz\">Badajoz<\/option><option value=\"Bal\u00e9ares\">Bal\u00e9ares<\/option><option value=\"Barcelone\">Barcelone<\/option><option value=\"Burgos\">Burgos<\/option><option value=\"C\u00e1ceres\">C\u00e1ceres<\/option><option value=\"Cadix\">Cadix<\/option><option value=\"Cantabrie\">Cantabrie<\/option><option value=\"Castell\u00f3n\">Castell\u00f3n<\/option><option value=\"Ciudad Real\">Ciudad Real<\/option><option value=\"C\u00f3rdoba\">C\u00f3rdoba<\/option><option value=\"Cuenca\">Cuenca<\/option><option value=\"G\u00e9rone\">G\u00e9rone<\/option><option value=\"Grenade\">Grenade<\/option><option value=\"Guadalajara\">Guadalajara<\/option><option value=\"Guipuscoa\">Guipuscoa<\/option><option value=\"Huelva\">Huelva<\/option><option value=\"Huesca\">Huesca<\/option><option value=\"Ja\u00e9n\">Ja\u00e9n<\/option><option value=\"La Rioja\">La Rioja<\/option><option value=\"Las Palmas\">Las Palmas<\/option><option value=\"Le\u00f3n\">Le\u00f3n<\/option><option value=\"L\u00e9rida\">L\u00e9rida<\/option><option value=\"Lugo\">Lugo<\/option><option value=\"Madrid\">Madrid<\/option><option value=\"M\u00e1laga\">M\u00e1laga<\/option><option value=\"Murcie\">Murcie<\/option><option value=\"Navarre\">Navarre<\/option><option value=\"Ourense\">Ourense<\/option><option value=\"Palencia\">Palencia<\/option><option value=\"Pontevedra\">Pontevedra<\/option><option value=\"Salamanque\">Salamanque<\/option><option value=\"S\u00e9govie\">S\u00e9govie<\/option><option value=\"S\u00e9ville\">S\u00e9ville<\/option><option value=\"Soria\">Soria<\/option><option value=\"Tarragone\">Tarragone<\/option><option value=\"Santa Cruz de Tenerife\">Santa Cruz de Tenerife<\/option><option value=\"Teruel\">Teruel<\/option><option value=\"Tol\u00e8de\">Tol\u00e8de<\/option><option value=\"Valence\">Valence<\/option><option value=\"Valladolid\">Valladolid<\/option><option value=\"Biscaye\">Biscaye<\/option><option value=\"Zamora\">Zamora<\/option><option value=\"Saragosse\">Saragosse<\/option><\/select><\/span>\n\t\t<\/p>\n\t<\/div>\n<\/div>\n<div class=\"row\">\n\t<div class=\"col-md-12 col-sm-12\">\n\t\t<p><label for=\"contact-country\">Pays d\u2019origine* <\/label>\n\t\t<\/p>\n\t<\/div>\n<\/div>\n<div class=\"row\">\n\t<div class=\"col-md-12 col-sm-12\">\n\t\t<p><span class=\"wpcf7-form-control-wrap\" data-name=\"menu-country\"><select class=\"wpcf7-form-control wpcf7-select wpcf7-validates-as-required\" aria-required=\"true\" aria-invalid=\"false\" name=\"menu-country\"><option value=\"\">-- Veuillez s\u00e9lectionner votre pays d&#039;origine --<\/option><option value=\"Afghanistan\">Afghanistan<\/option><option value=\"Afrique du Sud\">Afrique du Sud<\/option><option value=\"Alg\u00e9rie\">Alg\u00e9rie<\/option><option value=\"Angola\">Angola<\/option><option value=\"Apatride\">Apatride<\/option><option value=\"Argentine\">Argentine<\/option><option value=\"Arm\u00e9nie\">Arm\u00e9nie<\/option><option value=\"Bi\u00e9lorussie\">Bi\u00e9lorussie<\/option><option value=\"Br\u00e9sil\">Br\u00e9sil<\/option><option value=\"Burkina Faso\">Burkina Faso<\/option><option value=\"Burundi\">Burundi<\/option><option value=\"Cameroun\">Cameroun<\/option><option value=\"Colombie\">Colombie<\/option><option value=\"Congo\">Congo<\/option><option value=\"C\u00f4te d\u2019Ivoire\">C\u00f4te d\u2019Ivoire<\/option><option value=\"Cuba\">Cuba<\/option><option value=\"D\u00e9m. R\u00e9p. pop. de Cor\u00e9e\">D\u00e9m. R\u00e9p. pop. de Cor\u00e9e<\/option><option value=\"\u00c9gypte\">\u00c9gypte<\/option><option value=\"El Salvador\">El Salvador<\/option><option value=\"Emirats Arabes Unis\">Emirats Arabes Unis<\/option><option value=\"\u00c9quateur\">\u00c9quateur<\/option><option value=\"Erythr\u00e9e\">Erythr\u00e9e<\/option><option value=\"\u00c9tat de Palestine\">\u00c9tat de Palestine<\/option><option value=\"\u00c9thiopie\">\u00c9thiopie<\/option><option value=\"F\u00e9d\u00e9ration de Russie\">F\u00e9d\u00e9ration de Russie<\/option><option value=\"Gambie\">Gambie<\/option><option value=\"G\u00e9orgie\">G\u00e9orgie<\/option><option value=\"Ghana\">Ghana<\/option><option value=\"Guatemala\">Guatemala<\/option><option value=\"Guin\u00e9e\">Guin\u00e9e<\/option><option value=\"Guin\u00e9e \u00e9quatoriale\">Guin\u00e9e \u00e9quatoriale<\/option><option value=\"Guin\u00e9e-Bissau\">Guin\u00e9e-Bissau<\/option><option value=\"Ha\u00efti\">Ha\u00efti<\/option><option value=\"Hondruas\">Hondruas<\/option><option value=\"Inde\">Inde<\/option><option value=\"Indonesia\">Indonesia<\/option><option value=\"Iraq\">Iraq<\/option><option value=\"Iran\">Iran<\/option><option value=\"Isra\u00ebl\">Isra\u00ebl<\/option><option value=\"Liban\">Liban<\/option><option value=\"Libye\">Libye<\/option><option value=\"Mali\">Mali<\/option><option value=\"Maroc\">Maroc<\/option><option value=\"Mauritanie\">Mauritanie<\/option><option value=\"Mozambique\">Mozambique<\/option><option value=\"Nicaragua\">Nicaragua<\/option><option value=\"Niger\">Niger<\/option><option value=\"Nig\u00e9ria\">Nig\u00e9ria<\/option><option value=\"Ouganda\">Ouganda<\/option><option value=\"Pakistan (en anglais)\">Pakistan (en anglais)<\/option><option value=\"Paraguay\">Paraguay<\/option><option value=\"P\u00e9rou\">P\u00e9rou<\/option><option value=\"R\u00e9p. centrafricaine\">R\u00e9p. centrafricaine<\/option><option value=\"R\u00e9p. de Cor\u00e9e\">R\u00e9p. de Cor\u00e9e<\/option><option value=\"R\u00e9p. d\u00e9m du Congo\">R\u00e9p. d\u00e9m du Congo<\/option><option value=\"R\u00e9publique arabe syrienne\">R\u00e9publique arabe syrienne<\/option><option value=\"Rwanda\">Rwanda<\/option><option value=\"Sahara occidental\">Sahara occidental<\/option><option value=\"S\u00e9n\u00e9gal\">S\u00e9n\u00e9gal<\/option><option value=\"Sierra Leone\">Sierra Leone<\/option><option value=\"Somalie\">Somalie<\/option><option value=\"Soudan\">Soudan<\/option><option value=\"Sud Soudan\">Sud Soudan<\/option><option value=\"Tchad\">Tchad<\/option><option value=\"Tunisie\">Tunisie<\/option><option value=\"T\u00fcrkiye\">T\u00fcrkiye<\/option><option value=\"Ukraine\">Ukraine<\/option><option value=\"Uruguay\">Uruguay<\/option><option value=\"Venezuela\">Venezuela<\/option><option value=\"Y\u00e9men\">Y\u00e9men<\/option><option value=\"Autres\">Autres<\/option><\/select><\/span>\n\t\t<\/p>\n\t<\/div>\n<\/div>\n<div class=\"row\">\n\t<div class=\"col-md-12 col-sm-12\">\n\t\t<p><label for=\"contact-age-group\">Avez-vous moins de 18 ans ? * <\/label>\n\t\t<\/p>\n\t<\/div>\n<\/div>\n<div class=\"col-md-12 col-sm-12\">\n\t<p><span class=\"wpcf7-form-control-wrap\" data-name=\"contact-age-group\"><span class=\"wpcf7-form-control wpcf7-checkbox wpcf7-validates-as-required wpcf7-exclusive-checkbox\"><span class=\"wpcf7-list-item first\"><label><input type=\"checkbox\" name=\"contact-age-group\" value=\"Oui\" \/><span class=\"wpcf7-list-item-label\">Oui<\/span><\/label><\/span><span class=\"wpcf7-list-item last\"><label><input type=\"checkbox\" name=\"contact-age-group\" value=\"Non\" \/><span class=\"wpcf7-list-item-label\">Non<\/span><\/label><\/span><\/span><\/span>\n\t<\/p>\n<\/div>\n<div class=\"row\">\n\t<div class=\"col-md-6 col-sm-12\">\n\t\t<p><label for=\"contact-other-support\">Si vous \u00eates soutenu ou recevez une aide d'une ONG en Espagne, veuillez partager le nom de l'organisation <\/label><br \/>\n<span class=\"wpcf7-form-control-wrap\" data-name=\"contact-other-support\"><input size=\"40\" maxlength=\"400\" class=\"wpcf7-form-control wpcf7-text\" id=\"contact-other-support\" aria-invalid=\"false\" value=\"\" type=\"text\" name=\"contact-other-support\" \/><\/span>\n\t\t<\/p>\n\t<\/div>\n<\/div>\n<div class=\"row\">\n\t<div class=\"col-md-12 col-sm-12\">\n\t\t<p><label for=\"contact-subject\">Indiquez le motif de votre demande* <\/label>\n\t\t<\/p>\n\t<\/div>\n<\/div>\n<div class=\"row\">\n\t<div class=\"col-md-12 col-sm-12\">\n\t\t<p><span class=\"wpcf7-form-control-wrap\" data-name=\"menu-subject\"><select class=\"wpcf7-form-control wpcf7-select wpcf7-validates-as-required\" aria-required=\"true\" aria-invalid=\"false\" name=\"menu-subject\"><option value=\"\">-- Veuillez s\u00e9lectionner la raison de votre requ\u00eate ou question --<\/option><option value=\"Rendez-vous avec le bureau du HCR\/ACNUR \u00e0 Madrid\">Rendez-vous avec le bureau du HCR\/ACNUR \u00e0 Madrid<\/option><option value=\"Documents pour demande d\u2019asile\/de statut d\u2019apatride\">Documents pour demande d\u2019asile\/de statut d\u2019apatride<\/option><option value=\"Regroupement familial\">Regroupement familial<\/option><option value=\"Programme de r\u00e9installation\">Programme de r\u00e9installation<\/option><option value=\"Syst\u00e8me d\u2019accueil\">Syst\u00e8me d\u2019accueil<\/option><option value=\"Informations relatives \u00e0 l\u2019asile\">Informations relatives \u00e0 l\u2019asile<\/option><option value=\"Apatridie\">Apatridie<\/option><option value=\"\u00c9ducation\">\u00c9ducation<\/option><option value=\"Emploi\">Emploi<\/option><option value=\"Sant\u00e9\">Sant\u00e9<\/option><option value=\"Logement\">Logement<\/option><option value=\"Handicap\">Handicap<\/option><option value=\"Retour volontaire au pays d\u2019origine\">Retour volontaire au pays d\u2019origine<\/option><option value=\"Plainte pour violation des droits fondamentaux\">Plainte pour violation des droits fondamentaux<\/option><option value=\"Plainte, recommandation ou commentaire concernant des interventions ou des services du HCR\/ACNUR en Espagne\">Plainte, recommandation ou commentaire concernant des interventions ou des services du HCR\/ACNUR en Espagne<\/option><\/select><\/span>\n\t\t<\/p>\n\t<\/div>\n<\/div>\n<div class=\"row\">\n\t<div class=\"col-md-12 col-sm-12\">\n\t\t<p><label for=\"contact-message\">Expliquez bri\u00e8vement le motif de votre demande (maximum 150 mots) <\/label>\n\t\t<\/p>\n\t\t<div id=\"messagetext\">\n\t\t\t<div id=\"messagetextcontent\">\n\t\t\t\t<p><span class=\"wpcf7-form-control-wrap\" data-name=\"contact-message\"><textarea cols=\"40\" rows=\"10\" maxlength=\"1500\" minlength=\"10\" class=\"wpcf7-form-control wpcf7-textarea\" id=\"contact-message\" aria-invalid=\"false\" name=\"contact-message\"><\/textarea><\/span>\n\t\t\t\t<\/p>\n\t\t\t<\/div>\n\t\t<\/div>\n\t<\/div>\n<\/div>\n<div class=\"row\">\n\t<div class=\"col-md-12 col-sm-12\">\n\t\t<p><label for=\"contact-asylum-doc\">Joignez ici vos documents li\u00e9s \u00e0 la demande d\u2019asile (Cela nous aidera \u00e0 traiter rapidement votre demande). <\/label><br \/>\n<span class=\"wpcf7-form-control-wrap\" data-name=\"file-asylum-doc\"><input size=\"40\" class=\"wpcf7-form-control wpcf7-file\" accept=\".pdf,.doc,.docx,.jpeg,.jpg,.png\" aria-invalid=\"false\" type=\"file\" name=\"file-asylum-doc\" \/><\/span>\n\t\t<\/p>\n\t<\/div>\n<\/div>\n<div class=\"row\">\n\t<div class=\"col-md-12 col-sm-12\">\n\t\t<p><label for=\"contact-other-doc\">Joignez ici d\u2019autres documents en lien avec votre demande (Cela nous aidera \u00e0 traiter rapidement votre demande). <\/label><br \/>\n<span class=\"wpcf7-form-control-wrap\" data-name=\"file-other-doc\"><input size=\"40\" class=\"wpcf7-form-control wpcf7-file\" accept=\".pdf,.doc,.docx,.jpeg,.jpg,.png\" aria-invalid=\"false\" type=\"file\" name=\"file-other-doc\" \/><\/span>\n\t\t<\/p>\n\t<\/div>\n<\/div>\n<div class=\"row\" style=\"width: 95%;margin-bottom: 1em\">\n\t<div class=\"col-md-6 col-sm-12\">\n\t\t<p><input class=\"wpcf7-form-control wpcf7-submit has-spinner hp-btn hp-btn-ok\" id=\"submit\" type=\"submit\" value=\"Envoyer le formulaire\" \/>\n\t\t<\/p>\n\t<\/div>\n<\/div><div class=\"wpcf7-response-output\" aria-hidden=\"true\"><\/div>\n<\/form>\n<\/div>\n\n","protected":false},"excerpt":{"rendered":"","protected":false},"author":64,"featured_media":0,"parent":0,"menu_order":0,"comment_status":"closed","ping_status":"closed","template":"","meta":{"_acf_changed":false,"footnotes":""},"class_list":["post-1316","page","type-page","status-publish","hentry"],"acf":[],"_links":{"self":[{"href":"https:\/\/help.unhcr.org\/spain\/fr\/wp-json\/wp\/v2\/pages\/1316","targetHints":{"allow":["GET"]}}],"collection":[{"href":"https:\/\/help.unhcr.org\/spain\/fr\/wp-json\/wp\/v2\/pages"}],"about":[{"href":"https:\/\/help.unhcr.org\/spain\/fr\/wp-json\/wp\/v2\/types\/page"}],"author":[{"embeddable":true,"href":"https:\/\/help.unhcr.org\/spain\/fr\/wp-json\/wp\/v2\/users\/64"}],"replies":[{"embeddable":true,"href":"https:\/\/help.unhcr.org\/spain\/fr\/wp-json\/wp\/v2\/comments?post=1316"}],"version-history":[{"count":1,"href":"https:\/\/help.unhcr.org\/spain\/fr\/wp-json\/wp\/v2\/pages\/1316\/revisions"}],"predecessor-version":[{"id":1317,"href":"https:\/\/help.unhcr.org\/spain\/fr\/wp-json\/wp\/v2\/pages\/1316\/revisions\/1317"}],"wp:attachment":[{"href":"https:\/\/help.unhcr.org\/spain\/fr\/wp-json\/wp\/v2\/media?parent=1316"}],"curies":[{"name":"wp","href":"https:\/\/api.w.org\/{rel}","templated":true}]}}