{"id":1194,"date":"2022-01-04T12:19:31","date_gmt":"2022-01-04T12:19:31","guid":{"rendered":"https:\/\/help.unhcr.org\/spain\/solicitar-asilo-en-espana\/solicitud-de-asilo-en-territorio-espanol-2\/"},"modified":"2025-06-03T11:58:20","modified_gmt":"2025-06-03T11:58:20","slug":"solicitud-de-asilo-en-territorio-espanol-2","status":"publish","type":"page","link":"https:\/\/help.unhcr.org\/spain\/fr\/solicitar-asilo-en-espana\/solicitud-de-asilo-en-territorio-espanol-2\/","title":{"rendered":"Demande d\u2019asile sur le territoire espagnol"},"content":{"rendered":"\n<p class=\"has-text-align-center has-vivid-red-color has-luminous-vivid-amber-background-color has-text-color has-background\"><strong>Attention ! Des changements ont \u00e9t\u00e9 apport\u00e9s \u00e0 la proc\u00e9dure de prise de rendez-vous pour les demandes d&rsquo;asile en Espagne.<\/strong><br><strong>Rappel: <\/strong>l<strong>&lsquo;ensemble du processus de demande d&rsquo;asile est gratuit, y compris la demande de rendez-vous.<\/strong><\/p>\n\n\n\n<p class=\"has-text-align-center has-white-color has-vivid-red-background-color has-text-color has-background\"><strong>INFORMATION IMPORTANTE ! APPELEZ UNIQUEMENT LES NUM\u00c9ROS OFFICIELS<br><\/strong><br><strong>Des frais frauduleux<\/strong> associ\u00e9s \u00e0 des appels pass\u00e9s \u00e0 des num\u00e9ros surtax\u00e9s <strong>ont \u00e9t\u00e9 d\u00e9tect\u00e9s<\/strong>. Plus pr\u00e9cis\u00e9ment, des cas ont \u00e9t\u00e9 signal\u00e9s o\u00f9, <strong>par le biais du num\u00e9ro de t\u00e9l\u00e9phone activ\u00e9 par la Police Nationale, les utilisateurs sont redirig\u00e9s vers des num\u00e9ros tels que le 11821 pour demander des rendez-vous d&rsquo;asile par t\u00e9l\u00e9phone.<\/strong><br><br>Il n&rsquo;est pas possible d&rsquo;obtenir un rendez-vous via ces num\u00e9ros. L&rsquo;appel d\u00e9marre et se termine sans qu&rsquo;il soit possible d&rsquo;\u00e9tablir un contact avec qui que ce soit.<br><br><em>Si, lors de l&rsquo;appel d&rsquo;un num\u00e9ro de t\u00e9l\u00e9phone officiel, vous \u00eates redirig\u00e9 vers le num\u00e9ro 11821 ou un autre num\u00e9ro non officiel, vous pourriez \u00eatre soumis \u00e0 des frais automatiques frauduleux.<\/em><\/p>\n\n\n\n<p><a href=\"https:\/\/www.youtube.com\/watch?v=CHEB2rTw1bc\">Vous trouverez des informations g\u00e9n\u00e9rales sur les raisons pour lesquelles vous pouvez demander l\u2019asile et comment d\u00e9marrer le processus de demande d\u2019asile en Espagne dans cette vid\u00e9o.<\/a>&nbsp;Les informations sont disponibles en espagnol, anglais, fran\u00e7ais et arabe. Dans cette section, nous vous fournissons des informations plus d\u00e9taill\u00e9es. &nbsp;<\/p>\n\n\n\n<p>Pour demander l\u2019asile sur le territoire, vous devrez suivre les \u00e9tapes suivantes:<\/p>\n\n\n\n<p><\/p>\n","protected":false},"excerpt":{"rendered":"<p>Attention ! Des changements ont \u00e9t\u00e9 apport\u00e9s \u00e0 la proc\u00e9dure de prise de rendez-vous pour les demandes d&rsquo;asile en Espagne.Rappel: l&lsquo;ensemble du processus de demande d&rsquo;asile est gratuit, y compris la demande de rendez-vous. INFORMATION IMPORTANTE ! APPELEZ UNIQUEMENT LES NUM\u00c9ROS OFFICIELSDes frais frauduleux associ\u00e9s \u00e0 des appels pass\u00e9s \u00e0 des num\u00e9ros surtax\u00e9s ont \u00e9t\u00e9 [&hellip;]<\/p>\n","protected":false},"author":137,"featured_media":0,"parent":209,"menu_order":1,"comment_status":"closed","ping_status":"closed","template":"page-templates\/sectioned.php","meta":{"_acf_changed":false,"footnotes":""},"class_list":["post-1194","page","type-page","status-publish","hentry"],"acf":[],"_links":{"self":[{"href":"https:\/\/help.unhcr.org\/spain\/fr\/wp-json\/wp\/v2\/pages\/1194","targetHints":{"allow":["GET"]}}],"collection":[{"href":"https:\/\/help.unhcr.org\/spain\/fr\/wp-json\/wp\/v2\/pages"}],"about":[{"href":"https:\/\/help.unhcr.org\/spain\/fr\/wp-json\/wp\/v2\/types\/page"}],"author":[{"embeddable":true,"href":"https:\/\/help.unhcr.org\/spain\/fr\/wp-json\/wp\/v2\/users\/137"}],"replies":[{"embeddable":true,"href":"https:\/\/help.unhcr.org\/spain\/fr\/wp-json\/wp\/v2\/comments?post=1194"}],"version-history":[{"count":24,"href":"https:\/\/help.unhcr.org\/spain\/fr\/wp-json\/wp\/v2\/pages\/1194\/revisions"}],"predecessor-version":[{"id":3334,"href":"https:\/\/help.unhcr.org\/spain\/fr\/wp-json\/wp\/v2\/pages\/1194\/revisions\/3334"}],"up":[{"embeddable":true,"href":"https:\/\/help.unhcr.org\/spain\/fr\/wp-json\/wp\/v2\/pages\/209"}],"wp:attachment":[{"href":"https:\/\/help.unhcr.org\/spain\/fr\/wp-json\/wp\/v2\/media?parent=1194"}],"curies":[{"name":"wp","href":"https:\/\/api.w.org\/{rel}","templated":true}]}}