{"id":615,"date":"2023-09-07T14:40:15","date_gmt":"2023-09-07T14:40:15","guid":{"rendered":"https:\/\/help.unhcr.org\/southsudan\/important-announcement\/"},"modified":"2024-02-26T11:44:18","modified_gmt":"2024-02-26T11:44:18","slug":"important-announcement","status":"publish","type":"page","link":"https:\/\/help.unhcr.org\/southsudan\/fr\/important-announcement\/","title":{"rendered":"Annonce importante sur l&rsquo;enregistrement et l&rsquo;assistance des r\u00e9fugi\u00e9s et des demandeurs d&rsquo;asile du Soudan"},"content":{"rendered":"\n<h3 class=\"wp-block-heading\">Afin de recevoir de l&rsquo;aide, il est essentiel que vous vous inscriviez aupr\u00e8s du gouvernement du Soudan du Sud.<\/h3>\n\n\n\n<h2 class=\"wp-block-heading has-white-color has-text-color has-background\" style=\"background-color:#0072bc\"><strong><strong>Conform\u00e9ment \u00e0 la r\u00e9cente d\u00e9cision prise par le gouvernement du Soudan du Sud, les inscriptions ont actuellement lieu dans les trois endroits suivants: Maban, Jamjang et Aweil.<\/strong><\/strong><\/h2>\n\n\n\n<p><strong>Veuillez noter que les nouveaux arrivants en provenance du Soudan ne seront plus enregistr\u00e9s dans l&rsquo;implantation de Gorom et au centre d&rsquo;accueil de Juba. Au lieu de cela, les r\u00e9fugi\u00e9s qui ont besoin d\u2019assistance auront acc\u00e8s aux services dans les camps de r\u00e9fugi\u00e9s et les zones d\u2019installation d\u00e9sign\u00e9s \u00e0 Maban, Jamjang et Aweil.<\/strong><\/p>\n\n\n\n<p>Nous exhortons toutes les personnes cherchant de l&rsquo;aide \u00e0 suivre le processus d&rsquo;inscription sur les sites d\u00e9sign\u00e9s \u00e0 Maban, Jamjang ou Aweil. Ce faisant, vous vous assurez que vos besoins sont correctement pris en compte et que vous recevez le soutien n\u00e9cessaire.<\/p>\n\n\n\n<p class=\"has-text-align-center has-background\" style=\"background-color:#fdf799\"><strong><strong>TOUS LES SERVICES FOURNIS PAR LE HCR ET SES PARTENAIRES SONT GRATUITS.<\/strong><\/strong><\/p>\n","protected":false},"excerpt":{"rendered":"<p>Afin de recevoir de l&rsquo;aide, il est essentiel que vous vous inscriviez aupr\u00e8s du gouvernement du Soudan du Sud. Conform\u00e9ment \u00e0 la r\u00e9cente d\u00e9cision prise par le gouvernement du Soudan du Sud, les inscriptions ont actuellement lieu dans les trois endroits suivants: Maban, Jamjang et Aweil. Veuillez noter que les nouveaux arrivants en provenance du [&hellip;]<\/p>\n","protected":false},"author":1,"featured_media":0,"parent":0,"menu_order":0,"comment_status":"closed","ping_status":"closed","template":"","meta":{"_acf_changed":false,"footnotes":""},"class_list":["post-615","page","type-page","status-publish","hentry"],"acf":[],"_links":{"self":[{"href":"https:\/\/help.unhcr.org\/southsudan\/fr\/wp-json\/wp\/v2\/pages\/615","targetHints":{"allow":["GET"]}}],"collection":[{"href":"https:\/\/help.unhcr.org\/southsudan\/fr\/wp-json\/wp\/v2\/pages"}],"about":[{"href":"https:\/\/help.unhcr.org\/southsudan\/fr\/wp-json\/wp\/v2\/types\/page"}],"author":[{"embeddable":true,"href":"https:\/\/help.unhcr.org\/southsudan\/fr\/wp-json\/wp\/v2\/users\/1"}],"replies":[{"embeddable":true,"href":"https:\/\/help.unhcr.org\/southsudan\/fr\/wp-json\/wp\/v2\/comments?post=615"}],"version-history":[{"count":4,"href":"https:\/\/help.unhcr.org\/southsudan\/fr\/wp-json\/wp\/v2\/pages\/615\/revisions"}],"predecessor-version":[{"id":671,"href":"https:\/\/help.unhcr.org\/southsudan\/fr\/wp-json\/wp\/v2\/pages\/615\/revisions\/671"}],"wp:attachment":[{"href":"https:\/\/help.unhcr.org\/southsudan\/fr\/wp-json\/wp\/v2\/media?parent=615"}],"curies":[{"name":"wp","href":"https:\/\/api.w.org\/{rel}","templated":true}]}}