{"id":123,"date":"2019-05-10T08:56:23","date_gmt":"2019-05-10T08:56:23","guid":{"rendered":"http:\/\/help.unhcr.org\/slovenia\/?page_id=123"},"modified":"2026-04-23T08:04:03","modified_gmt":"2026-04-23T08:04:03","slug":"family","status":"publish","type":"page","link":"https:\/\/help.unhcr.org\/slovenia\/family\/","title":{"rendered":"Family reunification"},"content":{"rendered":"\n<h3 class=\"wp-block-heading\">You can apply for family reunification if you have been granted international protection. <\/h3>\n\n\n\n<p>Slovenian Red Cross, Slovene Philanthropy and IOM Slovenia can assist you in exercising the right to family unity, Slovenian Red Cross&nbsp;can help you with restoring family links and family reunification services, while PIC&nbsp; &#8211; Legal centre for the protection of human rights and the environment can offer you legal help and a representation in the procedure. <\/p>\n\n\n\n<p>If your request is granted, your family members may come to Slovenia and be granted residence status. You will have to cover the costs of their arrival yourself, as financial assistance is not provided.<\/p>\n\n\n\n<p><strong>Slovenian Red Cross<\/strong><\/p>\n\n\n\n<p>Address: Mirje 19, 1000 Ljubljana<br>Email: <a href=\"mailto:rfl@rks.si\" target=\"_blank\" rel=\"noreferrer noopener\">rfl@rks.si<\/a><br>Website: <a href=\"https:\/\/www.rks.si\/\">Rde\u010di kri\u017e Slovenije | Na\u0161e poslanstvo \u017ee ve\u010d kot 150 let<\/a> (<a href=\"https:\/\/www.rks.si\/sl\/REPAIR\/\" data-type=\"link\" data-id=\"https:\/\/www.rks.si\/\" target=\"_blank\" rel=\"noreferrer noopener\">Slovenian <\/a>language)<br>Phone number: +386 31 736 931<\/p>\n\n\n\n<p><strong>PIC \u2013 Legal centre for the protection of human rights and the environment<\/strong><\/p>\n\n\n\n<p>Address: Metelkova 6, 1000 Ljubljana<br>Email: <a href=\"mailto:pic@pic.si\" target=\"_blank\" rel=\"noreferrer noopener\">pic@pic.si<\/a><br>Website: <a href=\"https:\/\/pic.si\/pravno-svetovanje\/\" data-type=\"link\" data-id=\"https:\/\/pic.si\/pravno-svetovanje\/\" target=\"_blank\" rel=\"noreferrer noopener\">pic.si<\/a> (Slovenian language)<br>Phone number: +386 1 521 18 88 or +386 51 681 181<\/p>\n\n\n\n<p><strong>Slovene Philanthropy<\/strong><\/p>\n\n\n\n<p>Address: Cesta Dolomitskega odreda 11, 1000 Ljubljana<br>Tel: +386 1 430 12 88<br>Website:&nbsp;<a href=\"http:\/\/www.filantropija.org\/about-us\/\" target=\"_blank\" rel=\"noreferrer noopener\">www.filantropija.org\/about-us\/<\/a> (<a href=\"https:\/\/www.filantropija.org\/o-nas\/\" target=\"_blank\" rel=\"noreferrer noopener\">Slovenian<\/a> and <a href=\"https:\/\/www.filantropija.org\/about-us\/\" target=\"_blank\" rel=\"noreferrer noopener\">English<\/a> language)<br>Email: <a href=\"mailto:info@filantropija.org\" target=\"_blank\" rel=\"noreferrer noopener\">info@filantropija.org<\/a><\/p>\n\n\n\n<p><strong>IOM Slovenia<\/strong><\/p>\n\n\n\n<p>Address: Dunajska cesta 5, 1000 Ljubljana<br>Email:&nbsp;<a href=\"mailto:iomljubljana@iom.int\" target=\"_blank\" rel=\"noreferrer noopener\">iomljubljana@iom.int<\/a><br>Website: <a href=\"https:\/\/slovenia.iom.int\/\" target=\"_blank\" rel=\"noreferrer noopener\">slovenia.iom.int<\/a> (Slovenian language)<br>Phone number: +386 1 434 73 51 (Mon-Fri, between 10:00&nbsp;and 16:00)<\/p>\n\n\n\n<p><\/p>\n\n\n\n<p><\/p>\n","protected":false},"excerpt":{"rendered":"<p>You can apply for family reunification if you have been granted international protection. Slovenian Red Cross, Slovene Philanthropy and IOM Slovenia can assist you in exercising the right to family unity, Slovenian Red Cross&nbsp;can help you with restoring family links and family reunification services, while PIC&nbsp; &#8211; Legal centre for the protection of human rights [&hellip;]<\/p>\n","protected":false},"author":1,"featured_media":0,"parent":0,"menu_order":5,"comment_status":"closed","ping_status":"closed","template":"page-templates\/sectioned.php","meta":{"_acf_changed":false,"footnotes":""},"class_list":["post-123","page","type-page","status-publish","hentry"],"acf":[],"_links":{"self":[{"href":"https:\/\/help.unhcr.org\/slovenia\/wp-json\/wp\/v2\/pages\/123","targetHints":{"allow":["GET"]}}],"collection":[{"href":"https:\/\/help.unhcr.org\/slovenia\/wp-json\/wp\/v2\/pages"}],"about":[{"href":"https:\/\/help.unhcr.org\/slovenia\/wp-json\/wp\/v2\/types\/page"}],"author":[{"embeddable":true,"href":"https:\/\/help.unhcr.org\/slovenia\/wp-json\/wp\/v2\/users\/1"}],"replies":[{"embeddable":true,"href":"https:\/\/help.unhcr.org\/slovenia\/wp-json\/wp\/v2\/comments?post=123"}],"version-history":[{"count":38,"href":"https:\/\/help.unhcr.org\/slovenia\/wp-json\/wp\/v2\/pages\/123\/revisions"}],"predecessor-version":[{"id":1477,"href":"https:\/\/help.unhcr.org\/slovenia\/wp-json\/wp\/v2\/pages\/123\/revisions\/1477"}],"wp:attachment":[{"href":"https:\/\/help.unhcr.org\/slovenia\/wp-json\/wp\/v2\/media?parent=123"}],"curies":[{"name":"wp","href":"https:\/\/api.w.org\/{rel}","templated":true}]}}