{"id":9397,"date":"2024-10-02T07:10:53","date_gmt":"2024-10-02T07:10:53","guid":{"rendered":"https:\/\/help.unhcr.org\/slovakia\/platform-of-families-of-children-with-disabilities\/"},"modified":"2026-01-15T15:21:10","modified_gmt":"2026-01-15T15:21:10","slug":"platform-of-families-of-children-with-disabilities","status":"publish","type":"page","link":"https:\/\/help.unhcr.org\/slovakia\/sk\/platform-of-families-of-children-with-disabilities\/","title":{"rendered":"Platforma rod\u00edn det\u00ed so zdravotn\u00fdm znev\u00fdhodnen\u00edm"},"content":{"rendered":"\n<p><strong>\u27a1&nbsp;Podpora rod\u00edn det\u00ed so zdravotn\u00fdm znev\u00fdhodnen\u00edm:<\/strong> i<strong>ndivid\u00e1lne laick\u00e9 poradenstvo,rodi\u010dovsk\u00e9 skupiny, vo\u013eno\u010dasov\u00e9 aktivity, komunitn\u00e9 aktivity.<\/strong><\/p>\n\n\n\n<ul class=\"wp-block-list\">\n<li><strong>Bratislava<\/strong>, Regional Centre, <a href=\"https:\/\/maps.app.goo.gl\/NVR9UhLpNVPHrWLq6\" target=\"_blank\" rel=\"noreferrer noopener\">H\u00e1lova 993\/16, 851 01<\/a>\n<ul class=\"wp-block-list\">\n<li>?\u00a0<a href=\"tel:+421911461919\" target=\"_blank\" rel=\"noreferrer noopener\">+421911461919<\/a> (Region\u00e1lny koordin\u00e1tor pre regi\u00f3n Bratislava)<\/li>\n\n\n\n<li>\u2709 <a href=\"mailto:bratislava@platformarodin.sk\">bratislava@platformarodin.sk<\/a><\/li>\n<\/ul>\n<\/li>\n<\/ul>\n\n\n\n<ul class=\"wp-block-list\">\n<li><strong>Zvolen<\/strong>, Regional Centre\n<ul class=\"wp-block-list\">\n<li>?\u00a0<a href=\"tel:+421948202489\" target=\"_blank\" rel=\"noreferrer noopener\">+421948202489<\/a> (Region\u00e1lny koordin\u00e1tor pre regi\u00f3n Zvolen)<\/li>\n\n\n\n<li>\u2709 <a href=\"mailto:bratislava@platformarodin.sk\"><\/a><a href=\"mailto:zvolen@platformarodin.sk\">zvolen@platformarodin.sk<\/a><\/li>\n<\/ul>\n<\/li>\n<\/ul>\n\n\n\n<ul class=\"wp-block-list\">\n<li><strong>Ko\u0161ice<\/strong>, Regional Centre\n<ul class=\"wp-block-list\">\n<li>?<a href=\"tel:+421911587733\" target=\"_blank\" rel=\"noreferrer noopener\">+421911587733 <\/a>(Region\u00e1lny koordin\u00e1tor pre regi\u00f3n Ko\u0161ice)<\/li>\n\n\n\n<li>\u2709 <a href=\"mailto:kosice@platformarodin.sk\">kosice@platformarodin.sk<\/a> <\/li>\n<\/ul>\n<\/li>\n<\/ul>\n\n\n\n<ul class=\"wp-block-list\">\n<li><strong>\u017dilina<\/strong>, Regional Centre, <a href=\"https:\/\/maps.app.goo.gl\/bA88K6BQjhgYtXHv6\" target=\"_blank\" rel=\"noreferrer noopener\">K\u00e1lov 3, 010 01&nbsp;<\/a>\n<ul class=\"wp-block-list\">\n<li>? <a href=\"tel:+421911461615\" target=\"_blank\" rel=\"noreferrer noopener\">+421911461615<\/a> (Region\u00e1lny koordin\u00e1tor pre regi\u00f3n \u017dilina)<\/li>\n\n\n\n<li>\u2709 <a href=\"mailto:zilina@platformarodin.sk\">zilina@platformarodin.sk<\/a><\/li>\n<\/ul>\n<\/li>\n<\/ul>\n\n\n\n<ul class=\"wp-block-list\">\n<li><strong>InkluLINKA<\/strong> ( telefonick\u00e1 podpory pre rodiny det\u00ed so zdravotn\u00fdm znev\u00fdhodnen\u00edm)\n<ul class=\"wp-block-list\">\n<li>?\u00a0<a href=\"tel:+421948991444\" target=\"_blank\" rel=\"noreferrer noopener\">+421948991444<\/a>\u00a0(slovensk\u00fd jazyk),?\u00a0<a href=\"tel:+421911387733\"><\/a><a href=\"tel:+421911387733\" target=\"_blank\" rel=\"noreferrer noopener\">+421911387733<\/a>\u00a0(ukrajinsk\u00fd, anglick\u00fd, slovensk\u00fd jazyk)<\/li>\n\n\n\n<li>pondelok \u2013 piatok:  9:00 \u2013 12:00&nbsp;<\/li>\n\n\n\n<li>\u2709 <a href=\"mailto:inklulinka@platformarodin.sk\">inklulinka@platformarodin.sk<\/a><\/li>\n<\/ul>\n<\/li>\n<\/ul>\n\n\n\n<ul class=\"wp-block-list\">\n<li>?&nbsp;<a href=\"https:\/\/www.platformarodin.sk\/\">https:\/\/www.platformarodin.sk\/<\/a> <\/li>\n\n\n\n<li>? <a href=\"https:\/\/www.platformarodin.sk\/aktuality\/aktivity\/\">https:\/\/www.platformarodin.sk\/aktuality\/aktivity\/<\/a><\/li>\n\n\n\n<li>? LinkedIn <a href=\"https:\/\/www.linkedin.com\/search\/results\/all\/?heroEntityKey=urn%3Ali%3Aorganization%3A102989172&amp;keywords=The%20Platform%20of%20Families%20of%20Children%20with%20Disability&amp;origin=ENTITY_SEARCH_HOME_HISTORY&amp;sid=2q4\">platformarodin<\/a><\/li>\n\n\n\n<li>? Instagram <a href=\"https:\/\/www.instagram.com\/platforma_rodin\/\">platforma_rodin<\/a><\/li>\n<\/ul>\n\n\n\n<ul class=\"wp-block-list\">\n<li>? Jazyky: Ukrajinsk\u00fd, Slovensk\u00fd, Anglick\u00fd<\/li>\n<\/ul>\n","protected":false},"excerpt":{"rendered":"<p>\u27a1&nbsp;Podpora rod\u00edn det\u00ed so zdravotn\u00fdm znev\u00fdhodnen\u00edm: individ\u00e1lne laick\u00e9 poradenstvo,rodi\u010dovsk\u00e9 skupiny, vo\u013eno\u010dasov\u00e9 aktivity, komunitn\u00e9 aktivity.<\/p>\n","protected":false},"author":325,"featured_media":0,"parent":0,"menu_order":0,"comment_status":"closed","ping_status":"closed","template":"page-templates\/listing_page.php","meta":{"_acf_changed":false,"footnotes":""},"topics":[],"audiences":[],"class_list":["post-9397","page","type-page","status-publish","hentry"],"acf":[],"_links":{"self":[{"href":"https:\/\/help.unhcr.org\/slovakia\/sk\/wp-json\/wp\/v2\/pages\/9397","targetHints":{"allow":["GET"]}}],"collection":[{"href":"https:\/\/help.unhcr.org\/slovakia\/sk\/wp-json\/wp\/v2\/pages"}],"about":[{"href":"https:\/\/help.unhcr.org\/slovakia\/sk\/wp-json\/wp\/v2\/types\/page"}],"author":[{"embeddable":true,"href":"https:\/\/help.unhcr.org\/slovakia\/sk\/wp-json\/wp\/v2\/users\/325"}],"replies":[{"embeddable":true,"href":"https:\/\/help.unhcr.org\/slovakia\/sk\/wp-json\/wp\/v2\/comments?post=9397"}],"version-history":[{"count":7,"href":"https:\/\/help.unhcr.org\/slovakia\/sk\/wp-json\/wp\/v2\/pages\/9397\/revisions"}],"predecessor-version":[{"id":12777,"href":"https:\/\/help.unhcr.org\/slovakia\/sk\/wp-json\/wp\/v2\/pages\/9397\/revisions\/12777"}],"wp:attachment":[{"href":"https:\/\/help.unhcr.org\/slovakia\/sk\/wp-json\/wp\/v2\/media?parent=9397"}],"wp:term":[{"taxonomy":"topics","embeddable":true,"href":"https:\/\/help.unhcr.org\/slovakia\/sk\/wp-json\/wp\/v2\/topics?post=9397"},{"taxonomy":"audiences","embeddable":true,"href":"https:\/\/help.unhcr.org\/slovakia\/sk\/wp-json\/wp\/v2\/audiences?post=9397"}],"curies":[{"name":"wp","href":"https:\/\/api.w.org\/{rel}","templated":true}]}}