{"id":979,"date":"2024-04-19T10:49:20","date_gmt":"2024-04-19T10:49:20","guid":{"rendered":"https:\/\/help.unhcr.org\/serbia\/contact-us\/"},"modified":"2025-05-12T09:36:11","modified_gmt":"2025-05-12T09:36:11","slug":"contact-us","status":"publish","type":"page","link":"https:\/\/help.unhcr.org\/serbia\/uk\/contact-us\/","title":{"rendered":"\u0417\u0432&#8217;\u044f\u0436\u0456\u0442\u044c\u0441\u044f \u0437 \u043d\u0430\u043c\u0438"},"content":{"rendered":"\n<div class=\"wp-block-columns is-layout-flex wp-container-core-columns-is-layout-9d6595d7 wp-block-columns-is-layout-flex\">\n<div class=\"wp-block-column has-white-color has-text-color has-background has-link-color wp-elements-955d592d8bae4f61c30dc5d8ec0612ca is-layout-flow wp-block-column-is-layout-flow\" style=\"background-color:#0072bc\">\n<p class=\"has-white-color has-text-color has-link-color has-medium-font-size wp-elements-8a791ae2a6081b6acf67dbf70a9b5578\"><strong><strong>UNHCR (\u0423\u0412\u041a\u0411 \u041e\u041e\u041d) \u0443 \u0421\u0435\u0440\u0431\u0456\u0457<\/strong><\/strong><\/p>\n\n\n\n<p><strong>\u0410\u0434\u0440\u0435\u0441\u0430:<\/strong> Bulevar Zorana \u0110in\u0111i\u0107a, 64, Beograd, Srbija, 11070 (\u0411\u0443\u043b\u044c\u0432\u0430\u0440 \u0417\u043e\u0440\u0430\u043d\u0430 \u0414\u0436\u0438\u043d\u0434\u0436\u0438\u0447\u0430, 64, \u0411\u0435\u043b\u0433\u0440\u0430\u0434, \u0421\u0435\u0440\u0431\u0456\u044f, 11070)<\/p>\n\n\n\n<p><strong>\u0422\u0435\u043b\u0435\u0444\u043e\u043d:<\/strong> +381 11 41 55 427<br><strong>\u0415\u043b\u0435\u043a\u0442\u0440\u043e\u043d\u043d\u0430 \u0430\u0434\u0440\u0435\u0441\u0430:<\/strong> <a href=\"mailto:srbbe@unhcr.org\">srbbe@unhcr.org<\/a><\/p>\n\n\n\n<ul class=\"wp-block-social-links is-layout-flex wp-block-social-links-is-layout-flex\"><li class=\"wp-social-link wp-social-link-facebook  wp-block-social-link\"><a href=\"https:\/\/www.facebook.com\/unhcrserbia\/\u00a0\" class=\"wp-block-social-link-anchor\"><svg width=\"24\" height=\"24\" viewBox=\"0 0 24 24\" version=\"1.1\" xmlns=\"http:\/\/www.w3.org\/2000\/svg\" aria-hidden=\"true\" focusable=\"false\"><path d=\"M12 2C6.5 2 2 6.5 2 12c0 5 3.7 9.1 8.4 9.9v-7H7.9V12h2.5V9.8c0-2.5 1.5-3.9 3.8-3.9 1.1 0 2.2.2 2.2.2v2.5h-1.3c-1.2 0-1.6.8-1.6 1.6V12h2.8l-.4 2.9h-2.3v7C18.3 21.1 22 17 22 12c0-5.5-4.5-10-10-10z\"><\/path><\/svg><span class=\"wp-block-social-link-label screen-reader-text\">Facebook<\/span><\/a><\/li>\n\n<li class=\"wp-social-link wp-social-link-instagram  wp-block-social-link\"><a href=\"https:\/\/www.instagram.com\/unhcrserbia\/?hl=en\" class=\"wp-block-social-link-anchor\"><svg width=\"24\" height=\"24\" viewBox=\"0 0 24 24\" version=\"1.1\" xmlns=\"http:\/\/www.w3.org\/2000\/svg\" aria-hidden=\"true\" focusable=\"false\"><path d=\"M12,4.622c2.403,0,2.688,0.009,3.637,0.052c0.877,0.04,1.354,0.187,1.671,0.31c0.42,0.163,0.72,0.358,1.035,0.673 c0.315,0.315,0.51,0.615,0.673,1.035c0.123,0.317,0.27,0.794,0.31,1.671c0.043,0.949,0.052,1.234,0.052,3.637 s-0.009,2.688-0.052,3.637c-0.04,0.877-0.187,1.354-0.31,1.671c-0.163,0.42-0.358,0.72-0.673,1.035 c-0.315,0.315-0.615,0.51-1.035,0.673c-0.317,0.123-0.794,0.27-1.671,0.31c-0.949,0.043-1.233,0.052-3.637,0.052 s-2.688-0.009-3.637-0.052c-0.877-0.04-1.354-0.187-1.671-0.31c-0.42-0.163-0.72-0.358-1.035-0.673 c-0.315-0.315-0.51-0.615-0.673-1.035c-0.123-0.317-0.27-0.794-0.31-1.671C4.631,14.688,4.622,14.403,4.622,12 s0.009-2.688,0.052-3.637c0.04-0.877,0.187-1.354,0.31-1.671c0.163-0.42,0.358-0.72,0.673-1.035 c0.315-0.315,0.615-0.51,1.035-0.673c0.317-0.123,0.794-0.27,1.671-0.31C9.312,4.631,9.597,4.622,12,4.622 M12,3 C9.556,3,9.249,3.01,8.289,3.054C7.331,3.098,6.677,3.25,6.105,3.472C5.513,3.702,5.011,4.01,4.511,4.511 c-0.5,0.5-0.808,1.002-1.038,1.594C3.25,6.677,3.098,7.331,3.054,8.289C3.01,9.249,3,9.556,3,12c0,2.444,0.01,2.751,0.054,3.711 c0.044,0.958,0.196,1.612,0.418,2.185c0.23,0.592,0.538,1.094,1.038,1.594c0.5,0.5,1.002,0.808,1.594,1.038 c0.572,0.222,1.227,0.375,2.185,0.418C9.249,20.99,9.556,21,12,21s2.751-0.01,3.711-0.054c0.958-0.044,1.612-0.196,2.185-0.418 c0.592-0.23,1.094-0.538,1.594-1.038c0.5-0.5,0.808-1.002,1.038-1.594c0.222-0.572,0.375-1.227,0.418-2.185 C20.99,14.751,21,14.444,21,12s-0.01-2.751-0.054-3.711c-0.044-0.958-0.196-1.612-0.418-2.185c-0.23-0.592-0.538-1.094-1.038-1.594 c-0.5-0.5-1.002-0.808-1.594-1.038c-0.572-0.222-1.227-0.375-2.185-0.418C14.751,3.01,14.444,3,12,3L12,3z M12,7.378 c-2.552,0-4.622,2.069-4.622,4.622S9.448,16.622,12,16.622s4.622-2.069,4.622-4.622S14.552,7.378,12,7.378z M12,15 c-1.657,0-3-1.343-3-3s1.343-3,3-3s3,1.343,3,3S13.657,15,12,15z M16.804,6.116c-0.596,0-1.08,0.484-1.08,1.08 s0.484,1.08,1.08,1.08c0.596,0,1.08-0.484,1.08-1.08S17.401,6.116,16.804,6.116z\"><\/path><\/svg><span class=\"wp-block-social-link-label screen-reader-text\">Instagram<\/span><\/a><\/li>\n\n<li class=\"wp-social-link wp-social-link-x  wp-block-social-link\"><a href=\"https:\/\/twitter.com\/UNHCRSerbia\u00a0\" class=\"wp-block-social-link-anchor\"><svg width=\"24\" height=\"24\" viewBox=\"0 0 24 24\" version=\"1.1\" xmlns=\"http:\/\/www.w3.org\/2000\/svg\" aria-hidden=\"true\" focusable=\"false\"><path d=\"M13.982 10.622 20.54 3h-1.554l-5.693 6.618L8.745 3H3.5l6.876 10.007L3.5 21h1.554l6.012-6.989L15.868 21h5.245l-7.131-10.378Zm-2.128 2.474-.697-.997-5.543-7.93H8l4.474 6.4.697.996 5.815 8.318h-2.387l-4.745-6.787Z\" \/><\/svg><span class=\"wp-block-social-link-label screen-reader-text\">X<\/span><\/a><\/li>\n\n<li class=\"wp-social-link wp-social-link-linkedin  wp-block-social-link\"><a href=\"https:\/\/www.linkedin.com\/company\/unhcr-serbia\/\" class=\"wp-block-social-link-anchor\"><svg width=\"24\" height=\"24\" viewBox=\"0 0 24 24\" version=\"1.1\" xmlns=\"http:\/\/www.w3.org\/2000\/svg\" aria-hidden=\"true\" focusable=\"false\"><path d=\"M19.7,3H4.3C3.582,3,3,3.582,3,4.3v15.4C3,20.418,3.582,21,4.3,21h15.4c0.718,0,1.3-0.582,1.3-1.3V4.3 C21,3.582,20.418,3,19.7,3z M8.339,18.338H5.667v-8.59h2.672V18.338z M7.004,8.574c-0.857,0-1.549-0.694-1.549-1.548 c0-0.855,0.691-1.548,1.549-1.548c0.854,0,1.547,0.694,1.547,1.548C8.551,7.881,7.858,8.574,7.004,8.574z M18.339,18.338h-2.669 v-4.177c0-0.996-0.017-2.278-1.387-2.278c-1.389,0-1.601,1.086-1.601,2.206v4.249h-2.667v-8.59h2.559v1.174h0.037 c0.356-0.675,1.227-1.387,2.526-1.387c2.703,0,3.203,1.779,3.203,4.092V18.338z\"><\/path><\/svg><span class=\"wp-block-social-link-label screen-reader-text\">LinkedIn<\/span><\/a><\/li>\n\n<li class=\"wp-social-link wp-social-link-youtube  wp-block-social-link\"><a href=\"https:\/\/www.youtube.com\/channel\/UCGivL75wlvoUItudXWjOkSA\" class=\"wp-block-social-link-anchor\"><svg width=\"24\" height=\"24\" viewBox=\"0 0 24 24\" version=\"1.1\" xmlns=\"http:\/\/www.w3.org\/2000\/svg\" aria-hidden=\"true\" focusable=\"false\"><path d=\"M21.8,8.001c0,0-0.195-1.378-0.795-1.985c-0.76-0.797-1.613-0.801-2.004-0.847c-2.799-0.202-6.997-0.202-6.997-0.202 h-0.009c0,0-4.198,0-6.997,0.202C4.608,5.216,3.756,5.22,2.995,6.016C2.395,6.623,2.2,8.001,2.2,8.001S2,9.62,2,11.238v1.517 c0,1.618,0.2,3.237,0.2,3.237s0.195,1.378,0.795,1.985c0.761,0.797,1.76,0.771,2.205,0.855c1.6,0.153,6.8,0.201,6.8,0.201 s4.203-0.006,7.001-0.209c0.391-0.047,1.243-0.051,2.004-0.847c0.6-0.607,0.795-1.985,0.795-1.985s0.2-1.618,0.2-3.237v-1.517 C22,9.62,21.8,8.001,21.8,8.001z M9.935,14.594l-0.001-5.62l5.404,2.82L9.935,14.594z\"><\/path><\/svg><span class=\"wp-block-social-link-label screen-reader-text\">YouTube<\/span><\/a><\/li><\/ul>\n<\/div>\n\n\n\n<div class=\"wp-block-column is-layout-flow wp-block-column-is-layout-flow\">\n<figure class=\"wp-block-image size-large\"><img loading=\"lazy\" decoding=\"async\" width=\"1024\" height=\"668\" src=\"https:\/\/help.unhcr.org\/serbia\/wp-content\/uploads\/sites\/45\/2025\/05\/UNHCR-partners-in-Serbia-2025-6-1024x668.png\" alt=\"\" class=\"wp-image-1337\" srcset=\"https:\/\/help.unhcr.org\/serbia\/wp-content\/uploads\/sites\/45\/2025\/05\/UNHCR-partners-in-Serbia-2025-6-1024x668.png 1024w, https:\/\/help.unhcr.org\/serbia\/wp-content\/uploads\/sites\/45\/2025\/05\/UNHCR-partners-in-Serbia-2025-6-300x196.png 300w, https:\/\/help.unhcr.org\/serbia\/wp-content\/uploads\/sites\/45\/2025\/05\/UNHCR-partners-in-Serbia-2025-6-768x501.png 768w, https:\/\/help.unhcr.org\/serbia\/wp-content\/uploads\/sites\/45\/2025\/05\/UNHCR-partners-in-Serbia-2025-6.png 1194w\" sizes=\"auto, (max-width: 1024px) 100vw, 1024px\" \/><figcaption class=\"wp-element-caption\"><a href=\"https:\/\/www.unhcr.org\/rs\/wp-content\/uploads\/sites\/40\/2025\/05\/UNHCR-Partners-in-Serbia-2025-ENG-3.pdf\" target=\"_blank\" rel=\"noreferrer noopener\">UNHCR Partners in Serbia<\/a><\/figcaption><\/figure>\n<\/div>\n<\/div>\n\n\n\n<p><\/p>\n\n\n\n<p>UNHCR (\u0423\u0412\u041a\u0411 \u041e\u041e\u041d) \u043f\u0440\u0430\u0446\u044e\u0454 \u0437 \u043f\u0430\u0440\u0442\u043d\u0435\u0440\u0430\u043c\u0438, \u044f\u043a\u0456 \u043d\u0430\u0434\u0430\u044e\u0442\u044c \u0434\u043e\u043f\u043e\u043c\u043e\u0433\u0443 \u0442\u0430 \u043f\u043e\u0441\u043b\u0443\u0433\u0438 \u043d\u0430 \u0432\u0441\u0456\u0439 \u0442\u0435\u0440\u0438\u0442\u043e\u0440\u0456\u0457 \u0421\u0435\u0440\u0431\u0456\u0457:<\/p>\n\n\n\n<p class=\"has-text-align-left has-large-font-size\"><strong><strong>\u0411\u0435\u043b\u0433\u0440\u0430\u0434<\/strong><\/strong>:<\/p>\n\n\n\n<div class=\"wp-block-columns has-white-color has-text-color has-link-color wp-elements-75673a4d60dcb6b6866034033019dcf6 is-layout-flex wp-container-core-columns-is-layout-9d6595d7 wp-block-columns-is-layout-flex\">\n<div class=\"wp-block-column has-background is-layout-flow wp-block-column-is-layout-flow\" style=\"background-color:#0072bc\">\n<p><strong>\u0422\u0435\u043b\u0435\u0444\u043e\u043d:<\/strong> +381 (0) 69 565 7254<\/p>\n\n\n\n<p><strong>\u0415\u043b\u0435\u043a\u0442\u0440\u043e\u043d\u043d\u0430 \u043f\u043e\u0448\u0442\u0430: <\/strong><a href=\"mailto:nikola.kovacevic@ideje.rs\">nikola.kovacevic@ideje.rs<\/a>; <a href=\"mailto:legalaid@ideje.rs\">legalaid@ideje.rs<\/a><\/p>\n\n\n\n<p><strong>\u0410\u0434\u0440\u0435\u0441\u0430:<\/strong> Toma\u0161a Je\u017ea, 10\/4, Beograd, Srbija, 11111 (\u0422\u043e\u043c\u0430\u0448\u0430 \u0404\u0436\u0430, 10\/4, \u0411\u0435\u043b\u0433\u0440\u0430\u0434, \u0421\u0435\u0440\u0431\u0456\u044f, 11111)<\/p>\n\n\n\n<p><strong>\u0413\u0440\u0430\u0444\u0456\u043a \u0440\u043e\u0431\u043e\u0442\u0438:<\/strong> 09:00 &#8211; 17:00, \u043f\u043d &#8211; \u043f\u0442 (\u044e\u0440\u0438\u0434\u0438\u0447\u043d\u0456 \u043a\u043e\u043d\u0441\u0443\u043b\u044c\u0442\u0430\u0446\u0456\u0457, \u0441\u0443\u0434\u043e\u0432\u0435 \u043f\u0440\u0435\u0434\u0441\u0442\u0430\u0432\u043d\u0438\u0446\u0442\u0432\u043e, \u0435\u043a\u0441\u0442\u0440\u0430\u0434\u0438\u0446\u0456\u044f, \u0437\u0430\u0442\u0440\u0438\u043c\u0430\u043d\u043d\u044f, \u0456\u043d\u0442\u0435\u0433\u0440\u0430\u0446\u0456\u044f)<\/p>\n\n\n\n<p><strong>\u0412\u0435\u0431 &#8211; \u0441\u0430\u0439\u0442<\/strong>: <a href=\"http:\/\/www.ideje.rs\">www.ideje.rs<\/a><\/p>\n\n\n\n<p><strong>\u0421\u043e\u0446\u0456\u0430\u043b\u044c\u043d\u0456 \u043c\u0435\u0440\u0435\u0436\u0456:<\/strong> <a href=\"https:\/\/www.facebook.com\/ideje.rs\">https:\/\/www.facebook.com\/ideje.rs<\/a>;<\/p>\n\n\n\n<p><a href=\"https:\/\/www.instagram.com\/ideascentar\">https:\/\/www.instagram.com\/ideascentar<\/a><\/p>\n<\/div>\n\n\n\n<div class=\"wp-block-column has-background is-layout-flow wp-block-column-is-layout-flow\" style=\"background-color:#0072bc\">\n<p class=\"has-text-align-center\"><em><strong><strong>\u0414\u043b\u044f \u043f\u043e\u0441\u043b\u0443\u0433 \u0449\u043e\u0434\u043e \u043f\u0456\u0434\u0442\u0440\u0438\u043c\u043a\u0438, \u0456\u043d\u0442\u0435\u0433\u0440\u0430\u0446\u0456\u0457 \u0442\u0430 \u0437\u0430\u0433\u0430\u043b\u044c\u043d\u043e\u0457 \u0456\u043d\u0444\u043e\u0440\u043c\u0430\u0446\u0456\u0457:<\/strong><\/strong><\/em><\/p>\n\n\n\n<p><strong>\u0426\u0435\u043d\u0442\u0440 \u043a\u0440\u0438\u0437\u043e\u0432\u043e\u0457 \u043f\u043e\u043b\u0456\u0442\u0438\u043a\u0438 \u0442\u0430 \u0440\u0435\u0430\u0433\u0443\u0432\u0430\u043d\u043d\u044f &#8211; CRPC<\/strong><\/p>\n\n\n\n<p>T<strong>\u0435\u043b\u0435\u0444\u043e\u043d:<\/strong> +381 (0) 60 0991 634<\/p>\n\n\n\n<p><strong>\u0415\u043b\u0435\u043a\u0442\u0440\u043e\u043d\u043d\u0430 \u0430\u0434\u0440\u0435\u0441\u0430:<\/strong> <a href=\"mailto:office@crpc.rs\">office@crpc.rs<\/a><\/p>\n\n\n\n<p><strong>\u0410\u0434\u0440\u0435\u0441\u0430:<\/strong> Orfelinova, 33, Beograd, Srbija, 11030 (\u041e\u0440\u0444\u0435\u043b\u0456\u043d\u043e\u0432\u0430, 33, \u0411\u0435\u043b\u0433\u0440\u0430\u0434, \u0421\u0435\u0440\u0431\u0456\u044f, 11030)<\/p>\n\n\n\n<p><strong>\u0413\u0440\u0430\u0444\u0456\u043a \u0440\u043e\u0431\u043e\u0442\u0438: <\/strong>09:00 &#8211; 17:00, \u043f\u043d &#8211; \u043f\u0442<\/p>\n\n\n\n<p><strong>\u0412\u0435\u0431-\u0441\u0430\u0439\u0442:<\/strong> <a href=\"https:\/\/www.crpc.rs\/\">https:\/\/www.crpc.rs\/<\/a><\/p>\n\n\n\n<p><strong>\u0421\u043e\u0446\u0456\u0430\u043b\u044c\u043d\u0456 \u043c\u0435\u0440\u0435\u0436\u0456:<\/strong> <a href=\"https:\/\/www.facebook.com\/CRPCngo\/\">https:\/\/www.facebook.com\/CRPCngo\/<\/a><strong><\/strong><\/p>\n<\/div>\n<\/div>\n\n\n\n<p><\/p>\n\n\n\n<div class=\"wp-block-columns is-layout-flex wp-container-core-columns-is-layout-9d6595d7 wp-block-columns-is-layout-flex\">\n<div class=\"wp-block-column has-white-color has-text-color has-background has-link-color wp-elements-8ee7aa74fd06cde5718f8dd326392298 is-layout-flow wp-block-column-is-layout-flow\" style=\"background-color:#0072bc\">\n<p class=\"has-text-align-center\"><strong><em><strong>\u0414\u043b\u044f \u043f\u0441\u0438\u0445\u043e\u043b\u043e\u0433\u0456\u0447\u043d\u043e\u0457 \/ \u043f\u0441\u0438\u0445\u043e\u0441\u043e\u0446\u0456\u0430\u043b\u044c\u043d\u043e\u0457 \u0434\u043e\u043f\u043e\u043c\u043e\u0433\u0438:<\/strong><\/em><\/strong><\/p>\n\n\n\n<p><strong>\u041c\u0456\u0436\u043d\u0430\u0440\u043e\u0434\u043d\u0430 \u043c\u0435\u0440\u0435\u0436\u0430 \u0434\u043e\u043f\u043e\u043c\u043e\u0433\u0438 &#8211; IAN<\/strong><\/p>\n\n\n\n<p><strong>\u0422\u0435\u043b\u0435\u0444\u043e\u043d: <\/strong>+381 (0) 63 389 729<\/p>\n\n\n\n<p><strong>\u0415\u043b\u0435\u043a\u0442\u0440\u043e\u043d\u043d\u0430 \u0430\u0434\u0440\u0435\u0441\u0430: <\/strong><a href=\"mailto:office@ian.org.rs\">office@ian.org.rs<\/a><\/p>\n\n\n\n<p><strong>\u0410\u0434\u0440\u0435\u0441\u0430:<\/strong> Dr Aleksandra Kosti\u0107a,&nbsp; 8\/2, Beograd, Srbija, 11102 (\u0414\u043e\u043a\u0442\u043e\u0440\u0430 \u0410\u043b\u0435\u043a\u0441\u0430\u043d\u0434\u0440\u0430 \u041a\u043e\u0441\u0442\u0438\u0447\u0430, 8\/2, \u0411\u0435\u043b\u0433\u0440\u0430\u0434, \u0421\u0435\u0440\u0431\u0456\u044f, 11102)<\/p>\n\n\n\n<p><strong>\u0413\u0440\u0430\u0444\u0456\u043a \u0440\u043e\u0431\u043e\u0442\u0438: <\/strong>09:00 &#8211; 17:00, \u043f\u043d &#8211; \u043f\u0442<\/p>\n\n\n\n<p><strong>\u0412\u0435\u0431-\u0441\u0430\u0439\u0442:<\/strong> <a href=\"http:\/\/www.ian.org.rs\">www.ian.org.rs<\/a><\/p>\n\n\n\n<p><strong>\u0421\u043e\u0446\u0456\u0430\u043b\u044c\u043d\u0456 \u043c\u0435\u0440\u0435\u0436\u0456: <\/strong><a href=\"https:\/\/www.facebook.com\/profile.php?id=100064678182712\">https:\/\/www.facebook.com\/profile.php?id=100064678182712<\/a>; <a href=\"https:\/\/www.instagram.com\/iancrtv\/?hl=en\">https:\/\/www.instagram.com\/iancrtv\/?hl=en<\/a><strong><\/strong><\/p>\n<\/div>\n\n\n\n<div class=\"wp-block-column is-layout-flow wp-block-column-is-layout-flow\"><\/div>\n<\/div>\n\n\n\n<hr class=\"wp-block-separator has-alpha-channel-opacity\" \/>\n\n\n\n<p class=\"has-large-font-size\"><strong><strong>\u041f\u0456\u0432\u0434\u0435\u043d\u043d\u0430 \u0421\u0435\u0440\u0431\u0456\u044f<\/strong><\/strong>:<\/p>\n\n\n\n<div class=\"wp-block-columns is-layout-flex wp-container-core-columns-is-layout-9d6595d7 wp-block-columns-is-layout-flex\">\n<div class=\"wp-block-column has-white-color has-text-color has-background has-link-color wp-elements-504711ac433b5f98f65c2914c275745e is-layout-flow wp-block-column-is-layout-flow\" style=\"background-color:#0072bc\">\n<p><strong><strong>Sigma Plus (\u0421\u0456\u0433\u043c\u0430 \u041f\u043b\u044e\u0441)<\/strong><\/strong><\/p>\n\n\n\n<p>Sigma Plus \u0437\u043e\u0441\u0435\u0440\u0435\u0434\u0436\u0443\u0454\u0442\u044c\u0441\u044f \u043d\u0430 \u0432\u0438\u044f\u0432\u043b\u0435\u043d\u043d\u0456 \u0442\u0430 \u0441\u043f\u0440\u044f\u043c\u0443\u0432\u0430\u043d\u043d\u0456 \u043e\u0441\u0456\u0431 \u0456\u0437 \u043e\u0441\u043e\u0431\u043b\u0438\u0432\u0438\u043c\u0438 \u043f\u043e\u0442\u0440\u0435\u0431\u0430\u043c\u0438, \u043e\u0440\u0433\u0430\u043d\u0456\u0437\u043e\u0432\u0443\u0454 \u043a\u0443\u0440\u0441\u0438 \u0441\u0435\u0440\u0431\u0441\u044c\u043a\u043e\u0457 \u043c\u043e\u0432\u0438 \u0442\u0430 \u043f\u0456\u0434\u0442\u0440\u0438\u043c\u0443\u0454 \u0456\u043d\u043a\u043b\u044e\u0437\u0456\u044e \u0443 \u0446\u0435\u043d\u0442\u0440\u0430\u0445 \u0434\u043b\u044f \u043f\u0440\u0438\u0442\u0443\u043b\u043a\u0443 \u043d\u0430 \u043f\u0456\u0432\u0434\u043d\u0456 \u043a\u0440\u0430\u0457\u043d\u0438.<\/p>\n\n\n\n<p><strong>\u0422\u0435\u043b\u0435\u0444\u043e\u043d: <\/strong>+381 (0) 63 474 964<br><strong>\u0415\u043b\u0435\u043a\u0442\u0440\u043e\u043d\u043d\u0430 \u0430\u0434\u0440\u0435\u0441\u0430:<\/strong> <a href=\"mailto:office@nvosigmaplus.org.rs\">office@nvosigmaplus.org.rs<\/a><\/p>\n\n\n\n<p><strong>\u0410\u0434\u0440\u0435\u0441\u0430<\/strong>: ul. Zetska, 4\/44, Ni\u0161, Srbija,18108 (\u0432\u0443\u043b. \u0417\u0435\u0442\u0441\u044c\u043a\u0430, 4\/44, \u041d\u0456\u0448, \u0421\u0435\u0440\u0431\u0456\u044f, 18108)<br><strong>\u0413\u0440\u0430\u0444\u0456\u043a \u0440\u043e\u0431\u043e\u0442\u0438:<\/strong> 09:00 &#8211; 15:00, \u043f\u043d &#8211; \u043f\u0442<\/p>\n\n\n\n<p><strong>\u0412\u0435\u0431-\u0441\u0430\u0439\u0442:<\/strong> <a href=\"http:\/\/www.nvosigmaplus.org.rs\">www.nvosigmaplus.org.rs<\/a>; <a href=\"http:\/\/www.nvosigmaplus-learning.org.rs\">www.nvosigmaplus-learning.org.rs<\/a><br><strong>\u0421\u043e\u0446\u0456\u0430\u043b\u044c\u043d\u0456 \u043c\u0435\u0440\u0435\u0436\u0456: <\/strong><a href=\"http:\/\/www.facebook.com\/nvosigmaplus\">www.facebook.com\/nvosigmaplus<\/a><\/p>\n\n\n\n<p><strong>\u041f\u0420\u0418\u041c\u0406\u0422\u041a\u0410: \u041f\u0406\u0421\u041b\u042f \u0412\u0410\u0428\u041e\u0413\u041e \u041f\u0420\u0418\u0411\u0423\u0422\u0422\u042f \u0414\u041e \u0426\u0415\u041d\u0422\u0420\u0423 \u041f\u0420\u0418\u0419\u041e\u041c\u0423 \u0412 \u041f\u0420\u0415\u0428\u0415\u0412\u041e, \u0411\u0423\u0414\u042c \u041b\u0410\u0421\u041a\u0410, \u0417\u0412\u2019\u042f\u0416\u0406\u0422\u042c\u0421\u042f \u0417 \u041f\u0415\u0420\u0421\u041e\u041d\u0410\u041b\u041e\u041c \u041a\u041e\u041c\u0406\u0421\u0410\u0420\u0406\u0410\u0422\u0423 \u0423 \u0421\u041f\u0420\u0410\u0412\u0410\u0425 \u0411\u0406\u0416\u0415\u041d\u0426\u0406\u0412 \u0422\u0410 \u041c\u0406\u0413\u0420\u0410\u0426\u0406\u0407 \u0422\u0410 UNHCR (\u0423\u0412\u041a\u0411 \u041e\u041e\u041d) \u0412 \u0426\u0415\u041d\u0422\u0420\u0406.<\/strong><\/p>\n<\/div>\n<\/div>\n\n\n\n<p class=\"has-text-color has-link-color has-medium-font-size wp-elements-90071bf65f6ce5e0be9a9e28fe052a14\" style=\"color:#0072bc\">\u041d\u0430\u0442\u0438\u0441\u043d\u0456\u0442\u044c \u043d\u0438\u0436\u0447\u0435 \u0434\u043b\u044f \u043e\u0442\u0440\u0438\u043c\u0430\u043d\u043d\u044f \u0434\u043e\u0434\u0430\u0442\u043a\u043e\u0432\u043e\u0457 \u0456\u043d\u0444\u043e\u0440\u043c\u0430\u0446\u0456\u0457:<\/p>\n","protected":false},"excerpt":{"rendered":"<p>UNHCR (\u0423\u0412\u041a\u0411 \u041e\u041e\u041d) \u0443 \u0421\u0435\u0440\u0431\u0456\u0457 \u0410\u0434\u0440\u0435\u0441\u0430: Bulevar Zorana \u0110in\u0111i\u0107a, 64, Beograd, Srbija, 11070 (\u0411\u0443\u043b\u044c\u0432\u0430\u0440 \u0417\u043e\u0440\u0430\u043d\u0430 \u0414\u0436\u0438\u043d\u0434\u0436\u0438\u0447\u0430, 64, \u0411\u0435\u043b\u0433\u0440\u0430\u0434, \u0421\u0435\u0440\u0431\u0456\u044f, 11070) \u0422\u0435\u043b\u0435\u0444\u043e\u043d: +381 11 41 55 427\u0415\u043b\u0435\u043a\u0442\u0440\u043e\u043d\u043d\u0430 \u0430\u0434\u0440\u0435\u0441\u0430: srbbe@unhcr.org UNHCR (\u0423\u0412\u041a\u0411 \u041e\u041e\u041d) \u043f\u0440\u0430\u0446\u044e\u0454 \u0437 \u043f\u0430\u0440\u0442\u043d\u0435\u0440\u0430\u043c\u0438, \u044f\u043a\u0456 \u043d\u0430\u0434\u0430\u044e\u0442\u044c \u0434\u043e\u043f\u043e\u043c\u043e\u0433\u0443 \u0442\u0430 \u043f\u043e\u0441\u043b\u0443\u0433\u0438 \u043d\u0430 \u0432\u0441\u0456\u0439 \u0442\u0435\u0440\u0438\u0442\u043e\u0440\u0456\u0457 \u0421\u0435\u0440\u0431\u0456\u0457: \u0411\u0435\u043b\u0433\u0440\u0430\u0434: \u0422\u0435\u043b\u0435\u0444\u043e\u043d: +381 (0) 69 565 7254 \u0415\u043b\u0435\u043a\u0442\u0440\u043e\u043d\u043d\u0430 \u043f\u043e\u0448\u0442\u0430: nikola.kovacevic@ideje.rs; legalaid@ideje.rs \u0410\u0434\u0440\u0435\u0441\u0430: [&hellip;]<\/p>\n","protected":false},"author":283,"featured_media":0,"parent":0,"menu_order":0,"comment_status":"closed","ping_status":"closed","template":"page-templates\/sectioned.php","meta":{"_acf_changed":false,"footnotes":""},"class_list":["post-979","page","type-page","status-publish","hentry"],"acf":[],"_links":{"self":[{"href":"https:\/\/help.unhcr.org\/serbia\/uk\/wp-json\/wp\/v2\/pages\/979","targetHints":{"allow":["GET"]}}],"collection":[{"href":"https:\/\/help.unhcr.org\/serbia\/uk\/wp-json\/wp\/v2\/pages"}],"about":[{"href":"https:\/\/help.unhcr.org\/serbia\/uk\/wp-json\/wp\/v2\/types\/page"}],"author":[{"embeddable":true,"href":"https:\/\/help.unhcr.org\/serbia\/uk\/wp-json\/wp\/v2\/users\/283"}],"replies":[{"embeddable":true,"href":"https:\/\/help.unhcr.org\/serbia\/uk\/wp-json\/wp\/v2\/comments?post=979"}],"version-history":[{"count":5,"href":"https:\/\/help.unhcr.org\/serbia\/uk\/wp-json\/wp\/v2\/pages\/979\/revisions"}],"predecessor-version":[{"id":1361,"href":"https:\/\/help.unhcr.org\/serbia\/uk\/wp-json\/wp\/v2\/pages\/979\/revisions\/1361"}],"wp:attachment":[{"href":"https:\/\/help.unhcr.org\/serbia\/uk\/wp-json\/wp\/v2\/media?parent=979"}],"curies":[{"name":"wp","href":"https:\/\/api.w.org\/{rel}","templated":true}]}}